{"id":870,"date":"2024-07-05T13:38:37","date_gmt":"2024-07-05T10:38:37","guid":{"rendered":"https:\/\/het-imo.net\/ro\/?page_id=870"},"modified":"2024-07-05T13:52:53","modified_gmt":"2024-07-05T10:52:53","slug":"rezultate","status":"publish","type":"page","link":"https:\/\/het-imo.net\/ro\/rezultate\/","title":{"rendered":"Obtine rezultate concrete cu IMO"},"content":{"rendered":"<p>[et_pb_section fb_built=&#8221;1&#8243; admin_label=&#8221;section&#8221; _builder_version=&#8221;4.16&#8243; background_color=&#8221;#ffffff&#8221; custom_padding=&#8221;13px|0px|0|0px&#8221; global_colors_info=&#8221;{}&#8221;][et_pb_row admin_label=&#8221;row&#8221; _builder_version=&#8221;4.16&#8243; background_size=&#8221;initial&#8221; background_position=&#8221;top_left&#8221; background_repeat=&#8221;repeat&#8221; global_colors_info=&#8221;{}&#8221;][et_pb_column type=&#8221;4_4&#8243; _builder_version=&#8221;4.16&#8243; custom_padding=&#8221;|||&#8221; global_colors_info=&#8221;{}&#8221; custom_padding__hover=&#8221;|||&#8221;][et_pb_text _builder_version=&#8221;4.25.0&#8243; text_font=&#8221;|600|||||||&#8221; text_font_size=&#8221;60px&#8221; header_font=&#8221;||||||||&#8221; header_font_size=&#8221;50px&#8221; header_font_size_tablet=&#8221;50px&#8221; header_font_size_phone=&#8221;35px&#8221; header_font_size_last_edited=&#8221;on|phone&#8221; global_colors_info=&#8221;{}&#8221;]<\/p>\n<h1 style=\"text-align: center;\">OB\u021aINE\u021aI REZULTATE CONCRETE CU IMO<\/h1>\n<p>[\/et_pb_text][et_pb_divider color=&#8221;#c75a40&#8243; divider_position=&#8221;center&#8221; divider_weight=&#8221;3&#8243; _builder_version=&#8221;4.16&#8243; height=&#8221;0px&#8221; global_colors_info=&#8221;{}&#8221;]<\/p>\n<p>&nbsp;<\/p>\n<p>[\/et_pb_divider][\/et_pb_column][\/et_pb_row][et_pb_row _builder_version=&#8221;4.26.0&#8243; hover_enabled=&#8221;0&#8243; locked=&#8221;off&#8221; global_colors_info=&#8221;{}&#8221; sticky_enabled=&#8221;0&#8243; title_text=&#8221;IMO GROUP&#8221; background_image=&#8221;https:\/\/het-imo.net\/ro\/wp-content\/uploads\/2024\/07\/IMO-GROUP-.jpg&#8221; background_color=&#8221;#FFFFFF&#8221; min_height=&#8221;601px&#8221;][et_pb_column type=&#8221;4_4&#8243; _builder_version=&#8221;4.16&#8243; custom_padding=&#8221;|||&#8221; global_colors_info=&#8221;{}&#8221; custom_padding__hover=&#8221;|||&#8221;][\/et_pb_column][\/et_pb_row][et_pb_row _builder_version=&#8221;4.26.0&#8243; hover_enabled=&#8221;0&#8243; locked=&#8221;off&#8221; global_colors_info=&#8221;{}&#8221; sticky_enabled=&#8221;0&#8243; title_text=&#8221;IMO GROUP&#8221; background_color=&#8221;#FFFFFF&#8221; background_enable_image=&#8221;off&#8221;][et_pb_column type=&#8221;4_4&#8243; _builder_version=&#8221;4.16&#8243; custom_padding=&#8221;|||&#8221; global_colors_info=&#8221;{}&#8221; custom_padding__hover=&#8221;|||&#8221;][et_pb_text _builder_version=&#8221;4.26.0&#8243; custom_padding=&#8221;||1px|||&#8221; hover_enabled=&#8221;0&#8243; global_colors_info=&#8221;{}&#8221; sticky_enabled=&#8221;0&#8243;]<\/p>\n<p><strong>IMO<\/strong> este o comunitate de consultan\u021bi independen\u021bi din 11 \u021b\u0103ri, activi \u00een mediul de business, de peste 20 de ani.<\/p>\n<p>[\/et_pb_text][\/et_pb_column][\/et_pb_row][et_pb_row column_structure=&#8221;1_2,1_2&#8243; _builder_version=&#8221;4.25.0&#8243; _module_preset=&#8221;default&#8221; locked=&#8221;off&#8221; global_colors_info=&#8221;{}&#8221;][et_pb_column type=&#8221;1_2&#8243; _builder_version=&#8221;4.25.0&#8243; _module_preset=&#8221;default&#8221; global_colors_info=&#8221;{}&#8221;][et_pb_text _builder_version=&#8221;4.26.0&#8243; _module_preset=&#8221;default&#8221; text_text_color=&#8221;#3E7EA6&#8243; text_font_size=&#8221;28px&#8221; header_text_color=&#8221;#3E7EA6&#8243; min_height=&#8221;32.8px&#8221; custom_margin=&#8221;||8px|||&#8221; custom_padding=&#8221;0px||2px|||&#8221; global_colors_info=&#8221;{}&#8221;]<\/p>\n<p>CE OFER\u0102 IMO<\/p>\n<p>[\/et_pb_text][et_pb_text _builder_version=&#8221;4.26.0&#8243; _module_preset=&#8221;default&#8221; text_text_color=&#8221;#666666&#8243; header_text_color=&#8221;#3E7EA6&#8243; custom_padding=&#8221;0px|||||&#8221; global_colors_info=&#8221;{}&#8221;]<\/p>\n<p>Oferim <strong>solu\u021bii personalizate<\/strong> adaptate nevoilor specifice fiec\u0103rui client, cu impact \u00een:<\/p>\n<ul>\n<li>Dezvoltarea culturii organiza\u021bionale<\/li>\n<li>\u00cembun\u0103t\u0103\u021birea performan\u021bei individuale \u0219i a echipei<\/li>\n<li>Cre\u0219terea gradului de implicare \u0219i autonomie a angaja\u021bilor<\/li>\n<li>Stimularea ini\u021biativei \u00een leg\u0103tur\u0103 cu procesele de lucru<\/li>\n<li>Crearea cadrului care sus\u021bine inova\u021bia<\/li>\n<li>Implementarea strategiilor de schimbare organiza\u021bional\u0103<\/li>\n<li>Dezvoltarea competen\u021belor de leadership orizontal<\/li>\n<\/ul>\n<p>[\/et_pb_text][\/et_pb_column][et_pb_column type=&#8221;1_2&#8243; _builder_version=&#8221;4.25.0&#8243; _module_preset=&#8221;default&#8221; global_colors_info=&#8221;{}&#8221;][et_pb_text _builder_version=&#8221;4.26.0&#8243; _module_preset=&#8221;default&#8221; text_text_color=&#8221;#c75a40&#8243; text_font_size=&#8221;28px&#8221; header_text_color=&#8221;#3E7EA6&#8243; custom_margin=&#8221;||8px|||&#8221; custom_padding=&#8221;0px||6px|0px|false|false&#8221; locked=&#8221;off&#8221; global_colors_info=&#8221;{}&#8221;]<\/p>\n<p>BENEFICIILE LUCRULUI CU IMO<\/p>\n<p>[\/et_pb_text][et_pb_text _builder_version=&#8221;4.26.0&#8243; _module_preset=&#8221;default&#8221; custom_padding=&#8221;2px|||||&#8221; global_colors_info=&#8221;{}&#8221;]<\/p>\n<p><strong>Abordare personalizat\u0103:<\/strong> Ne adapt\u0103m solu\u021biile la nevoile specifice fiec\u0103rei organiza\u021bii, \u021b\u00een\u00e2nd cont de cultura, valorile \u0219i obiectivele sale.<br \/><strong><\/strong><\/p>\n<p><strong><\/strong><\/p>\n<ul>\n<li><strong>Rezultate concrete:<\/strong> Ajut\u0103m organiza\u021biile s\u0103 ob\u021bin\u0103 rezultate tangibile, cum ar fi cre\u0219terea productivit\u0103\u021bii, \u00eembun\u0103t\u0103\u021birea satisfac\u021biei angaja\u021bilor \u0219i reducerea fluctua\u021biei de personal prin dezvoltare de competen\u021be de leadership orizontal.<\/li>\n<li><strong>Parteneriat de \u00eencredere:<\/strong> Suntem un partener de \u00eencredere pentru lideri pe parcursul \u00eentregului proces de Dezvoltare Organiza\u021bional\u0103 de la evaluare \u0219i planificare la implementare.<\/li>\n<li><strong>Schimbare durabil\u0103:<\/strong> \u00censo\u021bim organiza\u021biile \u0219i liderii \u00een crearea unei infrastructuri de schimbare autosustenabile \u0219i a unei culturi organiza\u021bionale bazate pe \u00eenv\u0103\u021bare prin ac\u021biune.<\/li>\n<\/ul>\n<p>[\/et_pb_text][\/et_pb_column][\/et_pb_row][\/et_pb_section][et_pb_section fb_built=&#8221;1&#8243; admin_label=&#8221;section&#8221; _builder_version=&#8221;4.16&#8243; background_color=&#8221;#aaaaaa&#8221; custom_padding=&#8221;1px||26px|||&#8221; transparent_background=&#8221;off&#8221; global_colors_info=&#8221;{}&#8221;][\/et_pb_section]<\/p>\n","protected":false},"excerpt":{"rendered":"<p>OB\u021aINE\u021aI REZULTATE CONCRETE CU IMO&nbsp; IMO este o comunitate de consultan\u021bi independen\u021bi din 11 \u021b\u0103ri, activi \u00een mediul de business, de peste 20 de ani.CE OFER\u0102 IMOOferim solu\u021bii personalizate adaptate [&hellip;]<\/p>\n","protected":false},"author":6,"featured_media":0,"parent":0,"menu_order":0,"comment_status":"closed","ping_status":"closed","template":"","meta":{"_et_pb_use_builder":"on","_et_pb_old_content":"","_et_gb_content_width":"","_price":"","_stock":"","_tribe_ticket_header":"","_tribe_default_ticket_provider":"","_tribe_ticket_capacity":"0","_ticket_start_date":"","_ticket_end_date":"","_tribe_ticket_show_description":"","_tribe_ticket_show_not_going":false,"_tribe_ticket_use_global_stock":"","_tribe_ticket_global_stock_level":"","_global_stock_mode":"","_global_stock_cap":"","_tribe_rsvp_for_event":"","_tribe_ticket_going_count":"","_tribe_ticket_not_going_count":"","_tribe_tickets_list":"[]","_tribe_ticket_has_attendee_info_fields":false,"footnotes":"","_tec_slr_enabled":"","_tec_slr_layout":""},"folder":[30],"class_list":["post-870","page","type-page","status-publish","hentry"],"yoast_head":"<!-- This site is optimized with the Yoast SEO plugin v27.5 - https:\/\/yoast.com\/product\/yoast-seo-wordpress\/ -->\n<title>Obtine rezultate concrete cu IMO - IMO Romania<\/title>\n<meta name=\"robots\" content=\"index, follow, max-snippet:-1, max-image-preview:large, max-video-preview:-1\" \/>\n<link rel=\"canonical\" href=\"https:\/\/het-imo.net\/ro\/rezultate\/\" \/>\n<meta property=\"og:locale\" content=\"en_US\" \/>\n<meta property=\"og:type\" content=\"article\" \/>\n<meta property=\"og:title\" content=\"Obtine rezultate concrete cu IMO - IMO Romania\" \/>\n<meta property=\"og:description\" content=\"OB\u021aINE\u021aI REZULTATE CONCRETE CU IMO&nbsp; IMO este o comunitate de consultan\u021bi independen\u021bi din 11 \u021b\u0103ri, activi \u00een mediul de business, de peste 20 de ani.CE OFER\u0102 IMOOferim solu\u021bii personalizate adaptate [&hellip;]\" \/>\n<meta property=\"og:url\" content=\"https:\/\/het-imo.net\/ro\/rezultate\/\" \/>\n<meta property=\"og:site_name\" content=\"IMO Romania\" \/>\n<meta property=\"article:modified_time\" content=\"2024-07-05T10:52:53+00:00\" \/>\n<meta name=\"twitter:card\" content=\"summary_large_image\" \/>\n<meta name=\"twitter:label1\" content=\"Est. reading time\" \/>\n\t<meta name=\"twitter:data1\" content=\"3 minutes\" \/>\n<script type=\"application\/ld+json\" class=\"yoast-schema-graph\">{\"@context\":\"https:\\\/\\\/schema.org\",\"@graph\":[{\"@type\":\"WebPage\",\"@id\":\"https:\\\/\\\/het-imo.net\\\/ro\\\/rezultate\\\/\",\"url\":\"https:\\\/\\\/het-imo.net\\\/ro\\\/rezultate\\\/\",\"name\":\"Obtine rezultate concrete cu IMO - IMO Romania\",\"isPartOf\":{\"@id\":\"https:\\\/\\\/het-imo.net\\\/ro\\\/#website\"},\"datePublished\":\"2024-07-05T10:38:37+00:00\",\"dateModified\":\"2024-07-05T10:52:53+00:00\",\"breadcrumb\":{\"@id\":\"https:\\\/\\\/het-imo.net\\\/ro\\\/rezultate\\\/#breadcrumb\"},\"inLanguage\":\"en-US\",\"potentialAction\":[{\"@type\":\"ReadAction\",\"target\":[\"https:\\\/\\\/het-imo.net\\\/ro\\\/rezultate\\\/\"]}]},{\"@type\":\"BreadcrumbList\",\"@id\":\"https:\\\/\\\/het-imo.net\\\/ro\\\/rezultate\\\/#breadcrumb\",\"itemListElement\":[{\"@type\":\"ListItem\",\"position\":1,\"name\":\"Home\",\"item\":\"https:\\\/\\\/het-imo.net\\\/ro\\\/\"},{\"@type\":\"ListItem\",\"position\":2,\"name\":\"Obtine rezultate concrete cu IMO\"}]},{\"@type\":\"WebSite\",\"@id\":\"https:\\\/\\\/het-imo.net\\\/ro\\\/#website\",\"url\":\"https:\\\/\\\/het-imo.net\\\/ro\\\/\",\"name\":\"IMO Romania\",\"description\":\"IMO romania\",\"potentialAction\":[{\"@type\":\"SearchAction\",\"target\":{\"@type\":\"EntryPoint\",\"urlTemplate\":\"https:\\\/\\\/het-imo.net\\\/ro\\\/?s={search_term_string}\"},\"query-input\":{\"@type\":\"PropertyValueSpecification\",\"valueRequired\":true,\"valueName\":\"search_term_string\"}}],\"inLanguage\":\"en-US\"}]}<\/script>\n<!-- \/ Yoast SEO plugin. -->","yoast_head_json":{"title":"Obtine rezultate concrete cu IMO - IMO Romania","robots":{"index":"index","follow":"follow","max-snippet":"max-snippet:-1","max-image-preview":"max-image-preview:large","max-video-preview":"max-video-preview:-1"},"canonical":"https:\/\/het-imo.net\/ro\/rezultate\/","og_locale":"en_US","og_type":"article","og_title":"Obtine rezultate concrete cu IMO - IMO Romania","og_description":"OB\u021aINE\u021aI REZULTATE CONCRETE CU IMO&nbsp; IMO este o comunitate de consultan\u021bi independen\u021bi din 11 \u021b\u0103ri, activi \u00een mediul de business, de peste 20 de ani.CE OFER\u0102 IMOOferim solu\u021bii personalizate adaptate [&hellip;]","og_url":"https:\/\/het-imo.net\/ro\/rezultate\/","og_site_name":"IMO Romania","article_modified_time":"2024-07-05T10:52:53+00:00","twitter_card":"summary_large_image","twitter_misc":{"Est. reading time":"3 minutes"},"schema":{"@context":"https:\/\/schema.org","@graph":[{"@type":"WebPage","@id":"https:\/\/het-imo.net\/ro\/rezultate\/","url":"https:\/\/het-imo.net\/ro\/rezultate\/","name":"Obtine rezultate concrete cu IMO - IMO Romania","isPartOf":{"@id":"https:\/\/het-imo.net\/ro\/#website"},"datePublished":"2024-07-05T10:38:37+00:00","dateModified":"2024-07-05T10:52:53+00:00","breadcrumb":{"@id":"https:\/\/het-imo.net\/ro\/rezultate\/#breadcrumb"},"inLanguage":"en-US","potentialAction":[{"@type":"ReadAction","target":["https:\/\/het-imo.net\/ro\/rezultate\/"]}]},{"@type":"BreadcrumbList","@id":"https:\/\/het-imo.net\/ro\/rezultate\/#breadcrumb","itemListElement":[{"@type":"ListItem","position":1,"name":"Home","item":"https:\/\/het-imo.net\/ro\/"},{"@type":"ListItem","position":2,"name":"Obtine rezultate concrete cu IMO"}]},{"@type":"WebSite","@id":"https:\/\/het-imo.net\/ro\/#website","url":"https:\/\/het-imo.net\/ro\/","name":"IMO Romania","description":"IMO romania","potentialAction":[{"@type":"SearchAction","target":{"@type":"EntryPoint","urlTemplate":"https:\/\/het-imo.net\/ro\/?s={search_term_string}"},"query-input":{"@type":"PropertyValueSpecification","valueRequired":true,"valueName":"search_term_string"}}],"inLanguage":"en-US"}]}},"ticketed":false,"_links":{"self":[{"href":"https:\/\/het-imo.net\/ro\/wp-json\/wp\/v2\/pages\/870","targetHints":{"allow":["GET"]}}],"collection":[{"href":"https:\/\/het-imo.net\/ro\/wp-json\/wp\/v2\/pages"}],"about":[{"href":"https:\/\/het-imo.net\/ro\/wp-json\/wp\/v2\/types\/page"}],"author":[{"embeddable":true,"href":"https:\/\/het-imo.net\/ro\/wp-json\/wp\/v2\/users\/6"}],"replies":[{"embeddable":true,"href":"https:\/\/het-imo.net\/ro\/wp-json\/wp\/v2\/comments?post=870"}],"version-history":[{"count":5,"href":"https:\/\/het-imo.net\/ro\/wp-json\/wp\/v2\/pages\/870\/revisions"}],"predecessor-version":[{"id":879,"href":"https:\/\/het-imo.net\/ro\/wp-json\/wp\/v2\/pages\/870\/revisions\/879"}],"wp:attachment":[{"href":"https:\/\/het-imo.net\/ro\/wp-json\/wp\/v2\/media?parent=870"}],"wp:term":[{"taxonomy":"folder","embeddable":true,"href":"https:\/\/het-imo.net\/ro\/wp-json\/wp\/v2\/folder?post=870"}],"curies":[{"name":"wp","href":"https:\/\/api.w.org\/{rel}","templated":true}]}}