{"id":85,"date":"2022-12-05T16:12:53","date_gmt":"2022-12-05T14:12:53","guid":{"rendered":"https:\/\/het-imo.net\/ro\/?page_id=85"},"modified":"2024-06-12T16:52:04","modified_gmt":"2024-06-12T13:52:04","slug":"daniela-pipas-2","status":"publish","type":"page","link":"https:\/\/het-imo.net\/ro\/daniela-pipas-2\/","title":{"rendered":"Daniela Pipa\u0219"},"content":{"rendered":"<p>[et_pb_section fb_built=&#8221;1&#8243; _builder_version=&#8221;4.19.2&#8243; _module_preset=&#8221;default&#8221; global_colors_info=&#8221;{}&#8221;][et_pb_row column_structure=&#8221;1_2,1_2&#8243; use_custom_gutter=&#8221;on&#8221; gutter_width=&#8221;1&#8243; _builder_version=&#8221;4.19.2&#8243; _module_preset=&#8221;default&#8221; global_colors_info=&#8221;{}&#8221;][et_pb_column type=&#8221;1_2&#8243; _builder_version=&#8221;4.19.2&#8243; _module_preset=&#8221;default&#8221; global_colors_info=&#8221;{}&#8221;][et_pb_image src=&#8221;https:\/\/het-imo.net\/ro\/wp-content\/uploads\/2023\/03\/Daniela.webp&#8221; title_text=&#8221;Daniela&#8221; _builder_version=&#8221;4.20.2&#8243; _module_preset=&#8221;default&#8221; width=&#8221;100%&#8221; max_width=&#8221;100%&#8221; global_colors_info=&#8221;{}&#8221;][\/et_pb_image][et_pb_text _builder_version=&#8221;4.19.2&#8243; _module_preset=&#8221;default&#8221; global_colors_info=&#8221;{}&#8221;]<\/p>\n<h1>Daniela Pipa\u0219<\/h1>\n<p>E-mail: pipas@het-imo.net<\/p>\n<p>[\/et_pb_text][\/et_pb_column][et_pb_column type=&#8221;1_2&#8243; _builder_version=&#8221;4.19.2&#8243; _module_preset=&#8221;default&#8221; global_colors_info=&#8221;{}&#8221;][et_pb_text _builder_version=&#8221;4.25.0&#8243; _module_preset=&#8221;default&#8221; global_colors_info=&#8221;{}&#8221;]<\/p>\n<p>Daniela s-a al\u0103turat IMO \u00een Noiembrie 2019, fiind unul dintre co-fondatorii IMO Rom\u00e2nia.<br \/>Daniela are o experien\u021b\u0103 de peste 20 de ani \u00een corpora\u021bii \u0219i companii antreprenoriale. \u00cen industria bancar\u0103 \u0219i IT, \u00een v\u00e2nz\u0103ri, marketing \u0219i resurse umane.<br \/>\u00cen munca sa, \u00ee\u0219i ia inspira\u021bia din a sprijini oamenii \u0219i organiza\u021biile:<\/p>\n<ul>\n<li>s\u0103 g\u0103seasc\u0103 resursele potrivite pentru a trece prin procesul de a renun\u021ba la vechile obiceiuri, credin\u021be, principii de conducere care nu mai func\u021bioneaz\u0103 ca infrastructur\u0103 pentru dezvoltare \u0219i<\/li>\n<li>s\u0103 se conecteze cu noi impulsuri \u0219i viziuni,<\/li>\n<li>s\u0103 construiasc\u0103 noi competen\u021be,<\/li>\n<li>s\u0103 descopere noi dinamici \u00eentre oameni, activ\u00e2nd voin\u021ba de a ac\u021biona \u00een noua direc\u021bie \u00eempreun\u0103 \u0219i<\/li>\n<li>s\u0103 sus\u021bin\u0103 pas cu pas acest proces de schimbare.<\/li>\n<\/ul>\n<p>IMO pentru ea este locul unic \u00een care dezvoltarea oamenilor \u0219i dezvoltarea organiza\u021biilor merg m\u00e2n\u0103 \u00een m\u00e2n\u0103, unde organiza\u021biile sunt realit\u0103\u021bi vii care primesc scop economic \u0219i social, unde dezvoltarea oamenilor st\u0103 la baza inova\u021biei \u0219i cre\u0219terii economice \u00een serviciul\u00a0clien\u021bilor.<\/p>\n<p>Principalele direc\u021bii pentru munca ei ca partener de dezvoltare sunt:<\/p>\n<ul>\n<li>Dezvoltare organiza\u021bional\u0103. Organiza\u021biile au trei subsisteme care trebuie s\u0103 lucreze \u00eempreun\u0103: economic, tehnologic \u0219i social. Pe baza fazei de dezvoltare \u00een care se afl\u0103, au nevoie de diferite tipuri de procese \u0219i oameni. Lucrul cu persoanele de decizie \u00een leg\u0103tur\u0103 cu faza actual\u0103 de dezvoltare organiza\u021bional\u0103 \u00een care se afl\u0103 o organiza\u021bie, \u00een\u021belegerea \u0219i lucrul cu limit\u0103rile acestora \u0219i construirea unei h\u0103r\u021bi de competen\u021be vie care s\u0103 serveasc\u0103 obiectivelor viitoare ale organiza\u021biei \u0219i oamenilor care lucreaz\u0103 acum \u00een organiza\u021bie, toate fac parte din munca ei cu organiza\u021biile.<\/li>\n<li>Dezvoltarea echipelor autonome. Autonomia la locul de munc\u0103 necesit\u0103 sprijin at\u00e2t la nivel organiza\u021bional, c\u00e2t \u0219i la nivel individual. Organizarea muncii \u00een procese \u0219i o cultur\u0103 vie, bazat\u0103 pe \u00eencredere \u0219i \u00eenv\u0103\u021bare constituie infrastructura necesar\u0103 construirii spiritului antreprenorial. Transformarea lu\u0103rii deciziilor, asumarea responsabilit\u0103\u021bii pentru obiectivele echipelor, inova\u021bia prin includerea mai multor perspective diferite, \u00eenv\u0103\u021barea legat\u0103 de cum se pot folosi tensiunea \u0219i conflictele ca oportunit\u0103\u021bi de inovare \u0219i cre\u0219tere sunt toate parte din munca ei cu organiza\u021biile.<\/li>\n<li>Dezvoltarea liderilor prin competen\u021be de leadership orizontal. A te cunoa\u0219te pe tine \u0219i a-\u021bi gestiona propriile tr\u0103iri sunt competen\u021be vitale \u00een vremurile noastre. Acest lucru necesit\u0103 \u00een\u021belegerea propriei biografii \u0219i a \u021belului fiec\u0103ruia \u00een sfera social\u0103. Sprijinirea liderilor \u0219i profesioni\u0219tilor pentru a crea claritate \u00een contextul lor actual, pentru a se conecta cu munca lor, cu echipele \u0219i cu organiza\u021bia lor, pentru a lucra av\u00e2nd con\u0219tienta unui scop care este mai mult un proces de cercetare constant dec\u00e2t o sarcin\u0103 dat\u0103, toate fac parte din munca ei cu profesioni\u0219tii.<\/li>\n<\/ul>\n<p>Daniela este, de asemenea, calificat\u0103 \u00een Biografie, Comunicare non-violent\u0103, Consilier de dezvoltare personal\u0103\u00a0\u0219i\u00a0Teoria\u00a0U.<\/p>\n<p>[\/et_pb_text][\/et_pb_column][\/et_pb_row][\/et_pb_section]<\/p>\n","protected":false},"excerpt":{"rendered":"<p>Daniela Pipa\u0219 E-mail: pipas@het-imo.netDaniela s-a al\u0103turat IMO \u00een Noiembrie 2019, fiind unul dintre co-fondatorii IMO Rom\u00e2nia.Daniela are o experien\u021b\u0103 de peste 20 de ani \u00een corpora\u021bii \u0219i companii antreprenoriale. \u00cen [&hellip;]<\/p>\n","protected":false},"author":1,"featured_media":0,"parent":0,"menu_order":0,"comment_status":"closed","ping_status":"closed","template":"","meta":{"_et_pb_use_builder":"on","_et_pb_old_content":"","_et_gb_content_width":"","_price":"","_stock":"","_tribe_ticket_header":"","_tribe_default_ticket_provider":"","_tribe_ticket_capacity":"0","_ticket_start_date":"","_ticket_end_date":"","_tribe_ticket_show_description":"","_tribe_ticket_show_not_going":false,"_tribe_ticket_use_global_stock":"","_tribe_ticket_global_stock_level":"","_global_stock_mode":"","_global_stock_cap":"","_tribe_rsvp_for_event":"","_tribe_ticket_going_count":"","_tribe_ticket_not_going_count":"","_tribe_tickets_list":"[]","_tribe_ticket_has_attendee_info_fields":false,"footnotes":"","_tec_slr_enabled":"","_tec_slr_layout":""},"folder":[38],"class_list":["post-85","page","type-page","status-publish","hentry"],"yoast_head":"<!-- This site is optimized with the Yoast SEO plugin v27.5 - https:\/\/yoast.com\/product\/yoast-seo-wordpress\/ -->\n<title>Daniela Pipa\u0219 - IMO Romania<\/title>\n<meta name=\"robots\" content=\"index, follow, max-snippet:-1, max-image-preview:large, max-video-preview:-1\" \/>\n<link rel=\"canonical\" href=\"https:\/\/het-imo.net\/ro\/daniela-pipas-2\/\" \/>\n<meta property=\"og:locale\" content=\"en_US\" \/>\n<meta property=\"og:type\" content=\"article\" \/>\n<meta property=\"og:title\" content=\"Daniela Pipa\u0219 - IMO Romania\" \/>\n<meta property=\"og:description\" content=\"Daniela Pipa\u0219 E-mail: pipas@het-imo.netDaniela s-a al\u0103turat IMO \u00een Noiembrie 2019, fiind unul dintre co-fondatorii IMO Rom\u00e2nia.Daniela are o experien\u021b\u0103 de peste 20 de ani \u00een corpora\u021bii \u0219i companii antreprenoriale. \u00cen [&hellip;]\" \/>\n<meta property=\"og:url\" content=\"https:\/\/het-imo.net\/ro\/daniela-pipas-2\/\" \/>\n<meta property=\"og:site_name\" content=\"IMO Romania\" \/>\n<meta property=\"article:modified_time\" content=\"2024-06-12T13:52:04+00:00\" \/>\n<meta name=\"twitter:card\" content=\"summary_large_image\" \/>\n<meta name=\"twitter:label1\" content=\"Est. reading time\" \/>\n\t<meta name=\"twitter:data1\" content=\"3 minutes\" \/>\n<script type=\"application\/ld+json\" class=\"yoast-schema-graph\">{\"@context\":\"https:\\\/\\\/schema.org\",\"@graph\":[{\"@type\":\"WebPage\",\"@id\":\"https:\\\/\\\/het-imo.net\\\/ro\\\/daniela-pipas-2\\\/\",\"url\":\"https:\\\/\\\/het-imo.net\\\/ro\\\/daniela-pipas-2\\\/\",\"name\":\"Daniela Pipa\u0219 - IMO Romania\",\"isPartOf\":{\"@id\":\"https:\\\/\\\/het-imo.net\\\/ro\\\/#website\"},\"datePublished\":\"2022-12-05T14:12:53+00:00\",\"dateModified\":\"2024-06-12T13:52:04+00:00\",\"breadcrumb\":{\"@id\":\"https:\\\/\\\/het-imo.net\\\/ro\\\/daniela-pipas-2\\\/#breadcrumb\"},\"inLanguage\":\"en-US\",\"potentialAction\":[{\"@type\":\"ReadAction\",\"target\":[\"https:\\\/\\\/het-imo.net\\\/ro\\\/daniela-pipas-2\\\/\"]}]},{\"@type\":\"BreadcrumbList\",\"@id\":\"https:\\\/\\\/het-imo.net\\\/ro\\\/daniela-pipas-2\\\/#breadcrumb\",\"itemListElement\":[{\"@type\":\"ListItem\",\"position\":1,\"name\":\"Home\",\"item\":\"https:\\\/\\\/het-imo.net\\\/ro\\\/\"},{\"@type\":\"ListItem\",\"position\":2,\"name\":\"Daniela Pipa\u0219\"}]},{\"@type\":\"WebSite\",\"@id\":\"https:\\\/\\\/het-imo.net\\\/ro\\\/#website\",\"url\":\"https:\\\/\\\/het-imo.net\\\/ro\\\/\",\"name\":\"IMO Romania\",\"description\":\"IMO romania\",\"potentialAction\":[{\"@type\":\"SearchAction\",\"target\":{\"@type\":\"EntryPoint\",\"urlTemplate\":\"https:\\\/\\\/het-imo.net\\\/ro\\\/?s={search_term_string}\"},\"query-input\":{\"@type\":\"PropertyValueSpecification\",\"valueRequired\":true,\"valueName\":\"search_term_string\"}}],\"inLanguage\":\"en-US\"}]}<\/script>\n<!-- \/ Yoast SEO plugin. -->","yoast_head_json":{"title":"Daniela Pipa\u0219 - IMO Romania","robots":{"index":"index","follow":"follow","max-snippet":"max-snippet:-1","max-image-preview":"max-image-preview:large","max-video-preview":"max-video-preview:-1"},"canonical":"https:\/\/het-imo.net\/ro\/daniela-pipas-2\/","og_locale":"en_US","og_type":"article","og_title":"Daniela Pipa\u0219 - IMO Romania","og_description":"Daniela Pipa\u0219 E-mail: pipas@het-imo.netDaniela s-a al\u0103turat IMO \u00een Noiembrie 2019, fiind unul dintre co-fondatorii IMO Rom\u00e2nia.Daniela are o experien\u021b\u0103 de peste 20 de ani \u00een corpora\u021bii \u0219i companii antreprenoriale. \u00cen [&hellip;]","og_url":"https:\/\/het-imo.net\/ro\/daniela-pipas-2\/","og_site_name":"IMO Romania","article_modified_time":"2024-06-12T13:52:04+00:00","twitter_card":"summary_large_image","twitter_misc":{"Est. reading time":"3 minutes"},"schema":{"@context":"https:\/\/schema.org","@graph":[{"@type":"WebPage","@id":"https:\/\/het-imo.net\/ro\/daniela-pipas-2\/","url":"https:\/\/het-imo.net\/ro\/daniela-pipas-2\/","name":"Daniela Pipa\u0219 - IMO Romania","isPartOf":{"@id":"https:\/\/het-imo.net\/ro\/#website"},"datePublished":"2022-12-05T14:12:53+00:00","dateModified":"2024-06-12T13:52:04+00:00","breadcrumb":{"@id":"https:\/\/het-imo.net\/ro\/daniela-pipas-2\/#breadcrumb"},"inLanguage":"en-US","potentialAction":[{"@type":"ReadAction","target":["https:\/\/het-imo.net\/ro\/daniela-pipas-2\/"]}]},{"@type":"BreadcrumbList","@id":"https:\/\/het-imo.net\/ro\/daniela-pipas-2\/#breadcrumb","itemListElement":[{"@type":"ListItem","position":1,"name":"Home","item":"https:\/\/het-imo.net\/ro\/"},{"@type":"ListItem","position":2,"name":"Daniela Pipa\u0219"}]},{"@type":"WebSite","@id":"https:\/\/het-imo.net\/ro\/#website","url":"https:\/\/het-imo.net\/ro\/","name":"IMO Romania","description":"IMO romania","potentialAction":[{"@type":"SearchAction","target":{"@type":"EntryPoint","urlTemplate":"https:\/\/het-imo.net\/ro\/?s={search_term_string}"},"query-input":{"@type":"PropertyValueSpecification","valueRequired":true,"valueName":"search_term_string"}}],"inLanguage":"en-US"}]}},"ticketed":false,"_links":{"self":[{"href":"https:\/\/het-imo.net\/ro\/wp-json\/wp\/v2\/pages\/85","targetHints":{"allow":["GET"]}}],"collection":[{"href":"https:\/\/het-imo.net\/ro\/wp-json\/wp\/v2\/pages"}],"about":[{"href":"https:\/\/het-imo.net\/ro\/wp-json\/wp\/v2\/types\/page"}],"author":[{"embeddable":true,"href":"https:\/\/het-imo.net\/ro\/wp-json\/wp\/v2\/users\/1"}],"replies":[{"embeddable":true,"href":"https:\/\/het-imo.net\/ro\/wp-json\/wp\/v2\/comments?post=85"}],"version-history":[{"count":6,"href":"https:\/\/het-imo.net\/ro\/wp-json\/wp\/v2\/pages\/85\/revisions"}],"predecessor-version":[{"id":676,"href":"https:\/\/het-imo.net\/ro\/wp-json\/wp\/v2\/pages\/85\/revisions\/676"}],"wp:attachment":[{"href":"https:\/\/het-imo.net\/ro\/wp-json\/wp\/v2\/media?parent=85"}],"wp:term":[{"taxonomy":"folder","embeddable":true,"href":"https:\/\/het-imo.net\/ro\/wp-json\/wp\/v2\/folder?post=85"}],"curies":[{"name":"wp","href":"https:\/\/api.w.org\/{rel}","templated":true}]}}