{"id":487,"date":"2024-04-27T12:31:35","date_gmt":"2024-04-27T09:31:35","guid":{"rendered":"https:\/\/het-imo.net\/ro\/?page_id=487"},"modified":"2025-12-05T13:43:53","modified_gmt":"2025-12-05T11:43:53","slug":"coaching-profesional","status":"publish","type":"page","link":"https:\/\/het-imo.net\/ro\/coaching-profesional\/","title":{"rendered":"Coaching profesional din perspectiva biografica"},"content":{"rendered":"<p>[et_pb_section fb_built=&#8221;1&#8243; _builder_version=&#8221;4.25.0&#8243; _module_preset=&#8221;default&#8221; global_colors_info=&#8221;{}&#8221;][et_pb_row admin_label=&#8221;row&#8221; _builder_version=&#8221;4.16&#8243; background_size=&#8221;initial&#8221; background_position=&#8221;top_left&#8221; background_repeat=&#8221;repeat&#8221; saved_tabs=&#8221;all&#8221; global_colors_info=&#8221;{}&#8221;][et_pb_column type=&#8221;4_4&#8243; _builder_version=&#8221;4.16&#8243; custom_padding=&#8221;|||&#8221; global_colors_info=&#8221;{}&#8221; custom_padding__hover=&#8221;|||&#8221;][et_pb_text _builder_version=&#8221;4.25.0&#8243; text_font=&#8221;|600|||||||&#8221; text_font_size=&#8221;60px&#8221; header_font=&#8221;||||||||&#8221; header_font_size=&#8221;50px&#8221; header_text_color_last_edited=&#8221;off|desktop&#8221; header_font_size_tablet=&#8221;50px&#8221; header_font_size_phone=&#8221;35px&#8221; header_font_size_last_edited=&#8221;on|phone&#8221; global_colors_info=&#8221;{}&#8221;]<\/p>\n<h1 style=\"text-align: center;\">COACHING PROFESIONAL DIN PERSPECTIV\u0102 BIOGRAFIC\u0102<\/h1>\n<p>[\/et_pb_text][et_pb_divider color=&#8221;#3e7ea6&#8243; divider_position=&#8221;center&#8221; divider_weight=&#8221;3&#8243; _builder_version=&#8221;4.25.0&#8243; height=&#8221;0px&#8221; global_colors_info=&#8221;{}&#8221;]<\/p>\n<p>&nbsp;<\/p>\n<p>[\/et_pb_divider][\/et_pb_column][\/et_pb_row][\/et_pb_section][et_pb_section fb_built=&#8221;1&#8243; admin_label=&#8221;section&#8221; _builder_version=&#8221;4.16&#8243; background_color=&#8221;#ffffff&#8221; custom_padding=&#8221;13px|0px|0|0px&#8221; locked=&#8221;off&#8221; global_colors_info=&#8221;{}&#8221;][et_pb_row column_structure=&#8221;1_2,1_2&#8243; _builder_version=&#8221;4.25.0&#8243; _module_preset=&#8221;default&#8221; global_colors_info=&#8221;{}&#8221;][et_pb_column type=&#8221;1_2&#8243; _builder_version=&#8221;4.25.0&#8243; _module_preset=&#8221;default&#8221; global_colors_info=&#8221;{}&#8221;][et_pb_text _builder_version=&#8221;4.27.4&#8243; _module_preset=&#8221;default&#8221; text_text_color=&#8221;#666666&#8243; text_font_size=&#8221;28px&#8221; header_text_color=&#8221;#3E7EA6&#8243; min_height=&#8221;32.8px&#8221; custom_margin=&#8221;||8px|||&#8221; custom_padding=&#8221;0px||2px|||&#8221; global_colors_info=&#8221;{}&#8221;]<\/p>\n<p>PROVOCAREA<\/p>\n<p>[\/et_pb_text][et_pb_text _builder_version=&#8221;4.25.0&#8243; _module_preset=&#8221;default&#8221; text_text_color=&#8221;#666666&#8243; header_text_color=&#8221;#3E7EA6&#8243; custom_padding=&#8221;0px|||||&#8221; global_colors_info=&#8221;{}&#8221;]<\/p>\n<p>\u00cen mediul profesional, dificult\u0103\u021bile personale sunt adesea percepute \u00een leg\u0103tur\u0103 cu standardele de performan\u021b\u0103 sau cu condi\u021biile de lucru, ceea ce poate duce la presiune \u0219i riscul de epuizare. Capacitatea de a vedea situa\u021bia critic\u0103 \u00een care ne afl\u0103m nu ar trebui s\u0103 se concentreze doar pe adaptarea comportamental\u0103 la contextul dat, ci \u0219i s\u0103 recunoasc\u0103 oportunit\u0103\u021bile de cre\u0219tere personal\u0103 \u00een cadrul propriei biografii, aduc\u00e2nd perspective evolutive at\u00e2t pentru individ, c\u00e2t \u0219i pentru organiza\u021bie.<\/p>\n<p>[\/et_pb_text][\/et_pb_column][et_pb_column type=&#8221;1_2&#8243; _builder_version=&#8221;4.25.0&#8243; _module_preset=&#8221;default&#8221; global_colors_info=&#8221;{}&#8221;][et_pb_text _builder_version=&#8221;4.27.4&#8243; _module_preset=&#8221;default&#8221; text_text_color=&#8221;#c75a40&#8243; text_font_size=&#8221;28px&#8221; header_text_color=&#8221;#3E7EA6&#8243; custom_margin=&#8221;||8px|||&#8221; custom_padding=&#8221;0px||6px|0px|false|false&#8221; locked=&#8221;off&#8221; global_colors_info=&#8221;{}&#8221;]<\/p>\n<p>ABORDAREA NOASTR\u0102<\/p>\n<p>[\/et_pb_text][et_pb_text _builder_version=&#8221;4.27.4&#8243; _module_preset=&#8221;default&#8221; custom_padding=&#8221;2px|||||&#8221; hover_enabled=&#8221;0&#8243; global_colors_info=&#8221;{}&#8221; sticky_enabled=&#8221;0&#8243;]<\/p>\n<p>Parcurgerea biografiei este structurat\u0103 \u00een faze tipice, legate de perioade de \u0219apte ani. Fiecare faz\u0103 are durata sa, \u00eencheindu-se cu momente de criz\u0103, urmate de apari\u021bia urm\u0103toarei faze. \u00cen timp ce primele trei perioade de \u0219apte ani ale vie\u021bii umane marcheaz\u0103 tranzi\u021biile evidente (erup\u021bia dentar\u0103 \u00een jurul v\u00e2rstei de 7 ani, pubertatea \u00een jurul v\u00e2rstei de 14 ani, afirmarea individualit\u0103\u021bii \u00een jurul v\u00e2rstei de 21 de ani), cele ulterioare sunt mai pu\u021bin vizibile din exterior, dar nu mai pu\u021bin semnificative din punct de vedere interior. Prin urmare, este crucial s\u0103 analiz\u0103m fiecare moment critic din via\u021ba profesional\u0103 \u00een contextul trecerii de la o faz\u0103 la alta, recunosc\u00e2nd conexiunile \u00eentre acestea \u00een cadrul propriei biografii.<\/p>\n<p>Lucr\u0103m cu o metod\u0103 generativ\u0103, \u00eencuraj\u00e2nd procesul de \u00eenv\u0103\u021bare \u00een trei etape: prin reflec\u021bie, explorare \u0219i ac\u021biune, at\u00e2t la nivel individual, c\u00e2t \u0219i organiza\u021bional. \u00cencepem prin identificarea aspectelor critice ale mediului de lucru, pe care le conect\u0103m la aspectele personale \u0219i invers. \u00cen acest proces, ne baz\u0103m pe principiile care ne inspir\u0103, fie c\u0103 sunt evidente sau latente, pentru a transforma dezvoltarea \u00eentr-un parcurs condus de propria individualitate, care se dezv\u0103luie treptat \u0219i \u00een mod deliberat. Clientul g\u0103se\u0219te un spa\u021biu de ascultare profund\u0103 pentru a reflecta asupra principiilor lor inspiratoare incon\u0219tiente \u0219i pentru a le recalibra \u00een func\u021bie de etapa biografic\u0103 \u0219i firea personal\u0103.<\/p>\n<p>[\/et_pb_text][\/et_pb_column][\/et_pb_row][et_pb_row _builder_version=&#8221;4.16&#8243; global_colors_info=&#8221;{}&#8221;][et_pb_column type=&#8221;4_4&#8243; _builder_version=&#8221;4.16&#8243; custom_padding=&#8221;|||&#8221; global_colors_info=&#8221;{}&#8221; custom_padding__hover=&#8221;|||&#8221;][et_pb_text _builder_version=&#8221;4.27.4&#8243; text_text_color=&#8221;#3e7ea6&#8243; text_font_size=&#8221;28px&#8221; custom_padding=&#8221;|||0px|false|false&#8221; global_colors_info=&#8221;{}&#8221;]<\/p>\n<p>OFERTA IMO<\/p>\n<p>[\/et_pb_text][et_pb_text _builder_version=&#8221;4.27.4&#8243; hover_enabled=&#8221;0&#8243; global_colors_info=&#8221;{}&#8221; sticky_enabled=&#8221;0&#8243;]<\/p>\n<p>\u00cen procesul de consiliere, ajut\u0103m ca fiecare s\u0103-\u0219i \u00een\u021beleag\u0103 propria nemul\u021bumire, av\u00e2nd \u00een vedere cele trei aspecte ale identit\u0103\u021bii personale: interior, personal \u0219i profesional. Ne concentr\u0103m \u00een special pe dimensiunea profesional\u0103, consider\u00e2nd-o \u0219i ca pe un indicator al celorlalte aspecte.<\/p>\n<p>\u00censo\u021bim \u0219i ghid\u0103m clientul pentru a eviden\u021bia \u0219i consolida con\u0219tientizarea personal\u0103 cu privire la caracteristicile etapei biografice pe care o parcurge, facilit\u00e2nd identificarea &#8220;urm\u0103torilor pa\u0219i&#8221; semnificativi \u00een propria lor biografie.<\/p>\n<p>Folosim tehnici specifice \u0219i instrumente artistice, inclusiv metode maieutice. Prin \u00eentreb\u0103ri \u0219i ascultarea atent\u0103 a r\u0103spunsurilor, autoreflec\u021bie \u0219i dezvoltarea unei g\u00e2ndiri critice \u00eenso\u021bim clientul s\u0103-\u0219i exploreze propriile convingeri \u0219i cuno\u0219tin\u021be \u0219i s\u0103-\u0219i clarifice g\u00e2ndurile \u0219i ideile \u00een loc s\u0103 furniz\u0103m direct informa\u021bii sau r\u0103spunsuri.<\/p>\n<p><span style=\"color: #000000;\"><strong>Ce s\u0103 a\u0219tep\u021bi de la sesiunile de coaching:<\/strong><\/span><\/p>\n<ul>\n<li>Un spa\u021biu sigur \u0219i confiden\u021bial pentru a te explora \u0219i a cre\u0219te<\/li>\n<li>Suport \u0219i \u00eendrumare din partea unui coach experimentat<\/li>\n<li>Abordare holistic\u0103 a situa\u021bilor concrete \u00een contextul \u00eentregii biografii<\/li>\n<li>Abordare personalizat\u0103 adaptat\u0103 la nevoile tale specifice<\/li>\n<li>O perspectiv\u0103 nou\u0103 asupra vie\u021bii tale<\/li>\n<li>Un plan de ac\u021biune pentru a-\u021bi face obiectivele realitate<\/li>\n<\/ul>\n<p><span style=\"color: #000000;\"><strong>Beneficii:<\/strong><\/span><\/p>\n<ul>\n<li>O mai bun\u0103 \u00een\u021belegere a sinelui<\/li>\n<li>Cre\u0219terea \u00eencrederii \u00een sine \u0219i a stimei de sine<\/li>\n<li>Abilit\u0103\u021bi de comunicare \u0219i rela\u021bionare \u00eembun\u0103t\u0103\u021bite<\/li>\n<li>Capacitatea de a lua decizii mai bune<\/li>\n<li>O via\u021b\u0103 mai plin\u0103 de sens \u0219i satisfac\u021bie<\/li>\n<\/ul>\n<p>E\u0219ti gata s\u0103 faci o schimbare pozitiv\u0103 \u00een via\u021ba ta?<\/p>\n<p><span style=\"color: #000000;\"><strong>Contacteaz\u0103-ne ast\u0103zi <\/strong><\/span>pentru a programa o consulta\u021bie gratuit\u0103!<\/p>\n<p>Adresa de contact: <strong><span><a href=\"mailto:office@het-imo.net\">office@het-imo.net<\/a><\/span><\/strong><\/p>\n<p>[\/et_pb_text][\/et_pb_column][\/et_pb_row][\/et_pb_section]<\/p>\n","protected":false},"excerpt":{"rendered":"<p>COACHING PROFESIONAL DIN PERSPECTIV\u0102 BIOGRAFIC\u0102&nbsp;PROVOCAREA\u00cen mediul profesional, dificult\u0103\u021bile personale sunt adesea percepute \u00een leg\u0103tur\u0103 cu standardele de performan\u021b\u0103 sau cu condi\u021biile de lucru, ceea ce poate duce la presiune \u0219i [&hellip;]<\/p>\n","protected":false},"author":6,"featured_media":0,"parent":0,"menu_order":0,"comment_status":"closed","ping_status":"closed","template":"","meta":{"_et_pb_use_builder":"on","_et_pb_old_content":"","_et_gb_content_width":"","_price":"","_stock":"","_tribe_ticket_header":"","_tribe_default_ticket_provider":"","_tribe_ticket_capacity":"0","_ticket_start_date":"","_ticket_end_date":"","_tribe_ticket_show_description":"","_tribe_ticket_show_not_going":false,"_tribe_ticket_use_global_stock":"","_tribe_ticket_global_stock_level":"","_global_stock_mode":"","_global_stock_cap":"","_tribe_rsvp_for_event":"","_tribe_ticket_going_count":"","_tribe_ticket_not_going_count":"","_tribe_tickets_list":"[]","_tribe_ticket_has_attendee_info_fields":false,"footnotes":"","_tec_slr_enabled":"","_tec_slr_layout":""},"folder":[30],"class_list":["post-487","page","type-page","status-publish","hentry"],"yoast_head":"<!-- This site is optimized with the Yoast SEO plugin v27.5 - https:\/\/yoast.com\/product\/yoast-seo-wordpress\/ -->\n<title>Coaching profesional din perspectiva biografica - IMO Romania<\/title>\n<meta name=\"robots\" content=\"index, follow, max-snippet:-1, max-image-preview:large, max-video-preview:-1\" \/>\n<link rel=\"canonical\" href=\"https:\/\/het-imo.net\/ro\/coaching-profesional\/\" \/>\n<meta property=\"og:locale\" content=\"en_US\" \/>\n<meta property=\"og:type\" content=\"article\" \/>\n<meta property=\"og:title\" content=\"Coaching profesional din perspectiva biografica - IMO Romania\" \/>\n<meta property=\"og:description\" content=\"COACHING PROFESIONAL DIN PERSPECTIV\u0102 BIOGRAFIC\u0102&nbsp;PROVOCAREA\u00cen mediul profesional, dificult\u0103\u021bile personale sunt adesea percepute \u00een leg\u0103tur\u0103 cu standardele de performan\u021b\u0103 sau cu condi\u021biile de lucru, ceea ce poate duce la presiune \u0219i [&hellip;]\" \/>\n<meta property=\"og:url\" content=\"https:\/\/het-imo.net\/ro\/coaching-profesional\/\" \/>\n<meta property=\"og:site_name\" content=\"IMO Romania\" \/>\n<meta property=\"article:modified_time\" content=\"2025-12-05T11:43:53+00:00\" \/>\n<meta name=\"twitter:card\" content=\"summary_large_image\" \/>\n<meta name=\"twitter:label1\" content=\"Est. reading time\" \/>\n\t<meta name=\"twitter:data1\" content=\"5 minutes\" \/>\n<script type=\"application\/ld+json\" class=\"yoast-schema-graph\">{\"@context\":\"https:\\\/\\\/schema.org\",\"@graph\":[{\"@type\":\"WebPage\",\"@id\":\"https:\\\/\\\/het-imo.net\\\/ro\\\/coaching-profesional\\\/\",\"url\":\"https:\\\/\\\/het-imo.net\\\/ro\\\/coaching-profesional\\\/\",\"name\":\"Coaching profesional din perspectiva biografica - IMO Romania\",\"isPartOf\":{\"@id\":\"https:\\\/\\\/het-imo.net\\\/ro\\\/#website\"},\"datePublished\":\"2024-04-27T09:31:35+00:00\",\"dateModified\":\"2025-12-05T11:43:53+00:00\",\"breadcrumb\":{\"@id\":\"https:\\\/\\\/het-imo.net\\\/ro\\\/coaching-profesional\\\/#breadcrumb\"},\"inLanguage\":\"en-US\",\"potentialAction\":[{\"@type\":\"ReadAction\",\"target\":[\"https:\\\/\\\/het-imo.net\\\/ro\\\/coaching-profesional\\\/\"]}]},{\"@type\":\"BreadcrumbList\",\"@id\":\"https:\\\/\\\/het-imo.net\\\/ro\\\/coaching-profesional\\\/#breadcrumb\",\"itemListElement\":[{\"@type\":\"ListItem\",\"position\":1,\"name\":\"Home\",\"item\":\"https:\\\/\\\/het-imo.net\\\/ro\\\/\"},{\"@type\":\"ListItem\",\"position\":2,\"name\":\"Coaching profesional din perspectiva biografica\"}]},{\"@type\":\"WebSite\",\"@id\":\"https:\\\/\\\/het-imo.net\\\/ro\\\/#website\",\"url\":\"https:\\\/\\\/het-imo.net\\\/ro\\\/\",\"name\":\"IMO Romania\",\"description\":\"IMO romania\",\"potentialAction\":[{\"@type\":\"SearchAction\",\"target\":{\"@type\":\"EntryPoint\",\"urlTemplate\":\"https:\\\/\\\/het-imo.net\\\/ro\\\/?s={search_term_string}\"},\"query-input\":{\"@type\":\"PropertyValueSpecification\",\"valueRequired\":true,\"valueName\":\"search_term_string\"}}],\"inLanguage\":\"en-US\"}]}<\/script>\n<!-- \/ Yoast SEO plugin. -->","yoast_head_json":{"title":"Coaching profesional din perspectiva biografica - IMO Romania","robots":{"index":"index","follow":"follow","max-snippet":"max-snippet:-1","max-image-preview":"max-image-preview:large","max-video-preview":"max-video-preview:-1"},"canonical":"https:\/\/het-imo.net\/ro\/coaching-profesional\/","og_locale":"en_US","og_type":"article","og_title":"Coaching profesional din perspectiva biografica - IMO Romania","og_description":"COACHING PROFESIONAL DIN PERSPECTIV\u0102 BIOGRAFIC\u0102&nbsp;PROVOCAREA\u00cen mediul profesional, dificult\u0103\u021bile personale sunt adesea percepute \u00een leg\u0103tur\u0103 cu standardele de performan\u021b\u0103 sau cu condi\u021biile de lucru, ceea ce poate duce la presiune \u0219i [&hellip;]","og_url":"https:\/\/het-imo.net\/ro\/coaching-profesional\/","og_site_name":"IMO Romania","article_modified_time":"2025-12-05T11:43:53+00:00","twitter_card":"summary_large_image","twitter_misc":{"Est. reading time":"5 minutes"},"schema":{"@context":"https:\/\/schema.org","@graph":[{"@type":"WebPage","@id":"https:\/\/het-imo.net\/ro\/coaching-profesional\/","url":"https:\/\/het-imo.net\/ro\/coaching-profesional\/","name":"Coaching profesional din perspectiva biografica - IMO Romania","isPartOf":{"@id":"https:\/\/het-imo.net\/ro\/#website"},"datePublished":"2024-04-27T09:31:35+00:00","dateModified":"2025-12-05T11:43:53+00:00","breadcrumb":{"@id":"https:\/\/het-imo.net\/ro\/coaching-profesional\/#breadcrumb"},"inLanguage":"en-US","potentialAction":[{"@type":"ReadAction","target":["https:\/\/het-imo.net\/ro\/coaching-profesional\/"]}]},{"@type":"BreadcrumbList","@id":"https:\/\/het-imo.net\/ro\/coaching-profesional\/#breadcrumb","itemListElement":[{"@type":"ListItem","position":1,"name":"Home","item":"https:\/\/het-imo.net\/ro\/"},{"@type":"ListItem","position":2,"name":"Coaching profesional din perspectiva biografica"}]},{"@type":"WebSite","@id":"https:\/\/het-imo.net\/ro\/#website","url":"https:\/\/het-imo.net\/ro\/","name":"IMO Romania","description":"IMO romania","potentialAction":[{"@type":"SearchAction","target":{"@type":"EntryPoint","urlTemplate":"https:\/\/het-imo.net\/ro\/?s={search_term_string}"},"query-input":{"@type":"PropertyValueSpecification","valueRequired":true,"valueName":"search_term_string"}}],"inLanguage":"en-US"}]}},"ticketed":false,"_links":{"self":[{"href":"https:\/\/het-imo.net\/ro\/wp-json\/wp\/v2\/pages\/487","targetHints":{"allow":["GET"]}}],"collection":[{"href":"https:\/\/het-imo.net\/ro\/wp-json\/wp\/v2\/pages"}],"about":[{"href":"https:\/\/het-imo.net\/ro\/wp-json\/wp\/v2\/types\/page"}],"author":[{"embeddable":true,"href":"https:\/\/het-imo.net\/ro\/wp-json\/wp\/v2\/users\/6"}],"replies":[{"embeddable":true,"href":"https:\/\/het-imo.net\/ro\/wp-json\/wp\/v2\/comments?post=487"}],"version-history":[{"count":10,"href":"https:\/\/het-imo.net\/ro\/wp-json\/wp\/v2\/pages\/487\/revisions"}],"predecessor-version":[{"id":1540,"href":"https:\/\/het-imo.net\/ro\/wp-json\/wp\/v2\/pages\/487\/revisions\/1540"}],"wp:attachment":[{"href":"https:\/\/het-imo.net\/ro\/wp-json\/wp\/v2\/media?parent=487"}],"wp:term":[{"taxonomy":"folder","embeddable":true,"href":"https:\/\/het-imo.net\/ro\/wp-json\/wp\/v2\/folder?post=487"}],"curies":[{"name":"wp","href":"https:\/\/api.w.org\/{rel}","templated":true}]}}