{"id":455,"date":"2024-04-27T11:38:49","date_gmt":"2024-04-27T08:38:49","guid":{"rendered":"https:\/\/het-imo.net\/ro\/?page_id=455"},"modified":"2025-12-05T13:39:14","modified_gmt":"2025-12-05T11:39:14","slug":"implementarea-de-echipe-autonome","status":"publish","type":"page","link":"https:\/\/het-imo.net\/ro\/implementarea-de-echipe-autonome\/","title":{"rendered":"Implementarea de echipe autonome"},"content":{"rendered":"<p>[et_pb_section fb_built=&#8221;1&#8243; admin_label=&#8221;section&#8221; _builder_version=&#8221;4.16&#8243; background_color=&#8221;#ffffff&#8221; custom_padding=&#8221;13px|0px|0|0px&#8221; locked=&#8221;off&#8221; global_colors_info=&#8221;{}&#8221;][et_pb_row admin_label=&#8221;row&#8221; _builder_version=&#8221;4.16&#8243; background_size=&#8221;initial&#8221; background_position=&#8221;top_left&#8221; background_repeat=&#8221;repeat&#8221; global_colors_info=&#8221;{}&#8221;][et_pb_column type=&#8221;4_4&#8243; _builder_version=&#8221;4.16&#8243; custom_padding=&#8221;|||&#8221; global_colors_info=&#8221;{}&#8221; custom_padding__hover=&#8221;|||&#8221;][et_pb_text _builder_version=&#8221;4.25.0&#8243; text_font=&#8221;|600|||||||&#8221; text_font_size=&#8221;60px&#8221; header_font=&#8221;||||||||&#8221; header_font_size=&#8221;50px&#8221; header_font_size_tablet=&#8221;50px&#8221; header_font_size_phone=&#8221;35px&#8221; header_font_size_last_edited=&#8221;on|phone&#8221; global_colors_info=&#8221;{}&#8221;]<\/p>\n<h1 style=\"text-align: center;\">IMPLEMENTAREA DE ECHIPE AUTONOME<\/h1>\n<p>[\/et_pb_text][et_pb_divider color=&#8221;#3e7ea6&#8243; divider_position=&#8221;center&#8221; divider_weight=&#8221;3&#8243; _builder_version=&#8221;4.25.0&#8243; height=&#8221;0px&#8221; global_colors_info=&#8221;{}&#8221;]<\/p>\n<p>&nbsp;<\/p>\n<p>[\/et_pb_divider][\/et_pb_column][\/et_pb_row][et_pb_row column_structure=&#8221;1_2,1_2&#8243; _builder_version=&#8221;4.25.0&#8243; _module_preset=&#8221;default&#8221; global_colors_info=&#8221;{}&#8221;][et_pb_column type=&#8221;1_2&#8243; _builder_version=&#8221;4.25.0&#8243; _module_preset=&#8221;default&#8221; global_colors_info=&#8221;{}&#8221;][et_pb_text _builder_version=&#8221;4.27.4&#8243; _module_preset=&#8221;default&#8221; text_text_color=&#8221;#666666&#8243; text_font_size=&#8221;28px&#8221; header_text_color=&#8221;#3E7EA6&#8243; min_height=&#8221;32.8px&#8221; custom_margin=&#8221;||8px|||&#8221; custom_padding=&#8221;0px||2px|||&#8221; global_colors_info=&#8221;{}&#8221;]<\/p>\n<p>PROVOCAREA<\/p>\n<p>[\/et_pb_text][et_pb_text _builder_version=&#8221;4.25.0&#8243; _module_preset=&#8221;default&#8221; text_text_color=&#8221;#666666&#8243; header_text_color=&#8221;#3E7EA6&#8243; custom_padding=&#8221;0px|||||&#8221; global_colors_info=&#8221;{}&#8221;]<\/p>\n<p>Majoritatea clien\u021bilor no\u0219tri ne contacteaz\u0103 pentru c\u0103 \u00ee\u0219i doresc angaja\u021bi mai implica\u021bi, care \u00ee\u021bi asum\u0103 ini\u021biative de a rezolva problemele existente \u00een companie \u0219i colaboreaz\u0103 eficient pentru \u00eembun\u0103t\u0103\u021birea\u00a0rezultatelor.<\/p>\n<p>Cei direct implica\u021bi \u00een procesele de munc\u0103 sunt cei mai conecta\u021bi la provoc\u0103rile cu care se confrunt\u0103 \u0219i pot vedea cu mai mare usurin\u021b\u0103 posibile solu\u021bii \u0219i impactul asupra procesului client.<\/p>\n<p>Dar cum se poate schimba un mod de lucru bazat pe ordin \u0219i execu\u021bie \u00eentr-unul care s\u0103 stimuleze autonomia echipelor \u00een a gestiona activitatea, a defini standardele pentru procesele opera\u021bionale uzuale, a adresa eficient dificult\u0103\u021bile cu care se confrunt\u0103?<\/p>\n<p>[\/et_pb_text][\/et_pb_column][et_pb_column type=&#8221;1_2&#8243; _builder_version=&#8221;4.25.0&#8243; _module_preset=&#8221;default&#8221; global_colors_info=&#8221;{}&#8221;][et_pb_text _builder_version=&#8221;4.27.4&#8243; _module_preset=&#8221;default&#8221; text_text_color=&#8221;#c75a40&#8243; text_font_size=&#8221;28px&#8221; header_text_color=&#8221;#3E7EA6&#8243; custom_margin=&#8221;||8px|||&#8221; custom_padding=&#8221;0px||6px|0px|false|false&#8221; locked=&#8221;off&#8221; global_colors_info=&#8221;{}&#8221;]<\/p>\n<p>ABORDAREA NOASTR\u0102<\/p>\n<p>[\/et_pb_text][et_pb_text _builder_version=&#8221;4.27.4&#8243; _module_preset=&#8221;default&#8221; custom_padding=&#8221;2px|||||&#8221; global_colors_info=&#8221;{}&#8221;]<\/p>\n<p>Abordarea noastra aduce \u00eempreun\u0103 dezvoltarea abilit\u0103\u021bilor de organizare \u0219i comunicare cu dob\u00e2ndirea de competen\u021be de Leadership Orizontal din partea membrilor echipei \u0219i a liderilor formali.<\/p>\n<p>Lucr\u0103m \u00eentr-un mod practic \u0219i aplicat, direct \u00een situa\u021biile realit\u0103\u021bii de zi cu zi a organiza\u021biei, utiliz\u00e2nd instrumente simple care pot fi implementate cu u\u0219urinta la orice nivel.<\/p>\n<p>C\u0103ut\u0103m s\u0103 dezvolt\u0103m un mindest al asum\u0103rii responsabilit\u0103\u021bii \u0219i al ini\u021biativei, \u00een care fiecare este lider al propriului rol \u0219i poate ac\u021biona pentru a \u00eembun\u0103t\u0103\u021bi procesele de lucru, \u00eempreun\u0103 cu ceilal\u021bi.<\/p>\n<p>Pe m\u0103sur\u0103 ce oamenii \u00eencep s\u0103 genereze schimb\u0103ri \u00een mediul de lucru, prin implementarea propriilor solu\u021bii, \u00eencep s\u0103 perceap\u0103 diferit contribu\u021bia personal\u0103 \u0219i valorizarea abilit\u0103\u021bilor propri de c\u0103tre colegii \u0219i \u0219efii lor.<\/p>\n<p>Astfel, punem bazele unei culturi organiza\u021bionale \u00een care oricine poate genera\u00a0schimb\u0103ri pozitive, \u0219i care cre\u0219te nivelul de \u00eencredere \u0219i respect fa\u021b\u0103 de contribu\u021bia fiec\u0103ruia.<\/p>\n<p>[\/et_pb_text][\/et_pb_column][\/et_pb_row][et_pb_row _builder_version=&#8221;4.16&#8243; global_colors_info=&#8221;{}&#8221;][et_pb_column type=&#8221;4_4&#8243; _builder_version=&#8221;4.16&#8243; custom_padding=&#8221;|||&#8221; global_colors_info=&#8221;{}&#8221; custom_padding__hover=&#8221;|||&#8221;][et_pb_text _builder_version=&#8221;4.27.4&#8243; text_text_color=&#8221;#3e7ea6&#8243; text_font_size=&#8221;28px&#8221; custom_padding=&#8221;|||0px|false|false&#8221; global_colors_info=&#8221;{}&#8221;]<\/p>\n<p>OFERTA IMO<\/p>\n<p>[\/et_pb_text][et_pb_text _builder_version=&#8221;4.27.4&#8243; hover_enabled=&#8221;0&#8243; global_colors_info=&#8221;{}&#8221; sticky_enabled=&#8221;0&#8243;]<\/p>\n<p>Implementarea echipelor autonome este un proces prin care \u00eenso\u021bim echipele s\u0103 se coaguleze, s\u0103 \u00ee\u0219i formeze un ritm \u0219i s\u0103 dezvolte un mod de lucru colaborativ \u0219i transparent \u00een rezolvarea problemelor de zi cu zi.<\/p>\n<p>Fiecare echip\u0103 \u00ee\u0219i con\u0219tientizeaz\u0103 rolul \u00een cadrul procesului client, \u00eenva\u021b\u0103 s\u0103 construiasc\u0103 indicatorii relevan\u021bi pentru activitatea specific\u0103 \u0219i s\u0103 \u00eei urm\u0103reasc\u0103 pentru a-\u0219i \u00eembun\u0103t\u0103\u021bi rezultatele.<\/p>\n<p>Facilit\u0103m \u00a0familiarizarea cu instrumente simple de organizare \u0219i crearea unui spa\u021biu de dialog care stimuleaz\u0103 membrii echipelor s\u0103 propuna solu\u021biile cele mai potrivite contextului lor de lucru \u0219i situa\u021biilor concrete cu care se confrunt\u0103.<\/p>\n<p>Oamenii \u00eenva\u021b\u0103 s\u0103\u00a0 asculte, s\u0103 pun\u0103 \u00eentreb\u0103ri care genereaz\u0103 mi\u0219care \u0219i s\u0103 propun\u0103 ac\u021biuni corective, iar rolul superiorilor ierarhici dob\u00e2nde\u0219te o latur\u0103 de suport \u0219i orientare, care sus\u021bine autonomia echipei.<\/p>\n<p>Prin orientarea c\u0103tre \u00eembun\u0103t\u0103\u021birea procesului \u0219i nu c\u0103tre &#8220;g\u0103sirea vinovatului&#8221;, se stimuleaz\u0103 o atitudine obiectiv\u0103 \u00een rezolvarea problemelor, spore\u0219te gradul de transparen\u021b\u0103, conectivitate \u0219i organizare.<\/p>\n<p>\u00censo\u021bim companiile \u00een toate etapele procesului de dezvoltare a echipelor autonome<\/p>\n<ul>\n<li><strong>Formare<\/strong> &#8211; definirea elementelor esen\u021biale, instrumente de organizare \u0219i comunicare<\/li>\n<li><strong>Implementare<\/strong> &#8211; \u00eensu\u0219irea instrumentelor, sus\u021binerea func\u021bion\u0103rii autonome a echipei<\/li>\n<li><strong>Consolidare<\/strong> &#8211; men\u021binerea ritmului, inova\u021bie<\/li>\n<li><strong>\u00centre\u021binere<\/strong> &#8211; colaborare cu alte echipe, evaluare \u0219i noi competen\u021be<\/li>\n<\/ul>\n<p><span style=\"color: #000000;\"><strong>Beneficii:<\/strong><\/span><\/p>\n<p>La finalul programului, membrii echipei:<\/p>\n<ul>\n<li>Iau ini\u021biative de \u00eembun\u0103t\u0103\u021bire<\/li>\n<li>Urm\u0103resc \u00eempreuna obiectivele \u0219i indicatorii relevan\u021bi<\/li>\n<li>Identific\u0103 probleme \u0219i g\u0103sesc solu\u021bii \u00een propriile procese<\/li>\n<li>Cunosc \u0219i utilizeaz\u0103 instrumentele de organizare<\/li>\n<li>Au dialoguri regulate orientate c\u0103tre ac\u021biune<\/li>\n<li>Inoveaz\u0103 \u0219i se adapteaz\u0103 rapid schimb\u0103rilor externe<\/li>\n<\/ul>\n<ul><\/ul>\n<p>Descarc\u0103 bro\u0219ura: <span style=\"color: #0000ff;\"><strong><a href=\"https:\/\/het-imo.net\/ro\/wp-content\/uploads\/2025\/12\/Bazele-echipelor-autonome-Companii.pdf\" style=\"color: #0000ff;\">Bazele echipelor autonome \u00een companii<\/a><\/strong><\/span><\/p>\n<p>Vrei s\u0103 afli mai multe?<\/p>\n<p><strong>\u21d2 Contacteaz\u0103-ne<span>\u00a0<\/span><\/strong>pentru o conversa\u021bie despre posibilit\u0103\u021bile de colaborare.<\/p>\n<p>Cau\u021bi un program de implementarea a echipelor autonome \u00een compania ta?<\/p>\n<p><strong>\u21d2 Solicit\u0103 o ofert\u0103<span>\u00a0<\/span><\/strong>personalizat\u0103<span style=\"color: #0000ff;\"><strong><\/strong><\/span><\/p>\n<p>Adresa de contact: <strong><span><a href=\"mailto:office@het-imo.net\">office@het-imo.net<\/a><\/span><\/strong><\/p>\n<p>[\/et_pb_text][\/et_pb_column][\/et_pb_row][\/et_pb_section]<\/p>\n","protected":false},"excerpt":{"rendered":"<p>IMPLEMENTAREA DE ECHIPE AUTONOME&nbsp; PROVOCAREAMajoritatea clien\u021bilor no\u0219tri ne contacteaz\u0103 pentru c\u0103 \u00ee\u0219i doresc angaja\u021bi mai implica\u021bi, care \u00ee\u021bi asum\u0103 ini\u021biative de a rezolva problemele existente \u00een companie \u0219i colaboreaz\u0103 eficient [&hellip;]<\/p>\n","protected":false},"author":6,"featured_media":0,"parent":0,"menu_order":0,"comment_status":"closed","ping_status":"closed","template":"","meta":{"_et_pb_use_builder":"on","_et_pb_old_content":"","_et_gb_content_width":"","_price":"","_stock":"","_tribe_ticket_header":"","_tribe_default_ticket_provider":"","_tribe_ticket_capacity":"0","_ticket_start_date":"","_ticket_end_date":"","_tribe_ticket_show_description":"","_tribe_ticket_show_not_going":false,"_tribe_ticket_use_global_stock":"","_tribe_ticket_global_stock_level":"","_global_stock_mode":"","_global_stock_cap":"","_tribe_rsvp_for_event":"","_tribe_ticket_going_count":"","_tribe_ticket_not_going_count":"","_tribe_tickets_list":"[]","_tribe_ticket_has_attendee_info_fields":false,"footnotes":"","_tec_slr_enabled":"","_tec_slr_layout":""},"folder":[30],"class_list":["post-455","page","type-page","status-publish","hentry"],"yoast_head":"<!-- This site is optimized with the Yoast SEO plugin v27.3 - https:\/\/yoast.com\/product\/yoast-seo-wordpress\/ -->\n<title>Implementarea de echipe autonome - IMO Romania<\/title>\n<meta name=\"robots\" content=\"index, follow, max-snippet:-1, max-image-preview:large, max-video-preview:-1\" \/>\n<link rel=\"canonical\" href=\"https:\/\/het-imo.net\/ro\/implementarea-de-echipe-autonome\/\" \/>\n<meta property=\"og:locale\" content=\"en_US\" \/>\n<meta property=\"og:type\" content=\"article\" \/>\n<meta property=\"og:title\" content=\"Implementarea de echipe autonome - IMO Romania\" \/>\n<meta property=\"og:description\" content=\"IMPLEMENTAREA DE ECHIPE AUTONOME&nbsp; PROVOCAREAMajoritatea clien\u021bilor no\u0219tri ne contacteaz\u0103 pentru c\u0103 \u00ee\u0219i doresc angaja\u021bi mai implica\u021bi, care \u00ee\u021bi asum\u0103 ini\u021biative de a rezolva problemele existente \u00een companie \u0219i colaboreaz\u0103 eficient [&hellip;]\" \/>\n<meta property=\"og:url\" content=\"https:\/\/het-imo.net\/ro\/implementarea-de-echipe-autonome\/\" \/>\n<meta property=\"og:site_name\" content=\"IMO Romania\" \/>\n<meta property=\"article:modified_time\" content=\"2025-12-05T11:39:14+00:00\" \/>\n<meta name=\"twitter:card\" content=\"summary_large_image\" \/>\n<meta name=\"twitter:label1\" content=\"Est. reading time\" \/>\n\t<meta name=\"twitter:data1\" content=\"5 minutes\" \/>\n<script type=\"application\/ld+json\" class=\"yoast-schema-graph\">{\"@context\":\"https:\\\/\\\/schema.org\",\"@graph\":[{\"@type\":\"WebPage\",\"@id\":\"https:\\\/\\\/het-imo.net\\\/ro\\\/implementarea-de-echipe-autonome\\\/\",\"url\":\"https:\\\/\\\/het-imo.net\\\/ro\\\/implementarea-de-echipe-autonome\\\/\",\"name\":\"Implementarea de echipe autonome - IMO Romania\",\"isPartOf\":{\"@id\":\"https:\\\/\\\/het-imo.net\\\/ro\\\/#website\"},\"datePublished\":\"2024-04-27T08:38:49+00:00\",\"dateModified\":\"2025-12-05T11:39:14+00:00\",\"breadcrumb\":{\"@id\":\"https:\\\/\\\/het-imo.net\\\/ro\\\/implementarea-de-echipe-autonome\\\/#breadcrumb\"},\"inLanguage\":\"en-US\",\"potentialAction\":[{\"@type\":\"ReadAction\",\"target\":[\"https:\\\/\\\/het-imo.net\\\/ro\\\/implementarea-de-echipe-autonome\\\/\"]}]},{\"@type\":\"BreadcrumbList\",\"@id\":\"https:\\\/\\\/het-imo.net\\\/ro\\\/implementarea-de-echipe-autonome\\\/#breadcrumb\",\"itemListElement\":[{\"@type\":\"ListItem\",\"position\":1,\"name\":\"Home\",\"item\":\"https:\\\/\\\/het-imo.net\\\/ro\\\/\"},{\"@type\":\"ListItem\",\"position\":2,\"name\":\"Implementarea de echipe autonome\"}]},{\"@type\":\"WebSite\",\"@id\":\"https:\\\/\\\/het-imo.net\\\/ro\\\/#website\",\"url\":\"https:\\\/\\\/het-imo.net\\\/ro\\\/\",\"name\":\"IMO Romania\",\"description\":\"IMO romania\",\"potentialAction\":[{\"@type\":\"SearchAction\",\"target\":{\"@type\":\"EntryPoint\",\"urlTemplate\":\"https:\\\/\\\/het-imo.net\\\/ro\\\/?s={search_term_string}\"},\"query-input\":{\"@type\":\"PropertyValueSpecification\",\"valueRequired\":true,\"valueName\":\"search_term_string\"}}],\"inLanguage\":\"en-US\"}]}<\/script>\n<!-- \/ Yoast SEO plugin. -->","yoast_head_json":{"title":"Implementarea de echipe autonome - IMO Romania","robots":{"index":"index","follow":"follow","max-snippet":"max-snippet:-1","max-image-preview":"max-image-preview:large","max-video-preview":"max-video-preview:-1"},"canonical":"https:\/\/het-imo.net\/ro\/implementarea-de-echipe-autonome\/","og_locale":"en_US","og_type":"article","og_title":"Implementarea de echipe autonome - IMO Romania","og_description":"IMPLEMENTAREA DE ECHIPE AUTONOME&nbsp; PROVOCAREAMajoritatea clien\u021bilor no\u0219tri ne contacteaz\u0103 pentru c\u0103 \u00ee\u0219i doresc angaja\u021bi mai implica\u021bi, care \u00ee\u021bi asum\u0103 ini\u021biative de a rezolva problemele existente \u00een companie \u0219i colaboreaz\u0103 eficient [&hellip;]","og_url":"https:\/\/het-imo.net\/ro\/implementarea-de-echipe-autonome\/","og_site_name":"IMO Romania","article_modified_time":"2025-12-05T11:39:14+00:00","twitter_card":"summary_large_image","twitter_misc":{"Est. reading time":"5 minutes"},"schema":{"@context":"https:\/\/schema.org","@graph":[{"@type":"WebPage","@id":"https:\/\/het-imo.net\/ro\/implementarea-de-echipe-autonome\/","url":"https:\/\/het-imo.net\/ro\/implementarea-de-echipe-autonome\/","name":"Implementarea de echipe autonome - IMO Romania","isPartOf":{"@id":"https:\/\/het-imo.net\/ro\/#website"},"datePublished":"2024-04-27T08:38:49+00:00","dateModified":"2025-12-05T11:39:14+00:00","breadcrumb":{"@id":"https:\/\/het-imo.net\/ro\/implementarea-de-echipe-autonome\/#breadcrumb"},"inLanguage":"en-US","potentialAction":[{"@type":"ReadAction","target":["https:\/\/het-imo.net\/ro\/implementarea-de-echipe-autonome\/"]}]},{"@type":"BreadcrumbList","@id":"https:\/\/het-imo.net\/ro\/implementarea-de-echipe-autonome\/#breadcrumb","itemListElement":[{"@type":"ListItem","position":1,"name":"Home","item":"https:\/\/het-imo.net\/ro\/"},{"@type":"ListItem","position":2,"name":"Implementarea de echipe autonome"}]},{"@type":"WebSite","@id":"https:\/\/het-imo.net\/ro\/#website","url":"https:\/\/het-imo.net\/ro\/","name":"IMO Romania","description":"IMO romania","potentialAction":[{"@type":"SearchAction","target":{"@type":"EntryPoint","urlTemplate":"https:\/\/het-imo.net\/ro\/?s={search_term_string}"},"query-input":{"@type":"PropertyValueSpecification","valueRequired":true,"valueName":"search_term_string"}}],"inLanguage":"en-US"}]}},"ticketed":false,"_links":{"self":[{"href":"https:\/\/het-imo.net\/ro\/wp-json\/wp\/v2\/pages\/455","targetHints":{"allow":["GET"]}}],"collection":[{"href":"https:\/\/het-imo.net\/ro\/wp-json\/wp\/v2\/pages"}],"about":[{"href":"https:\/\/het-imo.net\/ro\/wp-json\/wp\/v2\/types\/page"}],"author":[{"embeddable":true,"href":"https:\/\/het-imo.net\/ro\/wp-json\/wp\/v2\/users\/6"}],"replies":[{"embeddable":true,"href":"https:\/\/het-imo.net\/ro\/wp-json\/wp\/v2\/comments?post=455"}],"version-history":[{"count":11,"href":"https:\/\/het-imo.net\/ro\/wp-json\/wp\/v2\/pages\/455\/revisions"}],"predecessor-version":[{"id":1537,"href":"https:\/\/het-imo.net\/ro\/wp-json\/wp\/v2\/pages\/455\/revisions\/1537"}],"wp:attachment":[{"href":"https:\/\/het-imo.net\/ro\/wp-json\/wp\/v2\/media?parent=455"}],"wp:term":[{"taxonomy":"folder","embeddable":true,"href":"https:\/\/het-imo.net\/ro\/wp-json\/wp\/v2\/folder?post=455"}],"curies":[{"name":"wp","href":"https:\/\/api.w.org\/{rel}","templated":true}]}}