{"id":343,"date":"2024-01-03T13:55:06","date_gmt":"2024-01-03T11:55:06","guid":{"rendered":"https:\/\/het-imo.net\/ro\/?page_id=343"},"modified":"2024-02-28T17:27:57","modified_gmt":"2024-02-28T15:27:57","slug":"inspira-te","status":"publish","type":"page","link":"https:\/\/het-imo.net\/ro\/inspira-te\/","title":{"rendered":"Inspir\u0103-te"},"content":{"rendered":"<p>[et_pb_section fb_built=&#8221;1&#8243; _builder_version=&#8221;4.23.4&#8243; _module_preset=&#8221;default&#8221; min_height=&#8221;97px&#8221; custom_padding=&#8221;55px||0px|||&#8221; global_colors_info=&#8221;{}&#8221;][et_pb_row _builder_version=&#8221;4.23.4&#8243; _module_preset=&#8221;default&#8221; min_height=&#8221;47px&#8221; custom_padding=&#8221;0px||0px||false|false&#8221; hover_enabled=&#8221;0&#8243; global_colors_info=&#8221;{}&#8221; sticky_enabled=&#8221;0&#8243;][et_pb_column type=&#8221;4_4&#8243; _builder_version=&#8221;4.16&#8243; _module_preset=&#8221;default&#8221; global_colors_info=&#8221;{}&#8221;][et_pb_text _builder_version=&#8221;4.24.2&#8243; _module_preset=&#8221;default&#8221; text_font=&#8221;Source Sans Pro||||||||&#8221; min_height=&#8221;42.8px&#8221; custom_margin=&#8221;||0px||false|false&#8221; custom_padding=&#8221;0px||0px|0px|false|false&#8221; hover_enabled=&#8221;0&#8243; global_colors_info=&#8221;{}&#8221; sticky_enabled=&#8221;0&#8243;]<\/p>\n<p><span class=\"et-fb-column-divider et-fb-column-divider--hidden et-fb-column-divider--button et-fb-column-divider-index--1 et-fb-column-divider--first\" style=\"font-size: 16px; left: 0px;\"><\/span><\/p>\n<h1 class=\"entry-title\"><strong>Mic Ghid Pentru o Via\u021b\u0103 \u00cemplinit\u0103<\/strong><\/h1>\n<p>[\/et_pb_text][et_pb_text _builder_version=&#8221;4.24.2&#8243; _module_preset=&#8221;default&#8221; text_font=&#8221;Source Sans Pro||||||||&#8221; min_height=&#8221;42.8px&#8221; custom_margin=&#8221;||0px||false|false&#8221; custom_padding=&#8221;0px||0px|0px|false|false&#8221; link_option_url=&#8221;https:\/\/het-imo.net\/ro\/prefata\/&#8221; global_colors_info=&#8221;{}&#8221;]<\/p>\n<p><span style=\"font-size: 16px;\">Pe parcursul anului 2024, timp de 52 de s\u0103pt\u0103m\u00e2ni vom publica s\u0103pt\u0103m\u00e2nal pe re\u021belele de socializare, ca \u0219i \u201d<strong>Hran\u0103 pentru suflet<\/strong>\u201d, reflec\u021bii asupra experien\u021belor de via\u021ba care contribuie la o via\u021b\u0103 \u00eemplinit\u0103.<\/span><\/p>\n<div>Ce \u00eenseamn\u0103 o via\u021b\u0103 \u00eemplinit\u0103? \u00censeamn\u0103 \u00eemplinirea sufleteasc\u0103 adus\u0103 de modul \u00een care cultiv valori fundamental umane \u00een via\u021ba mea \u00een rela\u021bie cu lumea, cu ceilal\u021bi.<\/div>\n<div>Acest ghid pentru o via\u021b\u0103 \u00eemplinit\u0103 reprezint\u0103 o traducere a c\u0103r\u021bii &#8220;Small Guide to a Fulfilled Life&#8221; de Adriaan Bekman.<\/div>\n<div>Adriaan Bekman este p\u0103rintele fondator al IMO, cu o activitate de peste 40 de ani ca \u1e63i consultant de dezvoltare organiza\u021bional\u0103, profesor universitar, lector \u015fi autor a mai multor c\u0103r\u021bi care promoveaz\u0103 leadership-ul orizontal \u1e63i dezvoltarea organiza\u021bional\u0103 pe baza principiilor de action learning.<\/div>\n<div><a href=\"https:\/\/www.instagram.com\/imo_romania\/\">IMO Romania Instagram\u00a0<\/a><\/div>\n<div><a href=\"https:\/\/www.facebook.com\/profile.php?id=100064536590618\">IMO Romania Facebook\u00a0<\/a><\/div>\n<div><a href=\"https:\/\/www.linkedin.com\/company\/imo-romania\/\">IMO Romania Linkedin\u00a0<\/a><\/div>\n<div><\/div>\n<div><\/div>\n<div><\/div>\n<div><\/div>\n<div><\/div>\n<p>[\/et_pb_text][\/et_pb_column][\/et_pb_row][\/et_pb_section][et_pb_section fb_built=&#8221;1&#8243; _builder_version=&#8221;4.23.4&#8243; _module_preset=&#8221;default&#8221; custom_padding=&#8221;5px|||||&#8221; global_colors_info=&#8221;{}&#8221;][et_pb_row column_structure=&#8221;1_3,2_3&#8243; use_custom_gutter=&#8221;on&#8221; gutter_width=&#8221;2&#8243; _builder_version=&#8221;4.21.0&#8243; _module_preset=&#8221;default&#8221; custom_margin=&#8221;-11px|auto||auto||&#8221; global_colors_info=&#8221;{}&#8221;][et_pb_column type=&#8221;1_3&#8243; _builder_version=&#8221;4.16&#8243; _module_preset=&#8221;default&#8221; global_colors_info=&#8221;{}&#8221;][et_pb_team_member image_url=&#8221;https:\/\/het-imo.net\/ro\/wp-content\/uploads\/2024\/01\/Cover_small_guide-2.png&#8221; admin_label=&#8221;Klaas IJkema&#8221; _builder_version=&#8221;4.23.4&#8243; _module_preset=&#8221;default&#8221; link_option_url=&#8221;https:\/\/het-imo.net\/ro\/teodora-varvare-2\/&#8221; global_colors_info=&#8221;{}&#8221;][\/et_pb_team_member][\/et_pb_column][et_pb_column type=&#8221;2_3&#8243; _builder_version=&#8221;4.16&#8243; _module_preset=&#8221;default&#8221; global_colors_info=&#8221;{}&#8221;][et_pb_text _builder_version=&#8221;4.24.2&#8243; _module_preset=&#8221;default&#8221; global_colors_info=&#8221;{}&#8221;]<\/p>\n<h2>Prefa\u021b\u0103<\/h2>\n<p>\u00cen acest \u201cghid pentru o via\u021b\u0103 \u00eemplinit\u0103\u201d reflect\u0103m asupra unei serii de experien\u021be de via\u021b\u0103 pentru a explora \u00een\u021belepciunea vie\u021bii. F\u0103c\u00e2nd acest lucru, presupunem c\u0103 \u00een primul r\u00e2nd sufletul omului este cel care beneficiaz\u0103 de aceste experien\u021be \u0219i \u00een\u021belegeri pe care le-am procesat eu \u00eensumi.<\/p>\n<p>Sufletul omului se \u00eentinde \u00een polarit\u0103\u021bi: \u00eentre bine \u0219i r\u0103u, \u00eentre lumea interioar\u0103 \u0219i lumea exterioar\u0103, \u00eentre trecut \u0219i viitor. El se confrunt\u0103 cu realit\u0103\u021bi paradoxale. Oriunde apare lumina, \u00eentunericul este, de asemenea, prezent.<\/p>\n<p>\u00cen toate aceste reflec\u021bii de via\u021b\u0103 am folosit formularea \u2026 \u201cunul \u00eempotriva celuilalt\u201d\u2026 Asta sugereaz\u0103 c\u0103 sufletul are de ales, c\u0103 sufletul, \u00een principiu, poate lucra din libertate \u0219tiind de ce idee, de ce \u201clider\u201d vrea s\u0103 fie ghidat.<\/p>\n<p>\u201dEul\u201d nostru este cel care poate face fa\u021b\u0103 acestei alegeri. \u201cEul\u201d nostru este autonom \u0219i evident \u0219i poate ap\u0103rea \u00een sufletul nostru drept fiin\u021ba spiritual\u0103 unic\u0103 care suntem. Ne l\u0103s\u0103m sufletele s\u0103 fie ocupate de al\u021bii sau vrem noi \u00een\u0219ine s\u0103 domnim \u00een sufletul nostru ca \u0219i spirit-Eu care suntem, aceasta este \u00eentrebarea fundamental\u0103 pe care ne-o putem pune.<\/p>\n<p>Vrem s\u0103 descriem fiecare afirma\u021bie pe care o facem pe o singur\u0103 pagin\u0103. Textul ne arat\u0103 de unde vine afirma\u021bia pe care o facem, ce st\u0103 la baza ei. De asemenea, pute\u021bi vedea fiecare afirma\u021bie ca parte a unei ghid c\u0103tre o via\u021b\u0103 \u00eemplinit\u0103. Fiecare declara\u021bie este \u00eenso\u021bit\u0103 de o imagine. Imaginile simbolizeaz\u0103 faze \u0219i pa\u0219i \u00een dezvoltarea sufletului.<\/p>\n<p>\u00centregul text este pus \u00een formatul unui calendar s\u0103pt\u0103m\u00e2nal. Poate fi folosit ca moment s\u0103pt\u0103m\u00e2nal de reflec\u021bie.<\/p>\n<p>O via\u021b\u0103 \u00eemplinit\u0103 se refer\u0103 la ceea ce vrem s\u0103 fim, la ceea ce vrem s\u0103 \u00eensemn\u0103m pentru ceilal\u021bi. Acest lucru v\u0103 poate oferi o via\u021b\u0103 fericit\u0103, dar \u00eemplinirea nu merge \u00eentotdeauna \u00eempreun\u0103 cu fericirea.<\/p>\n<p>Cel mai bine este s\u0103 \u00eencerca\u021bi p\u0103r\u021bi ale acestui ghid aplicat la propria voastr\u0103 via\u021b\u0103, s\u0103 experimenta\u021bi voi \u00een\u0219iv\u0103 modul \u00een care acest lucru sus\u021bine dezvoltarea propriei voastre vie\u021bi \u0219i a propriului vostru suflet, s\u0103 reflecta\u021bi asupra acelei experien\u021be \u0219i, astfel, s\u0103 ob\u021bine\u021bi o \u00een\u021belegere mai profund\u0103 \u0219i \u00eemplinirea vie\u021bii.<\/p>\n<p>[\/et_pb_text][\/et_pb_column][\/et_pb_row][\/et_pb_section]<\/p>\n","protected":false},"excerpt":{"rendered":"<p>Mic Ghid Pentru o Via\u021b\u0103 \u00cemplinit\u0103Pe parcursul anului 2024, timp de 52 de s\u0103pt\u0103m\u00e2ni vom publica s\u0103pt\u0103m\u00e2nal pe re\u021belele de socializare, ca \u0219i \u201dHran\u0103 pentru suflet\u201d, reflec\u021bii asupra experien\u021belor de [&hellip;]<\/p>\n","protected":false},"author":6,"featured_media":385,"parent":0,"menu_order":0,"comment_status":"closed","ping_status":"closed","template":"","meta":{"_et_pb_use_builder":"on","_et_pb_old_content":"","_et_gb_content_width":"","_price":"","_stock":"","_tribe_ticket_header":"","_tribe_default_ticket_provider":"","_tribe_ticket_capacity":"0","_ticket_start_date":"","_ticket_end_date":"","_tribe_ticket_show_description":"","_tribe_ticket_show_not_going":false,"_tribe_ticket_use_global_stock":"","_tribe_ticket_global_stock_level":"","_global_stock_mode":"","_global_stock_cap":"","_tribe_rsvp_for_event":"","_tribe_ticket_going_count":"","_tribe_ticket_not_going_count":"","_tribe_tickets_list":"[]","_tribe_ticket_has_attendee_info_fields":false,"footnotes":"","_tec_slr_enabled":"","_tec_slr_layout":""},"folder":[],"class_list":["post-343","page","type-page","status-publish","has-post-thumbnail","hentry"],"yoast_head":"<!-- This site is optimized with the Yoast SEO plugin v27.4 - https:\/\/yoast.com\/product\/yoast-seo-wordpress\/ -->\n<title>Inspir\u0103-te - IMO Romania<\/title>\n<meta name=\"robots\" content=\"index, follow, max-snippet:-1, max-image-preview:large, max-video-preview:-1\" \/>\n<link rel=\"canonical\" href=\"https:\/\/het-imo.net\/ro\/inspira-te\/\" \/>\n<meta property=\"og:locale\" content=\"en_US\" \/>\n<meta property=\"og:type\" content=\"article\" \/>\n<meta property=\"og:title\" content=\"Inspir\u0103-te - IMO Romania\" \/>\n<meta property=\"og:description\" content=\"Mic Ghid Pentru o Via\u021b\u0103 \u00cemplinit\u0103Pe parcursul anului 2024, timp de 52 de s\u0103pt\u0103m\u00e2ni vom publica s\u0103pt\u0103m\u00e2nal pe re\u021belele de socializare, ca \u0219i \u201dHran\u0103 pentru suflet\u201d, reflec\u021bii asupra experien\u021belor de [&hellip;]\" \/>\n<meta property=\"og:url\" content=\"https:\/\/het-imo.net\/ro\/inspira-te\/\" \/>\n<meta property=\"og:site_name\" content=\"IMO Romania\" \/>\n<meta property=\"article:modified_time\" content=\"2024-02-28T15:27:57+00:00\" \/>\n<meta property=\"og:image\" content=\"https:\/\/het-imo.net\/ro\/wp-content\/uploads\/2024\/01\/Cover_small_guide-2.png\" \/>\n\t<meta property=\"og:image:width\" content=\"481\" \/>\n\t<meta property=\"og:image:height\" content=\"677\" \/>\n\t<meta property=\"og:image:type\" content=\"image\/png\" \/>\n<meta name=\"twitter:card\" content=\"summary_large_image\" \/>\n<meta name=\"twitter:label1\" content=\"Est. reading time\" \/>\n\t<meta name=\"twitter:data1\" content=\"4 minutes\" \/>\n<script type=\"application\/ld+json\" class=\"yoast-schema-graph\">{\"@context\":\"https:\\\/\\\/schema.org\",\"@graph\":[{\"@type\":\"WebPage\",\"@id\":\"https:\\\/\\\/het-imo.net\\\/ro\\\/inspira-te\\\/\",\"url\":\"https:\\\/\\\/het-imo.net\\\/ro\\\/inspira-te\\\/\",\"name\":\"Inspir\u0103-te - IMO Romania\",\"isPartOf\":{\"@id\":\"https:\\\/\\\/het-imo.net\\\/ro\\\/#website\"},\"primaryImageOfPage\":{\"@id\":\"https:\\\/\\\/het-imo.net\\\/ro\\\/inspira-te\\\/#primaryimage\"},\"image\":{\"@id\":\"https:\\\/\\\/het-imo.net\\\/ro\\\/inspira-te\\\/#primaryimage\"},\"thumbnailUrl\":\"https:\\\/\\\/het-imo.net\\\/ro\\\/wp-content\\\/uploads\\\/2024\\\/01\\\/Cover_small_guide-2.png\",\"datePublished\":\"2024-01-03T11:55:06+00:00\",\"dateModified\":\"2024-02-28T15:27:57+00:00\",\"breadcrumb\":{\"@id\":\"https:\\\/\\\/het-imo.net\\\/ro\\\/inspira-te\\\/#breadcrumb\"},\"inLanguage\":\"en-US\",\"potentialAction\":[{\"@type\":\"ReadAction\",\"target\":[\"https:\\\/\\\/het-imo.net\\\/ro\\\/inspira-te\\\/\"]}]},{\"@type\":\"ImageObject\",\"inLanguage\":\"en-US\",\"@id\":\"https:\\\/\\\/het-imo.net\\\/ro\\\/inspira-te\\\/#primaryimage\",\"url\":\"https:\\\/\\\/het-imo.net\\\/ro\\\/wp-content\\\/uploads\\\/2024\\\/01\\\/Cover_small_guide-2.png\",\"contentUrl\":\"https:\\\/\\\/het-imo.net\\\/ro\\\/wp-content\\\/uploads\\\/2024\\\/01\\\/Cover_small_guide-2.png\",\"width\":481,\"height\":677},{\"@type\":\"BreadcrumbList\",\"@id\":\"https:\\\/\\\/het-imo.net\\\/ro\\\/inspira-te\\\/#breadcrumb\",\"itemListElement\":[{\"@type\":\"ListItem\",\"position\":1,\"name\":\"Home\",\"item\":\"https:\\\/\\\/het-imo.net\\\/ro\\\/\"},{\"@type\":\"ListItem\",\"position\":2,\"name\":\"Inspir\u0103-te\"}]},{\"@type\":\"WebSite\",\"@id\":\"https:\\\/\\\/het-imo.net\\\/ro\\\/#website\",\"url\":\"https:\\\/\\\/het-imo.net\\\/ro\\\/\",\"name\":\"IMO Romania\",\"description\":\"IMO romania\",\"potentialAction\":[{\"@type\":\"SearchAction\",\"target\":{\"@type\":\"EntryPoint\",\"urlTemplate\":\"https:\\\/\\\/het-imo.net\\\/ro\\\/?s={search_term_string}\"},\"query-input\":{\"@type\":\"PropertyValueSpecification\",\"valueRequired\":true,\"valueName\":\"search_term_string\"}}],\"inLanguage\":\"en-US\"}]}<\/script>\n<!-- \/ Yoast SEO plugin. -->","yoast_head_json":{"title":"Inspir\u0103-te - IMO Romania","robots":{"index":"index","follow":"follow","max-snippet":"max-snippet:-1","max-image-preview":"max-image-preview:large","max-video-preview":"max-video-preview:-1"},"canonical":"https:\/\/het-imo.net\/ro\/inspira-te\/","og_locale":"en_US","og_type":"article","og_title":"Inspir\u0103-te - IMO Romania","og_description":"Mic Ghid Pentru o Via\u021b\u0103 \u00cemplinit\u0103Pe parcursul anului 2024, timp de 52 de s\u0103pt\u0103m\u00e2ni vom publica s\u0103pt\u0103m\u00e2nal pe re\u021belele de socializare, ca \u0219i \u201dHran\u0103 pentru suflet\u201d, reflec\u021bii asupra experien\u021belor de [&hellip;]","og_url":"https:\/\/het-imo.net\/ro\/inspira-te\/","og_site_name":"IMO Romania","article_modified_time":"2024-02-28T15:27:57+00:00","og_image":[{"width":481,"height":677,"url":"https:\/\/het-imo.net\/ro\/wp-content\/uploads\/2024\/01\/Cover_small_guide-2.png","type":"image\/png"}],"twitter_card":"summary_large_image","twitter_misc":{"Est. reading time":"4 minutes"},"schema":{"@context":"https:\/\/schema.org","@graph":[{"@type":"WebPage","@id":"https:\/\/het-imo.net\/ro\/inspira-te\/","url":"https:\/\/het-imo.net\/ro\/inspira-te\/","name":"Inspir\u0103-te - IMO Romania","isPartOf":{"@id":"https:\/\/het-imo.net\/ro\/#website"},"primaryImageOfPage":{"@id":"https:\/\/het-imo.net\/ro\/inspira-te\/#primaryimage"},"image":{"@id":"https:\/\/het-imo.net\/ro\/inspira-te\/#primaryimage"},"thumbnailUrl":"https:\/\/het-imo.net\/ro\/wp-content\/uploads\/2024\/01\/Cover_small_guide-2.png","datePublished":"2024-01-03T11:55:06+00:00","dateModified":"2024-02-28T15:27:57+00:00","breadcrumb":{"@id":"https:\/\/het-imo.net\/ro\/inspira-te\/#breadcrumb"},"inLanguage":"en-US","potentialAction":[{"@type":"ReadAction","target":["https:\/\/het-imo.net\/ro\/inspira-te\/"]}]},{"@type":"ImageObject","inLanguage":"en-US","@id":"https:\/\/het-imo.net\/ro\/inspira-te\/#primaryimage","url":"https:\/\/het-imo.net\/ro\/wp-content\/uploads\/2024\/01\/Cover_small_guide-2.png","contentUrl":"https:\/\/het-imo.net\/ro\/wp-content\/uploads\/2024\/01\/Cover_small_guide-2.png","width":481,"height":677},{"@type":"BreadcrumbList","@id":"https:\/\/het-imo.net\/ro\/inspira-te\/#breadcrumb","itemListElement":[{"@type":"ListItem","position":1,"name":"Home","item":"https:\/\/het-imo.net\/ro\/"},{"@type":"ListItem","position":2,"name":"Inspir\u0103-te"}]},{"@type":"WebSite","@id":"https:\/\/het-imo.net\/ro\/#website","url":"https:\/\/het-imo.net\/ro\/","name":"IMO Romania","description":"IMO romania","potentialAction":[{"@type":"SearchAction","target":{"@type":"EntryPoint","urlTemplate":"https:\/\/het-imo.net\/ro\/?s={search_term_string}"},"query-input":{"@type":"PropertyValueSpecification","valueRequired":true,"valueName":"search_term_string"}}],"inLanguage":"en-US"}]}},"ticketed":false,"_links":{"self":[{"href":"https:\/\/het-imo.net\/ro\/wp-json\/wp\/v2\/pages\/343","targetHints":{"allow":["GET"]}}],"collection":[{"href":"https:\/\/het-imo.net\/ro\/wp-json\/wp\/v2\/pages"}],"about":[{"href":"https:\/\/het-imo.net\/ro\/wp-json\/wp\/v2\/types\/page"}],"author":[{"embeddable":true,"href":"https:\/\/het-imo.net\/ro\/wp-json\/wp\/v2\/users\/6"}],"replies":[{"embeddable":true,"href":"https:\/\/het-imo.net\/ro\/wp-json\/wp\/v2\/comments?post=343"}],"version-history":[{"count":17,"href":"https:\/\/het-imo.net\/ro\/wp-json\/wp\/v2\/pages\/343\/revisions"}],"predecessor-version":[{"id":422,"href":"https:\/\/het-imo.net\/ro\/wp-json\/wp\/v2\/pages\/343\/revisions\/422"}],"wp:featuredmedia":[{"embeddable":true,"href":"https:\/\/het-imo.net\/ro\/wp-json\/wp\/v2\/media\/385"}],"wp:attachment":[{"href":"https:\/\/het-imo.net\/ro\/wp-json\/wp\/v2\/media?parent=343"}],"wp:term":[{"taxonomy":"folder","embeddable":true,"href":"https:\/\/het-imo.net\/ro\/wp-json\/wp\/v2\/folder?post=343"}],"curies":[{"name":"wp","href":"https:\/\/api.w.org\/{rel}","templated":true}]}}