{"id":4296,"date":"2025-10-23T11:21:54","date_gmt":"2025-10-23T09:21:54","guid":{"rendered":"https:\/\/het-imo.net\/it\/?page_id=4296"},"modified":"2025-11-19T09:47:24","modified_gmt":"2025-11-19T08:47:24","slug":"privacy-policy","status":"publish","type":"page","link":"https:\/\/het-imo.net\/it\/privacy-policy\/","title":{"rendered":"Privacy Policy"},"content":{"rendered":"<p><span style=\"color: #000000;\"><strong>PREMESSA<\/strong><\/span><\/p>\n<p><span style=\"color: #000000;\"><strong>IMO &#8211; Istituto Internazionale per lo Sviluppo Umano e Organizzativo S.R.L., con sede in via Conte Verde n. 50 \u2013 00185 Roma, P.Iva: 17754761009<\/strong>, in qualit\u00e0 di titolare del trattamento (in seguito, \u201cTitolare\u201d), la informa, ai sensi degli art. 13 e 14 Regolamento UE n. 2016\/679 (in seguito, \u201cGDPR\u201d) e nel rispetto del D. Lgs. n.196\/03 (in seguito, \u201cCodice Privacy\u201d come modificato dal D.Lgs 101\/18), che i suoi dati saranno trattati con le modalit\u00e0 e per le finalit\u00e0 seguenti:<\/span><\/p>\n<p>&nbsp;<\/p>\n<p><span style=\"color: #000000;\"><strong>1) Oggetto del trattamento<\/strong><\/span><\/p>\n<p><span style=\"color: #000000;\">Visti i servizi e prodotti proposti dalla nostra organizzazione, il Titolare tratta dati personali, identificativi e non particolari (ad esempio: nome, cognome, codice fiscale\/P.iva, email, numero telefonico (in seguito, \u201cdati anagrafici\u201d o anche \u201cdati\u201d) da lei comunicati in fase di richiesta di servizi\/prodotti alla nostra organizzazione e\/o all&#8217;atto della definizione di accordi contrattuali e\/o iniziative promozionali e per le finalit\u00e0 sotto riportate.<\/span><\/p>\n<p><span style=\"color: #000000;\">Il presente sito fa uso di log files,nei quali vengono conservate informazioni raccolte in maniera automatizzata durante le visite degli utenti.<\/span><\/p>\n<p><span style=\"color: #000000;\">Le informazioni raccolte potranno essere le seguenti:<\/span><\/p>\n<ul>\n<li><span style=\"color: #000000;\">Indirizzo Internet protocol (IP);<\/span><\/li>\n<li><span style=\"color: #000000;\">Tipo di browser e parametri del dispositivo usato per connettersi al sito;<\/span><\/li>\n<li><span style=\"color: #000000;\">Nome dell\u2019internet service provider (ISP);<\/span><\/li>\n<li><span style=\"color: #000000;\">Data e orario di visita;<\/span><\/li>\n<li><span style=\"color: #000000;\">Pagina web di provenienza del visitatore (referral) e di uscita;<\/span><\/li>\n<li><span style=\"color: #000000;\">Eventualmente il numero di click.<\/span><\/li>\n<\/ul>\n<p>&nbsp;<\/p>\n<p><span style=\"color: #000000;\">Le suddette informazioni sono trattate in forma automatizzata e raccolte in forma esclusivamente aggregata, al fine di verificare il corretto funzionamento del sito e per motivi di sicurezza. Tali dati non sono mai utilizzati per l\u2019identificazione o la profilazione dell\u2019utente, ma solo a fini di tutela del sito e dei suoi utenti; la base giuridica del relativo trattamento \u00e8 costituita dal legittimo interesse del titolare del trattamento.<\/span><\/p>\n<p>&nbsp;<\/p>\n<p><span style=\"color: #000000;\"><strong>2) Finalit\u00e0 del trattamento e base giuridica del trattamento<\/strong><\/span><\/p>\n<p><span style=\"color: #000000;\">I suoi dati personali sono trattati:<\/span><\/p>\n<p><span style=\"color: #000000;\"><strong>A &#8211;<\/strong> Senza il suo consenso espresso, perch\u00e9 derivanti da obblighi di legge e\/o contrattuali o riferiti ad interessi legittimi (Codice Privacy e art. 6 &#8211; GDPR), per le seguenti finalit\u00e0:<\/span><\/p>\n<ul>\n<li><span style=\"color: #000000;\">Gestire e mantenere i servizi\/prodotti richiesti dall\u2019interessato e per reperire l\u2019interessato per l\u2019organizzazione dei servizi\/prodotti richiesti;<\/span><\/li>\n<li><span style=\"color: #000000;\">Adempiere agli obblighi precontrattuali, contrattuali e fiscali derivanti da rapporti con lei, in essere;<\/span><\/li>\n<li><span style=\"color: #000000;\">Adempiere agli obblighi previsti dalla legge, da un regolamento, dalla normativa comunitaria o da un ordine dell\u2019Autorit\u00e0, tra cui per aspetti Contabili, Fiscali;<\/span><\/li>\n<li><span style=\"color: #000000;\">Prevenire o scoprire attivit\u00e0 fraudolente o abusi dannosi e\/o per le finalit\u00e0 previste dalla vigente normativa in materia di antiriciclaggio.<\/span><\/li>\n<li><span style=\"color: #000000;\">Adempimenti obbligatori derivanti da requisiti dei modelli organizzativi e di gestione basati su specifici standard riconosciuti (ad esempio standard ISO, UNI, etc.) richiesti dalla legge e\/o da specifici requisiti contrattuali richiesti dall\u2019interessato e\/o esplicitati come requisito dei servizi.<\/span><\/li>\n<li><span style=\"color: #000000;\">Esercitare i diritti del Titolare, ad esempio il diritto di difesa in giudizio.<\/span><\/li>\n<li><span style=\"color: #000000;\">Reperibilit\u00e0 dell\u2019interessato per informazioni attinenti ai servizi richiesti e alla loro gestione;<\/span><\/li>\n<li><span style=\"color: #000000;\">Permettere di registrarsi ai servizi e permettere l\u2019invio di informazioni utili all\u2019interessato in funzione dei servizi richiesti;<\/span><\/li>\n<li><span style=\"color: #000000;\">Trattamenti di dati particolari per i servizi richiesti e rientranti nelle casistiche riportate all\u2019art.9 comma 2 dalla lettera \u201cb\u201d fino alla \u201cj\u201d.<\/span><\/li>\n<li><span style=\"color: #000000;\">Per interesse legittimo riferito alle comunicazioni commerciali di aggiornamento sulle iniziative della nostra organizzazione.<\/span><\/li>\n<\/ul>\n<p><span style=\"color: #000000;\"><strong>\u00a0<\/strong><\/span><\/p>\n<p><span style=\"color: #000000;\"><strong>Per quanto riguarda i dati raccolti dal sito WEB<\/strong><\/span><\/p>\n<ul>\n<li><span style=\"color: #000000;\">Permettere la registrazione al sito web (solo quando presente)<\/span><\/li>\n<li><span style=\"color: #000000;\">Permettere di rispondere ai suoi quesiti posti nella \u201cform\u201d dei contatti;<\/span><\/li>\n<li><span style=\"color: #000000;\">Gestire e mantenere il sito web;<\/span><\/li>\n<li><span style=\"color: #000000;\">Prevenire o scoprire attivit\u00e0 fraudolente o abusi dannosi per il sito web;<\/span><\/li>\n<li><span style=\"color: #000000;\">Per interesse legittimo riferito alle comunicazioni (anche commerciali) di aggiornamento sulle iniziative della nostra organizzazione e\/o derivanti da requisiti normativi \/ legislativi applicabili<\/span><\/li>\n<\/ul>\n<p>&nbsp;<\/p>\n<p>&nbsp;<\/p>\n<p><span style=\"color: #000000;\"><strong>B &#8211;<\/strong>\u00a0Solo previo suo specifico e distinto consenso effettuato tramite accettazione dell\u2019invio della newsletter tramite l\u2019interfaccia del nostro sito (art. 7 GDPR e come da D.Lgs196\/03), per le seguenti Finalit\u00e0<\/span><\/p>\n<p><span style=\"color: #000000;\"><strong>B.1 <\/strong><strong>di Marketing e\/o commerciali<\/strong>: Comunicazioni commerciali e\/o materiale pubblicitario su prodotti o servizi che rientrano nel legittimo interesse. Le segnaliamo che se \u00e8 gi\u00e0 nostro cliente, potremo inviarle comunicazioni commerciali relative a servizi e prodotti analoghi a quelli di cui hai gi\u00e0 usufruito, salvo suo dissenso (Codice Privacy).<\/span><\/p>\n<p>&nbsp;<\/p>\n<p><span style=\"color: #000000;\"><strong>Per altre finalit\u00e0 sar\u00e0 cura del titolare definire specifiche informative e relative necessit\u00e0 di consenso e\/o integrazioni per il trattamento.<\/strong><\/span><\/p>\n<p><span style=\"color: #000000;\"><strong>\u00a0<\/strong><\/span><\/p>\n<p><span style=\"color: #000000;\"><strong>La presente informativa non comprende eventuali trattamenti da parte di altri soggetti che sono raggiungibili attraverso eventuali link presenti sul sito e per i quali si deve far riferimento alla specifica informativa. <\/strong><\/span><\/p>\n<p>&nbsp;<\/p>\n<p><span style=\"color: #000000;\"><strong>3) Modalit\u00e0 e durata del trattamento<\/strong><\/span><\/p>\n<p><span style=\"color: #000000;\">Il trattamento dei suoi dati personali \u00e8 realizzato per mezzo delle operazioni indicate dal D.Lgs196\/03 e all\u2019art. 4 n. 2) GDPR e precisamente: raccolta, registrazione, organizzazione, conservazione, consultazione, elaborazione, modificazione, selezione, estrazione, raffronto, utilizzo, interconnessione, blocco, comunicazione, cancellazione e distruzione dei dati. I suoi dati personali sono sottoposti a trattamento sia cartaceo sia elettronico che automatizzato.<\/span><\/p>\n<p><span style=\"color: #000000;\">Il Titolare tratter\u00e0 i dati personali per il tempo necessario per adempiere alle finalit\u00e0 di cui sopra e comunque per non oltre 10 anni dalla cessazione del rapporto per le Finalit\u00e0 di cui al punto 2.A (salvo altri requisiti legislativi). Per le finalit\u00e0 di cui al punto 2B, invece, tratter\u00e0 i dati fino a revoca del consenso o dopo 5 anni dalla interruzione dei rapporti\/comunicazioni con l\u2019interessato dalla prima raccolta.<\/span><\/p>\n<p>&nbsp;<\/p>\n<p><span style=\"color: #000000;\"><strong>Profilazioni:<\/strong> non si effettuano profilazioni di dati<\/span><\/p>\n<p>&nbsp;<\/p>\n<p><span style=\"color: #000000;\"><strong>4) Accesso ai dati<\/strong><\/span><\/p>\n<p><span style=\"color: #000000;\">Lei potr\u00e0 avere accesso ai suoi dati in ogni momento effettuando una semplice richiesta agli indirizzi indicati nella presente informativa.<\/span><\/p>\n<p>&nbsp;<\/p>\n<p><span style=\"color: #000000;\"><strong>5) Comunicazione dei dati<\/strong><\/span><\/p>\n<p><span style=\"color: #000000;\">I suoi dati potranno essere resi accessibili e\/o comunicati per le finalit\u00e0 di cui all\u2019art. 2.A) e 2.B):<\/span><\/p>\n<p><span style=\"color: #000000;\">Ferme restando le comunicazioni e diffusioni effettuate in esecuzione di obblighi di legge, il Titolare potr\u00e0 comunicare i suoi dati, in Italia e\/o all\u2019estero (come indicato nei punti successivi) a:<\/span><\/p>\n<ul>\n<li><span style=\"color: #000000;\">A dipendenti e collaboratori del Titolare, nella loro qualit\u00e0 di incaricati e\/o responsabili del trattamento e\/o amministratori di sistema;<\/span><\/li>\n<li><span style=\"color: #000000;\">Ai tecnici e\/o collaboratori per la gestione amministrativa, fiscale e contabile e\/o per assolvere a specifici obblighi di legge o per i quali si sono identificati dei fornitori esterni.<\/span><\/li>\n<li><span style=\"color: #000000;\">Alla nostra rete di agenti; societ\u00e0 di factoring; istituti di credito; societ\u00e0 di recupero crediti; societ\u00e0 di assicurazione del credito; societ\u00e0 di informazioni commerciali per i servizi richiesti; professionisti e consulenti; aziende operanti nel settore del trasporto; tecnici e collaboratori incaricati per erogare i servizi\/prodotti richiesti, ad Organismi di vigilanza, autorit\u00e0 giudiziarie nonch\u00e9 a tutti gli altri soggetti ai quali la comunicazione sia obbligatoria per legge per l\u2019espletamento delle finalit\u00e0 dette. A soggetti giuridici a cui sono affidati servizi di cui alla presente informativa.<\/span><\/li>\n<li><span style=\"color: #000000;\">A societ\u00e0 o altri soggetti giuridici, qualificati ed incaricati ai sensi dell\u2019art. 28 del Regolamento 679\/16, per attivit\u00e0 di supporto tra cui: gestione e sviluppo della comunicazione, gestione e sviluppo dei processi e dei progetti aziendali, dei sistemi di comunicazione e promozione, per lo storage dei dati personali. L\u2019accesso potr\u00e0 essere consentito a terzi soggetti e a societ\u00e0 collegate, che erogano servizi ritenuti necessari e\/o utili dal titolare per la gestione delle attivit\u00e0 dell\u2019impresa e dei processi di supporto connessi o da lei richiesti. Tra i fornitori si riportano le societ\u00e0 di manutenzione dei sistemi informatici; gli istituti di credito, studi professionali, societ\u00e0 che erogano servizi su sistemi informatici\/piattaforme di cui il Titolare ritiene utile l\u2019utilizzo, a societ\u00e0 che svolgono attivit\u00e0 in outsourcing per conto del Titolare, nella loro qualit\u00e0 di responsabili esterni del trattamento.<\/span><\/li>\n<li><span style=\"color: #000000;\">Potrebbe rendersi necessario comunicare dati a soggetti destinatari per obblighi legislativi e\/o derivanti dagli assetti organizzativi del titolare che comportano la presenza di soggetti indipendenti con possibilit\u00e0 di essere destinatari di dati per adempiere agli obblighi legislativi derivanti dal ruolo ricoperto. Tra questi destinatari potremmo identificare organismi di vigilanza, ispettori di enti terzi, persone che effettuano AUDIT alla nostra organizzazione, soggetti e\/o enti che effettuano controlli presso la nostra organizzazione.<\/span><\/li>\n<\/ul>\n<p>&nbsp;<\/p>\n<p><span style=\"color: #000000;\"><strong>I Partner del Titolare non sono autorizzati a trattare i dati per finalit\u00e0 diverse da quanto indicato nella presente informativa. Se ci\u00f2 si render\u00e0 necessario, il trattamento dei dati personali dell&#8217;interessato dovr\u00e0 far riferimento ad altra specifica informativa e a specifici consensi che esplicitino il diverso titolare e le finalit\u00e0 del caso.<\/strong><\/span><\/p>\n<p><span style=\"color: #000000;\"><strong>\u00a0<\/strong><\/span><\/p>\n<p><span style=\"color: #000000;\"><strong>6) Trasferimento dati<\/strong><\/span><\/p>\n<p><span style=\"color: #000000;\">La gestione e la conservazione dei dati personali avverranno su server ubicati all\u2019interno dell\u2019Unione Europea del Titolare e\/o di societ\u00e0 terze incaricate e debitamente nominate quali Responsabili del trattamento. Attualmente i nostri server interni sono situati in Europa. I dati non saranno oggetto di trasferimento al di fuori dell\u2019Unione Europea. Resta in ogni caso inteso che il Titolare, ove si rendesse necessario, avr\u00e0 facolt\u00e0 di spostare l\u2019ubicazione dei server in Paesi extra-UE. In tal caso, il Titolare assicura sin d\u2019ora che il trasferimento dei dati extra-UE avverr\u00e0 in conformit\u00e0 alle disposizioni di legge applicabili stipulando, se necessario, accordi che garantiscano un livello di protezione adeguato e\/o adottando le clausole contrattuali standard previste dalla Commissione Europea. Per alcuni servizi di mailing o di \u201cstorage\u201d ci si appoggia a piattaforme in \u201ccloud\u201d, che possono avere server in paesi Extra-UE, ma i dati sono depositati solo temporaneamente per il servizio richiesto.<\/span><\/p>\n<p>&nbsp;<\/p>\n<p><span style=\"color: #000000;\"><strong>7) Natura obbligatoria o facoltativa del conferimento dei dati e conseguenze del rifiuto di rispondere<\/strong><\/span><\/p>\n<p><span style=\"color: #000000;\">Il conferimento dei dati per le finalit\u00e0 di cui all\u2019art. 2.A) \u00e8 obbligatorio. In loro assenza, non potremmo garantirle i servizi di cui al punto 2.A). Il conferimento dei dati per le finalit\u00e0 di cui al punto 2.B) \u00e8 invece facoltativo.<\/span><\/p>\n<p><span style=\"color: #000000;\">Pu\u00f2 quindi decidere di non conferire alcun dato o di negare successivamente la possibilit\u00e0 di trattare dati gi\u00e0 forniti: in tal caso, non potr\u00e0 ricevere comunicazioni commerciali e materiale pubblicitario inerenti ai Servizi offerti dal Titolare. In ogni caso continuer\u00e0 ad avere diritto ai Servizi di cui all\u2019art. 2.A).<\/span><\/p>\n<p>&nbsp;<\/p>\n<p><span style=\"color: #000000;\"><strong>8) Diritti dell\u2019interessato\u00a0<\/strong><\/span><\/p>\n<p><span style=\"color: #000000;\">Nella sua qualit\u00e0 di interessato, ha i diritti di cui al D.Lgs196\/03 e art. 15-22 GDPR e precisamente i diritti di:<\/span><\/p>\n<p>&nbsp;<\/p>\n<ul>\n<li><span style=\"color: #000000;\">Ottenere la conferma dell&#8217;esistenza o meno di dati personali che la riguardano, anche se non ancora registrati, e la loro comunicazione in forma intelligibile<\/span><\/li>\n<li><span style=\"color: #000000;\">Ottenere l&#8217;indicazione: dell\u2019origine dei dati personali; delle finalit\u00e0 e modalit\u00e0 del trattamento; della logica applicata in caso di trattamento effettuato con l&#8217;ausilio di strumenti elettronici; degli estremi identificativi del titolare, dei responsabili e del rappresentante designato ai sensi del Codice Privacy e art. 3, comma 1, GDPR; e dei soggetti o delle categorie di soggetti ai quali i dati personali possono essere comunicati o che possono venirne a conoscenza in qualit\u00e0 di rappresentante designato nel territorio dello Stato, di responsabili o incaricati<\/span><\/li>\n<li><span style=\"color: #000000;\">Ottenere: l\u2019aggiornamento, la rettificazione ovvero, quando vi ha interesse, l&#8217;integrazione dei dati; la cancellazione, la trasformazione in forma anonima o il blocco dei dati trattati in violazione di legge, compresi quelli di cui non \u00e8 necessaria la conservazione in relazione agli scopi per i quali i dati sono stati raccolti o successivamente trattati; l\u2019attestazione che le operazioni di cui agli art. 8.A) e B) sono state portate a conoscenza, anche per quanto riguarda il loro contenuto, di coloro ai quali i dati sono stati comunicati o diffusi, eccettuato il caso in cui tale adempimento si rivela impossibile o comporta un impiego di mezzi manifestamente sproporzionato rispetto al diritto tutelato<\/span><\/li>\n<li><span style=\"color: #000000;\">Opporsi, in tutto o in parte: per motivi legittimi al trattamento dei dati personali che la riguardano, ancorch\u00e9 pertinenti allo scopo della raccolta; al trattamento di) dati personali che la riguardano a fini di invio di materiale pubblicitario o di vendita diretta o per il compimento di ricerche di mercato o di comunicazione commerciale, mediante l\u2019uso di sistemi automatizzati di chiamata senza l\u2019intervento di un operatore mediante email e\/o mediante modalit\u00e0 di marketing tradizionali mediante telefono e\/o posta cartacea. Si fa presente che il diritto di opposizione dell\u2019interessato, esposto al precedente punto B), per finalit\u00e0 di marketing diretto mediante modalit\u00e0 automatizzate si estende a quelle tradizionali e che comunque resta salva la possibilit\u00e0 per l\u2019interessato di esercitare il diritto di opposizione anche solo in parte. Pertanto, l\u2019interessato pu\u00f2 decidere di ricevere solo comunicazioni mediante modalit\u00e0 tradizionali ovvero solo comunicazioni automatizzate oppure nessuna delle due tipologie di comunicazione. Ove applicabili, ha altres\u00ec i diritti di cui agli artt. 16-21 GDPR (Diritto di rettifica, diritto all\u2019oblio, diritto di limitazione di trattamento, diritto alla portabilit\u00e0 dei dati, diritto di opposizione), nonch\u00e9 il diritto di reclamo all\u2019Autorit\u00e0 Garante.<\/span><\/li>\n<\/ul>\n<p>&nbsp;<\/p>\n<p>&nbsp;<\/p>\n<p><span style=\"color: #000000;\"><strong>9) Modalit\u00e0 di esercizio dei diritti<\/strong><\/span><\/p>\n<p><span style=\"color: #000000;\">Potr\u00e0 in qualsiasi momento esercitare i suoi diritti inviando:<\/span><\/p>\n<ul>\n<li><span style=\"color: #000000;\">Una raccomandata a.r. indirizzata a: <strong>IMO &#8211; Istituto Internazionale per lo Sviluppo Umano e Organizzativo S.R.L., con sede in via Conte Verde n. 50 \u2013 00185 Roma<\/strong><\/span><\/li>\n<li><span style=\"color: #000000;\">Una e-mail all\u2019indirizzo<strong> info@imoitaly.com<\/strong><\/span><\/li>\n<li><span style=\"color: #000000;\">Per esercitare i propri diritti, l\u2019Interessato pu\u00f2 utilizzare il modulo disponibile al link <a style=\"color: #000000;\" href=\"https:\/\/www.garanteprivacy.it\/web\/guest\/home\/docweb\/-\/docweb-display\/docweb\/1089924\" target=\"_blank\" rel=\"noopener\"><u>https:\/\/www.garanteprivacy.it\/web\/guest\/home\/docweb\/-\/docweb-display\/docweb\/1089924<\/u><\/a> e inoltrarlo ai recapiti specificati sopra.<\/span><\/li>\n<\/ul>\n<p>&nbsp;<\/p>\n<p><span style=\"color: #000000;\"><strong>\u00a0<\/strong><\/span><\/p>\n<p><span style=\"color: #000000;\"><strong>10) Minori<\/strong><\/span><\/p>\n<p><span style=\"color: #000000;\">I servizi del Titolare non sono destinati a minori di 14 anni e il Titolare non raccoglie intenzionalmente informazioni personali riferite ai minori. Nel caso in cui informazioni su minori fossero involontariamente registrate, il Titolare le canceller\u00e0 in modo tempestivo, su richiesta degli utenti.<\/span><\/p>\n<p>&nbsp;<\/p>\n<p><span style=\"color: #000000;\"><strong>11) Titolare, responsabile e incaricati<\/strong><\/span><\/p>\n<p><span style=\"color: #000000;\">Il Titolare del trattamento \u00e8 <strong>IMO &#8211; Istituto Internazionale per lo Sviluppo Umano e Organizzativo S.R.L. <\/strong>rappresentato da Erica Rizziato (legale rappresentante pro-tempore). Il titolare \u00e8 reperibile agli indirizzi sopra riportati. L\u2019elenco aggiornato dei responsabili e degli incaricati al trattamento \u00e8 custodito presso la sede del Titolare del trattamento.<\/span><\/p>\n<p>&nbsp;<\/p>\n<p><span style=\"color: #000000;\"><strong>12) Responsabile della Protezione dei dati<\/strong><\/span><\/p>\n<p><span style=\"color: #000000;\">Il Responsabile della protezione dei dati (R.P.D.) o Data Protection Officer (D.P.O.) non \u00e8 applicabile alla nostra organizzazione.<\/span><\/p>\n<p>&nbsp;<\/p>\n<p><span style=\"color: #000000;\"><strong>13) Modifiche alla presente Informativa\u00a0<\/strong><\/span><\/p>\n<p><span style=\"color: #000000;\">La presente Informativa pu\u00f2 subire variazioni. Si consiglia, quindi, di controllare regolarmente questa Informativa e di riferirsi alla versione pi\u00f9 aggiornata.<\/span><\/p>\n<p>&nbsp;<\/p>\n<p>&nbsp;<\/p>\n","protected":false},"excerpt":{"rendered":"<p>PREMESSA IMO &#8211; Istituto Internazionale per lo Sviluppo Umano e Organizzativo S.R.L., con sede in via Conte Verde n. 50 \u2013 00185 Roma, P.Iva: 17754761009, in qualit\u00e0 di titolare del trattamento (in seguito, \u201cTitolare\u201d), la informa, ai sensi degli art. 13 e 14 Regolamento UE n. 2016\/679 (in seguito, \u201cGDPR\u201d) e nel rispetto del D. [&hellip;]<\/p>\n","protected":false},"author":1,"featured_media":0,"parent":0,"menu_order":0,"comment_status":"closed","ping_status":"closed","template":"","meta":{"footnotes":""},"hf_cat_page":[],"class_list":["post-4296","page","type-page","status-publish","hentry"],"_links":{"self":[{"href":"https:\/\/het-imo.net\/it\/wp-json\/wp\/v2\/pages\/4296","targetHints":{"allow":["GET"]}}],"collection":[{"href":"https:\/\/het-imo.net\/it\/wp-json\/wp\/v2\/pages"}],"about":[{"href":"https:\/\/het-imo.net\/it\/wp-json\/wp\/v2\/types\/page"}],"author":[{"embeddable":true,"href":"https:\/\/het-imo.net\/it\/wp-json\/wp\/v2\/users\/1"}],"replies":[{"embeddable":true,"href":"https:\/\/het-imo.net\/it\/wp-json\/wp\/v2\/comments?post=4296"}],"version-history":[{"count":4,"href":"https:\/\/het-imo.net\/it\/wp-json\/wp\/v2\/pages\/4296\/revisions"}],"predecessor-version":[{"id":4441,"href":"https:\/\/het-imo.net\/it\/wp-json\/wp\/v2\/pages\/4296\/revisions\/4441"}],"wp:attachment":[{"href":"https:\/\/het-imo.net\/it\/wp-json\/wp\/v2\/media?parent=4296"}],"wp:term":[{"taxonomy":"hf_cat_page","embeddable":true,"href":"https:\/\/het-imo.net\/it\/wp-json\/wp\/v2\/hf_cat_page?post=4296"}],"curies":[{"name":"wp","href":"https:\/\/api.w.org\/{rel}","templated":true}]}}