{"id":4011,"date":"2025-10-08T08:42:49","date_gmt":"2025-10-08T06:42:49","guid":{"rendered":"https:\/\/het-imo.net\/it\/?page_id=4011"},"modified":"2025-10-08T08:58:26","modified_gmt":"2025-10-08T06:58:26","slug":"salute-sicurezza-intelligenti","status":"publish","type":"page","link":"https:\/\/het-imo.net\/it\/salute-sicurezza-intelligenti\/","title":{"rendered":"Salute &#038; Sicurezza in prospettiva sistemico-evolutiva"},"content":{"rendered":"\t\t<div data-elementor-type=\"wp-page\" data-elementor-id=\"4011\" class=\"elementor elementor-4011\" data-elementor-post-type=\"page\">\n\t\t\t\t<div class=\"elementor-element elementor-element-de93507 e-flex e-con-boxed e-con e-parent\" data-id=\"de93507\" data-element_type=\"container\" data-e-type=\"container\">\n\t\t\t\t\t<div class=\"e-con-inner\">\n\t\t\t\t<div class=\"elementor-element elementor-element-e27370b elementor-widget elementor-widget-heading\" data-id=\"e27370b\" data-element_type=\"widget\" data-e-type=\"widget\" data-widget_type=\"heading.default\">\n\t\t\t\t<div class=\"elementor-widget-container\">\n\t\t\t\t\t<h1 class=\"elementor-heading-title elementor-size-default\">Salute &amp; Sicurezza in prospettiva sistemico-evolutiva\n<\/h1>\t\t\t\t<\/div>\n\t\t\t\t<\/div>\n\t\t\t\t<div class=\"elementor-element elementor-element-bb0cb90 elementor-widget elementor-widget-text-editor\" data-id=\"bb0cb90\" data-element_type=\"widget\" data-e-type=\"widget\" data-widget_type=\"text-editor.default\">\n\t\t\t\t<div class=\"elementor-widget-container\">\n\t\t\t\t\t\t\t\t\tSi rivolge ad aziende piccole o grandi, organizzazioni pubbliche e private\n\t\t\t\t\t\t\t\t<\/div>\n\t\t\t\t<\/div>\n\t\t\t\t\t<\/div>\n\t\t\t\t<\/div>\n\t\t<div class=\"elementor-element elementor-element-081c9cf pad-l e-flex e-con-boxed e-con e-parent\" data-id=\"081c9cf\" data-element_type=\"container\" data-e-type=\"container\">\n\t\t\t\t\t<div class=\"e-con-inner\">\n\t\t<div class=\"elementor-element elementor-element-8460748 e-con-full e-flex e-con e-child\" data-id=\"8460748\" data-element_type=\"container\" data-e-type=\"container\">\n\t\t\t\t<div class=\"elementor-element elementor-element-bb43206 elementor-widget elementor-widget-heading\" data-id=\"bb43206\" data-element_type=\"widget\" data-e-type=\"widget\" data-widget_type=\"heading.default\">\n\t\t\t\t<div class=\"elementor-widget-container\">\n\t\t\t\t\t<h4 class=\"elementor-heading-title elementor-size-default\">La sfida\n<\/h4>\t\t\t\t<\/div>\n\t\t\t\t<\/div>\n\t\t\t\t<div class=\"elementor-element elementor-element-4be300e elementor-widget-divider--view-line elementor-widget elementor-widget-divider\" data-id=\"4be300e\" data-element_type=\"widget\" data-e-type=\"widget\" data-widget_type=\"divider.default\">\n\t\t\t\t<div class=\"elementor-widget-container\">\n\t\t\t\t\t\t\t<div class=\"elementor-divider\">\n\t\t\t<span class=\"elementor-divider-separator\">\n\t\t\t\t\t\t<\/span>\n\t\t<\/div>\n\t\t\t\t\t\t<\/div>\n\t\t\t\t<\/div>\n\t\t\t\t<div class=\"elementor-element elementor-element-e0c20c2 elementor-widget elementor-widget-text-editor\" data-id=\"e0c20c2\" data-element_type=\"widget\" data-e-type=\"widget\" data-widget_type=\"text-editor.default\">\n\t\t\t\t<div class=\"elementor-widget-container\">\n\t\t\t\t\t\t\t\t\t<p>La salute e sicurezza sui luoghi di lavoro \u00e8 un obbligo di legge inderogabile e viene spesso affrontata con un approccio procedurale e tecnico che mostra delle criticit\u00e0 nella trasformazione dei comportamenti lavorativi e nella capacit\u00e0 di diagnosi e prevenzione. I processi di salute e sicurezza possono essere efficaci solo se costruiti con percorsi partecipati e dinamici. Le criticit\u00e0 che molte aziende e lavoratori vivono possono essere affrontate solo con approcci che:<\/p><ul><li>creino connessioni produttive tra le figure chiave della salute e sicurezza aziendale;<\/li><li>stimolino lo sviluppo di nuove e diverse competenze di lettura, diagnosi e intervento preventivo e correttivo;<\/li><li>supportino la modifica dei comportamenti lavorativi;<\/li><li>consentano di cogliere l\u2019impatto dei processi di salute e sicurezza sull\u2019intero sistema organizzativo aziendale in un\u2019ottica di sviluppo.<\/li><\/ul>\t\t\t\t\t\t\t\t<\/div>\n\t\t\t\t<\/div>\n\t\t\t\t<\/div>\n\t\t<div class=\"elementor-element elementor-element-48369fc e-con-full e-flex e-con e-child\" data-id=\"48369fc\" data-element_type=\"container\" data-e-type=\"container\">\n\t\t\t\t<div class=\"elementor-element elementor-element-6270259 elementor-widget elementor-widget-heading\" data-id=\"6270259\" data-element_type=\"widget\" data-e-type=\"widget\" data-widget_type=\"heading.default\">\n\t\t\t\t<div class=\"elementor-widget-container\">\n\t\t\t\t\t<h4 class=\"elementor-heading-title elementor-size-default\">La proposta IMO\n<\/h4>\t\t\t\t<\/div>\n\t\t\t\t<\/div>\n\t\t\t\t<div class=\"elementor-element elementor-element-84e3d55 elementor-widget-divider--view-line elementor-widget elementor-widget-divider\" data-id=\"84e3d55\" data-element_type=\"widget\" data-e-type=\"widget\" data-widget_type=\"divider.default\">\n\t\t\t\t<div class=\"elementor-widget-container\">\n\t\t\t\t\t\t\t<div class=\"elementor-divider\">\n\t\t\t<span class=\"elementor-divider-separator\">\n\t\t\t\t\t\t<\/span>\n\t\t<\/div>\n\t\t\t\t\t\t<\/div>\n\t\t\t\t<\/div>\n\t\t\t\t<div class=\"elementor-element elementor-element-634d490 elementor-widget elementor-widget-text-editor\" data-id=\"634d490\" data-element_type=\"widget\" data-e-type=\"widget\" data-widget_type=\"text-editor.default\">\n\t\t\t\t<div class=\"elementor-widget-container\">\n\t\t\t\t\t\t\t\t\t<p>Perch\u00e9 Salute e Sicurezza in prospettiva sistemico-evolutiva? Perch\u00e9 la Salute e la Sicurezza non sono procedure ma processi; perch\u00e9 l\u2019unico modo di costruire un ambiente sicuro \u00e8 creare processi capaci di mobilitare l\u2019intelligenza sociale di chi vi lavora; perch\u00e9 non c\u2019\u00e8 sicurezza se non c\u2019\u00e8 un ambiente capace di motivare il cambiamento comportamentale.<\/p><p>\u2192<a href=\"https:\/\/het-imo.net\/it\/wp-content\/uploads\/2021\/07\/salute-e-sicurezza-principi-guida.pdf\" target=\"_blank\" rel=\"noopener\">Leggi i principi guida della Salute&amp;Sicurezza in prospettiva sistemico-evolutiva<\/a><\/p><p>\u2192<a href=\"https:\/\/het-imo.net\/it\/wp-content\/uploads\/2021\/07\/salute-e-sicurezza-Intelligenti.pdf\" target=\"_blank\" rel=\"noopener\">Per conoscere la proposta di corsi interaziendali<\/a><\/p>\t\t\t\t\t\t\t\t<\/div>\n\t\t\t\t<\/div>\n\t\t\t\t<\/div>\n\t\t\t\t\t<\/div>\n\t\t\t\t<\/div>\n\t\t<div class=\"elementor-element elementor-element-5abf30b pad-l e-flex e-con-boxed e-con e-parent\" data-id=\"5abf30b\" data-element_type=\"container\" data-e-type=\"container\" data-settings=\"{&quot;background_background&quot;:&quot;classic&quot;}\">\n\t\t\t\t\t<div class=\"e-con-inner\">\n\t\t<div class=\"elementor-element elementor-element-d548b40 e-con-full e-flex e-con e-child\" data-id=\"d548b40\" data-element_type=\"container\" data-e-type=\"container\">\n\t\t<div class=\"elementor-element elementor-element-2b54114 e-con-full e-flex e-con e-child\" data-id=\"2b54114\" data-element_type=\"container\" data-e-type=\"container\" data-settings=\"{&quot;background_background&quot;:&quot;classic&quot;}\">\n\t\t\t\t<div class=\"elementor-element elementor-element-6fecac3 elementor-widget elementor-widget-heading\" data-id=\"6fecac3\" data-element_type=\"widget\" data-e-type=\"widget\" data-widget_type=\"heading.default\">\n\t\t\t\t<div class=\"elementor-widget-container\">\n\t\t\t\t\t<h4 class=\"elementor-heading-title elementor-size-default\">L\u2019offerta IMO\n<\/h4>\t\t\t\t<\/div>\n\t\t\t\t<\/div>\n\t\t\t\t<div class=\"elementor-element elementor-element-b13f45e elementor-widget-divider--view-line elementor-widget elementor-widget-divider\" data-id=\"b13f45e\" data-element_type=\"widget\" data-e-type=\"widget\" data-widget_type=\"divider.default\">\n\t\t\t\t<div class=\"elementor-widget-container\">\n\t\t\t\t\t\t\t<div class=\"elementor-divider\">\n\t\t\t<span class=\"elementor-divider-separator\">\n\t\t\t\t\t\t<\/span>\n\t\t<\/div>\n\t\t\t\t\t\t<\/div>\n\t\t\t\t<\/div>\n\t\t\t\t<div class=\"elementor-element elementor-element-6ac3656 elementor-widget elementor-widget-text-editor\" data-id=\"6ac3656\" data-element_type=\"widget\" data-e-type=\"widget\" data-widget_type=\"text-editor.default\">\n\t\t\t\t<div class=\"elementor-widget-container\">\n\t\t\t\t\t\t\t\t\t<p>In collaborazione con aziende partner specializzate nella formazione tecnica delle figure della salute e sicurezza, utilizziamo la metodologia per la leadership orizzontale e le organizzazioni integrate nella salute e sicurezza offrendo:<\/p><ul><li><strong>percorsi interaziendali<\/strong>\u00a0in cui gli aspetti di contenuto tecnico vengono affiancati da attivit\u00e0 finalizzate a creare un impatto immediato nell\u2019organizzazione e nel comportamento individuale;<\/li><li><strong>interventi aziendali<\/strong>\u00a0in cui il processo di salute e sicurezza diventa l\u2019oggetto di un percorso di sviluppo organizzativo generando competenze che, non solo conducono al miglioramento degli aspetti di salute e sicurezza, ma possono essere applicate in relazione allo sviluppo di altri e diversi processi aziendali.<\/li><\/ul>\t\t\t\t\t\t\t\t<\/div>\n\t\t\t\t<\/div>\n\t\t\t\t<\/div>\n\t\t<div class=\"elementor-element elementor-element-58f9c10 e-con-full e-flex e-con e-child\" data-id=\"58f9c10\" data-element_type=\"container\" data-e-type=\"container\" data-settings=\"{&quot;background_background&quot;:&quot;classic&quot;}\">\n\t\t\t\t<div class=\"elementor-element elementor-element-a305bbf elementor-widget elementor-widget-heading\" data-id=\"a305bbf\" data-element_type=\"widget\" data-e-type=\"widget\" data-widget_type=\"heading.default\">\n\t\t\t\t<div class=\"elementor-widget-container\">\n\t\t\t\t\t<h4 class=\"elementor-heading-title elementor-size-default\">Il nostro approccio\n<\/h4>\t\t\t\t<\/div>\n\t\t\t\t<\/div>\n\t\t\t\t<div class=\"elementor-element elementor-element-2e73115 elementor-widget-divider--view-line elementor-widget elementor-widget-divider\" data-id=\"2e73115\" data-element_type=\"widget\" data-e-type=\"widget\" data-widget_type=\"divider.default\">\n\t\t\t\t<div class=\"elementor-widget-container\">\n\t\t\t\t\t\t\t<div class=\"elementor-divider\">\n\t\t\t<span class=\"elementor-divider-separator\">\n\t\t\t\t\t\t<\/span>\n\t\t<\/div>\n\t\t\t\t\t\t<\/div>\n\t\t\t\t<\/div>\n\t\t\t\t<div class=\"elementor-element elementor-element-e4ae46d elementor-widget elementor-widget-text-editor\" data-id=\"e4ae46d\" data-element_type=\"widget\" data-e-type=\"widget\" data-widget_type=\"text-editor.default\">\n\t\t\t\t<div class=\"elementor-widget-container\">\n\t\t\t\t\t\t\t\t\t<p>Un processo di salute e sicurezza efficace pu\u00f2 essere costruito solo partendo dagli stessi principi che governano lo sviluppo e il cambiamento organizzativo. Con una attivit\u00e0 di ricerca e sperimentazione IMO ha elaborato un approccio innovativo al tema della sicurezza declinandovi i percorsi di leadership orizzontale che utilizza per lo sviluppo organizzativo. L\u2019approccio proposto quindi \u00e8 focalizzato sulla necessit\u00e0 di agire:<\/p><ul><li>sulle connessioni organizzative che influenzano in modo diretto o indiretto l\u2019efficacia delle misure di salute e sicurezza;<\/li><li>sui comportamenti individuali che possono essere coerenti con la propria salvaguardia solo l\u00ec dove sono maturati in modo consapevole e partecipato;<\/li><li>sulla capacit\u00e0 di leadership orizzontale dell\u2019RSPP, degli RLS e delle altre figure aziendali coinvolte. Si intende per leadership orizzontale la capacit\u00e0 di guidare processi dove altri possano attivarsi anche grazie ad un sostegno allo sviluppo delle capacit\u00e0 self-ledership<\/li><\/ul>\t\t\t\t\t\t\t\t<\/div>\n\t\t\t\t<\/div>\n\t\t\t\t<\/div>\n\t\t\t\t<\/div>\n\t\t<div class=\"elementor-element elementor-element-b0aea84 e-con-full e-flex e-con e-child\" data-id=\"b0aea84\" data-element_type=\"container\" data-e-type=\"container\" data-settings=\"{&quot;background_background&quot;:&quot;classic&quot;}\">\n\t\t\t\t<div class=\"elementor-element elementor-element-d73bb7c elementor-blockquote--skin-quotation elementor-blockquote--align-center elementor-widget elementor-widget-blockquote\" data-id=\"d73bb7c\" data-element_type=\"widget\" data-e-type=\"widget\" data-widget_type=\"blockquote.default\">\n\t\t\t\t<div class=\"elementor-widget-container\">\n\t\t\t\t\t\t\t<blockquote class=\"elementor-blockquote\">\n\t\t\t<p class=\"elementor-blockquote__content\">\n\t\t\t\tLe norme sono per l\u2019uomo e non l\u2019uomo per le norme\n\t\t\t<\/p>\n\t\t\t\t\t<\/blockquote>\n\t\t\t\t\t\t<\/div>\n\t\t\t\t<\/div>\n\t\t\t\t<\/div>\n\t\t\t\t\t<\/div>\n\t\t\t\t<\/div>\n\t\t\t\t<\/div>\n\t\t","protected":false},"excerpt":{"rendered":"<p>Salute &amp; Sicurezza in prospettiva sistemico-evolutiva Si rivolge ad aziende piccole o grandi, organizzazioni pubbliche e private La sfida La salute e sicurezza sui luoghi di lavoro \u00e8 un obbligo di legge inderogabile e viene spesso affrontata con un approccio procedurale e tecnico che mostra delle criticit\u00e0 nella trasformazione dei comportamenti lavorativi e nella capacit\u00e0 [&hellip;]<\/p>\n","protected":false},"author":1,"featured_media":0,"parent":0,"menu_order":0,"comment_status":"closed","ping_status":"closed","template":"elementor_header_footer","meta":{"footnotes":""},"hf_cat_page":[67],"class_list":["post-4011","page","type-page","status-publish","hentry"],"_links":{"self":[{"href":"https:\/\/het-imo.net\/it\/wp-json\/wp\/v2\/pages\/4011","targetHints":{"allow":["GET"]}}],"collection":[{"href":"https:\/\/het-imo.net\/it\/wp-json\/wp\/v2\/pages"}],"about":[{"href":"https:\/\/het-imo.net\/it\/wp-json\/wp\/v2\/types\/page"}],"author":[{"embeddable":true,"href":"https:\/\/het-imo.net\/it\/wp-json\/wp\/v2\/users\/1"}],"replies":[{"embeddable":true,"href":"https:\/\/het-imo.net\/it\/wp-json\/wp\/v2\/comments?post=4011"}],"version-history":[{"count":13,"href":"https:\/\/het-imo.net\/it\/wp-json\/wp\/v2\/pages\/4011\/revisions"}],"predecessor-version":[{"id":4028,"href":"https:\/\/het-imo.net\/it\/wp-json\/wp\/v2\/pages\/4011\/revisions\/4028"}],"wp:attachment":[{"href":"https:\/\/het-imo.net\/it\/wp-json\/wp\/v2\/media?parent=4011"}],"wp:term":[{"taxonomy":"hf_cat_page","embeddable":true,"href":"https:\/\/het-imo.net\/it\/wp-json\/wp\/v2\/hf_cat_page?post=4011"}],"curies":[{"name":"wp","href":"https:\/\/api.w.org\/{rel}","templated":true}]}}