{"id":2819,"date":"2025-06-26T13:15:48","date_gmt":"2025-06-26T11:15:48","guid":{"rendered":"https:\/\/het-imo.net\/it\/?page_id=2819"},"modified":"2025-11-10T19:58:06","modified_gmt":"2025-11-10T18:58:06","slug":"vision-mission-metodologia","status":"publish","type":"page","link":"https:\/\/het-imo.net\/it\/vision-mission-metodologia\/","title":{"rendered":"Vision Mission Metodologia"},"content":{"rendered":"\t\t<div data-elementor-type=\"wp-page\" data-elementor-id=\"2819\" class=\"elementor elementor-2819\" data-elementor-post-type=\"page\">\n\t\t\t\t<div class=\"elementor-element elementor-element-91fef5c e-flex e-con-boxed e-con e-parent\" data-id=\"91fef5c\" data-element_type=\"container\" data-e-type=\"container\" data-settings=\"{&quot;background_background&quot;:&quot;classic&quot;}\">\n\t\t\t\t\t<div class=\"e-con-inner\">\n\t\t\t\t<div class=\"elementor-element elementor-element-04ee152 elementor-widget elementor-widget-heading\" data-id=\"04ee152\" data-element_type=\"widget\" data-e-type=\"widget\" data-widget_type=\"heading.default\">\n\t\t\t\t<div class=\"elementor-widget-container\">\n\t\t\t\t\t<h1 class=\"elementor-heading-title elementor-size-default\">VISION MISSION METODOLOGIA\n<\/h1>\t\t\t\t<\/div>\n\t\t\t\t<\/div>\n\t\t\t\t\t<\/div>\n\t\t\t\t<\/div>\n\t\t<div class=\"elementor-element elementor-element-d05449b pad-l e-flex e-con-boxed e-con e-parent\" data-id=\"d05449b\" data-element_type=\"container\" data-e-type=\"container\">\n\t\t\t\t\t<div class=\"e-con-inner\">\n\t\t\t\t<div class=\"elementor-element elementor-element-27771f6 elementor-widget elementor-widget-text-editor\" data-id=\"27771f6\" data-element_type=\"widget\" data-e-type=\"widget\" data-widget_type=\"text-editor.default\">\n\t\t\t\t<div class=\"elementor-widget-container\">\n\t\t\t\t\t\t\t\t\t<p><strong>IMO \u2013 Istituto Internazionale per lo Sviluppo Umano e Organizzativo \u00e8 una&nbsp;<a href=\"https:\/\/www.ircres.cnr.it\/spin-off\/\" target=\"_blank\" rel=\"nofollow noopener\" data-cmp-ab=\"2\">societ\u00e0 spin off del CNR<\/a>&nbsp;e rappresenta la connessione italiana alla fondazione internazionale IMO, presente in 11 paesi.<\/strong><\/p>\n<p><strong>Si caratterizza per l\u2019utilizzo di una&nbsp;<a href=\"https:\/\/het-imo.net\/it\/erica-rizziato-verso-un-umanesimo-della-vita-organizzata\/\">metodologia innovativa, la&nbsp;Metodologia per la leadership orizzontale e le organizzazioni integrate,<\/a>&nbsp;che permette di sviluppare la coscienza umana e organizzativa in una attribuzione di senso personale, sociale ed economico.<\/strong><\/p><p><strong><br><\/strong><\/p>\n<p><strong><i>VISION&nbsp; MISSION&nbsp; METODOLOGIA<\/i><\/strong><\/p>\n<p>La nostra&nbsp;<strong>VISION<\/strong>&nbsp;\u00e8 quella di supportare la creazione di organizzazioni come \u201crealt\u00e0 viventi\u201d in cui le persone possano sviluppare s\u00e9 stesse a partire da un senso personale, sociale ed economico. Questo perch\u00e9 consideriamo le organizzazioni e le persone come due realt\u00e0 in connessione evolutiva sinergica.<\/p>\n<p>La nostra&nbsp;<strong>MISSION<\/strong>&nbsp;\u00e8 quella di rafforzare il senso della organizzazione come creazione umana attivando la creativit\u00e0 delle persone per generare forme di sviluppo sostenibili, ossia ricche di significato personale, sociale ed economico.<\/p>\n<p>La&nbsp;<strong>METODOLOGIA<\/strong>&nbsp;, frutto di molti anni di ricerca e sperimentazione per superare le criticit\u00e0 che si<br>incontrano nei percorsi di cambiamento, propone approcci sostenibili di sviluppo organizzativo, generando evoluzione per tutti i soggetti coinvolti. Ci\u00f2 rende il cambiamento sostenibile nel tempo.<\/p>\n<p>La metodologia nasce dalla collaborazione con l\u2019istituto Ircres del CNR, a seguito di un progetto che ha visto convergere l\u2019impulso di Adriano Olivetti e quello di Bernard Lievegoed.<\/p>\n<p>Caratteristiche:<\/p>\n<p>\u2013 connessione tra la dimensione verticale degli obiettivi-risultati con la dimensione orizzontale, quella della risposta ai bisogni dei clienti e della creazione di processi cooperativi in cui ognuno si possa esprimere: ci\u00f2 permette di generare&nbsp;<em>organizzazioni integrate<\/em>.<\/p>\n<p>\u2013 connessione tra la dimensione interiore delle persone alla realt\u00e0 esterna in cui essa si manifesta, per creare un percorso consapevole di sviluppo personale e organizzativo: questo genera nuove competenze per agire come&nbsp;<em>leader orizzontali<\/em>, competenze di sviluppo sistemico ed evolutivo.<\/p>\n<p>\u2013 connessione tra riflessione, prospezione e azione in modo esplorativo e sperimentale: lavoriamo con un percorso di apprendimento trasformativo, che genera nuovi processi e competenze grazie a un ritmico confronto tra le proprie dimensioni cognitive, emotive e capacit\u00e0 di azione. Ci\u00f2 permette forme di sviluppo sostenibile, in cui il ritmo delle connessioni sostituisce la forza del comando e controllo.<\/p>\n<p>La metodologia \u00e8 stata applicata in organizzazioni profit, no profit e pubbliche oltre che in progettualit\u00e0 di sviluppo locale e placement ed ha permesso di dare risultati positivi a molti dei temi classici della vita lavorativa, tra i quali: motivazione, team building, capacit\u00e0 d\u2019iniziativa, gestione efficace del cambiamento, nuove competenze trasversali.<\/p>\t\t\t\t\t\t\t\t<\/div>\n\t\t\t\t<\/div>\n\t\t\t\t\t<\/div>\n\t\t\t\t<\/div>\n\t\t<div class=\"elementor-element elementor-element-3769d8b pad-l e-flex e-con-boxed e-con e-parent\" data-id=\"3769d8b\" data-element_type=\"container\" data-e-type=\"container\" data-settings=\"{&quot;background_background&quot;:&quot;classic&quot;}\">\n\t\t\t\t\t<div class=\"e-con-inner\">\n\t\t\t\t<div class=\"elementor-element elementor-element-80de1ec elementor-widget elementor-widget-heading\" data-id=\"80de1ec\" data-element_type=\"widget\" data-e-type=\"widget\" data-widget_type=\"heading.default\">\n\t\t\t\t<div class=\"elementor-widget-container\">\n\t\t\t\t\t<h2 class=\"elementor-heading-title elementor-size-default\">VIDEO<\/h2>\t\t\t\t<\/div>\n\t\t\t\t<\/div>\n\t\t\t\t<div class=\"elementor-element elementor-element-8592970 elementor-widget-divider--view-line elementor-widget elementor-widget-divider\" data-id=\"8592970\" data-element_type=\"widget\" data-e-type=\"widget\" data-widget_type=\"divider.default\">\n\t\t\t\t<div class=\"elementor-widget-container\">\n\t\t\t\t\t\t\t<div class=\"elementor-divider\">\n\t\t\t<span class=\"elementor-divider-separator\">\n\t\t\t\t\t\t<\/span>\n\t\t<\/div>\n\t\t\t\t\t\t<\/div>\n\t\t\t\t<\/div>\n\t\t<div class=\"elementor-element elementor-element-7bea0bb e-grid e-con-full e-con e-child\" data-id=\"7bea0bb\" data-element_type=\"container\" data-e-type=\"container\">\n\t\t<div class=\"elementor-element elementor-element-d7d997a e-con-full e-flex e-con e-child\" data-id=\"d7d997a\" data-element_type=\"container\" data-e-type=\"container\">\n\t\t\t\t<div class=\"elementor-element elementor-element-03c2b71 elementor-widget elementor-widget-heading\" data-id=\"03c2b71\" data-element_type=\"widget\" data-e-type=\"widget\" data-widget_type=\"heading.default\">\n\t\t\t\t<div class=\"elementor-widget-container\">\n\t\t\t\t\t<h3 class=\"elementor-heading-title elementor-size-default\">L\u2019impulso IMO \u2013 02\/05\/2025<\/h3>\t\t\t\t<\/div>\n\t\t\t\t<\/div>\n\t\t\t\t<div class=\"elementor-element elementor-element-ce84c83 elementor-widget elementor-widget-video\" data-id=\"ce84c83\" data-element_type=\"widget\" data-e-type=\"widget\" data-settings=\"{&quot;yt_privacy&quot;:&quot;yes&quot;,&quot;video_type&quot;:&quot;vimeo&quot;}\" data-widget_type=\"video.default\">\n\t\t\t\t<div class=\"elementor-widget-container\">\n\t\t\t\t\t\t\t<div class=\"elementor-wrapper elementor-open-inline\">\n\t\t\t<iframe class=\"elementor-video-iframe\" allowfullscreen allow=\"clipboard-write\" title=\"vimeo Video Player\" src=\"https:\/\/player.vimeo.com\/video\/1095464282?color&amp;autopause=0&amp;dnt=true&amp;loop=0&amp;muted=0&amp;title=1&amp;portrait=1&amp;byline=1&amp;h=e12d383ac0#t=\"><\/iframe>\t\t<\/div>\n\t\t\t\t\t\t<\/div>\n\t\t\t\t<\/div>\n\t\t\t\t<div class=\"elementor-element elementor-element-a26764d elementor-widget elementor-widget-text-editor\" data-id=\"a26764d\" data-element_type=\"widget\" data-e-type=\"widget\" data-widget_type=\"text-editor.default\">\n\t\t\t\t<div class=\"elementor-widget-container\">\n\t\t\t\t\t\t\t\t\t<p>La testimonianza del fondatore e dei colleghi, provenienti da ben 11 Paesi nel mondo, sull\u2019impulso che guida la comunit\u00e0 internazionale IMO da oltre 20 anni sul tema del cambiamento.<\/p>\t\t\t\t\t\t\t\t<\/div>\n\t\t\t\t<\/div>\n\t\t\t\t<\/div>\n\t\t<div class=\"elementor-element elementor-element-b2cd37b e-con-full e-flex e-con e-child\" data-id=\"b2cd37b\" data-element_type=\"container\" data-e-type=\"container\">\n\t\t\t\t<div class=\"elementor-element elementor-element-840671f elementor-widget elementor-widget-heading\" data-id=\"840671f\" data-element_type=\"widget\" data-e-type=\"widget\" data-widget_type=\"heading.default\">\n\t\t\t\t<div class=\"elementor-widget-container\">\n\t\t\t\t\t<h3 class=\"elementor-heading-title elementor-size-default\">La metodologia LOOI \u2013 16\/10\/2023\n<\/h3>\t\t\t\t<\/div>\n\t\t\t\t<\/div>\n\t\t\t\t<div class=\"elementor-element elementor-element-11e3cc4 elementor-widget elementor-widget-video\" data-id=\"11e3cc4\" data-element_type=\"widget\" data-e-type=\"widget\" data-settings=\"{&quot;youtube_url&quot;:&quot;https:\\\/\\\/youtu.be\\\/72bxMiPaEZg?list=PL6zDznPIIp5_UCGq_CrMhk_eNQv4vk4tB&quot;,&quot;yt_privacy&quot;:&quot;yes&quot;,&quot;video_type&quot;:&quot;youtube&quot;,&quot;controls&quot;:&quot;yes&quot;}\" data-widget_type=\"video.default\">\n\t\t\t\t<div class=\"elementor-widget-container\">\n\t\t\t\t\t\t\t<div class=\"elementor-wrapper elementor-open-inline\">\n\t\t\t<div class=\"elementor-video\"><\/div>\t\t<\/div>\n\t\t\t\t\t\t<\/div>\n\t\t\t\t<\/div>\n\t\t\t\t<div class=\"elementor-element elementor-element-dfb5109 elementor-widget elementor-widget-text-editor\" data-id=\"dfb5109\" data-element_type=\"widget\" data-e-type=\"widget\" data-widget_type=\"text-editor.default\">\n\t\t\t\t<div class=\"elementor-widget-container\">\n\t\t\t\t\t\t\t\t\t<p>La metodologia per la leadership orizzontale e le organizzazioni integrate, illustrata da Erica Rizziato ed Erika Nemmo durante l\u2019evento\u00a0<strong>\u2018<a href=\"https:\/\/centenario.cnr.it\/evento\/leadership-orizzontale-e-sviluppo-sistemico-ed-evolutivo-delle-organizzazioni-delle-persone-e-dei-territori\/\" target=\"_blank\" rel=\"nofollow noopener\" data-cmp-ab=\"2\"><em>Leadership orizzontale e sviluppo sistemico ed evolutivo delle organizzazioni, delle persone e dei territori<\/em><\/a>\u2019<\/strong>, tenutosi il 16 ottobre 2023 in occazione del centenario del CNR.<\/p>\t\t\t\t\t\t\t\t<\/div>\n\t\t\t\t<\/div>\n\t\t\t\t<\/div>\n\t\t<div class=\"elementor-element elementor-element-9b0fadc e-con-full e-flex e-con e-child\" data-id=\"9b0fadc\" data-element_type=\"container\" data-e-type=\"container\">\n\t\t\t\t<div class=\"elementor-element elementor-element-60f45cb elementor-widget elementor-widget-heading\" data-id=\"60f45cb\" data-element_type=\"widget\" data-e-type=\"widget\" data-widget_type=\"heading.default\">\n\t\t\t\t<div class=\"elementor-widget-container\">\n\t\t\t\t\t<h3 class=\"elementor-heading-title elementor-size-default\">La metodologia LOOI \u2013 11\/04\/2022\n<\/h3>\t\t\t\t<\/div>\n\t\t\t\t<\/div>\n\t\t\t\t<div class=\"elementor-element elementor-element-28facfa elementor-widget elementor-widget-video\" data-id=\"28facfa\" data-element_type=\"widget\" data-e-type=\"widget\" data-settings=\"{&quot;youtube_url&quot;:&quot;https:\\\/\\\/youtu.be\\\/GhZ_t2gR8EY&quot;,&quot;yt_privacy&quot;:&quot;yes&quot;,&quot;video_type&quot;:&quot;youtube&quot;,&quot;controls&quot;:&quot;yes&quot;}\" data-widget_type=\"video.default\">\n\t\t\t\t<div class=\"elementor-widget-container\">\n\t\t\t\t\t\t\t<div class=\"elementor-wrapper elementor-open-inline\">\n\t\t\t<div class=\"elementor-video\"><\/div>\t\t<\/div>\n\t\t\t\t\t\t<\/div>\n\t\t\t\t<\/div>\n\t\t\t\t<div class=\"elementor-element elementor-element-310d18f elementor-widget elementor-widget-text-editor\" data-id=\"310d18f\" data-element_type=\"widget\" data-e-type=\"widget\" data-widget_type=\"text-editor.default\">\n\t\t\t\t<div class=\"elementor-widget-container\">\n\t\t\t\t\t\t\t\t\t<p>La metodologia per la leadership orizzontale e le organizzazioni integrate spiegata nel convegno CNR dell\u2019aprile 2022 di presentazione del libro\u00a0<i>Verso un umanesimo della vita organizzativa: generare sviluppo nella complessit\u00e0 con la leadership orizzontale\u00a0<\/i>(Francoangeli).<\/p><p>Ne parlano vari interlocutori, tra cui Erica Rizziato, autrice del libro (dal min. 21)<\/p>\t\t\t\t\t\t\t\t<\/div>\n\t\t\t\t<\/div>\n\t\t\t\t<\/div>\n\t\t\t\t<\/div>\n\t\t\t\t\t<\/div>\n\t\t\t\t<\/div>\n\t\t<div class=\"elementor-element elementor-element-805da86 pad-l e-flex e-con-boxed e-con e-parent\" data-id=\"805da86\" data-element_type=\"container\" data-e-type=\"container\">\n\t\t\t\t\t<div class=\"e-con-inner\">\n\t\t<div class=\"elementor-element elementor-element-444ec56 e-con-full e-flex e-con e-child\" data-id=\"444ec56\" data-element_type=\"container\" data-e-type=\"container\">\n\t\t\t\t<div class=\"elementor-element elementor-element-cde326d elementor-blockquote--skin-quotation elementor-widget elementor-widget-blockquote\" data-id=\"cde326d\" data-element_type=\"widget\" data-e-type=\"widget\" data-widget_type=\"blockquote.default\">\n\t\t\t\t<div class=\"elementor-widget-container\">\n\t\t\t\t\t\t\t<blockquote class=\"elementor-blockquote\">\n\t\t\t<p class=\"elementor-blockquote__content\">\n\t\t\t\tL\u2019uomo non \u00e8 solo un essere che conosce e interpreta ma sceglie, e in questa modo forma il futuro\t\t\t<\/p>\n\t\t\t\t\t\t\t<div class=\"e-q-footer\">\n\t\t\t\t\t\t\t\t\t\t\t<cite class=\"elementor-blockquote__author\">B.C.J. Lievegoed<\/cite>\n\t\t\t\t\t\t\t\t\t\t\t\t\t\t<\/div>\n\t\t\t\t\t<\/blockquote>\n\t\t\t\t\t\t<\/div>\n\t\t\t\t<\/div>\n\t\t\t\t<\/div>\n\t\t<div class=\"elementor-element elementor-element-e305fc4 e-con-full e-flex e-con e-child\" data-id=\"e305fc4\" data-element_type=\"container\" data-e-type=\"container\">\n\t\t\t\t<div class=\"elementor-element elementor-element-dd6b368 elementor-blockquote--skin-quotation elementor-widget elementor-widget-blockquote\" data-id=\"dd6b368\" data-element_type=\"widget\" data-e-type=\"widget\" data-widget_type=\"blockquote.default\">\n\t\t\t\t<div class=\"elementor-widget-container\">\n\t\t\t\t\t\t\t<blockquote class=\"elementor-blockquote\">\n\t\t\t<p class=\"elementor-blockquote__content\">\n\t\t\t\tPu\u00f2 l\u2019industria darsi dei fini? Si trovano questi fini semplicemente nell\u2019indice dei profitti o non c\u2019\u00e8, al di l\u00e0 del ritmo apparente, qualcosa di pi\u00f9 affascinante, una trama ideale, una destinazione, una vocazione anche nella vita di fabbrica?\n\t\t\t<\/p>\n\t\t\t\t\t\t\t<div class=\"e-q-footer\">\n\t\t\t\t\t\t\t\t\t\t\t<cite class=\"elementor-blockquote__author\">Adriano Olivetti<\/cite>\n\t\t\t\t\t\t\t\t\t\t\t\t\t\t<\/div>\n\t\t\t\t\t<\/blockquote>\n\t\t\t\t\t\t<\/div>\n\t\t\t\t<\/div>\n\t\t\t\t<\/div>\n\t\t\t\t\t<\/div>\n\t\t\t\t<\/div>\n\t\t\t\t<\/div>\n\t\t","protected":false},"excerpt":{"rendered":"<p>VISION MISSION METODOLOGIA IMO \u2013 Istituto Internazionale per lo Sviluppo Umano e Organizzativo \u00e8 una&nbsp;societ\u00e0 spin off del CNR&nbsp;e rappresenta la connessione italiana alla fondazione internazionale IMO, presente in 11 paesi. Si caratterizza per l\u2019utilizzo di una&nbsp;metodologia innovativa, la&nbsp;Metodologia per la leadership orizzontale e le organizzazioni integrate,&nbsp;che permette di sviluppare la coscienza umana e organizzativa [&hellip;]<\/p>\n","protected":false},"author":1,"featured_media":0,"parent":0,"menu_order":0,"comment_status":"closed","ping_status":"closed","template":"elementor_header_footer","meta":{"footnotes":""},"hf_cat_page":[57],"class_list":["post-2819","page","type-page","status-publish","hentry"],"_links":{"self":[{"href":"https:\/\/het-imo.net\/it\/wp-json\/wp\/v2\/pages\/2819","targetHints":{"allow":["GET"]}}],"collection":[{"href":"https:\/\/het-imo.net\/it\/wp-json\/wp\/v2\/pages"}],"about":[{"href":"https:\/\/het-imo.net\/it\/wp-json\/wp\/v2\/types\/page"}],"author":[{"embeddable":true,"href":"https:\/\/het-imo.net\/it\/wp-json\/wp\/v2\/users\/1"}],"replies":[{"embeddable":true,"href":"https:\/\/het-imo.net\/it\/wp-json\/wp\/v2\/comments?post=2819"}],"version-history":[{"count":49,"href":"https:\/\/het-imo.net\/it\/wp-json\/wp\/v2\/pages\/2819\/revisions"}],"predecessor-version":[{"id":4354,"href":"https:\/\/het-imo.net\/it\/wp-json\/wp\/v2\/pages\/2819\/revisions\/4354"}],"wp:attachment":[{"href":"https:\/\/het-imo.net\/it\/wp-json\/wp\/v2\/media?parent=2819"}],"wp:term":[{"taxonomy":"hf_cat_page","embeddable":true,"href":"https:\/\/het-imo.net\/it\/wp-json\/wp\/v2\/hf_cat_page?post=2819"}],"curies":[{"name":"wp","href":"https:\/\/api.w.org\/{rel}","templated":true}]}}