{"id":7,"date":"2021-06-24T12:47:56","date_gmt":"2021-06-24T09:47:56","guid":{"rendered":"https:\/\/het-imo.net\/fi\/?page_id=7"},"modified":"2024-03-07T14:37:02","modified_gmt":"2024-03-07T12:37:02","slug":"landing-page","status":"publish","type":"page","link":"https:\/\/het-imo.net\/fi\/","title":{"rendered":"Landing page"},"content":{"rendered":"\n[et_pb_section fb_built=&#8221;1&#8243; _builder_version=&#8221;4.13.1&#8243; _module_preset=&#8221;default&#8221; background_image=&#8221;https:\/\/het-imo.net\/fi\/wp-content\/uploads\/2021\/11\/Landingpagephoto_001.webp&#8221; height=&#8221;800px&#8221; filter_saturate=&#8221;80%&#8221; filter_opacity=&#8221;85%&#8221; global_colors_info=&#8221;{}&#8221;][et_pb_row _builder_version=&#8221;4.13.1&#8243; _module_preset=&#8221;default&#8221; global_colors_info=&#8221;{}&#8221;][et_pb_column type=&#8221;4_4&#8243; _builder_version=&#8221;4.13.1&#8243; _module_preset=&#8221;default&#8221; global_colors_info=&#8221;{}&#8221;][et_pb_divider show_divider=&#8221;off&#8221; _builder_version=&#8221;4.13.1&#8243; _module_preset=&#8221;default&#8221; custom_padding=&#8221;||250px||false|false&#8221; global_colors_info=&#8221;{}&#8221;][\/et_pb_divider][\/et_pb_column][\/et_pb_row][et_pb_row _builder_version=&#8221;4.13.1&#8243; _module_preset=&#8221;default&#8221; global_colors_info=&#8221;{}&#8221;][et_pb_column type=&#8221;4_4&#8243; _builder_version=&#8221;4.13.1&#8243; _module_preset=&#8221;default&#8221; global_colors_info=&#8221;{}&#8221;][et_pb_text _builder_version=&#8221;4.13.1&#8243; _module_preset=&#8221;default&#8221; text_font=&#8221;|600|||||||&#8221; text_font_size=&#8221;18px&#8221; header_font=&#8221;|600|||||||&#8221; header_font_size=&#8221;50px&#8221; background_layout=&#8221;dark&#8221; global_colors_info=&#8221;{}&#8221;]<h1>OPPIVA MUUTOS<\/h1>\n<p>&nbsp;<\/p>\n<p>Luomme \u00a0johtamisen oppimisen kulttuuria<br \/>Fokuksemme on jaettu horisontaalinen, hyvinvointia tukeva johtajuus<\/p>\n<p>&nbsp;<\/p>[\/et_pb_text][\/et_pb_column][\/et_pb_row][\/et_pb_section][et_pb_section fb_built=&#8221;1&#8243; _builder_version=&#8221;4.9.7&#8243; _module_preset=&#8221;default&#8221; background_enable_color=&#8221;off&#8221; custom_padding=&#8221;3px||4px|||&#8221; global_colors_info=&#8221;{}&#8221;][et_pb_row _builder_version=&#8221;4.9.7&#8243; _module_preset=&#8221;default&#8221; global_colors_info=&#8221;{}&#8221;][et_pb_column type=&#8221;4_4&#8243; _builder_version=&#8221;4.9.7&#8243; _module_preset=&#8221;default&#8221; global_colors_info=&#8221;{}&#8221;][et_pb_text _builder_version=&#8221;4.9.7&#8243; _module_preset=&#8221;default&#8221; header_text_align=&#8221;center&#8221; header_font_size=&#8221;50px&#8221; global_colors_info=&#8221;{}&#8221;]<h1>PALVELUITAMME<\/h1>[\/et_pb_text][et_pb_divider color=&#8221;#b84f3c&#8221; divider_weight=&#8221;3px&#8221; _builder_version=&#8221;4.9.7&#8243; _module_preset=&#8221;default&#8221; max_width=&#8221;20%&#8221; module_alignment=&#8221;center&#8221; global_colors_info=&#8221;{}&#8221;][\/et_pb_divider][et_pb_text _builder_version=&#8221;4.9.7&#8243; _module_preset=&#8221;default&#8221; text_orientation=&#8221;center&#8221; global_colors_info=&#8221;{}&#8221;]<p><span>Asiakassuhteemme ovat pitk\u00e4kestoisia. Kehitt\u00e4miemme yhteistoiminnallisten ty\u00f6menetelmien ja ohjelmien avulla tutkimme ja kehit\u00e4mme johtamista, organisointia ja hyvinvoinnin vahvistamista. Etsimme ajanmukaisia, uusia ajattelun ja toiminnan malleja ihmisten sis\u00e4isen ja ulkoisen todellisuuden tasapainon vahvistamiseksi.<\/span><\/p>[\/et_pb_text][\/et_pb_column][\/et_pb_row][et_pb_row column_structure=&#8221;1_3,1_3,1_3&#8243; use_custom_gutter=&#8221;on&#8221; gutter_width=&#8221;2&#8243; _builder_version=&#8221;4.9.7&#8243; _module_preset=&#8221;default&#8221; global_colors_info=&#8221;{}&#8221;][et_pb_column type=&#8221;1_3&#8243; _builder_version=&#8221;4.9.7&#8243; _module_preset=&#8221;default&#8221; global_colors_info=&#8221;{}&#8221;][et_pb_image src=&#8221;https:\/\/het-imo.net\/fi\/wp-content\/uploads\/2021\/06\/weoffer-01.jpg&#8221; title_text=&#8221;weoffer-01&#8243; _builder_version=&#8221;4.9.7&#8243; _module_preset=&#8221;default&#8221; global_colors_info=&#8221;{}&#8221;][\/et_pb_image][\/et_pb_column][et_pb_column type=&#8221;1_3&#8243; _builder_version=&#8221;4.9.7&#8243; _module_preset=&#8221;default&#8221; global_colors_info=&#8221;{}&#8221;][et_pb_image src=&#8221;https:\/\/het-imo.net\/fi\/wp-content\/uploads\/2021\/06\/weoffer-02.jpg&#8221; title_text=&#8221;weoffer-02&#8243; _builder_version=&#8221;4.9.7&#8243; _module_preset=&#8221;default&#8221; global_colors_info=&#8221;{}&#8221;][\/et_pb_image][\/et_pb_column][et_pb_column type=&#8221;1_3&#8243; _builder_version=&#8221;4.9.7&#8243; _module_preset=&#8221;default&#8221; global_colors_info=&#8221;{}&#8221;][et_pb_image src=&#8221;https:\/\/het-imo.net\/fi\/wp-content\/uploads\/2021\/06\/weoffer-04.jpg&#8221; title_text=&#8221;weoffer-04&#8243; _builder_version=&#8221;4.9.7&#8243; _module_preset=&#8221;default&#8221; global_colors_info=&#8221;{}&#8221;][\/et_pb_image][\/et_pb_column][\/et_pb_row][et_pb_row column_structure=&#8221;1_4,1_4,1_4,1_4&#8243; use_custom_gutter=&#8221;on&#8221; gutter_width=&#8221;2&#8243; _builder_version=&#8221;4.9.7&#8243; _module_preset=&#8221;default&#8221; global_colors_info=&#8221;{}&#8221;][et_pb_column type=&#8221;1_4&#8243; _builder_version=&#8221;4.9.7&#8243; _module_preset=&#8221;default&#8221; global_colors_info=&#8221;{}&#8221;][et_pb_text _builder_version=&#8221;4.13.1&#8243; _module_preset=&#8221;default&#8221; text_orientation=&#8221;center&#8221; global_colors_info=&#8221;{}&#8221;]<h4 class=\"et_pb_module_header\"><span>KONSULTOINTI JA VALMENTAMINEN<\/span><\/h4>[\/et_pb_text][\/et_pb_column][et_pb_column type=&#8221;1_4&#8243; _builder_version=&#8221;4.9.7&#8243; _module_preset=&#8221;default&#8221; global_colors_info=&#8221;{}&#8221;][\/et_pb_column][et_pb_column type=&#8221;1_4&#8243; _builder_version=&#8221;4.13.1&#8243; _module_preset=&#8221;default&#8221; global_colors_info=&#8221;{}&#8221;][\/et_pb_column][et_pb_column type=&#8221;1_4&#8243; _builder_version=&#8221;4.9.7&#8243; _module_preset=&#8221;default&#8221; global_colors_info=&#8221;{}&#8221;][et_pb_text _builder_version=&#8221;4.13.1&#8243; _module_preset=&#8221;default&#8221; text_orientation=&#8221;center&#8221; global_colors_info=&#8221;{}&#8221;]<p>JOHTAMISEN PERUSLAADULLISUUDET<\/p>[\/et_pb_text][\/et_pb_column][\/et_pb_row][\/et_pb_section][et_pb_section fb_built=&#8221;1&#8243; _builder_version=&#8221;4.9.7&#8243; _module_preset=&#8221;default&#8221; background_color=&#8221;#efefef&#8221; custom_padding=&#8221;6px||1px|||&#8221; global_colors_info=&#8221;{}&#8221;][et_pb_row _builder_version=&#8221;4.9.7&#8243; _module_preset=&#8221;default&#8221; global_colors_info=&#8221;{}&#8221;][et_pb_column type=&#8221;4_4&#8243; _builder_version=&#8221;4.9.7&#8243; _module_preset=&#8221;default&#8221; global_colors_info=&#8221;{}&#8221;][et_pb_text _builder_version=&#8221;4.9.7&#8243; _module_preset=&#8221;default&#8221; header_font_size=&#8221;50px&#8221; text_orientation=&#8221;center&#8221; global_colors_info=&#8221;{}&#8221;]<h1><span>KEIT\u00c4 ME OLEMME<\/span><\/h1>[\/et_pb_text][et_pb_divider color=&#8221;#b84f3c&#8221; divider_weight=&#8221;3px&#8221; _builder_version=&#8221;4.9.7&#8243; _module_preset=&#8221;default&#8221; max_width=&#8221;20%&#8221; module_alignment=&#8221;center&#8221; global_colors_info=&#8221;{}&#8221;][\/et_pb_divider][et_pb_image src=&#8221;https:\/\/het-imo.net\/fi\/wp-content\/uploads\/2021\/06\/Tertta-Paananen.jpg&#8221; title_text=&#8221;Tertta Paananen&#8221; url=&#8221;https:\/\/het-imo.net\/fi\/tertta-paananen-2\/&#8221; align=&#8221;center&#8221; _builder_version=&#8221;4.10.4&#8243; _module_preset=&#8221;default&#8221; width=&#8221;100%&#8221; max_width=&#8221;100%&#8221; global_colors_info=&#8221;{}&#8221;][\/et_pb_image][et_pb_text _builder_version=&#8221;4.10.4&#8243; _module_preset=&#8221;default&#8221; text_orientation=&#8221;center&#8221; link_option_url=&#8221;https:\/\/het-imo.net\/fi\/tertta-paananen-2\/&#8221; global_colors_info=&#8221;{}&#8221;]<h4 class=\"et_pb_module_header\"><span>TERTTA PAANANEN<\/span><\/h4>[\/et_pb_text][\/et_pb_column][\/et_pb_row][\/et_pb_section][et_pb_section fb_built=&#8221;1&#8243; _builder_version=&#8221;4.9.7&#8243; _module_preset=&#8221;default&#8221; background_color=&#8221;#efefef&#8221; custom_padding=&#8221;4px||6px|||&#8221; global_colors_info=&#8221;{}&#8221;][et_pb_row _builder_version=&#8221;4.9.7&#8243; _module_preset=&#8221;default&#8221; global_colors_info=&#8221;{}&#8221;][et_pb_column type=&#8221;4_4&#8243; _builder_version=&#8221;4.9.7&#8243; _module_preset=&#8221;default&#8221; global_colors_info=&#8221;{}&#8221;][et_pb_text _builder_version=&#8221;4.9.7&#8243; _module_preset=&#8221;default&#8221; header_text_align=&#8221;center&#8221; header_font_size=&#8221;50px&#8221; global_colors_info=&#8221;{}&#8221;]<h1>ASIAKKAAMME<\/h1>[\/et_pb_text][et_pb_divider color=&#8221;#b84f3c&#8221; divider_weight=&#8221;3px&#8221; _builder_version=&#8221;4.9.7&#8243; _module_preset=&#8221;default&#8221; max_width=&#8221;20%&#8221; module_alignment=&#8221;center&#8221; global_colors_info=&#8221;{}&#8221;][\/et_pb_divider][et_pb_text _builder_version=&#8221;4.9.7&#8243; _module_preset=&#8221;default&#8221; text_orientation=&#8221;center&#8221; global_colors_info=&#8221;{}&#8221;]<p>Ty\u00f6skentelemme yli 400 organisaatiossa ymp\u00e4ri maailmaa. T\u00e4ll\u00e4 hetkell\u00e4 maat ovat: Hollanti, Saksa, Brasilia,Italia,Sveitsi, Ven\u00e4j\u00e4, Israel, Kiina ja Romania ja Suomi.<\/p>\n<p>L\u00e4mm\u00f6n, liikkeen ja merkitysten \u00a0uudelleen luominen ovat horisontaalisen johtamisen ydinlaadullisuudet. Aloitamme asiakkaan kehityspotentiaalista ja ajankohtaisesta kysymyksest\u00e4. N\u00e4in \u00a0autamme asiakasta synnytt\u00e4m\u00e4\u00e4n uusia aloitteita. Vahvuutemme on inspiroituminen ja vaativissa tilanteissa toimiminen.<\/p>\n<p><span>Videoilla asiakkaamme kertovat yhteisty\u00f6kokemuksistaan.<\/span><\/p>[\/et_pb_text][\/et_pb_column][\/et_pb_row][et_pb_row column_structure=&#8221;1_2,1_2&#8243; use_custom_gutter=&#8221;on&#8221; gutter_width=&#8221;2&#8243; make_equal=&#8221;on&#8221; _builder_version=&#8221;4.10.4&#8243; _module_preset=&#8221;default&#8221; width=&#8221;40%&#8221; custom_padding=&#8221;||8px|||&#8221; global_colors_info=&#8221;{}&#8221;][et_pb_column type=&#8221;1_2&#8243; _builder_version=&#8221;4.9.7&#8243; _module_preset=&#8221;default&#8221; global_colors_info=&#8221;{}&#8221;][et_pb_image src=&#8221;https:\/\/het-imo.net\/fi\/wp-content\/uploads\/2021\/06\/Sanna_Jacksen.jpg&#8221; title_text=&#8221;Sanna_Jacksen&#8221; _builder_version=&#8221;4.9.7&#8243; _module_preset=&#8221;default&#8221; global_colors_info=&#8221;{}&#8221;][\/et_pb_image][\/et_pb_column][et_pb_column type=&#8221;1_2&#8243; _builder_version=&#8221;4.9.7&#8243; _module_preset=&#8221;default&#8221; global_colors_info=&#8221;{}&#8221;][et_pb_image src=&#8221;https:\/\/het-imo.net\/fi\/wp-content\/uploads\/2021\/06\/Henri_Lepola.jpg&#8221; title_text=&#8221;Henri_Lepola&#8221; _builder_version=&#8221;4.9.7&#8243; _module_preset=&#8221;default&#8221; global_colors_info=&#8221;{}&#8221;][\/et_pb_image][\/et_pb_column][\/et_pb_row][et_pb_row column_structure=&#8221;1_2,1_2&#8243; use_custom_gutter=&#8221;on&#8221; gutter_width=&#8221;2&#8243; _builder_version=&#8221;4.10.4&#8243; _module_preset=&#8221;default&#8221; width=&#8221;40%&#8221; global_colors_info=&#8221;{}&#8221;][et_pb_column type=&#8221;1_2&#8243; _builder_version=&#8221;4.9.7&#8243; _module_preset=&#8221;default&#8221; global_colors_info=&#8221;{}&#8221;][et_pb_text _builder_version=&#8221;4.9.7&#8243; _module_preset=&#8221;default&#8221; text_orientation=&#8221;center&#8221; global_colors_info=&#8221;{}&#8221;]<p><strong>Sanna Jacksen<\/strong><\/p>\n<p>Asiakkaiden oppimistarinat<\/p>[\/et_pb_text][\/et_pb_column][et_pb_column type=&#8221;1_2&#8243; _builder_version=&#8221;4.9.7&#8243; _module_preset=&#8221;default&#8221; global_colors_info=&#8221;{}&#8221;][et_pb_text _builder_version=&#8221;4.9.7&#8243; _module_preset=&#8221;default&#8221; text_font_size=&#8221;15px&#8221; text_orientation=&#8221;center&#8221; global_colors_info=&#8221;{}&#8221;]<p><strong>Henri Lepola<\/strong><\/p>\n<p>Oppiva mestari IMO Akatemiassa<\/p>[\/et_pb_text][\/et_pb_column][\/et_pb_row][\/et_pb_section][et_pb_section fb_built=&#8221;1&#8243; _builder_version=&#8221;4.9.7&#8243; _module_preset=&#8221;default&#8221; custom_padding=&#8221;5px||3px|||&#8221; global_colors_info=&#8221;{}&#8221;][et_pb_row _builder_version=&#8221;4.9.7&#8243; _module_preset=&#8221;default&#8221; global_colors_info=&#8221;{}&#8221;][et_pb_column type=&#8221;4_4&#8243; _builder_version=&#8221;4.9.7&#8243; _module_preset=&#8221;default&#8221; global_colors_info=&#8221;{}&#8221;][et_pb_text _builder_version=&#8221;4.9.7&#8243; _module_preset=&#8221;default&#8221; header_font=&#8221;|||on|||||&#8221; header_font_size=&#8221;50px&#8221; text_orientation=&#8221;center&#8221; global_colors_info=&#8221;{}&#8221;]<h1><span>blog &amp; news<\/span><\/h1>[\/et_pb_text][et_pb_blog fullwidth=&#8221;off&#8221; _builder_version=&#8221;4.10.7&#8243; _module_preset=&#8221;default&#8221; global_colors_info=&#8221;{}&#8221;][\/et_pb_blog][et_pb_divider color=&#8221;#b84f3c&#8221; divider_weight=&#8221;3px&#8221; _builder_version=&#8221;4.9.7&#8243; _module_preset=&#8221;default&#8221; max_width=&#8221;20%&#8221; module_alignment=&#8221;center&#8221; global_colors_info=&#8221;{}&#8221;][\/et_pb_divider][\/et_pb_column][\/et_pb_row][\/et_pb_section][et_pb_section fb_built=&#8221;1&#8243; _builder_version=&#8221;4.9.7&#8243; _module_preset=&#8221;default&#8221; background_color=&#8221;#efefef&#8221; custom_padding=&#8221;2px||5px|||&#8221; global_colors_info=&#8221;{}&#8221;][et_pb_row _builder_version=&#8221;4.9.7&#8243; _module_preset=&#8221;default&#8221; global_colors_info=&#8221;{}&#8221;][et_pb_column type=&#8221;4_4&#8243; _builder_version=&#8221;4.9.7&#8243; _module_preset=&#8221;default&#8221; global_colors_info=&#8221;{}&#8221;][et_pb_text _builder_version=&#8221;4.9.7&#8243; _module_preset=&#8221;default&#8221; header_font=&#8221;|||on|||||&#8221; header_text_align=&#8221;center&#8221; header_font_size=&#8221;50px&#8221; text_orientation=&#8221;center&#8221; global_colors_info=&#8221;{}&#8221;]<h1><span>MIT\u00c4 IMO ON ?<\/span><\/h1>[\/et_pb_text][et_pb_divider color=&#8221;#b84f3c&#8221; divider_weight=&#8221;3px&#8221; _builder_version=&#8221;4.9.7&#8243; _module_preset=&#8221;default&#8221; max_width=&#8221;20%&#8221; module_alignment=&#8221;center&#8221; global_colors_info=&#8221;{}&#8221;][\/et_pb_divider][et_pb_text _builder_version=&#8221;4.9.7&#8243; _module_preset=&#8221;default&#8221; text_orientation=&#8221;center&#8221; custom_padding=&#8221;0px|||||&#8221; global_colors_info=&#8221;{}&#8221;]<div class=\"et_pb_row et_pb_row_12\">\n<div class=\"et_pb_column et_pb_column_4_4 et_pb_column_22  et_pb_css_mix_blend_mode_passthrough et-last-child\">\n<div class=\"et_pb_module et_pb_text et_pb_text_11 et_pb_text_align_center et_pb_bg_layout_light et_had_animation\">\n<div class=\"et_pb_text_inner\">\n<p><span>On paljon kerrottavaa. Asiakkaiden tarinat, kokemukset ja visiot horisontaalisesta organisoinnista luovat IMO n\u00e4k\u00f6kulman. Jaamme impulssimme toistemme kanssa asiakkaita kunnioittaen kokonaisuudesta, vapaudesta ja aloitteellisuudesta k\u00e4sin.<\/span><\/p>\n<\/div>\n<\/div>\n<\/div>\n<\/div>\n<div class=\"et_pb_row et_pb_row_13\">\n<div class=\"et_pb_column et_pb_column_4_4 et_pb_column_23  et_pb_css_mix_blend_mode_passthrough et-last-child\">\n<div class=\"et_pb_module et_pb_text et_pb_text_12 et_pb_text_align_center et_pb_bg_layout_light et_had_animation\">\n<div class=\"et_pb_text_inner\">\n<p><span>Kuule, miten IMO konsultit kuvaavat inspiroitumistaan ty\u00f6ss\u00e4\u00e4n.<\/span><\/p>\n<\/div>\n<\/div>\n<\/div>\n<\/div>[\/et_pb_text][et_pb_video src=&#8221;https:\/\/youtu.be\/x0UtbSbHgtY&#8221; _builder_version=&#8221;4.9.7&#8243; _module_preset=&#8221;default&#8221; global_colors_info=&#8221;{}&#8221;][\/et_pb_video][\/et_pb_column][\/et_pb_row][et_pb_row column_structure=&#8221;1_2,1_2&#8243; _builder_version=&#8221;4.9.7&#8243; _module_preset=&#8221;default&#8221; global_colors_info=&#8221;{}&#8221;][et_pb_column type=&#8221;1_2&#8243; _builder_version=&#8221;4.9.7&#8243; _module_preset=&#8221;default&#8221; global_colors_info=&#8221;{}&#8221;][et_pb_text _builder_version=&#8221;4.9.7&#8243; _module_preset=&#8221;default&#8221; global_colors_info=&#8221;{}&#8221;]<p><span>Choose your subtitle: English or Portuguese<\/span><\/p>[\/et_pb_text][\/et_pb_column][et_pb_column type=&#8221;1_2&#8243; _builder_version=&#8221;4.9.7&#8243; _module_preset=&#8221;default&#8221; global_colors_info=&#8221;{}&#8221;][et_pb_text _builder_version=&#8221;4.9.7&#8243; _module_preset=&#8221;default&#8221; global_colors_info=&#8221;{}&#8221;]<p><span>Video Productions:\u00a0<\/span><a href=\"http:\/\/www.apmfotografia.com.br\/\" target=\"_blank\" rel=\"noopener noreferrer\">Alexandre Macedo<\/a><\/p>[\/et_pb_text][\/et_pb_column][\/et_pb_row][\/et_pb_section][et_pb_section fb_built=&#8221;1&#8243; fullwidth=&#8221;on&#8221; _builder_version=&#8221;4.9.7&#8243; _module_preset=&#8221;default&#8221; background_image=&#8221;https:\/\/het-imo.net\/fi\/wp-content\/uploads\/2021\/06\/Schermafbeelding-2018-02-24-om-22.29.36-1-1024&#215;436-1.jpg&#8221; global_colors_info=&#8221;{}&#8221;][et_pb_fullwidth_header text_orientation=&#8221;center&#8221; _builder_version=&#8221;4.9.7&#8243; _module_preset=&#8221;default&#8221; title_font_size=&#8221;40px&#8221; content_font_size=&#8221;23px&#8221; background_color=&#8221;rgba(64,127,165,0.07)&#8221; background_layout=&#8221;light&#8221; custom_padding=&#8221;152px||246px|||&#8221; global_colors_info=&#8221;{}&#8221;]<h1><strong>\u201cASIAKAS ON TY\u00d6SKENTELYMME KESKI\u00d6SS\u00c4.<\/strong><strong>\u201d<\/strong><\/h1>\n<p>&nbsp;<\/p>\n<p>&nbsp;<\/p>\n<p>Adriaan Bekman<\/p>[\/et_pb_fullwidth_header][\/et_pb_section]\n","protected":false},"excerpt":{"rendered":"<p>OPPIVA MUUTOS &nbsp; Luomme \u00a0johtamisen oppimisen kulttuuriaFokuksemme on jaettu horisontaalinen, hyvinvointia tukeva johtajuus &nbsp;PALVELUITAMMEAsiakassuhteemme ovat pitk\u00e4kestoisia. Kehitt\u00e4miemme yhteistoiminnallisten ty\u00f6menetelmien ja ohjelmien avulla tutkimme ja kehit\u00e4mme johtamista, organisointia ja hyvinvoinnin vahvistamista. Etsimme ajanmukaisia, uusia ajattelun ja toiminnan malleja ihmisten sis\u00e4isen ja ulkoisen todellisuuden tasapainon vahvistamiseksi.KONSULTOINTI JA VALMENTAMINENJOHTAMISEN PERUSLAADULLISUUDETKEIT\u00c4 ME OLEMMETERTTA PAANANENASIAKKAAMMETy\u00f6skentelemme yli 400 organisaatiossa ymp\u00e4ri maailmaa. [&hellip;]<\/p>\n","protected":false},"author":1,"featured_media":787,"parent":0,"menu_order":0,"comment_status":"closed","ping_status":"closed","template":"","meta":{"_et_pb_use_builder":"on","_et_pb_old_content":"","_et_gb_content_width":"","footnotes":""},"class_list":["post-7","page","type-page","status-publish","has-post-thumbnail","hentry"],"_links":{"self":[{"href":"https:\/\/het-imo.net\/fi\/wp-json\/wp\/v2\/pages\/7","targetHints":{"allow":["GET"]}}],"collection":[{"href":"https:\/\/het-imo.net\/fi\/wp-json\/wp\/v2\/pages"}],"about":[{"href":"https:\/\/het-imo.net\/fi\/wp-json\/wp\/v2\/types\/page"}],"author":[{"embeddable":true,"href":"https:\/\/het-imo.net\/fi\/wp-json\/wp\/v2\/users\/1"}],"replies":[{"embeddable":true,"href":"https:\/\/het-imo.net\/fi\/wp-json\/wp\/v2\/comments?post=7"}],"version-history":[{"count":19,"href":"https:\/\/het-imo.net\/fi\/wp-json\/wp\/v2\/pages\/7\/revisions"}],"predecessor-version":[{"id":786,"href":"https:\/\/het-imo.net\/fi\/wp-json\/wp\/v2\/pages\/7\/revisions\/786"}],"wp:featuredmedia":[{"embeddable":true,"href":"https:\/\/het-imo.net\/fi\/wp-json\/wp\/v2\/media\/787"}],"wp:attachment":[{"href":"https:\/\/het-imo.net\/fi\/wp-json\/wp\/v2\/media?parent=7"}],"curies":[{"name":"wp","href":"https:\/\/api.w.org\/{rel}","templated":true}]}}