{"id":664,"date":"2022-10-21T10:20:08","date_gmt":"2022-10-21T07:20:08","guid":{"rendered":"https:\/\/het-imo.net\/fi\/?page_id=664"},"modified":"2022-10-21T11:26:18","modified_gmt":"2022-10-21T08:26:18","slug":"imo-akatemia","status":"publish","type":"page","link":"https:\/\/het-imo.net\/fi\/imo-akatemia\/","title":{"rendered":"IMO Akatemia"},"content":{"rendered":"<p>[et_pb_section fb_built=&#8221;1&#8243; fullwidth=&#8221;on&#8221; _builder_version=&#8221;4.16&#8243; _module_preset=&#8221;default&#8221; background_image=&#8221;https:\/\/het-imo.net\/fi\/wp-content\/uploads\/2022\/10\/Academy.webp&#8221; custom_margin=&#8221;0px||0px||false|false&#8221; custom_padding=&#8221;0px||||false|false&#8221; global_colors_info=&#8221;{}&#8221;][et_pb_fullwidth_header title=&#8221;AKatemia&#8221; image_orientation=&#8221;bottom&#8221; _builder_version=&#8221;4.16&#8243; _module_preset=&#8221;default&#8221; title_font=&#8221;|600||on|||||&#8221; title_font_size=&#8221;50px&#8221; background_color=&#8221;rgba(64,127,165,0.34)&#8221; custom_padding=&#8221;100px||100px|||&#8221; title_text_shadow_style=&#8221;preset3&#8243; global_colors_info=&#8221;{}&#8221;][\/et_pb_fullwidth_header][\/et_pb_section][et_pb_section fb_built=&#8221;1&#8243; _builder_version=&#8221;4.16&#8243; _module_preset=&#8221;default&#8221; custom_padding=&#8221;31px||3px|||&#8221; global_colors_info=&#8221;{}&#8221;][et_pb_row column_structure=&#8221;1_2,1_2&#8243; use_custom_gutter=&#8221;on&#8221; gutter_width=&#8221;2&#8243; _builder_version=&#8221;4.16&#8243; _module_preset=&#8221;default&#8221; global_colors_info=&#8221;{}&#8221;][et_pb_column type=&#8221;1_2&#8243; _builder_version=&#8221;4.16&#8243; _module_preset=&#8221;default&#8221; global_colors_info=&#8221;{}&#8221;][et_pb_text _builder_version=&#8221;4.18.0&#8243; _module_preset=&#8221;default&#8221; global_colors_info=&#8221;{}&#8221;]<\/p>\n<p>IMO Akatemia tarjoaa toiminnan tutkimisen oppimispaikan IMO metodologian\u00a0 monin\u00e4k\u00f6kulmaiseen kest\u00e4v\u00e4\u00e4n\u00a0 kehitysty\u00f6h\u00f6n: ihmiset, asiakkaat, talous ja alueellisuus. Asiakkaat, kollegat ja IMO verkoston j\u00e4senet kutsutaan osallistumaan.<\/p>\n<p>[\/et_pb_text][\/et_pb_column][et_pb_column type=&#8221;1_2&#8243; _builder_version=&#8221;4.16&#8243; _module_preset=&#8221;default&#8221; global_colors_info=&#8221;{}&#8221;][et_pb_text _builder_version=&#8221;4.18.0&#8243; _module_preset=&#8221;default&#8221; global_colors_info=&#8221;{}&#8221;]<\/p>\n<p>IMO International toimii\u00a0 kansainv\u00e4lisess\u00e4\u00a0 <strong><a href=\"https:\/\/www.wikiwand.com\/fi\/Toimintatutkimus\" target=\"_blank\" rel=\"noopener\">action research<\/a><\/strong> verkostossa ja kiinnitt\u00e4\u00e4 huomiota vuorovaikutuksen laatuun ja organisaation rakenteiden uudistamiseen t\u00e4ss\u00e4 ajassa.<\/p>\n<p>[\/et_pb_text][\/et_pb_column][\/et_pb_row][et_pb_row _builder_version=&#8221;4.18.0&#8243; _module_preset=&#8221;default&#8221;][et_pb_column _builder_version=&#8221;4.18.0&#8243; _module_preset=&#8221;default&#8221; type=&#8221;4_4&#8243;][et_pb_text _builder_version=&#8221;4.18.0&#8243; _module_preset=&#8221;default&#8221; hover_enabled=&#8221;0&#8243; sticky_enabled=&#8221;0&#8243;]<\/p>\n<p style=\"text-align: center;\">See also <strong><a href=\"https:\/\/het-imo.net\/academy\/\" target=\"_blank\" rel=\"noopener\">IMO Academy International<\/a><\/strong><\/p>\n<p>[\/et_pb_text][\/et_pb_column][\/et_pb_row][\/et_pb_section][et_pb_section fb_built=&#8221;1&#8243; _builder_version=&#8221;4.18.0&#8243; _module_preset=&#8221;default&#8221; background_color=&#8221;#efefef&#8221; global_colors_info=&#8221;{}&#8221; custom_padding=&#8221;||191px|||&#8221;][et_pb_row _builder_version=&#8221;4.18.0&#8243; _module_preset=&#8221;default&#8221; global_colors_info=&#8221;{}&#8221; column_structure=&#8221;1_5,3_5,1_5&#8243;][et_pb_column type=&#8221;1_5&#8243; _builder_version=&#8221;4.18.0&#8243; _module_preset=&#8221;default&#8221; global_colors_info=&#8221;{}&#8221;][et_pb_divider show_divider=&#8221;off&#8221; _builder_version=&#8221;4.18.0&#8243; _module_preset=&#8221;default&#8221; global_colors_info=&#8221;{}&#8221;][\/et_pb_divider][\/et_pb_column][et_pb_column type=&#8221;3_5&#8243; _builder_version=&#8221;4.18.0&#8243; _module_preset=&#8221;default&#8221; global_colors_info=&#8221;{}&#8221;][et_pb_text _builder_version=&#8221;4.18.0&#8243; _module_preset=&#8221;default&#8221; hover_enabled=&#8221;0&#8243; sticky_enabled=&#8221;0&#8243;]<\/p>\n<p style=\"text-align: center;\"><em>\u201d Organisaatioiden prosessien tutkiminen, kokeilutoiminta, kehitt\u00e4minen ja innovointi edellytt\u00e4v\u00e4t muutoksen infrastruktuurien ja ohjaavien periaatteiden kehittymist\u00e4 oppiviksi dialogisiksi\u00a0 ja \u00a0yhteistoiminnallisiksi ihmisten arjen ty\u00f6ss\u00e4.\u201d <\/em><\/p>\n<p style=\"text-align: center;\">Adriaan Bekman<\/p>\n<p>[\/et_pb_text][\/et_pb_column][et_pb_column type=&#8221;1_5&#8243; _builder_version=&#8221;4.18.0&#8243; _module_preset=&#8221;default&#8221; global_colors_info=&#8221;{}&#8221;][\/et_pb_column][\/et_pb_row][\/et_pb_section]<\/p>\n","protected":false},"excerpt":{"rendered":"<p>IMO Akatemia tarjoaa toiminnan tutkimisen oppimispaikan IMO metodologian\u00a0 monin\u00e4k\u00f6kulmaiseen kest\u00e4v\u00e4\u00e4n\u00a0 kehitysty\u00f6h\u00f6n: ihmiset, asiakkaat, talous ja alueellisuus. Asiakkaat, kollegat ja IMO verkoston j\u00e4senet kutsutaan osallistumaan.IMO International toimii\u00a0 kansainv\u00e4lisess\u00e4\u00a0 action research verkostossa ja kiinnitt\u00e4\u00e4 huomiota vuorovaikutuksen laatuun ja organisaation rakenteiden uudistamiseen t\u00e4ss\u00e4 ajassa.See also IMO Academy International\u201d Organisaatioiden prosessien tutkiminen, kokeilutoiminta, kehitt\u00e4minen ja innovointi edellytt\u00e4v\u00e4t muutoksen infrastruktuurien [&hellip;]<\/p>\n","protected":false},"author":1,"featured_media":0,"parent":0,"menu_order":0,"comment_status":"closed","ping_status":"closed","template":"","meta":{"_et_pb_use_builder":"on","_et_pb_old_content":"","_et_gb_content_width":"","footnotes":""},"class_list":["post-664","page","type-page","status-publish","hentry"],"_links":{"self":[{"href":"https:\/\/het-imo.net\/fi\/wp-json\/wp\/v2\/pages\/664","targetHints":{"allow":["GET"]}}],"collection":[{"href":"https:\/\/het-imo.net\/fi\/wp-json\/wp\/v2\/pages"}],"about":[{"href":"https:\/\/het-imo.net\/fi\/wp-json\/wp\/v2\/types\/page"}],"author":[{"embeddable":true,"href":"https:\/\/het-imo.net\/fi\/wp-json\/wp\/v2\/users\/1"}],"replies":[{"embeddable":true,"href":"https:\/\/het-imo.net\/fi\/wp-json\/wp\/v2\/comments?post=664"}],"version-history":[{"count":4,"href":"https:\/\/het-imo.net\/fi\/wp-json\/wp\/v2\/pages\/664\/revisions"}],"predecessor-version":[{"id":670,"href":"https:\/\/het-imo.net\/fi\/wp-json\/wp\/v2\/pages\/664\/revisions\/670"}],"wp:attachment":[{"href":"https:\/\/het-imo.net\/fi\/wp-json\/wp\/v2\/media?parent=664"}],"curies":[{"name":"wp","href":"https:\/\/api.w.org\/{rel}","templated":true}]}}