{"id":567,"date":"2022-10-04T10:41:58","date_gmt":"2022-10-04T07:41:58","guid":{"rendered":"https:\/\/het-imo.net\/fi\/?page_id=567"},"modified":"2022-10-05T07:39:51","modified_gmt":"2022-10-05T04:39:51","slug":"viisas-elama-2","status":"publish","type":"page","link":"https:\/\/het-imo.net\/fi\/viisas-elama-2\/","title":{"rendered":"Viisas el\u00e4m\u00e4"},"content":{"rendered":"<p>[et_pb_section fb_built=&#8221;1&#8243; _builder_version=&#8221;4.18.0&#8243; _module_preset=&#8221;default&#8221; global_colors_info=&#8221;{}&#8221;][et_pb_row column_structure=&#8221;2_5,3_5&#8243; _builder_version=&#8221;4.18.0&#8243; _module_preset=&#8221;default&#8221; global_colors_info=&#8221;{}&#8221;][et_pb_column type=&#8221;2_5&#8243; _builder_version=&#8221;4.18.0&#8243; _module_preset=&#8221;default&#8221; global_colors_info=&#8221;{}&#8221;][et_pb_image src=&#8221;https:\/\/het-imo.net\/fi\/wp-content\/uploads\/2022\/10\/Viisas-elama.webp&#8221; title_text=&#8221;Viisas el\u00e4m\u00e4&#8221; url=&#8221;https:\/\/het-imo.net\/fi\/wp-content\/uploads\/2022\/05\/Viikon_viisaudet_korj.-viim.pdf%20&#8243; _builder_version=&#8221;4.18.0&#8243; _module_preset=&#8221;default&#8221; global_colors_info=&#8221;{}&#8221;][\/et_pb_image][\/et_pb_column][et_pb_column type=&#8221;3_5&#8243; _builder_version=&#8221;4.18.0&#8243; _module_preset=&#8221;default&#8221; global_colors_info=&#8221;{}&#8221;][et_pb_text _builder_version=&#8221;4.18.0&#8243; _module_preset=&#8221;default&#8221; global_colors_info=&#8221;{}&#8221;]<\/p>\n<p><a href=\"https:\/\/het-imo.net\/fi\/wp-content\/uploads\/2022\/05\/Viikon_viisaudet_korj.-viim.pdf\">Viisas el\u00e4m\u00e4 viikkokalenterin<\/a><span>\u00a0kuvauksista l\u00f6yd\u00e4t viisauksia vuoden jokaiselle viikolle. Kalenterin muotoilua on taloudellisesti tukenut Signe&amp;Ane Gyllenbergin s\u00e4\u00e4ti\u00f6, kuten my\u00f6s <a href=\"https:\/\/het-imo.net\/fi\/wp-content\/uploads\/2022\/10\/Video-2.mov\">Oppimisen johtamisen animaation luomista.<\/a><\/span><\/p>\n<p>[\/et_pb_text][et_pb_text _builder_version=&#8221;4.18.0&#8243; _module_preset=&#8221;default&#8221; hover_enabled=&#8221;0&#8243; sticky_enabled=&#8221;0&#8243;][\/et_pb_text][et_pb_text _builder_version=&#8221;4.18.0&#8243; _module_preset=&#8221;default&#8221; global_colors_info=&#8221;{}&#8221;][\/et_pb_text][et_pb_text _builder_version=&#8221;4.18.0&#8243; _module_preset=&#8221;default&#8221; global_colors_info=&#8221;{}&#8221;][\/et_pb_text][\/et_pb_column][\/et_pb_row][\/et_pb_section]<\/p>\n","protected":false},"excerpt":{"rendered":"<p>Viisas el\u00e4m\u00e4 viikkokalenterin\u00a0kuvauksista l\u00f6yd\u00e4t viisauksia vuoden jokaiselle viikolle. Kalenterin muotoilua on taloudellisesti tukenut Signe&amp;Ane Gyllenbergin s\u00e4\u00e4ti\u00f6, kuten my\u00f6s Oppimisen johtamisen animaation luomista.<\/p>\n","protected":false},"author":1,"featured_media":0,"parent":0,"menu_order":0,"comment_status":"closed","ping_status":"closed","template":"","meta":{"_et_pb_use_builder":"on","_et_pb_old_content":"","_et_gb_content_width":"","footnotes":""},"class_list":["post-567","page","type-page","status-publish","hentry"],"_links":{"self":[{"href":"https:\/\/het-imo.net\/fi\/wp-json\/wp\/v2\/pages\/567","targetHints":{"allow":["GET"]}}],"collection":[{"href":"https:\/\/het-imo.net\/fi\/wp-json\/wp\/v2\/pages"}],"about":[{"href":"https:\/\/het-imo.net\/fi\/wp-json\/wp\/v2\/types\/page"}],"author":[{"embeddable":true,"href":"https:\/\/het-imo.net\/fi\/wp-json\/wp\/v2\/users\/1"}],"replies":[{"embeddable":true,"href":"https:\/\/het-imo.net\/fi\/wp-json\/wp\/v2\/comments?post=567"}],"version-history":[{"count":10,"href":"https:\/\/het-imo.net\/fi\/wp-json\/wp\/v2\/pages\/567\/revisions"}],"predecessor-version":[{"id":636,"href":"https:\/\/het-imo.net\/fi\/wp-json\/wp\/v2\/pages\/567\/revisions\/636"}],"wp:attachment":[{"href":"https:\/\/het-imo.net\/fi\/wp-json\/wp\/v2\/media?parent=567"}],"curies":[{"name":"wp","href":"https:\/\/api.w.org\/{rel}","templated":true}]}}