{"id":55,"date":"2022-03-15T23:12:00","date_gmt":"2022-03-15T21:12:00","guid":{"rendered":"https:\/\/het-imo.net\/fi\/?page_id=55"},"modified":"2022-10-21T11:24:23","modified_gmt":"2022-10-21T08:24:23","slug":"missio","status":"publish","type":"page","link":"https:\/\/het-imo.net\/fi\/missio\/","title":{"rendered":"Missio"},"content":{"rendered":"\n\n[et_pb_section fb_built=&#8221;1&#8243; _builder_version=&#8221;4.9.7&#8243; _module_preset=&#8221;default&#8221; background_image=&#8221;https:\/\/het-imo.net\/fi\/wp-content\/uploads\/2021\/08\/About-IMO.jpg&#8221; min_height=&#8221;326px&#8221; custom_padding=&#8221;132px||41px|||&#8221; filter_opacity=&#8221;90%&#8221; global_colors_info=&#8221;{}&#8221;][et_pb_row _builder_version=&#8221;4.13.1&#8243; _module_preset=&#8221;default&#8221; global_colors_info=&#8221;{}&#8221;][et_pb_column type=&#8221;4_4&#8243; _builder_version=&#8221;4.9.7&#8243; _module_preset=&#8221;default&#8221; global_colors_info=&#8221;{}&#8221;][et_pb_text _builder_version=&#8221;4.10.4&#8243; _module_preset=&#8221;default&#8221; text_font=&#8221;||||||||&#8221; header_font=&#8221;|600||on|||||&#8221; header_text_align=&#8221;left&#8221; header_text_color=&#8221;#FFFFFF&#8221; header_font_size=&#8221;50px&#8221; header_text_shadow_style=&#8221;preset3&#8243; global_colors_info=&#8221;{}&#8221;]<h1 class=\"et_pb_module_header\">Visio ja MISSIO<\/h1>[\/et_pb_text][\/et_pb_column][\/et_pb_row][\/et_pb_section][et_pb_section fb_built=&#8221;1&#8243; _builder_version=&#8221;4.9.7&#8243; _module_preset=&#8221;default&#8221; width=&#8221;98.6%&#8221; custom_padding=&#8221;5px||4px|||&#8221; global_colors_info=&#8221;{}&#8221;][et_pb_row _builder_version=&#8221;4.9.7&#8243; _module_preset=&#8221;default&#8221; global_colors_info=&#8221;{}&#8221;][et_pb_column type=&#8221;4_4&#8243; _builder_version=&#8221;4.9.7&#8243; _module_preset=&#8221;default&#8221; global_colors_info=&#8221;{}&#8221;][et_pb_text _builder_version=&#8221;4.10.7&#8243; _module_preset=&#8221;default&#8221; custom_padding=&#8221;||0px|||&#8221; global_colors_info=&#8221;{}&#8221;]<p>IMO Institute for Human and Organization Development, (alkuper\u00e4isesti Dutch: Instituut voor Mens- en Organisatieontwikkeling) auttaa ihmisi\u00e4 johtamaan oppimista horisontaalisesti ja luomaan kehitt\u00e4misen yhteis\u00f6rakenteita.<\/p>\n<p><strong>Katso videot :<br \/><a href=\"https:\/\/youtu.be\/O9Tme0kTLLs\" target=\"_blank\" rel=\"noopener\">Tuemme muutoksessa<\/a><br \/><\/strong><strong><a href=\"https:\/\/youtu.be\/x0UtbSbHgtY\" target=\"_blank\" rel=\"noopener\">Inspiraatio<\/a> \u00a0<\/strong><\/p>[\/et_pb_text][\/et_pb_column][\/et_pb_row][et_pb_row column_structure=&#8221;1_5,1_5,1_5,1_5,1_5&#8243; use_custom_gutter=&#8221;on&#8221; gutter_width=&#8221;2&#8243; _builder_version=&#8221;4.10.4&#8243; _module_preset=&#8221;default&#8221; global_colors_info=&#8221;{}&#8221;][et_pb_column type=&#8221;1_5&#8243; _builder_version=&#8221;4.9.7&#8243; _module_preset=&#8221;default&#8221; global_colors_info=&#8221;{}&#8221;][et_pb_text _builder_version=&#8221;4.10.4&#8243; _module_preset=&#8221;default&#8221; custom_padding=&#8221;|0px||||&#8221; global_colors_info=&#8221;{}&#8221;]<h2>Toiminnasta oppiminen<\/h2>\n<h2><span style=\"font-size: 16px; color: #666666;\">Asiakas synnytt\u00e4\u00e4 kanssamme oman kehitysimpulssinsa. Teemme sen keskittyen kokonaisuuksien hahmottamiseen uuden oppimiseen ja luomiseen toiminnassa asiakkaan fokusoidun kysymyksen pohjalta.<\/span><\/h2>\n<h2><span style=\"font-size: 16px; color: #666666;\">IMO kollegoina ty\u00f6skentelemme asiakkaiden kanssa heille merkityksellisten kysymystens\u00e4 pohjalta. Asiakas luo seuraavan kehitysteon yhteisty\u00f6ss\u00e4 kanssamme.<\/span><\/h2>[\/et_pb_text][\/et_pb_column][et_pb_column type=&#8221;1_5&#8243; _builder_version=&#8221;4.9.7&#8243; _module_preset=&#8221;default&#8221; global_colors_info=&#8221;{}&#8221;][et_pb_text _builder_version=&#8221;4.10.4&#8243; _module_preset=&#8221;default&#8221; global_colors_info=&#8221;{}&#8221;]<h2>L\u00e4ht\u00f6kohtamme<\/h2>\n<p>Aloitamme kehityspotentiaalista. Oppimismuotoilemme kehitysprosessin asiakkaan kanssa h\u00e4nen oman rytmins\u00e4 mukaisesti. Luomme kest\u00e4v\u00e4\u00e4 kehityst\u00e4, ihmiselle, organisaatiolle ja yhteiskunnalle.<\/p>[\/et_pb_text][\/et_pb_column][et_pb_column type=&#8221;1_5&#8243; _builder_version=&#8221;4.9.7&#8243; _module_preset=&#8221;default&#8221; global_colors_info=&#8221;{}&#8221;][et_pb_text _builder_version=&#8221;4.10.4&#8243; _module_preset=&#8221;default&#8221; global_colors_info=&#8221;{}&#8221;]<h2>N\u00e4k\u00f6kulma<\/h2>\n<p>Opimme johtamista horisontaalisesti luoden l\u00e4mp\u00f6\u00e4, liikett\u00e4 ja merkityst\u00e4 dialogin keinoin. Sitoutuminen ja tahdon keskitt\u00e4minen on vahvuutemme. Yhdist\u00e4mme strategian, talouden ja yhteisty\u00f6n el\u00e4v\u00e4ksi ja terveeksi organisoitumiseksi. Se synnytt\u00e4\u00e4 uutta osaamista toimia horisontaalisina johtajina.<\/p>[\/et_pb_text][\/et_pb_column][et_pb_column type=&#8221;1_5&#8243; _builder_version=&#8221;4.9.7&#8243; _module_preset=&#8221;default&#8221; global_colors_info=&#8221;{}&#8221;][et_pb_text _builder_version=&#8221;4.10.4&#8243; _module_preset=&#8221;default&#8221; width=&#8221;100%&#8221; min_height=&#8221;430px&#8221; global_colors_info=&#8221;{}&#8221;]<h2><span style=\"font-size: 23px;\">Taustamme<\/span><\/h2>\n<h2><span style=\"font-size: 16px; color: #666666;\"><\/span><\/h2>\n<h2><span style=\"font-size: 16px; color: #666666;\">Me olemme asiantuntijayritt\u00e4ji\u00e4 ja sitoutamme omistajat ja p\u00e4\u00e4t\u00f6ksentekij\u00e4t mukaan prosesseihin. Annamme aikaa reflektoimiselle. Havaintomme on, ett\u00e4 yksil\u00f6n muutos tapahtuu, kun h\u00e4n yhdist\u00e4\u00e4 sis\u00e4isen ja ulkoisen kehityksen tietoiseksi toiminnaksi.\u00a0<\/span><\/h2>[\/et_pb_text][\/et_pb_column][et_pb_column type=&#8221;1_5&#8243; _builder_version=&#8221;4.13.1&#8243; _module_preset=&#8221;default&#8221; global_colors_info=&#8221;{}&#8221;][et_pb_text _builder_version=&#8221;4.14.9&#8243; _module_preset=&#8221;default&#8221; hover_enabled=&#8221;0&#8243; sticky_enabled=&#8221;0&#8243;]<h2>El\u00e4v\u00e4 todellisuus<\/h2>\n<p>Ihmisen ja organisaation persoonallinen, sosiaalinen ja taloudellinen kehitys luovana energiana synnytt\u00e4\u00e4 oppivia terveit\u00e4 organisaatioita. Horisontaalisten johtajien henkil\u00f6kohtainen s\u00e4\u00e4nn\u00f6llinen \u00a0oppivan muutoksen johtajuusdialogi todellisuudesta \u00a0luo uusia prosesseja ja kompetensseja asiakkaalle askel askeleelta yhdist\u00e4m\u00e4ll\u00e4 ihmiset ja heid\u00e4n biografiansa.\u00a0<\/p>\n<div><p><span class=\"y2iqfc\"><span class=\"y2iqfc\"><span>Johtajuus on n\u00e4kemys ihmisen nostamisesta, ihmisen saavutusten nostamisesta, ihmisen persoonallisuuden rakentamisesta normaalien rajoitustensa ulkopuolelle. Jokaisen oma johtajuus saa ihmiset tekem\u00e4\u00e4n asioita,<\/span><\/span><\/span>\u00a0joita he eiv\u00e4t koskaan uskoneet mahdollisiksi.<\/p>\n<div><span class=\"y2iqfc\"><span>Shakespearen sanoin: \u201dT\u00e4m\u00e4 ennen kaikkea: ole uskollinen omalle itsellesi. Ja mit\u00e4 siit\u00e4 seuraa, kun y\u00f6st\u00e4 tulee p\u00e4iv\u00e4, et voi olla uskoton itsellesi&#8230;\u201d<\/span><\/span><\/div>\n<div><\/div>\n<div><\/div>\n<\/div>\n<div><\/div>[\/et_pb_text][\/et_pb_column][\/et_pb_row][\/et_pb_section][et_pb_section fb_built=&#8221;1&#8243; _builder_version=&#8221;4.10.4&#8243; _module_preset=&#8221;default&#8221; background_color=&#8221;#efefef&#8221; custom_padding=&#8221;23px||30px|||&#8221; global_colors_info=&#8221;{}&#8221;][et_pb_row _builder_version=&#8221;4.10.4&#8243; _module_preset=&#8221;default&#8221; global_colors_info=&#8221;{}&#8221;][et_pb_column type=&#8221;4_4&#8243; _builder_version=&#8221;4.10.4&#8243; _module_preset=&#8221;default&#8221; global_colors_info=&#8221;{}&#8221;][et_pb_text _builder_version=&#8221;4.10.4&#8243; _module_preset=&#8221;default&#8221; global_colors_info=&#8221;{}&#8221;]<p style=\"text-align: center;\"><span>IMO:n on perustanut prof. Adriaan Bekman vuonna 2004. IMO tarkoittaa hollannin kielell\u00e4 Instituut voor Mens en Organisatieontwikkeling \u00a0ja englanniksi Institute for Human and Organization development.<\/span><\/p>[\/et_pb_text][\/et_pb_column][\/et_pb_row][\/et_pb_section]\n\n","protected":false},"excerpt":{"rendered":"<p>Visio ja MISSIOIMO Institute for Human and Organization Development, (alkuper\u00e4isesti Dutch: Instituut voor Mens- en Organisatieontwikkeling) auttaa ihmisi\u00e4 johtamaan oppimista horisontaalisesti ja luomaan kehitt\u00e4misen yhteis\u00f6rakenteita. Katso videot :Tuemme muutoksessaInspiraatio \u00a0Toiminnasta oppiminen Asiakas synnytt\u00e4\u00e4 kanssamme oman kehitysimpulssinsa. Teemme sen keskittyen kokonaisuuksien hahmottamiseen uuden oppimiseen ja luomiseen toiminnassa asiakkaan fokusoidun kysymyksen pohjalta. IMO kollegoina ty\u00f6skentelemme asiakkaiden kanssa [&hellip;]<\/p>\n","protected":false},"author":1,"featured_media":0,"parent":0,"menu_order":0,"comment_status":"closed","ping_status":"closed","template":"","meta":{"_et_pb_use_builder":"on","_et_pb_old_content":"","_et_gb_content_width":"","footnotes":""},"class_list":["post-55","page","type-page","status-publish","hentry"],"_links":{"self":[{"href":"https:\/\/het-imo.net\/fi\/wp-json\/wp\/v2\/pages\/55","targetHints":{"allow":["GET"]}}],"collection":[{"href":"https:\/\/het-imo.net\/fi\/wp-json\/wp\/v2\/pages"}],"about":[{"href":"https:\/\/het-imo.net\/fi\/wp-json\/wp\/v2\/types\/page"}],"author":[{"embeddable":true,"href":"https:\/\/het-imo.net\/fi\/wp-json\/wp\/v2\/users\/1"}],"replies":[{"embeddable":true,"href":"https:\/\/het-imo.net\/fi\/wp-json\/wp\/v2\/comments?post=55"}],"version-history":[{"count":17,"href":"https:\/\/het-imo.net\/fi\/wp-json\/wp\/v2\/pages\/55\/revisions"}],"predecessor-version":[{"id":402,"href":"https:\/\/het-imo.net\/fi\/wp-json\/wp\/v2\/pages\/55\/revisions\/402"}],"wp:attachment":[{"href":"https:\/\/het-imo.net\/fi\/wp-json\/wp\/v2\/media?parent=55"}],"curies":[{"name":"wp","href":"https:\/\/api.w.org\/{rel}","templated":true}]}}