{"id":48,"date":"2021-08-25T23:02:50","date_gmt":"2021-08-25T20:02:50","guid":{"rendered":"https:\/\/het-imo.net\/fi\/?page_id=48"},"modified":"2022-10-21T11:24:15","modified_gmt":"2022-10-21T08:24:15","slug":"tertta-paananen-2","status":"publish","type":"page","link":"https:\/\/het-imo.net\/fi\/tertta-paananen-2\/","title":{"rendered":"Tertta Paananen"},"content":{"rendered":"\n[et_pb_section fb_built=&#8221;1&#8243; _builder_version=&#8221;4.10.4&#8243; _module_preset=&#8221;default&#8221;][et_pb_row _builder_version=&#8221;4.10.4&#8243; _module_preset=&#8221;default&#8221; column_structure=&#8221;1_2,1_2&#8243;][et_pb_column _builder_version=&#8221;4.10.4&#8243; _module_preset=&#8221;default&#8221; type=&#8221;1_2&#8243;][et_pb_image src=&#8221;https:\/\/het-imo.net\/fi\/wp-content\/uploads\/2021\/06\/Tertta-Paananen.jpg&#8221; _builder_version=&#8221;4.10.4&#8243; _module_preset=&#8221;default&#8221; title_text=&#8221;Tertta Paananen&#8221; hover_enabled=&#8221;0&#8243; sticky_enabled=&#8221;0&#8243; force_fullwidth=&#8221;on&#8221;][\/et_pb_image][et_pb_text _builder_version=&#8221;4.10.4&#8243; _module_preset=&#8221;default&#8221; hover_enabled=&#8221;0&#8243; sticky_enabled=&#8221;0&#8243;]<h1>Tertta Paananen<\/h1>\n<p>E-mail:<span>\u00a0<\/span>paananen@het-imo.net<\/p>[\/et_pb_text][\/et_pb_column][et_pb_column _builder_version=&#8221;4.10.4&#8243; _module_preset=&#8221;default&#8221; type=&#8221;1_2&#8243;][et_pb_text _builder_version=&#8221;4.10.4&#8243; _module_preset=&#8221;default&#8221; hover_enabled=&#8221;0&#8243; sticky_enabled=&#8221;0&#8243;]<p><span>Olen ty\u00f6skennellyt 35 -vuotta oppimisen johtamisen ja johtamisen oppimisen design prosesseissa, oppivien yhteis\u00f6jen, verkostojen\u00a0 ja alueiden kehitysty\u00f6ss\u00e4 ja innovoinnissa.\u00a0<\/span><strong>Vuonna 2015 julkaistiin lisensiaatintutkimukseni \u00a0Oppimisen johtamisen design oppimissysteemiss\u00e4 Tampereen yliopistossa.<span>\u00a0<\/span><\/strong><span>Digi -,E,- ja Mobile oppimisratkaisut, innovatiiviset oppimisymp\u00e4rist\u00f6t,horisontaalinen oppimisen johtaminen ja viisas neuvottelu luovat iloa ja intoa my\u00f6s asiakkaille, kun heid\u00e4n kysymyksi\u00e4\u00e4n kuunnellaan ja kunnoitetaan.<\/span><\/p>\n<p><span><\/span><\/p>\n<div class=\"page\" title=\"Page 1\">\n<div class=\"section\">\n<div class=\"layoutArea\">\n<div class=\"column\">\n<p>IMO Suomen oppimisen johtamisen valmentajana tutkin Ilmeinen tutkimismenetelm\u00e4n avulla (Methodology of Evidential) horisontaalista oppimisen johtamista asiakkaiden kysymysten pohjalta. Oppimisprosessien dokumentoinnin, dialogin ja dialogisen kirjoittamisen avulla avaan asiakkaiden kysymyksi\u00e4 ja asiakas selkiytt\u00e4\u00e4 \u00a0seuraava kehitysteon. Jokaisen autenttisen el\u00e4m\u00e4nkulun ja el\u00e4m\u00e4nkaaren tapahtumat rikastavat ja innostavat tulevaisuuden my\u00f6nteiseen ty\u00f6st\u00e4miseen.<\/p>\n<p>Miten oppimismuotoilu inspiroi oppijaa ja \u00a0miss\u00e4 jokainen voi l\u00f6yt\u00e4\u00e4 uusia potentiaaleja itsest\u00e4\u00e4n ?\u00a0\u00a0Miten inspiroin ja luon intoa my\u00f6s asiakaan el\u00e4m\u00e4\u00e4n ? Miten laadukas rekrytointi inspiroi aina kaikkien hakijoiden urakehityksen visiointiin ?\u00a0Kuinka kohdata ihminen \u00a0arvostavasti ? Miten sosiaalinen media vahventaa arvostavaa kohtaamista ?<\/p>\n<p>Harrastan kulttuurimatkailua, kirjallisuutta, k\u00e4vely\u00e4, kuntosalilla k\u00e4ynti\u00e4 ja uintia ja luonnon ja mets\u00e4n ihmeist\u00e4 nauttimista sen monissa muodoissa.<\/p>\n<p>Olen ollut ASD (Association for Social Development j\u00e4sen) \u00a0ja IMO:n j\u00e4sen vuodesta 2005.<\/p>\n<\/div>\n<\/div>\n<\/div>\n<\/div>[\/et_pb_text][\/et_pb_column][\/et_pb_row][\/et_pb_section]\n","protected":false},"excerpt":{"rendered":"<p>Tertta Paananen E-mail:\u00a0paananen@het-imo.netOlen ty\u00f6skennellyt 35 -vuotta oppimisen johtamisen ja johtamisen oppimisen design prosesseissa, oppivien yhteis\u00f6jen, verkostojen\u00a0 ja alueiden kehitysty\u00f6ss\u00e4 ja innovoinnissa.\u00a0Vuonna 2015 julkaistiin lisensiaatintutkimukseni \u00a0Oppimisen johtamisen design oppimissysteemiss\u00e4 Tampereen yliopistossa.\u00a0Digi -,E,- ja Mobile oppimisratkaisut, innovatiiviset oppimisymp\u00e4rist\u00f6t,horisontaalinen oppimisen johtaminen ja viisas neuvottelu luovat iloa ja intoa my\u00f6s asiakkaille, kun heid\u00e4n kysymyksi\u00e4\u00e4n kuunnellaan ja kunnoitetaan. IMO Suomen [&hellip;]<\/p>\n","protected":false},"author":1,"featured_media":0,"parent":0,"menu_order":0,"comment_status":"closed","ping_status":"closed","template":"","meta":{"_et_pb_use_builder":"on","_et_pb_old_content":"","_et_gb_content_width":"","footnotes":""},"class_list":["post-48","page","type-page","status-publish","hentry"],"_links":{"self":[{"href":"https:\/\/het-imo.net\/fi\/wp-json\/wp\/v2\/pages\/48","targetHints":{"allow":["GET"]}}],"collection":[{"href":"https:\/\/het-imo.net\/fi\/wp-json\/wp\/v2\/pages"}],"about":[{"href":"https:\/\/het-imo.net\/fi\/wp-json\/wp\/v2\/types\/page"}],"author":[{"embeddable":true,"href":"https:\/\/het-imo.net\/fi\/wp-json\/wp\/v2\/users\/1"}],"replies":[{"embeddable":true,"href":"https:\/\/het-imo.net\/fi\/wp-json\/wp\/v2\/comments?post=48"}],"version-history":[{"count":3,"href":"https:\/\/het-imo.net\/fi\/wp-json\/wp\/v2\/pages\/48\/revisions"}],"predecessor-version":[{"id":51,"href":"https:\/\/het-imo.net\/fi\/wp-json\/wp\/v2\/pages\/48\/revisions\/51"}],"wp:attachment":[{"href":"https:\/\/het-imo.net\/fi\/wp-json\/wp\/v2\/media?parent=48"}],"curies":[{"name":"wp","href":"https:\/\/api.w.org\/{rel}","templated":true}]}}