{"id":105,"date":"2021-09-17T10:15:21","date_gmt":"2021-09-17T07:15:21","guid":{"rendered":"https:\/\/het-imo.net\/fi\/?page_id=105"},"modified":"2022-10-21T11:26:11","modified_gmt":"2022-10-21T08:26:11","slug":"julkaisut","status":"publish","type":"page","link":"https:\/\/het-imo.net\/fi\/julkaisut\/","title":{"rendered":"Julkaisut"},"content":{"rendered":"<p>[et_pb_section fb_built=&#8221;1&#8243; _builder_version=&#8221;4.18.0&#8243; _module_preset=&#8221;default&#8221; custom_padding=&#8221;16px||1px|||&#8221; global_colors_info=&#8221;{}&#8221;][et_pb_row _builder_version=&#8221;4.18.0&#8243; _module_preset=&#8221;default&#8221; global_colors_info=&#8221;{}&#8221;][et_pb_column type=&#8221;4_4&#8243; _builder_version=&#8221;4.18.0&#8243; _module_preset=&#8221;default&#8221; global_colors_info=&#8221;{}&#8221;][et_pb_text _builder_version=&#8221;4.18.0&#8243; _module_preset=&#8221;default&#8221; text_font=&#8221;|||on|||||&#8221; text_font_size=&#8221;50px&#8221; text_orientation=&#8221;center&#8221; global_colors_info=&#8221;{}&#8221;]<\/p>\n<p>Julkaisut<\/p>\n<p>[\/et_pb_text][\/et_pb_column][\/et_pb_row][et_pb_row _builder_version=&#8221;4.18.0&#8243; _module_preset=&#8221;default&#8221; global_colors_info=&#8221;{}&#8221;][et_pb_column type=&#8221;4_4&#8243; _builder_version=&#8221;4.18.0&#8243; _module_preset=&#8221;default&#8221; global_colors_info=&#8221;{}&#8221;][et_pb_divider color=&#8221;#c7624a&#8221; divider_weight=&#8221;3px&#8221; _builder_version=&#8221;4.18.0&#8243; _module_preset=&#8221;default&#8221; custom_margin=&#8221;||7px|||&#8221; global_colors_info=&#8221;{}&#8221;][\/et_pb_divider][et_pb_text _builder_version=&#8221;4.18.0&#8243; _module_preset=&#8221;default&#8221; global_colors_info=&#8221;{}&#8221;]<\/p>\n<p>IMO kirjat ja artikkelit ovat IMO konsulttien julkaisemia ja vapaasti ladattavia. Kun viittaat julkaisuihin omissa esityksiss\u00e4si, mainitsethan l\u00e4hteen.<\/p>\n<p>[\/et_pb_text][\/et_pb_column][\/et_pb_row][\/et_pb_section][et_pb_section fb_built=&#8221;1&#8243; _builder_version=&#8221;4.17.0&#8243; _module_preset=&#8221;default&#8221; custom_padding=&#8221;0px|||||&#8221; global_colors_info=&#8221;{}&#8221;][et_pb_row column_structure=&#8221;1_4,1_4,1_4,1_4&#8243; use_custom_gutter=&#8221;on&#8221; gutter_width=&#8221;2&#8243; _builder_version=&#8221;4.18.0&#8243; _module_preset=&#8221;default&#8221; global_colors_info=&#8221;{}&#8221;][et_pb_column type=&#8221;1_4&#8243; _builder_version=&#8221;4.16&#8243; _module_preset=&#8221;default&#8221; global_colors_info=&#8221;{}&#8221;][et_pb_image src=&#8221;https:\/\/het-imo.net\/fi\/wp-content\/uploads\/2022\/10\/Cover-Sisalla-muutoksessa.webp&#8221; title_text=&#8221;Cover Sis\u00e4ll\u00e4 muutoksessa&#8221; url=&#8221;https:\/\/het-imo.net\/fi\/sisalla-muutoksessa\/&#8221; _builder_version=&#8221;4.18.0&#8243; _module_preset=&#8221;default&#8221; global_colors_info=&#8221;{}&#8221;][\/et_pb_image][\/et_pb_column][et_pb_column type=&#8221;1_4&#8243; _builder_version=&#8221;4.16&#8243; _module_preset=&#8221;default&#8221; global_colors_info=&#8221;{}&#8221;][et_pb_image src=&#8221;https:\/\/het-imo.net\/fi\/wp-content\/uploads\/2022\/10\/Viisas-elama.webp&#8221; title_text=&#8221;Viisas el\u00e4m\u00e4&#8221; url=&#8221;https:\/\/het-imo.net\/fi\/viisas-elama-2\/&#8221; _builder_version=&#8221;4.18.0&#8243; _module_preset=&#8221;default&#8221; global_colors_info=&#8221;{}&#8221;][\/et_pb_image][\/et_pb_column][et_pb_column type=&#8221;1_4&#8243; _builder_version=&#8221;4.16&#8243; _module_preset=&#8221;default&#8221; global_colors_info=&#8221;{}&#8221;][et_pb_image src=&#8221;https:\/\/het-imo.net\/fi\/wp-content\/uploads\/2022\/10\/Lisensiaatintutkimukseni.webp&#8221; title_text=&#8221;Lisensiaatintutkimukseni&#8221; url=&#8221;https:\/\/het-imo.net\/fi\/lisensiaatintutkimukseni-3\/&#8221; _builder_version=&#8221;4.18.0&#8243; _module_preset=&#8221;default&#8221; global_colors_info=&#8221;{}&#8221;][\/et_pb_image][\/et_pb_column][et_pb_column type=&#8221;1_4&#8243; _builder_version=&#8221;4.16&#8243; _module_preset=&#8221;default&#8221; global_colors_info=&#8221;{}&#8221;][et_pb_image src=&#8221;https:\/\/het-imo.net\/fi\/wp-content\/uploads\/2022\/10\/Inspiraation-voima.webp&#8221; title_text=&#8221;Inspiraation voima&#8221; url=&#8221;https:\/\/het-imo.net\/fi\/inspiraation-voima-2\/&#8221; _builder_version=&#8221;4.18.0&#8243; _module_preset=&#8221;default&#8221; global_colors_info=&#8221;{}&#8221;][\/et_pb_image][\/et_pb_column][\/et_pb_row][et_pb_row column_structure=&#8221;1_4,1_4,1_4,1_4&#8243; use_custom_gutter=&#8221;on&#8221; gutter_width=&#8221;2&#8243; _builder_version=&#8221;4.18.0&#8243; _module_preset=&#8221;default&#8221; global_colors_info=&#8221;{}&#8221;][et_pb_column type=&#8221;1_4&#8243; _builder_version=&#8221;4.16&#8243; _module_preset=&#8221;default&#8221; global_colors_info=&#8221;{}&#8221;][et_pb_image src=&#8221;https:\/\/het-imo.net\/fi\/wp-content\/uploads\/2022\/10\/Huomioita-biografisista-tapahtumista-vahvasti-organisoidussa-maailmassamme.webp&#8221; title_text=&#8221;Huomioita biografisista tapahtumista vahvasti organisoidussa maailmassamme&#8221; url=&#8221;https:\/\/het-imo.net\/fi\/huomioita-biografisista\/&#8221; _builder_version=&#8221;4.18.0&#8243; _module_preset=&#8221;default&#8221; global_colors_info=&#8221;{}&#8221;][\/et_pb_image][\/et_pb_column][et_pb_column type=&#8221;1_4&#8243; _builder_version=&#8221;4.16&#8243; _module_preset=&#8221;default&#8221; global_colors_info=&#8221;{}&#8221;][et_pb_image src=&#8221;https:\/\/het-imo.net\/fi\/wp-content\/uploads\/2022\/10\/Cover-Uudenlaisen-johtamisen-tarve-lean.webp&#8221; title_text=&#8221;Cover Uudenlaisen johtamisen tarve lean&#8221; url=&#8221;https:\/\/het-imo.net\/fi\/wp-content\/uploads\/2022\/10\/Uudenlaisen-johtamisen-tarve-lean.pdf%20&#8243; _builder_version=&#8221;4.18.0&#8243; _module_preset=&#8221;default&#8221; global_colors_info=&#8221;{}&#8221;][\/et_pb_image][\/et_pb_column][et_pb_column type=&#8221;1_4&#8243; _builder_version=&#8221;4.16&#8243; _module_preset=&#8221;default&#8221; global_colors_info=&#8221;{}&#8221;][et_pb_image src=&#8221;https:\/\/het-imo.net\/fi\/wp-content\/uploads\/2022\/10\/Cover-Horisontaalinen-johtaminen-ja-muutoksen-tyokalut.webp&#8221; title_text=&#8221;Cover Horisontaalinen-johtaminen-ja-muutoksen-ty\u00f6kalut&#8221; url=&#8221;https:\/\/het-imo.net\/fi\/wp-content\/uploads\/2022\/10\/Horisontaalinen-johtaminen-ja-muutoksen-tyokalut.pdf&#8221; _builder_version=&#8221;4.18.0&#8243; _module_preset=&#8221;default&#8221; global_colors_info=&#8221;{}&#8221;][\/et_pb_image][\/et_pb_column][et_pb_column type=&#8221;1_4&#8243; _builder_version=&#8221;4.16&#8243; _module_preset=&#8221;default&#8221; global_colors_info=&#8221;{}&#8221;][et_pb_image src=&#8221;https:\/\/het-imo.net\/fi\/wp-content\/uploads\/2022\/10\/Cover-Johtajuuden-mysteeri-1.webp&#8221; title_text=&#8221;Cover-Johtajuuden mysteeri&#8221; url=&#8221;https:\/\/het-imo.net\/fi\/wp-content\/uploads\/2022\/10\/Johtajuuden-mysteeri.pdf&#8221; _builder_version=&#8221;4.18.0&#8243; _module_preset=&#8221;default&#8221; global_colors_info=&#8221;{}&#8221;][\/et_pb_image][\/et_pb_column][\/et_pb_row][et_pb_row column_structure=&#8221;1_4,1_4,1_4,1_4&#8243; use_custom_gutter=&#8221;on&#8221; gutter_width=&#8221;2&#8243; _builder_version=&#8221;4.18.0&#8243; _module_preset=&#8221;default&#8221; global_colors_info=&#8221;{}&#8221;][et_pb_column type=&#8221;1_4&#8243; _builder_version=&#8221;4.16&#8243; _module_preset=&#8221;default&#8221; global_colors_info=&#8221;{}&#8221;][et_pb_image src=&#8221;https:\/\/het-imo.net\/fi\/wp-content\/uploads\/2022\/10\/cover-Publication-Merja-Kaariainen.webp&#8221; title_text=&#8221;cover Publication-Merja-K\u00e4\u00e4ri\u00e4inen&#8221; url=&#8221;https:\/\/het-imo.net\/fi\/wp-content\/uploads\/2022\/10\/Publication-Merja-Kaariainen.pdf&#8221; _builder_version=&#8221;4.18.0&#8243; _module_preset=&#8221;default&#8221; global_colors_info=&#8221;{}&#8221;][\/et_pb_image][\/et_pb_column][et_pb_column type=&#8221;1_4&#8243; _builder_version=&#8221;4.16&#8243; _module_preset=&#8221;default&#8221; global_colors_info=&#8221;{}&#8221;][et_pb_image src=&#8221;https:\/\/het-imo.net\/fi\/wp-content\/uploads\/2022\/10\/Cover-Publication-Sanna-Jacksen.webp&#8221; title_text=&#8221;Cover Publication Sanna Jacksen&#8221; url=&#8221;https:\/\/het-imo.net\/fi\/wp-content\/uploads\/2022\/10\/Publication-Sanna-Jacksen.pdf&#8221; _builder_version=&#8221;4.18.0&#8243; _module_preset=&#8221;default&#8221; global_colors_info=&#8221;{}&#8221;][\/et_pb_image][\/et_pb_column][et_pb_column type=&#8221;1_4&#8243; _builder_version=&#8221;4.16&#8243; _module_preset=&#8221;default&#8221; global_colors_info=&#8221;{}&#8221;][et_pb_image src=&#8221;https:\/\/het-imo.net\/fi\/wp-content\/uploads\/2022\/10\/Cover-Leadership_kaannos.webp&#8221; title_text=&#8221;Cover Leadership_k\u00e4\u00e4nn\u00f6s&#8221; url=&#8221;https:\/\/het-imo.net\/fi\/wp-content\/uploads\/2022\/10\/Leadership_kaannos.pdf&#8221; _builder_version=&#8221;4.18.0&#8243; _module_preset=&#8221;default&#8221; global_colors_info=&#8221;{}&#8221;][\/et_pb_image][\/et_pb_column][et_pb_column type=&#8221;1_4&#8243; _builder_version=&#8221;4.16&#8243; _module_preset=&#8221;default&#8221; global_colors_info=&#8221;{}&#8221;][\/et_pb_column][\/et_pb_row][et_pb_row _builder_version=&#8221;4.18.0&#8243; _module_preset=&#8221;default&#8221;][et_pb_column _builder_version=&#8221;4.18.0&#8243; _module_preset=&#8221;default&#8221; type=&#8221;4_4&#8243;][et_pb_button button_text=&#8221;International IMO Publications&#8221; _builder_version=&#8221;4.18.0&#8243; _module_preset=&#8221;default&#8221; button_url=&#8221;https:\/\/het-imo.net\/publications\/&#8221; url_new_window=&#8221;on&#8221; button_alignment=&#8221;center&#8221; hover_enabled=&#8221;0&#8243; sticky_enabled=&#8221;0&#8243;][\/et_pb_button][\/et_pb_column][\/et_pb_row][\/et_pb_section]<\/p>\n","protected":false},"excerpt":{"rendered":"<p>https:\/\/urn.fi\/URN:NBN:fi:uta-201502021049<\/p>\n","protected":false},"author":1,"featured_media":0,"parent":0,"menu_order":0,"comment_status":"closed","ping_status":"closed","template":"","meta":{"_et_pb_use_builder":"on","_et_pb_old_content":"","_et_gb_content_width":"","footnotes":""},"class_list":["post-105","page","type-page","status-publish","hentry"],"_links":{"self":[{"href":"https:\/\/het-imo.net\/fi\/wp-json\/wp\/v2\/pages\/105","targetHints":{"allow":["GET"]}}],"collection":[{"href":"https:\/\/het-imo.net\/fi\/wp-json\/wp\/v2\/pages"}],"about":[{"href":"https:\/\/het-imo.net\/fi\/wp-json\/wp\/v2\/types\/page"}],"author":[{"embeddable":true,"href":"https:\/\/het-imo.net\/fi\/wp-json\/wp\/v2\/users\/1"}],"replies":[{"embeddable":true,"href":"https:\/\/het-imo.net\/fi\/wp-json\/wp\/v2\/comments?post=105"}],"version-history":[{"count":78,"href":"https:\/\/het-imo.net\/fi\/wp-json\/wp\/v2\/pages\/105\/revisions"}],"predecessor-version":[{"id":662,"href":"https:\/\/het-imo.net\/fi\/wp-json\/wp\/v2\/pages\/105\/revisions\/662"}],"wp:attachment":[{"href":"https:\/\/het-imo.net\/fi\/wp-json\/wp\/v2\/media?parent=105"}],"curies":[{"name":"wp","href":"https:\/\/api.w.org\/{rel}","templated":true}]}}