{"id":96,"date":"2021-06-29T16:20:21","date_gmt":"2021-06-29T14:20:21","guid":{"rendered":"https:\/\/het-imo.net\/de\/?page_id=96"},"modified":"2024-02-11T20:00:52","modified_gmt":"2024-02-11T19:00:52","slug":"verena-von-der-heide","status":"publish","type":"page","link":"https:\/\/het-imo.net\/de\/wer-wir-sind\/verena-von-der-heide\/","title":{"rendered":"Verena von der Heide"},"content":{"rendered":"<p>[et_pb_section fb_built=&#8221;1&#8243; admin_label=&#8221;section&#8221; _builder_version=&#8221;4.16&#8243; global_colors_info=&#8221;{}&#8221;][et_pb_row column_structure=&#8221;1_2,1_2&#8243; admin_label=&#8221;row&#8221; _builder_version=&#8221;4.16&#8243; background_size=&#8221;initial&#8221; background_position=&#8221;top_left&#8221; background_repeat=&#8221;repeat&#8221; global_colors_info=&#8221;{}&#8221;][et_pb_column type=&#8221;1_2&#8243; _builder_version=&#8221;4.16&#8243; custom_padding=&#8221;|||&#8221; global_colors_info=&#8221;{}&#8221; custom_padding__hover=&#8221;|||&#8221;][et_pb_image src=&#8221;https:\/\/het-imo.net\/de\/wp-content\/uploads\/2023\/09\/Hilmar-6-scaled.jpg&#8221; alt=&#8221;Verena von der Heide&#8221; title_text=&#8221;Hilmar 6&#8243; force_fullwidth=&#8221;on&#8221; align_tablet=&#8221;center&#8221; align_phone=&#8221;&#8221; align_last_edited=&#8221;on|desktop&#8221; admin_label=&#8221;Image Tertta Paananen&#8221; _builder_version=&#8221;4.22.1&#8243; hover_enabled=&#8221;0&#8243; animation=&#8221;off&#8221; sticky=&#8221;off&#8221; use_border_color=&#8221;off&#8221; border_color=&#8221;#ffffff&#8221; border_style=&#8221;solid&#8221; global_colors_info=&#8221;{}&#8221; sticky_enabled=&#8221;0&#8243;][\/et_pb_image][et_pb_text admin_label=&#8221;Text&#8221; _builder_version=&#8221;4.16&#8243; background_size=&#8221;initial&#8221; background_position=&#8221;top_left&#8221; background_repeat=&#8221;repeat&#8221; global_colors_info=&#8221;{}&#8221;]<\/p>\n<h2>Verena von der Heide<\/h2>\n<p>E-mail:<span>\u00a0<\/span>vonderheide@het-imo.net<\/p>\n<p>[\/et_pb_text][\/et_pb_column][et_pb_column type=&#8221;1_2&#8243; _builder_version=&#8221;4.16&#8243; custom_padding=&#8221;|||&#8221; global_colors_info=&#8221;{}&#8221; custom_padding__hover=&#8221;|||&#8221;][et_pb_text admin_label=&#8221;Text Tertta Paananen&#8221; _builder_version=&#8221;4.16&#8243; background_size=&#8221;initial&#8221; background_position=&#8221;top_left&#8221; background_repeat=&#8221;repeat&#8221; global_colors_info=&#8221;{}&#8221;]<\/p>\n<p>Unternehmen in Ver\u00e4nderungsprozessen ganzheitlich und nah an den Menschen zu begleiten, liegt mir am Herzen. Mein Ansatz ist es, Unklarheiten transparent zu machen und als Entwicklungschance zu begreifen. Als einen wesentlichen Schritt betrachte ich hierbei den prozessualen Blick auf die eigene Arbeit im Kontext der gesamten Institution: F\u00fcr welche Schritte bin ich oder f\u00fchle ich mich verantwortlich? Wo brauche ich Klarheit in meiner Arbeit und meinen kollegialen Beziehungen? Wie kann die Individualit\u00e4t des Einzelnen seine Wirkung entfalten? Und als wichtigstes Element: wie behalte ich auf diesem Weg meinen internen und externen Kunden im Blick?<\/p>\n<p>In diesem Sinne begleite und unterst\u00fctze ich Verantwortliche in ihren F\u00fchrungs- und Organisationsentwicklungsfragen.\u00a0<\/p>\n<p><u>Berufsbiografisches:<\/u><\/p>\n<p>Auf eine Ausbildung zur Bankkauffrau folgten ein Magisterstudium (P\u00e4dagogik, Psychologie und Wirtschaftspolitik) sowie ein Lehramtsstudium Sek. I\/II f\u00fcr Sozialwissenschaften und P\u00e4dagogik in M\u00fcnster.<\/p>\n<p>Meine Berufslaufbahn begann ich im Anschluss daran mit einem Traineeship zur Personalentwicklerin bei der Tochter eines deutschen Medienunternehmens. Im Fokus stand hier die Begleitung und Entwicklung der F\u00fchrungsverantwortlichen im Kontext des Direktvertriebs.<\/p>\n<p>Fr\u00fch entstand in mir die Erkenntnis, dass die Sinngebung und Werteorientierung der Organisation, f\u00fcr die ich arbeite, f\u00fcr mich von hoher Bedeutung ist. Anfang 2010 f\u00fchrte mich mein Weg somit zur GLS Bank. Auf Basis meiner Ausbildungen im HR-Management sowie im Lean Management, bringe ich mich seitdem in Personal- und Organisationsentwicklungsaufgaben ein. Meinem Wunsch, weitere Unternehmen zu begleiten, bin ich gefolgt und habe mich 2019 der IMO angeschlossen.<\/p>\n<p>[\/et_pb_text][\/et_pb_column][\/et_pb_row][et_pb_row admin_label=&#8221;Row&#8221; _builder_version=&#8221;4.16&#8243; background_size=&#8221;initial&#8221; background_position=&#8221;top_left&#8221; background_repeat=&#8221;repeat&#8221; global_colors_info=&#8221;{}&#8221;][et_pb_column type=&#8221;4_4&#8243; _builder_version=&#8221;4.16&#8243; custom_padding=&#8221;|||&#8221; global_colors_info=&#8221;{}&#8221; custom_padding__hover=&#8221;|||&#8221;][et_pb_divider show_divider=&#8221;off&#8221; disabled_on=&#8221;on|on|off&#8221; admin_label=&#8221;Divider&#8221; _builder_version=&#8221;4.16&#8243; height=&#8221;200px&#8221; hide_on_mobile=&#8221;on&#8221; global_colors_info=&#8221;{}&#8221;][\/et_pb_divider][\/et_pb_column][\/et_pb_row][\/et_pb_section]<\/p>\n","protected":false},"excerpt":{"rendered":"<p>Verena von der Heide E-mail:\u00a0vonderheide@het-imo.netUnternehmen in Ver\u00e4nderungsprozessen ganzheitlich und nah an den Menschen zu begleiten, liegt mir am Herzen. Mein Ansatz ist es, Unklarheiten transparent zu machen und als Entwicklungschance zu begreifen. Als einen wesentlichen Schritt betrachte ich hierbei den prozessualen Blick auf die eigene Arbeit im Kontext der gesamten Institution: F\u00fcr welche Schritte bin [&hellip;]<\/p>\n","protected":false},"author":1,"featured_media":0,"parent":72,"menu_order":0,"comment_status":"closed","ping_status":"closed","template":"","meta":{"_et_pb_use_builder":"on","_et_pb_old_content":"","_et_gb_content_width":"","footnotes":""},"folder":[10],"class_list":["post-96","page","type-page","status-publish","hentry"],"_links":{"self":[{"href":"https:\/\/het-imo.net\/de\/wp-json\/wp\/v2\/pages\/96","targetHints":{"allow":["GET"]}}],"collection":[{"href":"https:\/\/het-imo.net\/de\/wp-json\/wp\/v2\/pages"}],"about":[{"href":"https:\/\/het-imo.net\/de\/wp-json\/wp\/v2\/types\/page"}],"author":[{"embeddable":true,"href":"https:\/\/het-imo.net\/de\/wp-json\/wp\/v2\/users\/1"}],"replies":[{"embeddable":true,"href":"https:\/\/het-imo.net\/de\/wp-json\/wp\/v2\/comments?post=96"}],"version-history":[{"count":4,"href":"https:\/\/het-imo.net\/de\/wp-json\/wp\/v2\/pages\/96\/revisions"}],"predecessor-version":[{"id":527,"href":"https:\/\/het-imo.net\/de\/wp-json\/wp\/v2\/pages\/96\/revisions\/527"}],"up":[{"embeddable":true,"href":"https:\/\/het-imo.net\/de\/wp-json\/wp\/v2\/pages\/72"}],"wp:attachment":[{"href":"https:\/\/het-imo.net\/de\/wp-json\/wp\/v2\/media?parent=96"}],"wp:term":[{"taxonomy":"folder","embeddable":true,"href":"https:\/\/het-imo.net\/de\/wp-json\/wp\/v2\/folder?post=96"}],"curies":[{"name":"wp","href":"https:\/\/api.w.org\/{rel}","templated":true}]}}