{"id":826,"date":"2024-09-03T17:31:27","date_gmt":"2024-09-03T15:31:27","guid":{"rendered":"https:\/\/het-imo.net\/de\/?page_id=826"},"modified":"2025-03-21T09:54:16","modified_gmt":"2025-03-21T08:54:16","slug":"andrea-kliewer","status":"publish","type":"page","link":"https:\/\/het-imo.net\/de\/wer-wir-sind\/andrea-kliewer\/","title":{"rendered":"Andrea Kliewer"},"content":{"rendered":"<p>[et_pb_section fb_built=&#8221;1&#8243; admin_label=&#8221;section&#8221; _builder_version=&#8221;4.16&#8243; global_colors_info=&#8221;{}&#8221;][et_pb_row column_structure=&#8221;1_2,1_2&#8243; admin_label=&#8221;row&#8221; _builder_version=&#8221;4.16&#8243; background_size=&#8221;initial&#8221; background_position=&#8221;top_left&#8221; background_repeat=&#8221;repeat&#8221; global_colors_info=&#8221;{}&#8221;][et_pb_column type=&#8221;1_2&#8243; _builder_version=&#8221;4.16&#8243; custom_padding=&#8221;|||&#8221; global_colors_info=&#8221;{}&#8221; custom_padding__hover=&#8221;|||&#8221;][et_pb_image src=&#8221;https:\/\/het-imo.net\/de\/wp-content\/uploads\/2024\/09\/Andrea-1.jpg&#8221; alt=&#8221;Hilmar Dahlem&#8221; title_text=&#8221;Andrea&#8221; force_fullwidth=&#8221;on&#8221; align_tablet=&#8221;center&#8221; align_phone=&#8221;&#8221; align_last_edited=&#8221;on|desktop&#8221; admin_label=&#8221;Image Tertta Paananen&#8221; _builder_version=&#8221;4.27.0&#8243; animation=&#8221;off&#8221; sticky=&#8221;off&#8221; use_border_color=&#8221;off&#8221; border_color=&#8221;#ffffff&#8221; border_style=&#8221;solid&#8221; global_colors_info=&#8221;{}&#8221;][\/et_pb_image][et_pb_text admin_label=&#8221;Text&#8221; _builder_version=&#8221;4.22.2&#8243; background_size=&#8221;initial&#8221; background_position=&#8221;top_left&#8221; background_repeat=&#8221;repeat&#8221; global_colors_info=&#8221;{}&#8221;]<\/p>\n<h2>PD Dr. Andrea Kliewer<\/h2>\n<p>E-mail: kliewer@het-imo.net<\/p>\n<p>[\/et_pb_text][\/et_pb_column][et_pb_column type=&#8221;1_2&#8243; _builder_version=&#8221;4.16&#8243; custom_padding=&#8221;|||&#8221; global_colors_info=&#8221;{}&#8221; custom_padding__hover=&#8221;|||&#8221;][et_pb_text admin_label=&#8221;Text Tertta Paananen&#8221; _builder_version=&#8221;4.22.2&#8243; background_size=&#8221;initial&#8221; background_position=&#8221;top_left&#8221; background_repeat=&#8221;repeat&#8221; global_colors_info=&#8221;{}&#8221;]<\/p>\n<p><strong><em>Was mich begeistert und antreibt:<\/em><\/strong><\/p>\n<p>Was mich begeistert, ist die Freude, Menschen und Organisationen auf ihren individuellen Wegen zu begleiten. Es motiviert mich, gemeinsam neue Perspektiven zu entdecken und stets L\u00f6sungen zu finden, die voranbringen. Herausforderungen gehe ich entschlossen an, denn ich sehe sie als Gelegenheiten, zu wachsen und Neues zu versuchen. Besonders inspiriert mich die Arbeit mit Menschen, die mutig nach neuen Wegen suchen. Sie dabei zu unterst\u00fctzen und ihnen zu helfen, ihre Potenziale zu entfalten, ist f\u00fcr mich besonders erf\u00fcllend.<\/p>\n<p><strong><em>Arbeitsschwerpunkte: <\/em><\/strong><\/p>\n<p>Mein Fokus liegt auf den Neurowissenschaften, Pers\u00f6nlichkeitstypologien, Coaching und Leadership, mit einer Spezialisierung auf die Anwendung neurowissenschaftlicher Erkenntnisse in der Organisationsentwicklung und -beratung. Dabei unterst\u00fctze ich Unternehmen u.a. dabei, ihre Strukturen und Prozesse zu optimieren, um nachhaltiges Wachstum zu f\u00f6rdern.<\/p>\n<p>Durch meine universit\u00e4re T\u00e4tigkeit bringe ich umfassende Erfahrung in der F\u00f6rderung von Nachwuchswissenschaftlern ein und habe zahlreiche Forschungsprojekte auf nationaler und internationaler Ebene erfolgreich geleitet. Diese Erfahrungen flie\u00dfen direkt in meine Beratungsarbeit ein, um Organisationen dabei zu helfen, ihre Potenziale zu entfalten und Ver\u00e4nderungen effektiv zu gestalten.<\/p>\n<p>Besondere Schwerpunkte sind dabei die individuelle Entwicklung von F\u00fchrungskr\u00e4ften und Teams sowie die F\u00f6rderung einer starken und ganzheitlichen Unternehmenskultur.<\/p>\n<p><strong><em>Berufsbiografisches:<\/em><\/strong><\/p>\n<p>Waldorfschulbildung. Ausbildung als Rettungsassistentin. Studium der Biologie und Pharmakologie. 2014 Promotion im Bereich Pharmakologie. Seit 2019 Arbeitsgruppe am Institut f\u00fcr Pharmakologie &amp; Toxikologie des Universit\u00e4tsklinikums Jena. Abschluss der Habilitation 2023. Seit 2016 Trainerin f\u00fcr wissenschaftliche Integrit\u00e4t an nationalen und internationalen Universit\u00e4ten. Seit 2017 Vorsitzende des Aufsichtsrates eines gro\u00dfen Waldorfp\u00e4dagogik-Vereins. 2021 Masterabschluss im Personal und Business Coaching sowie als systemische Aufstellungsleiterin.<\/p>\n<p><span style=\"font-size: 16px;\">\u00a0<\/span><\/p>\n<p><strong><em>What inspires and drives me:<\/em><\/strong><\/p>\n<p>What excites me is the joy of guiding individuals and organizations on their unique paths. I am motivated by the opportunity to discover new perspectives together and to always find solutions that drive progress. I approach challenges with determination, viewing them as opportunities to grow and try new things. I am particularly inspired by working with people who boldly seek new ways forward. Supporting them and helping them to realize their potential is especially fulfilling for me.<\/p>\n<p><strong><em>Areas of Focus:<\/em><\/strong><\/p>\n<p>My focus is on neuroscience, personality typologies, coaching, and leadership, with a specialization in applying neuroscientific insights to organizational development and consulting. I assist companies in optimizing their structures and processes to foster sustainable growth. Through my academic work, I bring extensive experience in mentoring young researchers and have successfully led numerous research projects on both national and international levels. These experiences directly inform my consulting work, helping organizations to unlock their potential and effectively manage change. My key areas of expertise include the individual development of leaders and teams, as well as the promotion of a strong and holistic corporate culture.<\/p>\n<p><strong><em>Professional Background:<\/em><\/strong><\/p>\n<p><span style=\"font-size: 16px;\">Waldorf education. Training as a paramedic. Studies in biology and pharmacology. PhD in pharmacology in 2014. Since 2019, research group at the Institute of Pharmacology &amp; Toxicology at the University Hospital Jena. Completed habilitation in 2023. Since 2016, I have been a trainer in scientific integrity at national and international universities. Since 2017, I have served as the chairperson of the supervisory board of a large Waldorf education association. In 2021, I obtained a master&#8217;s degree in personal and business coaching as well as in systemic constellation leadership.<\/span><\/p>\n<p>[\/et_pb_text][\/et_pb_column][\/et_pb_row][\/et_pb_section]<\/p>\n","protected":false},"excerpt":{"rendered":"<p>PD Dr. Andrea Kliewer E-mail: kliewer@het-imo.netWas mich begeistert und antreibt: Was mich begeistert, ist die Freude, Menschen und Organisationen auf ihren individuellen Wegen zu begleiten. Es motiviert mich, gemeinsam neue Perspektiven zu entdecken und stets L\u00f6sungen zu finden, die voranbringen. Herausforderungen gehe ich entschlossen an, denn ich sehe sie als Gelegenheiten, zu wachsen und Neues [&hellip;]<\/p>\n","protected":false},"author":3,"featured_media":0,"parent":72,"menu_order":0,"comment_status":"closed","ping_status":"closed","template":"","meta":{"_et_pb_use_builder":"on","_et_pb_old_content":"","_et_gb_content_width":"","footnotes":""},"folder":[10],"class_list":["post-826","page","type-page","status-publish","hentry"],"_links":{"self":[{"href":"https:\/\/het-imo.net\/de\/wp-json\/wp\/v2\/pages\/826","targetHints":{"allow":["GET"]}}],"collection":[{"href":"https:\/\/het-imo.net\/de\/wp-json\/wp\/v2\/pages"}],"about":[{"href":"https:\/\/het-imo.net\/de\/wp-json\/wp\/v2\/types\/page"}],"author":[{"embeddable":true,"href":"https:\/\/het-imo.net\/de\/wp-json\/wp\/v2\/users\/3"}],"replies":[{"embeddable":true,"href":"https:\/\/het-imo.net\/de\/wp-json\/wp\/v2\/comments?post=826"}],"version-history":[{"count":12,"href":"https:\/\/het-imo.net\/de\/wp-json\/wp\/v2\/pages\/826\/revisions"}],"predecessor-version":[{"id":889,"href":"https:\/\/het-imo.net\/de\/wp-json\/wp\/v2\/pages\/826\/revisions\/889"}],"up":[{"embeddable":true,"href":"https:\/\/het-imo.net\/de\/wp-json\/wp\/v2\/pages\/72"}],"wp:attachment":[{"href":"https:\/\/het-imo.net\/de\/wp-json\/wp\/v2\/media?parent=826"}],"wp:term":[{"taxonomy":"folder","embeddable":true,"href":"https:\/\/het-imo.net\/de\/wp-json\/wp\/v2\/folder?post=826"}],"curies":[{"name":"wp","href":"https:\/\/api.w.org\/{rel}","templated":true}]}}