{"id":72,"date":"2021-06-29T16:11:21","date_gmt":"2021-06-29T14:11:21","guid":{"rendered":"https:\/\/het-imo.net\/de\/?page_id=72"},"modified":"2026-01-19T10:46:30","modified_gmt":"2026-01-19T09:46:30","slug":"wer-wir-sind","status":"publish","type":"page","link":"https:\/\/het-imo.net\/de\/wer-wir-sind\/","title":{"rendered":"Wer wir sind"},"content":{"rendered":"<p>[et_pb_section fb_built=&#8221;1&#8243; _builder_version=&#8221;4.25.1&#8243; _module_preset=&#8221;default&#8221; background_image=&#8221;https:\/\/het-imo.net\/de\/wp-content\/uploads\/2024\/05\/IMO-all-consultants-2024.webp&#8221; min_height=&#8221;326px&#8221; custom_padding=&#8221;165px||13px|||&#8221; filter_opacity=&#8221;90%&#8221; global_colors_info=&#8221;{}&#8221;][et_pb_row _builder_version=&#8221;4.16&#8243; _module_preset=&#8221;default&#8221; custom_padding=&#8221;0px|||||&#8221; global_colors_info=&#8221;{}&#8221;][et_pb_column type=&#8221;4_4&#8243; _builder_version=&#8221;4.16&#8243; _module_preset=&#8221;default&#8221; global_colors_info=&#8221;{}&#8221;][et_pb_text _builder_version=&#8221;4.22.1&#8243; _module_preset=&#8221;default&#8221; text_font=&#8221;||||||||&#8221; header_font=&#8221;|600||on|||||&#8221; header_text_align=&#8221;left&#8221; header_text_color=&#8221;#FFFFFF&#8221; header_font_size=&#8221;50px&#8221; custom_margin=&#8221;||146px|||&#8221; custom_css_main_element=&#8221;z-index: 100&#8243; global_colors_info=&#8221;{}&#8221;]<\/p>\n<h1 class=\"et_pb_module_header\">WER WIR SIND<\/h1>\n<div id=\"gtx-trans\" style=\"position: absolute; left: -38px; top: -10px;\">\n<div class=\"gtx-trans-icon\"><\/div>\n<\/div>\n<p>[\/et_pb_text][\/et_pb_column][\/et_pb_row][\/et_pb_section][et_pb_section fb_built=&#8221;1&#8243; _builder_version=&#8221;4.16&#8243; _module_preset=&#8221;default&#8221; custom_padding=&#8221;5px||4px|||&#8221; global_colors_info=&#8221;{}&#8221;][et_pb_row _builder_version=&#8221;4.16&#8243; _module_preset=&#8221;default&#8221; global_colors_info=&#8221;{}&#8221;][et_pb_column type=&#8221;4_4&#8243; _builder_version=&#8221;4.16&#8243; _module_preset=&#8221;default&#8221; global_colors_info=&#8221;{}&#8221;][et_pb_text _builder_version=&#8221;4.16&#8243; _module_preset=&#8221;default&#8221; global_colors_info=&#8221;{}&#8221;]<\/p>\n<p><span>Wir sind gut 50 Beraterinnen und Berater aus 11 L\u00e4ndern, die miteinander arbeiten und forschen. Alle wirtschaftlich und rechtlich selbst\u00e4ndig, aber ideell eng verbunden. Wir sind in L\u00e4ndergruppen organisiert. Die IMO Stichting ist der Tr\u00e4ger f\u00fcr unsere gemeinsamen Angelegenheiten. Uns verbindet die Freude an Menschen, die in ihren verantwortlichen Positionen in der Organisation Entwicklungsprozesse gestalten. Wir beraten Unternehmen und gemeinn\u00fctzige Einrichtungen aus allen Branchen zu Fragen der F\u00fchrung, Zusammenarbeit, Strategie und Organisationsentwicklung. In Deutschland arbeiten zusammen:<\/span><\/p>\n<p>[\/et_pb_text][\/et_pb_column][\/et_pb_row][\/et_pb_section][et_pb_section fb_built=&#8221;1&#8243; _builder_version=&#8221;4.16&#8243; _module_preset=&#8221;default&#8221; custom_padding=&#8221;1px||121px|||&#8221; global_colors_info=&#8221;{}&#8221;][et_pb_row column_structure=&#8221;1_3,1_3,1_3&#8243; use_custom_gutter=&#8221;on&#8221; gutter_width=&#8221;2&#8243; _builder_version=&#8221;4.27.4&#8243; _module_preset=&#8221;default&#8221; global_colors_info=&#8221;{}&#8221;][et_pb_column type=&#8221;1_3&#8243; _builder_version=&#8221;4.16&#8243; _module_preset=&#8221;default&#8221; global_colors_info=&#8221;{}&#8221;][et_pb_team_member name=&#8221;Hilmar Dahlem&#8221; image_url=&#8221;https:\/\/het-imo.net\/de\/wp-content\/uploads\/2023\/09\/Hilmar-5-scaled.jpg&#8221; admin_label=&#8221;Hilmar Dahlem&#8221; _builder_version=&#8221;4.27.0&#8243; _module_preset=&#8221;default&#8221; link_option_url=&#8221;https:\/\/het-imo.net\/de\/wer-wir-sind\/hilmar-dahlem\/&#8221; global_colors_info=&#8221;{}&#8221;][\/et_pb_team_member][et_pb_team_member name=&#8221;Verena von der Heide&#8221; image_url=&#8221;https:\/\/het-imo.net\/de\/wp-content\/uploads\/2023\/09\/Hilmar-6-scaled.jpg&#8221; admin_label=&#8221;Hilmar Dahlem&#8221; _builder_version=&#8221;4.27.5&#8243; _module_preset=&#8221;default&#8221; link_option_url=&#8221;https:\/\/het-imo.net\/de\/wer-wir-sind\/verena-von-der-heide\/&#8221; hover_enabled=&#8221;0&#8243; global_colors_info=&#8221;{}&#8221; sticky_enabled=&#8221;0&#8243;][\/et_pb_team_member][et_pb_team_member name=&#8221;Andrea Kliewer&#8221; image_url=&#8221;https:\/\/het-imo.net\/de\/wp-content\/uploads\/2024\/09\/Andrea.jpg&#8221; admin_label=&#8221;Hilmar Dahlem&#8221; _builder_version=&#8221;4.27.5&#8243; _module_preset=&#8221;default&#8221; link_option_url=&#8221;https:\/\/het-imo.net\/de\/wer-wir-sind\/andrea-kliewer\/&#8221; global_colors_info=&#8221;{}&#8221;][\/et_pb_team_member][\/et_pb_column][et_pb_column type=&#8221;1_3&#8243; _builder_version=&#8221;4.16&#8243; _module_preset=&#8221;default&#8221; global_colors_info=&#8221;{}&#8221;][et_pb_team_member name=&#8221;Jutta Hodapp&#8221; image_url=&#8221;https:\/\/het-imo.net\/de\/wp-content\/uploads\/2023\/09\/Hilmar-7-scaled.jpg&#8221; admin_label=&#8221;Jutta Hodapp&#8221; _builder_version=&#8221;4.22.1&#8243; _module_preset=&#8221;default&#8221; link_option_url=&#8221;https:\/\/het-imo.net\/de\/jutta-hodapp\/&#8221; global_colors_info=&#8221;{}&#8221;][\/et_pb_team_member][et_pb_team_member name=&#8221;Matthias Zaiser&#8221; image_url=&#8221;https:\/\/het-imo.net\/de\/wp-content\/uploads\/2023\/09\/Hilmar-8-1-scaled-e1718219874875.jpg&#8221; admin_label=&#8221;Jutta Hodapp&#8221; _builder_version=&#8221;4.27.4&#8243; _module_preset=&#8221;default&#8221; link_option_url=&#8221;https:\/\/het-imo.net\/de\/matthias-zaiser\/&#8221; global_colors_info=&#8221;{}&#8221;][\/et_pb_team_member][\/et_pb_column][et_pb_column type=&#8221;1_3&#8243; _builder_version=&#8221;4.16&#8243; _module_preset=&#8221;default&#8221; global_colors_info=&#8221;{}&#8221;][et_pb_team_member name=&#8221;Christian Oerthel&#8221; image_url=&#8221;https:\/\/het-imo.net\/de\/wp-content\/uploads\/2023\/09\/Hilmar-3-scaled.jpg&#8221; admin_label=&#8221;Christian Oerthel&#8221; _builder_version=&#8221;4.22.1&#8243; _module_preset=&#8221;default&#8221; link_option_url=&#8221;https:\/\/het-imo.net\/de\/christian-oerthel\/&#8221; global_colors_info=&#8221;{}&#8221;][\/et_pb_team_member][et_pb_team_member name=&#8221;Martin Timmermann&#8221; image_url=&#8221;https:\/\/het-imo.net\/de\/wp-content\/uploads\/2021\/08\/Martin-Timmermann.png&#8221; admin_label=&#8221;Verena von der Heide&#8221; _builder_version=&#8221;4.24.0&#8243; _module_preset=&#8221;default&#8221; link_option_url=&#8221;https:\/\/het-imo.net\/de\/wer-wir-sind\/martin-timmermann\/&#8221; global_colors_info=&#8221;{}&#8221;][\/et_pb_team_member][\/et_pb_column][\/et_pb_row][\/et_pb_section]<\/p>\n","protected":false},"excerpt":{"rendered":"<p>WER WIR SIND Wir sind gut 50 Beraterinnen und Berater aus 11 L\u00e4ndern, die miteinander arbeiten und forschen. Alle wirtschaftlich und rechtlich selbst\u00e4ndig, aber ideell eng verbunden. Wir sind in L\u00e4ndergruppen organisiert. Die IMO Stichting ist der Tr\u00e4ger f\u00fcr unsere gemeinsamen Angelegenheiten. Uns verbindet die Freude an Menschen, die in ihren verantwortlichen Positionen in der [&hellip;]<\/p>\n","protected":false},"author":1,"featured_media":0,"parent":0,"menu_order":0,"comment_status":"closed","ping_status":"closed","template":"","meta":{"_et_pb_use_builder":"on","_et_pb_old_content":"","_et_gb_content_width":"","footnotes":""},"folder":[14],"class_list":["post-72","page","type-page","status-publish","hentry"],"_links":{"self":[{"href":"https:\/\/het-imo.net\/de\/wp-json\/wp\/v2\/pages\/72","targetHints":{"allow":["GET"]}}],"collection":[{"href":"https:\/\/het-imo.net\/de\/wp-json\/wp\/v2\/pages"}],"about":[{"href":"https:\/\/het-imo.net\/de\/wp-json\/wp\/v2\/types\/page"}],"author":[{"embeddable":true,"href":"https:\/\/het-imo.net\/de\/wp-json\/wp\/v2\/users\/1"}],"replies":[{"embeddable":true,"href":"https:\/\/het-imo.net\/de\/wp-json\/wp\/v2\/comments?post=72"}],"version-history":[{"count":41,"href":"https:\/\/het-imo.net\/de\/wp-json\/wp\/v2\/pages\/72\/revisions"}],"predecessor-version":[{"id":964,"href":"https:\/\/het-imo.net\/de\/wp-json\/wp\/v2\/pages\/72\/revisions\/964"}],"wp:attachment":[{"href":"https:\/\/het-imo.net\/de\/wp-json\/wp\/v2\/media?parent=72"}],"wp:term":[{"taxonomy":"folder","embeddable":true,"href":"https:\/\/het-imo.net\/de\/wp-json\/wp\/v2\/folder?post=72"}],"curies":[{"name":"wp","href":"https:\/\/api.w.org\/{rel}","templated":true}]}}