{"id":69,"date":"2021-06-29T16:10:01","date_gmt":"2021-06-29T14:10:01","guid":{"rendered":"https:\/\/het-imo.net\/de\/?page_id=69"},"modified":"2024-02-11T20:00:09","modified_gmt":"2024-02-11T19:00:09","slug":"jutta-hodapp","status":"publish","type":"page","link":"https:\/\/het-imo.net\/de\/wer-wir-sind\/jutta-hodapp\/","title":{"rendered":"Jutta Hodapp"},"content":{"rendered":"<p>[et_pb_section fb_built=&#8221;1&#8243; admin_label=&#8221;section&#8221; _builder_version=&#8221;4.16&#8243; global_colors_info=&#8221;{}&#8221;][et_pb_row column_structure=&#8221;1_2,1_2&#8243; admin_label=&#8221;row&#8221; _builder_version=&#8221;4.16&#8243; background_size=&#8221;initial&#8221; background_position=&#8221;top_left&#8221; background_repeat=&#8221;repeat&#8221; global_colors_info=&#8221;{}&#8221;][et_pb_column type=&#8221;1_2&#8243; _builder_version=&#8221;4.16&#8243; custom_padding=&#8221;|||&#8221; global_colors_info=&#8221;{}&#8221; custom_padding__hover=&#8221;|||&#8221;][et_pb_image src=&#8221;https:\/\/het-imo.net\/de\/wp-content\/uploads\/2023\/09\/Hilmar-7-scaled.jpg&#8221; alt=&#8221;Hilmar Dahlem&#8221; title_text=&#8221;Hilmar 7&#8243; force_fullwidth=&#8221;on&#8221; align_tablet=&#8221;center&#8221; align_phone=&#8221;&#8221; align_last_edited=&#8221;on|desktop&#8221; admin_label=&#8221;Image Tertta Paananen&#8221; _builder_version=&#8221;4.22.1&#8243; hover_enabled=&#8221;0&#8243; animation=&#8221;off&#8221; sticky=&#8221;off&#8221; use_border_color=&#8221;off&#8221; border_color=&#8221;#ffffff&#8221; border_style=&#8221;solid&#8221; global_colors_info=&#8221;{}&#8221; sticky_enabled=&#8221;0&#8243;][\/et_pb_image][et_pb_text admin_label=&#8221;Text&#8221; _builder_version=&#8221;4.16&#8243; background_size=&#8221;initial&#8221; background_position=&#8221;top_left&#8221; background_repeat=&#8221;repeat&#8221; global_colors_info=&#8221;{}&#8221;]<\/p>\n<h2>Jutta Hodapp<\/h2>\n<p>E-mail:<span>\u00a0<\/span>hodapp@het-imo.net<\/p>\n<p>[\/et_pb_text][\/et_pb_column][et_pb_column type=&#8221;1_2&#8243; _builder_version=&#8221;4.16&#8243; custom_padding=&#8221;|||&#8221; global_colors_info=&#8221;{}&#8221; custom_padding__hover=&#8221;|||&#8221;][et_pb_text admin_label=&#8221;Text Tertta Paananen&#8221; _builder_version=&#8221;4.16&#8243; background_size=&#8221;initial&#8221; background_position=&#8221;top_left&#8221; background_repeat=&#8221;repeat&#8221; global_colors_info=&#8221;{}&#8221;]<\/p>\n<p><span>Jutta Hodapp, seit Februar 2005 bei IMO Institut f\u00fcr Mensch- &amp; Organisationsentwicklung.<\/span><\/p>\n<p>Nach einer Ausbildung zur Industriekauffrau und dem Studium der Betriebswirtschaftslehre (Schwerpunkt Management und Controlling) war mir klar, dass ich in einem \u201eganzheitlich\u201c gef\u00fchrten Unternehmen arbeiten wollte.<\/p>\n<p>So f\u00fchrte mein Weg in die Wala Heilmittel GmbH in der N\u00e4he von Stuttgart, wo ich mich in die Unternehmensentwicklung einbringen konnte.<\/p>\n<p>Nach der Umsetzung unterschiedlichster Projekte leitete ich die Controlling Abteilung. Dar\u00fcber hinaus war ich Vorsitzende des unternehmensspezifischen Betriebsrates und Ausbilderin f\u00fcr Industriekaufleute.<\/p>\n<p>Nach der 7j\u00e4hrigen Erfahrung in der Wala war es mein Wunsch, andere Organisationen in ihrer Weiterentwicklung zu begleiten.<\/p>\n<p>So arbeitete ich fast 4 Jahre, bis Februar 2005, beim NPI \u2013 instituut voor organisatieontwikkeling in Holland als Beraterin f\u00fcr Organisationsentwicklung, bevor ich mich der Initiative von Adriaan Bekman anschloss um das Institut IMO aufzubauen.<\/p>\n<p>Seit nunmehr 17 Jahren begleite ich vor allem Unternehmen mit einem anthroposophischen Ursprungsimpuls wie beispielsweise Waldorfschulen und Organisationen in der Biobranche.<\/p>\n<p>Schwerpunkte meiner Arbeit sind die Weiterentwicklung der F\u00fchrungskr\u00e4fte, die Optimierung von Arbeitsabl\u00e4ufen im Hinblick auf den Kunden und die St\u00e4rkung der individuellen Initiativkraft der Menschen im Unternehmen.<\/p>\n<p>Ein Beispiel meiner Arbeit zeigt ein Video in der Waldorfschule Everswinkel. Video:<span>\u00a0<\/span><a href=\"https:\/\/www.youtube.com\/watch?v=S-WcXACoTew\">https:\/\/www.youtube.com\/watch?v=S-WcXACoTew<\/a><span>\u00a0<\/span>(9:28). Davon gibt es auch eine Kurzversion (4:27):<span>\u00a0<\/span><a href=\"https:\/\/www.youtube.com\/watch?v=0N1kEIIk8x4\">https:\/\/www.youtube.com\/watch?v=0N1kEIIk8x4<\/a>.<\/p>\n<p>[\/et_pb_text][\/et_pb_column][\/et_pb_row][et_pb_row admin_label=&#8221;Row&#8221; _builder_version=&#8221;4.16&#8243; background_size=&#8221;initial&#8221; background_position=&#8221;top_left&#8221; background_repeat=&#8221;repeat&#8221; global_colors_info=&#8221;{}&#8221;][et_pb_column type=&#8221;4_4&#8243; _builder_version=&#8221;4.16&#8243; custom_padding=&#8221;|||&#8221; global_colors_info=&#8221;{}&#8221; custom_padding__hover=&#8221;|||&#8221;][et_pb_divider show_divider=&#8221;off&#8221; disabled_on=&#8221;on|on|off&#8221; admin_label=&#8221;Divider&#8221; _builder_version=&#8221;4.16&#8243; height=&#8221;200px&#8221; hide_on_mobile=&#8221;on&#8221; global_colors_info=&#8221;{}&#8221;][\/et_pb_divider][\/et_pb_column][\/et_pb_row][\/et_pb_section]<\/p>\n","protected":false},"excerpt":{"rendered":"<p>Jutta Hodapp E-mail:\u00a0hodapp@het-imo.netJutta Hodapp, seit Februar 2005 bei IMO Institut f\u00fcr Mensch- &amp; Organisationsentwicklung. Nach einer Ausbildung zur Industriekauffrau und dem Studium der Betriebswirtschaftslehre (Schwerpunkt Management und Controlling) war mir klar, dass ich in einem \u201eganzheitlich\u201c gef\u00fchrten Unternehmen arbeiten wollte. So f\u00fchrte mein Weg in die Wala Heilmittel GmbH in der N\u00e4he von Stuttgart, wo [&hellip;]<\/p>\n","protected":false},"author":1,"featured_media":0,"parent":72,"menu_order":0,"comment_status":"closed","ping_status":"closed","template":"","meta":{"_et_pb_use_builder":"on","_et_pb_old_content":"","_et_gb_content_width":"","footnotes":""},"folder":[10],"class_list":["post-69","page","type-page","status-publish","hentry"],"_links":{"self":[{"href":"https:\/\/het-imo.net\/de\/wp-json\/wp\/v2\/pages\/69","targetHints":{"allow":["GET"]}}],"collection":[{"href":"https:\/\/het-imo.net\/de\/wp-json\/wp\/v2\/pages"}],"about":[{"href":"https:\/\/het-imo.net\/de\/wp-json\/wp\/v2\/types\/page"}],"author":[{"embeddable":true,"href":"https:\/\/het-imo.net\/de\/wp-json\/wp\/v2\/users\/1"}],"replies":[{"embeddable":true,"href":"https:\/\/het-imo.net\/de\/wp-json\/wp\/v2\/comments?post=69"}],"version-history":[{"count":4,"href":"https:\/\/het-imo.net\/de\/wp-json\/wp\/v2\/pages\/69\/revisions"}],"predecessor-version":[{"id":523,"href":"https:\/\/het-imo.net\/de\/wp-json\/wp\/v2\/pages\/69\/revisions\/523"}],"up":[{"embeddable":true,"href":"https:\/\/het-imo.net\/de\/wp-json\/wp\/v2\/pages\/72"}],"wp:attachment":[{"href":"https:\/\/het-imo.net\/de\/wp-json\/wp\/v2\/media?parent=69"}],"wp:term":[{"taxonomy":"folder","embeddable":true,"href":"https:\/\/het-imo.net\/de\/wp-json\/wp\/v2\/folder?post=69"}],"curies":[{"name":"wp","href":"https:\/\/api.w.org\/{rel}","templated":true}]}}