{"id":611,"date":"2023-10-08T21:40:45","date_gmt":"2023-10-08T19:40:45","guid":{"rendered":"https:\/\/het-imo.net\/de\/?page_id=611"},"modified":"2025-03-25T18:26:47","modified_gmt":"2025-03-25T17:26:47","slug":"christian-oerthel","status":"publish","type":"page","link":"https:\/\/het-imo.net\/de\/wer-wir-sind\/christian-oerthel\/","title":{"rendered":"Christian Oerthel"},"content":{"rendered":"\n[et_pb_section fb_built=&#8221;1&#8243; admin_label=&#8221;section&#8221; _builder_version=&#8221;4.16&#8243; global_colors_info=&#8221;{}&#8221;][et_pb_row column_structure=&#8221;1_2,1_2&#8243; admin_label=&#8221;row&#8221; _builder_version=&#8221;4.16&#8243; background_size=&#8221;initial&#8221; background_position=&#8221;top_left&#8221; background_repeat=&#8221;repeat&#8221; global_colors_info=&#8221;{}&#8221;][et_pb_column type=&#8221;1_2&#8243; _builder_version=&#8221;4.16&#8243; custom_padding=&#8221;|||&#8221; global_colors_info=&#8221;{}&#8221; custom_padding__hover=&#8221;|||&#8221;][et_pb_image src=&#8221;https:\/\/het-imo.net\/de\/wp-content\/uploads\/2023\/09\/Hilmar-3-scaled.jpg&#8221; alt=&#8221;Hilmar Dahlem&#8221; title_text=&#8221;Hilmar 3&#8243; force_fullwidth=&#8221;on&#8221; align_tablet=&#8221;center&#8221; align_phone=&#8221;&#8221; align_last_edited=&#8221;on|desktop&#8221; admin_label=&#8221;Image Tertta Paananen&#8221; _builder_version=&#8221;4.22.2&#8243; animation=&#8221;off&#8221; sticky=&#8221;off&#8221; use_border_color=&#8221;off&#8221; border_color=&#8221;#ffffff&#8221; border_style=&#8221;solid&#8221; global_colors_info=&#8221;{}&#8221;][\/et_pb_image][et_pb_text admin_label=&#8221;Text&#8221; _builder_version=&#8221;4.22.2&#8243; background_size=&#8221;initial&#8221; background_position=&#8221;top_left&#8221; background_repeat=&#8221;repeat&#8221; global_colors_info=&#8221;{}&#8221;]<h2>Christian Oerthel<\/h2>\n<p>E-mail: oerthel@het-imo.net<span><\/span><\/p>[\/et_pb_text][\/et_pb_column][et_pb_column type=&#8221;1_2&#8243; _builder_version=&#8221;4.16&#8243; custom_padding=&#8221;|||&#8221; global_colors_info=&#8221;{}&#8221; custom_padding__hover=&#8221;|||&#8221;][et_pb_text admin_label=&#8221;Text Tertta Paananen&#8221; _builder_version=&#8221;4.27.4&#8243; background_size=&#8221;initial&#8221; background_position=&#8221;top_left&#8221; background_repeat=&#8221;repeat&#8221; global_colors_info=&#8221;{}&#8221;]<p>Christian Oerthel, Jahrgang 1960, Mitglied der IMO Kerngruppe seit 2012<\/p>\n<p><strong>Arbeitsschwerpunkte:<\/strong> Koordination und Begleitung der IMO-Masterclass in Deutschland. Begleitung von Ver\u00e4nderungsprozessen in Unternehmen; Coaching von F\u00fchrungskr\u00e4ften; Mediation.<\/p>\n<p>In meiner Arbeit ist es mir wichtig, die Entwicklung und das Zusammenspiel von Menschen\u00a0<em>und<\/em>\u00a0Organisationen und\u00a0 Menschen\u00a0<em>in\u00a0<\/em>Organisationen in Bewegung zu bringen. \u00a0Wenn Sie sich fragen: \u201eWie strukturiere ich mein Unternehmen neu? Wie bekomme ich die Dinge neu in den Griff? Wie gestalte und ver\u00e4ndere \u00a0ich die Arbeitsprozesse in meinen Unternehmen? Wie komme ich im Dialog mit meinen Kunden zu neuen Schritten?\u201c, \u00a0unterst\u00fctze ich Sie gerne.<\/p>\n<p><strong>Berufsbiographisches:<\/strong> Ausbildung zum B\u00fcrokaufmann. 1980 Eintritt in die Rummelsberger Br\u00fcderschaft. Ausbildung zum Diakon; Studium der Sozialp\u00e4dagogik\/Sozialen Arbeit; Ausbildung \u00a0in Gestaltberatung (Fritz-Perls-Institut) u. Mediation (ISKA);\u00a0 Langj\u00e4hrige Fach- und F\u00fchrungserfahrung in der Kinder- u. Jugendhilfe. Von 2001-2010 Abteilungsleiter \/ Gesch\u00e4ftsf\u00fchrer der Rummelsberger Dienste f. junge Menschen; von 1999 bis 2022 Vorsitzender der Programmkommission der ConSozial; seit 2013 Leitung des Fachbereiches Berufliche Schulen u. Studieng\u00e4nge f. Soziale Berufe der Rummelsberger Diakonie; Vorsitzender des Stiftungsrates der Evangelischen Schulstiftung in Bayern.<\/p>[\/et_pb_text][\/et_pb_column][\/et_pb_row][et_pb_row admin_label=&#8221;Row&#8221; _builder_version=&#8221;4.16&#8243; background_size=&#8221;initial&#8221; background_position=&#8221;top_left&#8221; background_repeat=&#8221;repeat&#8221; global_colors_info=&#8221;{}&#8221;][et_pb_column type=&#8221;4_4&#8243; _builder_version=&#8221;4.16&#8243; custom_padding=&#8221;|||&#8221; global_colors_info=&#8221;{}&#8221; custom_padding__hover=&#8221;|||&#8221;][et_pb_divider show_divider=&#8221;off&#8221; disabled_on=&#8221;on|on|off&#8221; admin_label=&#8221;Divider&#8221; _builder_version=&#8221;4.16&#8243; height=&#8221;200px&#8221; hide_on_mobile=&#8221;on&#8221; global_colors_info=&#8221;{}&#8221;][\/et_pb_divider][\/et_pb_column][\/et_pb_row][\/et_pb_section]\n","protected":false},"excerpt":{"rendered":"<p>Christian Oerthel E-mail: oerthel@het-imo.netChristian Oerthel, Jahrgang 1960, Mitglied der IMO Kerngruppe seit 2012 Arbeitsschwerpunkte: Koordination und Begleitung der IMO-Masterclass in Deutschland. Begleitung von Ver\u00e4nderungsprozessen in Unternehmen; Coaching von F\u00fchrungskr\u00e4ften; Mediation. In meiner Arbeit ist es mir wichtig, die Entwicklung und das Zusammenspiel von Menschen\u00a0und\u00a0Organisationen und\u00a0 Menschen\u00a0in\u00a0Organisationen in Bewegung zu bringen. \u00a0Wenn Sie sich fragen: \u201eWie [&hellip;]<\/p>\n","protected":false},"author":3,"featured_media":0,"parent":72,"menu_order":0,"comment_status":"closed","ping_status":"closed","template":"","meta":{"_et_pb_use_builder":"on","_et_pb_old_content":"","_et_gb_content_width":"","footnotes":""},"folder":[10],"class_list":["post-611","page","type-page","status-publish","hentry"],"_links":{"self":[{"href":"https:\/\/het-imo.net\/de\/wp-json\/wp\/v2\/pages\/611","targetHints":{"allow":["GET"]}}],"collection":[{"href":"https:\/\/het-imo.net\/de\/wp-json\/wp\/v2\/pages"}],"about":[{"href":"https:\/\/het-imo.net\/de\/wp-json\/wp\/v2\/types\/page"}],"author":[{"embeddable":true,"href":"https:\/\/het-imo.net\/de\/wp-json\/wp\/v2\/users\/3"}],"replies":[{"embeddable":true,"href":"https:\/\/het-imo.net\/de\/wp-json\/wp\/v2\/comments?post=611"}],"version-history":[{"count":10,"href":"https:\/\/het-imo.net\/de\/wp-json\/wp\/v2\/pages\/611\/revisions"}],"predecessor-version":[{"id":907,"href":"https:\/\/het-imo.net\/de\/wp-json\/wp\/v2\/pages\/611\/revisions\/907"}],"up":[{"embeddable":true,"href":"https:\/\/het-imo.net\/de\/wp-json\/wp\/v2\/pages\/72"}],"wp:attachment":[{"href":"https:\/\/het-imo.net\/de\/wp-json\/wp\/v2\/media?parent=611"}],"wp:term":[{"taxonomy":"folder","embeddable":true,"href":"https:\/\/het-imo.net\/de\/wp-json\/wp\/v2\/folder?post=611"}],"curies":[{"name":"wp","href":"https:\/\/api.w.org\/{rel}","templated":true}]}}