{"id":58,"date":"2021-06-29T15:51:46","date_gmt":"2021-06-29T13:51:46","guid":{"rendered":"https:\/\/het-imo.net\/de\/?page_id=58"},"modified":"2025-09-18T16:51:50","modified_gmt":"2025-09-18T14:51:50","slug":"hilmar-dahlem","status":"publish","type":"page","link":"https:\/\/het-imo.net\/de\/wer-wir-sind\/hilmar-dahlem\/","title":{"rendered":"Hilmar Dahlem"},"content":{"rendered":"<p>[et_pb_section fb_built=&#8221;1&#8243; admin_label=&#8221;section&#8221; _builder_version=&#8221;4.16&#8243; global_colors_info=&#8221;{}&#8221;][et_pb_row column_structure=&#8221;1_2,1_2&#8243; admin_label=&#8221;row&#8221; _builder_version=&#8221;4.16&#8243; background_size=&#8221;initial&#8221; background_position=&#8221;top_left&#8221; background_repeat=&#8221;repeat&#8221; global_colors_info=&#8221;{}&#8221;][et_pb_column type=&#8221;1_2&#8243; _builder_version=&#8221;4.16&#8243; custom_padding=&#8221;|||&#8221; global_colors_info=&#8221;{}&#8221; custom_padding__hover=&#8221;|||&#8221;][et_pb_image src=&#8221;https:\/\/het-imo.net\/de\/wp-content\/uploads\/2023\/09\/Hilmar-5-scaled.jpg&#8221; alt=&#8221;Hilmar Dahlem&#8221; title_text=&#8221;Hilmar 5&#8243; force_fullwidth=&#8221;on&#8221; align_tablet=&#8221;center&#8221; align_phone=&#8221;&#8221; align_last_edited=&#8221;on|desktop&#8221; admin_label=&#8221;Image Tertta Paananen&#8221; _builder_version=&#8221;4.22.2&#8243; use_border_color=&#8221;off&#8221; border_color=&#8221;#ffffff&#8221; border_style=&#8221;solid&#8221; animation=&#8221;off&#8221; sticky=&#8221;off&#8221; global_colors_info=&#8221;{}&#8221;][\/et_pb_image][et_pb_text admin_label=&#8221;Text&#8221; _builder_version=&#8221;4.16&#8243; background_size=&#8221;initial&#8221; background_position=&#8221;top_left&#8221; background_repeat=&#8221;repeat&#8221; global_colors_info=&#8221;{}&#8221;]<\/p>\n<h2>Hilmar Dahlem<\/h2>\n<p>E-mail:<span>\u00a0<\/span>dahlem@het-imo.net<\/p>\n<p>[\/et_pb_text][\/et_pb_column][et_pb_column type=&#8221;1_2&#8243; _builder_version=&#8221;4.16&#8243; custom_padding=&#8221;|||&#8221; global_colors_info=&#8221;{}&#8221; custom_padding__hover=&#8221;|||&#8221;][et_pb_text admin_label=&#8221;Text Tertta Paananen&#8221; _builder_version=&#8221;4.16&#8243; background_size=&#8221;initial&#8221; background_position=&#8221;top_left&#8221; background_repeat=&#8221;repeat&#8221; global_colors_info=&#8221;{}&#8221;]<\/p>\n<p>Hilmar Dahlem,<br \/>seit April 2005 bei IMO. Arbeitsschwerpunkte: Strategie,<br \/>Organisationsentwicklung; Zusammenarbeit von F\u00fchrungskr\u00e4ften und F\u00fchrungskultur; Coaching; Kompetenzentwicklung und Lernen in der Arbeit.<br \/>Aktuell t\u00e4tig f\u00fcr Unternehmen verschiedener Branchen und gemeinn\u00fctzige Einrichtungen. Stellvertretender Vorsitzender im Kuratorium einer gro\u00dfen F\u00f6rderstiftung.<\/p>\n<p>Berufsbiografisches:<br \/>Ausbildung und Berufst\u00e4tigkeit als Krankenpfleger. Sozialwissenschaftliches Studium sowie \u00a0Studium der Waldorfp\u00e4dagogik. Seit 1997 selbst\u00e4ndiger<br \/>Berater, dabei von 2000 \u2013 2005 Mitarbeiter und Gesellschafter eines<br \/>Forschungs- und Beratungsinstituts f\u00fcr Berufliche Bildung und<br \/>Organisationsentwicklung. Bis 2018 auch mehr als zehn Jahre t\u00e4tig als gesch\u00e4ftsf\u00fchrender Vorstand in einem ethisch-sozial orientierten<br \/>Unternehmensverbund.<\/p>\n<p>[\/et_pb_text][\/et_pb_column][\/et_pb_row][et_pb_row admin_label=&#8221;Row&#8221; _builder_version=&#8221;4.16&#8243; background_size=&#8221;initial&#8221; background_position=&#8221;top_left&#8221; background_repeat=&#8221;repeat&#8221; global_colors_info=&#8221;{}&#8221;][et_pb_column type=&#8221;4_4&#8243; _builder_version=&#8221;4.16&#8243; custom_padding=&#8221;|||&#8221; global_colors_info=&#8221;{}&#8221; custom_padding__hover=&#8221;|||&#8221;][et_pb_divider show_divider=&#8221;off&#8221; disabled_on=&#8221;on|on|off&#8221; admin_label=&#8221;Divider&#8221; _builder_version=&#8221;4.16&#8243; height=&#8221;200px&#8221; hide_on_mobile=&#8221;on&#8221; global_colors_info=&#8221;{}&#8221;][\/et_pb_divider][\/et_pb_column][\/et_pb_row][\/et_pb_section]<\/p>\n","protected":false},"excerpt":{"rendered":"<p>Hilmar Dahlem E-mail:\u00a0dahlem@het-imo.netHilmar Dahlem,seit April 2005 bei IMO. Arbeitsschwerpunkte: Strategie,Organisationsentwicklung; Zusammenarbeit von F\u00fchrungskr\u00e4ften und F\u00fchrungskultur; Coaching; Kompetenzentwicklung und Lernen in der Arbeit.Aktuell t\u00e4tig f\u00fcr Unternehmen verschiedener Branchen und gemeinn\u00fctzige Einrichtungen. Stellvertretender Vorsitzender im Kuratorium einer gro\u00dfen F\u00f6rderstiftung. Berufsbiografisches:Ausbildung und Berufst\u00e4tigkeit als Krankenpfleger. Sozialwissenschaftliches Studium sowie \u00a0Studium der Waldorfp\u00e4dagogik. Seit 1997 selbst\u00e4ndigerBerater, dabei von 2000 \u2013 [&hellip;]<\/p>\n","protected":false},"author":1,"featured_media":0,"parent":72,"menu_order":0,"comment_status":"closed","ping_status":"closed","template":"","meta":{"_et_pb_use_builder":"on","_et_pb_old_content":"","_et_gb_content_width":"","footnotes":""},"folder":[10],"class_list":["post-58","page","type-page","status-publish","hentry"],"_links":{"self":[{"href":"https:\/\/het-imo.net\/de\/wp-json\/wp\/v2\/pages\/58","targetHints":{"allow":["GET"]}}],"collection":[{"href":"https:\/\/het-imo.net\/de\/wp-json\/wp\/v2\/pages"}],"about":[{"href":"https:\/\/het-imo.net\/de\/wp-json\/wp\/v2\/types\/page"}],"author":[{"embeddable":true,"href":"https:\/\/het-imo.net\/de\/wp-json\/wp\/v2\/users\/1"}],"replies":[{"embeddable":true,"href":"https:\/\/het-imo.net\/de\/wp-json\/wp\/v2\/comments?post=58"}],"version-history":[{"count":14,"href":"https:\/\/het-imo.net\/de\/wp-json\/wp\/v2\/pages\/58\/revisions"}],"predecessor-version":[{"id":950,"href":"https:\/\/het-imo.net\/de\/wp-json\/wp\/v2\/pages\/58\/revisions\/950"}],"up":[{"embeddable":true,"href":"https:\/\/het-imo.net\/de\/wp-json\/wp\/v2\/pages\/72"}],"wp:attachment":[{"href":"https:\/\/het-imo.net\/de\/wp-json\/wp\/v2\/media?parent=58"}],"wp:term":[{"taxonomy":"folder","embeddable":true,"href":"https:\/\/het-imo.net\/de\/wp-json\/wp\/v2\/folder?post=58"}],"curies":[{"name":"wp","href":"https:\/\/api.w.org\/{rel}","templated":true}]}}