{"id":322,"date":"2021-08-03T21:13:27","date_gmt":"2021-08-03T19:13:27","guid":{"rendered":"https:\/\/het-imo.net\/de\/?page_id=322"},"modified":"2025-03-25T18:27:26","modified_gmt":"2025-03-25T17:27:26","slug":"martin-timmermann","status":"publish","type":"page","link":"https:\/\/het-imo.net\/de\/wer-wir-sind\/martin-timmermann\/","title":{"rendered":"Martin Timmermann"},"content":{"rendered":"\n[et_pb_section fb_built=&#8221;1&#8243; admin_label=&#8221;section&#8221; _builder_version=&#8221;4.16&#8243; global_colors_info=&#8221;{}&#8221;][et_pb_row column_structure=&#8221;1_2,1_2&#8243; admin_label=&#8221;row&#8221; _builder_version=&#8221;4.16&#8243; background_size=&#8221;initial&#8221; background_position=&#8221;top_left&#8221; background_repeat=&#8221;repeat&#8221; global_colors_info=&#8221;{}&#8221;][et_pb_column type=&#8221;1_2&#8243; _builder_version=&#8221;4.16&#8243; custom_padding=&#8221;|||&#8221; global_colors_info=&#8221;{}&#8221; custom_padding__hover=&#8221;|||&#8221;][et_pb_image src=&#8221;https:\/\/het-imo.net\/de\/wp-content\/uploads\/2021\/08\/Martin-Timmermann.png&#8221; alt=&#8221;Christian Lucke&#8221; title_text=&#8221;Martin Timmermann&#8221; force_fullwidth=&#8221;on&#8221; align_tablet=&#8221;center&#8221; align_phone=&#8221;&#8221; align_last_edited=&#8221;on|desktop&#8221; admin_label=&#8221;Image Tertta Paananen&#8221; _builder_version=&#8221;4.16&#8243; use_border_color=&#8221;off&#8221; border_color=&#8221;#ffffff&#8221; border_style=&#8221;solid&#8221; animation=&#8221;off&#8221; sticky=&#8221;off&#8221; global_colors_info=&#8221;{}&#8221;][\/et_pb_image][et_pb_text admin_label=&#8221;Text&#8221; _builder_version=&#8221;4.16&#8243; background_size=&#8221;initial&#8221; background_position=&#8221;top_left&#8221; background_repeat=&#8221;repeat&#8221; global_colors_info=&#8221;{}&#8221;]<h2>Dr. Martin Timmermann<\/h2>\n<p>E-mail:<span> timmermann<\/span>@het-imo.net<\/p>[\/et_pb_text][\/et_pb_column][et_pb_column type=&#8221;1_2&#8243; _builder_version=&#8221;4.16&#8243; custom_padding=&#8221;|||&#8221; global_colors_info=&#8221;{}&#8221; custom_padding__hover=&#8221;|||&#8221;][et_pb_text admin_label=&#8221;Text Tertta Paananen&#8221; _builder_version=&#8221;4.16&#8243; background_size=&#8221;initial&#8221; background_position=&#8221;top_left&#8221; background_repeat=&#8221;repeat&#8221; custom_padding=&#8221;||50px|||&#8221; global_colors_info=&#8221;{}&#8221;]<p>Als Gr\u00fcnder und Unternehmer habe ich erstaunt erleben d\u00fcrfen, was m\u00f6glich ist, wenn alle &#8211; von den Gesch\u00e4ftsf\u00fchrenden, den Mitarbeitenden, den Kunden bis zu den Lieferanten &#8211; &#8220;wirklich&#8221; l\u00f6sungsorientiert zusammenarbeiten. Gute Entscheidungen aus einer guten Zusammenarbeit &#8211; egal ob im wirtschaftlichen oder gemeinn\u00fctzigen Bereich &#8211; ist auch in kritischen Phasen verbunden mit einem Gef\u00fchl von Leichtigkeit, Richtigkeit und Vertrauen. Meine T\u00e4tigkeit als Berater und Coach findet in diesem Spannungsfeld statt. Es geht dabei immer um Entwicklung.<\/p>\n<p>Aktuell gilt mein Hauptaugenmerk der Entwicklung von Nachfolgetr\u00e4gerschaftsl\u00f6sungen f\u00fcr klein- und mittelst\u00e4ndische Unternehmen, etwa durch eine Unternehmensstiftung und Holdingstrukturen als Tr\u00e4ger f\u00fcr mehrere Unternehmen. Ziel ist im Zuge einer Nachfolgesicherung Firmen in ihrer Eigenst\u00e4ndigkeit und Agilit\u00e4t zu sichern. Hierzu ist die Neuguss beispielhaft.<\/p>\n<p>&nbsp;<\/p>\n<p>WERDEGANG<\/p>\n<p>1968 geboren und und aufgewachsen in M\u00fcnchen<br \/>1991 landwirtschaftliche Lehre<br \/>1993 Studium der Agrarwissenschaft<br \/>2000 Getreidez\u00fcchter, Promotion in Wissenssoziologie<br \/>2009 selbstst\u00e4ndig als Berater und Projektentwickler, Startup-Vorbereitung<br \/>2010 Gr\u00fcnder und CEO der B2B-Internetplattform o-tx.com f\u00fcr \u00f6kologisch zertifizierte Produkte<br \/>2019 Mitglied bei IMO<br \/>2020 Gesch\u00e4ftsf\u00fchrer der Neuguss Verwaltung GmbH mit 7 Unternehmen, 300 Mitarbeitern und 40 Mio. \u20ac Umsatz, Entwicklung der Tr\u00e4ger-Stiftung<\/p>[\/et_pb_text][\/et_pb_column][\/et_pb_row][et_pb_row admin_label=&#8221;Row&#8221; _builder_version=&#8221;4.16&#8243; background_size=&#8221;initial&#8221; background_position=&#8221;top_left&#8221; background_repeat=&#8221;repeat&#8221; global_colors_info=&#8221;{}&#8221;][et_pb_column type=&#8221;4_4&#8243; _builder_version=&#8221;4.16&#8243; custom_padding=&#8221;|||&#8221; global_colors_info=&#8221;{}&#8221; custom_padding__hover=&#8221;|||&#8221;][et_pb_divider show_divider=&#8221;off&#8221; disabled_on=&#8221;on|on|off&#8221; admin_label=&#8221;Divider&#8221; _builder_version=&#8221;4.16&#8243; height=&#8221;200px&#8221; hide_on_mobile=&#8221;on&#8221; global_colors_info=&#8221;{}&#8221;][\/et_pb_divider][\/et_pb_column][\/et_pb_row][\/et_pb_section]\n","protected":false},"excerpt":{"rendered":"<p>Dr. Martin Timmermann E-mail: timmermann@het-imo.netAls Gr\u00fcnder und Unternehmer habe ich erstaunt erleben d\u00fcrfen, was m\u00f6glich ist, wenn alle &#8211; von den Gesch\u00e4ftsf\u00fchrenden, den Mitarbeitenden, den Kunden bis zu den Lieferanten &#8211; &#8220;wirklich&#8221; l\u00f6sungsorientiert zusammenarbeiten. Gute Entscheidungen aus einer guten Zusammenarbeit &#8211; egal ob im wirtschaftlichen oder gemeinn\u00fctzigen Bereich &#8211; ist auch in kritischen Phasen verbunden [&hellip;]<\/p>\n","protected":false},"author":3,"featured_media":0,"parent":72,"menu_order":0,"comment_status":"closed","ping_status":"closed","template":"","meta":{"_et_pb_use_builder":"on","_et_pb_old_content":"","_et_gb_content_width":"","footnotes":""},"folder":[10],"class_list":["post-322","page","type-page","status-publish","hentry"],"_links":{"self":[{"href":"https:\/\/het-imo.net\/de\/wp-json\/wp\/v2\/pages\/322","targetHints":{"allow":["GET"]}}],"collection":[{"href":"https:\/\/het-imo.net\/de\/wp-json\/wp\/v2\/pages"}],"about":[{"href":"https:\/\/het-imo.net\/de\/wp-json\/wp\/v2\/types\/page"}],"author":[{"embeddable":true,"href":"https:\/\/het-imo.net\/de\/wp-json\/wp\/v2\/users\/3"}],"replies":[{"embeddable":true,"href":"https:\/\/het-imo.net\/de\/wp-json\/wp\/v2\/comments?post=322"}],"version-history":[{"count":8,"href":"https:\/\/het-imo.net\/de\/wp-json\/wp\/v2\/pages\/322\/revisions"}],"predecessor-version":[{"id":909,"href":"https:\/\/het-imo.net\/de\/wp-json\/wp\/v2\/pages\/322\/revisions\/909"}],"up":[{"embeddable":true,"href":"https:\/\/het-imo.net\/de\/wp-json\/wp\/v2\/pages\/72"}],"wp:attachment":[{"href":"https:\/\/het-imo.net\/de\/wp-json\/wp\/v2\/media?parent=322"}],"wp:term":[{"taxonomy":"folder","embeddable":true,"href":"https:\/\/het-imo.net\/de\/wp-json\/wp\/v2\/folder?post=322"}],"curies":[{"name":"wp","href":"https:\/\/api.w.org\/{rel}","templated":true}]}}