{"id":291,"date":"2021-07-06T10:41:54","date_gmt":"2021-07-06T08:41:54","guid":{"rendered":"https:\/\/het-imo.net\/de\/?page_id=291"},"modified":"2025-02-27T19:34:18","modified_gmt":"2025-02-27T18:34:18","slug":"publikationen","status":"publish","type":"page","link":"https:\/\/het-imo.net\/de\/publikationen\/","title":{"rendered":"Publikationen"},"content":{"rendered":"<p>[et_pb_section fb_built=&#8221;1&#8243; _builder_version=&#8221;4.16&#8243; _module_preset=&#8221;default&#8221; custom_padding=&#8221;21px|||||&#8221; global_colors_info=&#8221;{}&#8221;][et_pb_row _builder_version=&#8221;4.16&#8243; _module_preset=&#8221;default&#8221; global_colors_info=&#8221;{}&#8221;][et_pb_column type=&#8221;4_4&#8243; _builder_version=&#8221;4.16&#8243; _module_preset=&#8221;default&#8221; global_colors_info=&#8221;{}&#8221;][et_pb_text _builder_version=&#8221;4.16&#8243; _module_preset=&#8221;default&#8221; header_font=&#8221;|||on|||||&#8221; header_text_align=&#8221;center&#8221; header_font_size=&#8221;50px&#8221; global_colors_info=&#8221;{}&#8221;]<\/p>\n<h1>B\u00dcCHER<\/h1>\n<div id=\"gtx-trans\" style=\"position: absolute; left: -28px; top: -10px;\">\n<div class=\"gtx-trans-icon\"><\/div>\n<\/div>\n<p>[\/et_pb_text][\/et_pb_column][\/et_pb_row][et_pb_row _builder_version=&#8221;4.16&#8243; _module_preset=&#8221;default&#8221; custom_padding=&#8221;0px|||||&#8221; global_colors_info=&#8221;{}&#8221;][et_pb_column type=&#8221;4_4&#8243; _builder_version=&#8221;4.16&#8243; _module_preset=&#8221;default&#8221; global_colors_info=&#8221;{}&#8221;][et_pb_divider color=&#8221;#b84f3c&#8221; divider_weight=&#8221;3px&#8221; _builder_version=&#8221;4.16&#8243; _module_preset=&#8221;default&#8221; custom_margin=&#8221;-6px|||||&#8221; global_colors_info=&#8221;{}&#8221;][\/et_pb_divider][\/et_pb_column][\/et_pb_row][et_pb_row _builder_version=&#8221;4.16&#8243; _module_preset=&#8221;default&#8221; custom_margin=&#8221;-18px|auto||auto||&#8221; custom_padding=&#8221;8px|||||&#8221; global_colors_info=&#8221;{}&#8221;][et_pb_column type=&#8221;4_4&#8243; _builder_version=&#8221;4.16&#8243; _module_preset=&#8221;default&#8221; global_colors_info=&#8221;{}&#8221;][et_pb_text _builder_version=&#8221;4.16&#8243; _module_preset=&#8221;default&#8221; custom_margin=&#8221;||10px|||&#8221; global_colors_info=&#8221;{}&#8221;]<\/p>\n<p>Gemeinsam mit unseren Kunden arbeiten wir an der Entwicklung und Erneuerung von Organisationen. Fragestellungen, die mit F\u00fchrung, Sinngebung und dem Kundenprozess zu tun haben, inspirieren uns zu weiterer Forschungsarbeit. Die Einsichten und Beobachtungen, die sich daraus ergeben, werden regelm\u00e4\u00dfig in B\u00fcchern und Artikeln publiziert. Sie finden auf dieser Seite eine \u00dcbersicht deutschsprachiger Buchver\u00f6ffentlichungen.<\/p>\n<p>Weitere Beitr\u00e4ge wie Texte, Pr\u00e4sentationen und Arbeitsmaterialien von IMO-Beratern finden Sie\u00a0<strong><a href=\"https:\/\/het-imo.net\/de\/weitere-eindruecke\/\">hier<\/a><\/strong>.<\/p>\n<p>[\/et_pb_text][\/et_pb_column][\/et_pb_row][et_pb_row column_structure=&#8221;1_4,1_4,1_4,1_4&#8243; use_custom_gutter=&#8221;on&#8221; gutter_width=&#8221;2&#8243; make_equal=&#8221;on&#8221; _builder_version=&#8221;4.16&#8243; _module_preset=&#8221;default&#8221; custom_padding=&#8221;2px|||||&#8221; global_colors_info=&#8221;{}&#8221;][et_pb_column type=&#8221;1_4&#8243; _builder_version=&#8221;4.16&#8243; _module_preset=&#8221;default&#8221; global_colors_info=&#8221;{}&#8221;][et_pb_image src=&#8221;https:\/\/het-imo.net\/de\/wp-content\/uploads\/2021\/07\/Horizontal-Fu\u0308hren.jpg&#8221; title_text=&#8221;Horizontal-Fu\u0308hren&#8221; url=&#8221;https:\/\/het-imo.net\/de\/horizontal-fuehren\/&#8221; _builder_version=&#8221;4.16&#8243; _module_preset=&#8221;default&#8221; global_colors_info=&#8221;{}&#8221;][\/et_pb_image][\/et_pb_column][et_pb_column type=&#8221;1_4&#8243; _builder_version=&#8221;4.16&#8243; _module_preset=&#8221;default&#8221; global_colors_info=&#8221;{}&#8221;][et_pb_image src=&#8221;https:\/\/het-imo.net\/de\/wp-content\/uploads\/2021\/07\/Begeisterung-steckt-an.jpg&#8221; title_text=&#8221;Bekman (17) COVER \u00e1 neuer Titel.indd&#8221; _builder_version=&#8221;4.16&#8243; _module_preset=&#8221;default&#8221; global_colors_info=&#8221;{}&#8221;][\/et_pb_image][\/et_pb_column][et_pb_column type=&#8221;1_4&#8243; _builder_version=&#8221;4.16&#8243; _module_preset=&#8221;default&#8221; global_colors_info=&#8221;{}&#8221;][et_pb_image src=&#8221;https:\/\/het-imo.net\/de\/wp-content\/uploads\/2021\/07\/Die-menschliche-Scho\u0308pfung.jpg&#8221; title_text=&#8221;Die-menschliche-Scho\u0308pfung&#8221; url=&#8221;https:\/\/het-imo.net\/de\/die-menschliche-schoepfung\/&#8221; _builder_version=&#8221;4.16&#8243; _module_preset=&#8221;default&#8221; global_colors_info=&#8221;{}&#8221;][\/et_pb_image][\/et_pb_column][et_pb_column type=&#8221;1_4&#8243; _builder_version=&#8221;4.16&#8243; _module_preset=&#8221;default&#8221; global_colors_info=&#8221;{}&#8221;][et_pb_image src=&#8221;https:\/\/het-imo.net\/de\/wp-content\/uploads\/2021\/07\/Ethik-des-Anleitens.jpg&#8221; title_text=&#8221;Ethik-des-Anleitens&#8221; url=&#8221;https:\/\/het-imo.net\/de\/ethik-des-anleitens-2\/&#8221; _builder_version=&#8221;4.16&#8243; _module_preset=&#8221;default&#8221; global_colors_info=&#8221;{}&#8221;][\/et_pb_image][\/et_pb_column][\/et_pb_row][et_pb_row column_structure=&#8221;1_4,1_4,1_4,1_4&#8243; use_custom_gutter=&#8221;on&#8221; gutter_width=&#8221;2&#8243; make_equal=&#8221;on&#8221; _builder_version=&#8221;4.16&#8243; _module_preset=&#8221;default&#8221; custom_padding=&#8221;2px|||||&#8221; global_colors_info=&#8221;{}&#8221;][et_pb_column type=&#8221;1_4&#8243; _builder_version=&#8221;4.16&#8243; _module_preset=&#8221;default&#8221; global_colors_info=&#8221;{}&#8221;][et_pb_image src=&#8221;https:\/\/het-imo.net\/de\/wp-content\/uploads\/2021\/07\/Self-Management_2.jpg&#8221; title_text=&#8221;Self-Management_2&#8243; url=&#8221;https:\/\/het-imo.net\/de\/self-management\/&#8221; _builder_version=&#8221;4.16&#8243; _module_preset=&#8221;default&#8221; global_colors_info=&#8221;{}&#8221;][\/et_pb_image][\/et_pb_column][et_pb_column type=&#8221;1_4&#8243; _builder_version=&#8221;4.16&#8243; _module_preset=&#8221;default&#8221; global_colors_info=&#8221;{}&#8221;][et_pb_image src=&#8221;https:\/\/het-imo.net\/de\/wp-content\/uploads\/2021\/07\/Lex-Bos.jpg&#8221; title_text=&#8221;Lex-Bos&#8221; url=&#8221;https:\/\/het-imo.net\/de\/lex-bos-ein-lebensbild\/&#8221; _builder_version=&#8221;4.16&#8243; _module_preset=&#8221;default&#8221; global_colors_info=&#8221;{}&#8221;][\/et_pb_image][\/et_pb_column][et_pb_column type=&#8221;1_4&#8243; _builder_version=&#8221;4.16&#8243; _module_preset=&#8221;default&#8221; global_colors_info=&#8221;{}&#8221;][et_pb_image src=&#8221;https:\/\/het-imo.net\/de\/wp-content\/uploads\/2021\/07\/Lebendige-Organisationen.jpeg&#8221; title_text=&#8221;Lebendige-Organisationen&#8221; url=&#8221;https:\/\/het-imo.net\/de\/lebendige-organisationen-2\/&#8221; _builder_version=&#8221;4.16&#8243; _module_preset=&#8221;default&#8221; global_colors_info=&#8221;{}&#8221;][\/et_pb_image][\/et_pb_column][et_pb_column type=&#8221;1_4&#8243; _builder_version=&#8221;4.16&#8243; _module_preset=&#8221;default&#8221; global_colors_info=&#8221;{}&#8221;][et_pb_image src=&#8221;https:\/\/het-imo.net\/de\/wp-content\/uploads\/2021\/07\/Cover-hohf.jpg&#8221; title_text=&#8221;Cover-hohf&#8221; _builder_version=&#8221;4.27.4&#8243; _module_preset=&#8221;default&#8221; hover_enabled=&#8221;0&#8243; global_colors_info=&#8221;{}&#8221; url=&#8221;https:\/\/het-imo.net\/de\/wp-content\/uploads\/2025\/02\/Horizontal-Organisieren-und-Fuhren.pdf&#8221; sticky_enabled=&#8221;0&#8243;][\/et_pb_image][\/et_pb_column][\/et_pb_row][\/et_pb_section]<\/p>\n","protected":false},"excerpt":{"rendered":"<p>B\u00dcCHER Gemeinsam mit unseren Kunden arbeiten wir an der Entwicklung und Erneuerung von Organisationen. Fragestellungen, die mit F\u00fchrung, Sinngebung und dem Kundenprozess zu tun haben, inspirieren uns zu weiterer Forschungsarbeit. Die Einsichten und Beobachtungen, die sich daraus ergeben, werden regelm\u00e4\u00dfig in B\u00fcchern und Artikeln publiziert. Sie finden auf dieser Seite eine \u00dcbersicht deutschsprachiger Buchver\u00f6ffentlichungen. Weitere [&hellip;]<\/p>\n","protected":false},"author":1,"featured_media":0,"parent":0,"menu_order":0,"comment_status":"closed","ping_status":"closed","template":"","meta":{"_et_pb_use_builder":"on","_et_pb_old_content":"","_et_gb_content_width":"","footnotes":""},"folder":[14],"class_list":["post-291","page","type-page","status-publish","hentry"],"_links":{"self":[{"href":"https:\/\/het-imo.net\/de\/wp-json\/wp\/v2\/pages\/291","targetHints":{"allow":["GET"]}}],"collection":[{"href":"https:\/\/het-imo.net\/de\/wp-json\/wp\/v2\/pages"}],"about":[{"href":"https:\/\/het-imo.net\/de\/wp-json\/wp\/v2\/types\/page"}],"author":[{"embeddable":true,"href":"https:\/\/het-imo.net\/de\/wp-json\/wp\/v2\/users\/1"}],"replies":[{"embeddable":true,"href":"https:\/\/het-imo.net\/de\/wp-json\/wp\/v2\/comments?post=291"}],"version-history":[{"count":9,"href":"https:\/\/het-imo.net\/de\/wp-json\/wp\/v2\/pages\/291\/revisions"}],"predecessor-version":[{"id":871,"href":"https:\/\/het-imo.net\/de\/wp-json\/wp\/v2\/pages\/291\/revisions\/871"}],"wp:attachment":[{"href":"https:\/\/het-imo.net\/de\/wp-json\/wp\/v2\/media?parent=291"}],"wp:term":[{"taxonomy":"folder","embeddable":true,"href":"https:\/\/het-imo.net\/de\/wp-json\/wp\/v2\/folder?post=291"}],"curies":[{"name":"wp","href":"https:\/\/api.w.org\/{rel}","templated":true}]}}