{"id":287,"date":"2021-07-06T10:26:40","date_gmt":"2021-07-06T08:26:40","guid":{"rendered":"https:\/\/het-imo.net\/de\/?page_id=287"},"modified":"2021-07-06T10:27:48","modified_gmt":"2021-07-06T08:27:48","slug":"lex-bos-ein-lebensbild","status":"publish","type":"page","link":"https:\/\/het-imo.net\/de\/lex-bos-ein-lebensbild\/","title":{"rendered":"Lex Bos \u2013 ein Lebensbild"},"content":{"rendered":"<p>[et_pb_section fb_built=&#8221;1&#8243; _builder_version=&#8221;4.9.7&#8243; _module_preset=&#8221;default&#8221;][et_pb_row _builder_version=&#8221;4.9.7&#8243; _module_preset=&#8221;default&#8221; column_structure=&#8221;1_3,2_3&#8243;][et_pb_column _builder_version=&#8221;4.9.7&#8243; _module_preset=&#8221;default&#8221; type=&#8221;1_3&#8243;][et_pb_image src=&#8221;https:\/\/het-imo.net\/de\/wp-content\/uploads\/2021\/07\/Lex-Bos.jpg&#8221; _builder_version=&#8221;4.9.7&#8243; _module_preset=&#8221;default&#8221; title_text=&#8221;Lex-Bos&#8221; hover_enabled=&#8221;0&#8243; sticky_enabled=&#8221;0&#8243;][\/et_pb_image][\/et_pb_column][et_pb_column _builder_version=&#8221;4.9.7&#8243; _module_preset=&#8221;default&#8221; type=&#8221;2_3&#8243;][et_pb_text _builder_version=&#8221;4.9.7&#8243; _module_preset=&#8221;default&#8221; hover_enabled=&#8221;0&#8243; sticky_enabled=&#8221;0&#8243;]<\/p>\n<div class=\"et_pb_text et_pb_module et_pb_bg_layout_light et_pb_text_align_left et_pb_text_0\">\n<div class=\"et_pb_text_inner\">\n<h3>Wolfgang Weirauch, Adriaan Bekman, Peter Blom, Lex Bos, Martin van den Broek, Renate Hasselber, Dierk Lorenz, Lex Bos \u2013 ein Lebensbild: Form kann Freiheit schaffen (Flensburger Hefte \u2013 Buchreihe)<\/h3>\n<div id=\"u4007-7\" class=\"clearfix grpelem\">\n<p class=\"Gegevens\">192 Seiten | Preis 15 \u20ac | ISBN 9783935679244 | 2005<\/p>\n<\/div>\n<\/div>\n<\/div>\n<div class=\"et_pb_text et_pb_module et_pb_bg_layout_light et_pb_text_align_left et_pb_text_1\">\n<div class=\"et_pb_text_inner\">\n<p class=\"bodytext\">Die Biographie eines Menschen erm\u00f6glicht den Blick auf das Gegenw\u00e4rtige, vor allem aber auch auf das Vergangene und Geschaffene. Gleichzeitig er\u00f6ffnet sie den Blick auf die n\u00e4here und entferntere Zukunft dessen, was ein Mensch an Fr\u00fcchten auf der Erde hinterlegt hat und was aus ihm selbst werden wird.<\/p>\n<p class=\"bodytext\">In diesem Buch widmen wir uns der Biographie von Lex Bos. Das Herausragende seines Lebens sind zum einen seine Leistungen, zum anderen, da\u00df sein Schaffen einen Lichtstrahl in die Zukunft wirft und Hoffnung und Mut f\u00fcr junge Menschen entfacht, die sich beruflich orientieren m\u00fcssen, ihr Leben gestalten und die Welt ver\u00e4ndern wollen.<\/p>\n<p class=\"bodytext\">Lex Bos spricht \u00fcber sein Engagement f\u00fcr die soziale Frage und \u00fcber seine T\u00e4tigkeitsfelder \u2013 \u00fcber die Organisationsentwicklung und das NPI (Niederl\u00e4ndisches Institut f\u00fcr Organisationsentwicklung), die Mitbegr\u00fcndung der Triodos Bank, die Entwicklung der Dynamischen Urteilsbildung und \u00fcber sein Engagement in Brasilien -, gleichzeitig \u00fcber seine privaten Lebensstationen und sein Verh\u00e4ltnis zur Anthroposophie. Vollst\u00e4ndig wird das Leben von Lex Bos aber erst durch die Beitr\u00e4ge von vier seiner wesentlichsten Mitarbeiter.<\/p>\n<\/div>\n<\/div>\n<p>[\/et_pb_text][\/et_pb_column][\/et_pb_row][\/et_pb_section]<\/p>\n","protected":false},"excerpt":{"rendered":"<p>Wolfgang Weirauch, Adriaan Bekman, Peter Blom, Lex Bos, Martin van den Broek, Renate Hasselber, Dierk Lorenz, Lex Bos \u2013 ein Lebensbild: Form kann Freiheit schaffen (Flensburger Hefte \u2013 Buchreihe) 192 Seiten | Preis 15 \u20ac | ISBN 9783935679244 | 2005 Die Biographie eines Menschen erm\u00f6glicht den Blick auf das Gegenw\u00e4rtige, vor allem aber auch auf [&hellip;]<\/p>\n","protected":false},"author":1,"featured_media":0,"parent":0,"menu_order":0,"comment_status":"closed","ping_status":"closed","template":"","meta":{"_et_pb_use_builder":"on","_et_pb_old_content":"","_et_gb_content_width":"","footnotes":""},"folder":[17],"class_list":["post-287","page","type-page","status-publish","hentry"],"_links":{"self":[{"href":"https:\/\/het-imo.net\/de\/wp-json\/wp\/v2\/pages\/287","targetHints":{"allow":["GET"]}}],"collection":[{"href":"https:\/\/het-imo.net\/de\/wp-json\/wp\/v2\/pages"}],"about":[{"href":"https:\/\/het-imo.net\/de\/wp-json\/wp\/v2\/types\/page"}],"author":[{"embeddable":true,"href":"https:\/\/het-imo.net\/de\/wp-json\/wp\/v2\/users\/1"}],"replies":[{"embeddable":true,"href":"https:\/\/het-imo.net\/de\/wp-json\/wp\/v2\/comments?post=287"}],"version-history":[{"count":2,"href":"https:\/\/het-imo.net\/de\/wp-json\/wp\/v2\/pages\/287\/revisions"}],"predecessor-version":[{"id":289,"href":"https:\/\/het-imo.net\/de\/wp-json\/wp\/v2\/pages\/287\/revisions\/289"}],"wp:attachment":[{"href":"https:\/\/het-imo.net\/de\/wp-json\/wp\/v2\/media?parent=287"}],"wp:term":[{"taxonomy":"folder","embeddable":true,"href":"https:\/\/het-imo.net\/de\/wp-json\/wp\/v2\/folder?post=287"}],"curies":[{"name":"wp","href":"https:\/\/api.w.org\/{rel}","templated":true}]}}