{"id":283,"date":"2021-07-06T10:24:21","date_gmt":"2021-07-06T08:24:21","guid":{"rendered":"https:\/\/het-imo.net\/de\/?page_id=283"},"modified":"2021-07-06T10:25:22","modified_gmt":"2021-07-06T08:25:22","slug":"lebendige-organisationen-2","status":"publish","type":"page","link":"https:\/\/het-imo.net\/de\/lebendige-organisationen-2\/","title":{"rendered":"Lebendige Organisationen"},"content":{"rendered":"<p>[et_pb_section fb_built=&#8221;1&#8243; _builder_version=&#8221;4.9.7&#8243; _module_preset=&#8221;default&#8221;][et_pb_row _builder_version=&#8221;4.9.7&#8243; _module_preset=&#8221;default&#8221; column_structure=&#8221;1_3,2_3&#8243;][et_pb_column _builder_version=&#8221;4.9.7&#8243; _module_preset=&#8221;default&#8221; type=&#8221;1_3&#8243;][et_pb_image src=&#8221;https:\/\/het-imo.net\/de\/wp-content\/uploads\/2021\/07\/Lebendige-Organisationen.jpeg&#8221; _builder_version=&#8221;4.9.7&#8243; _module_preset=&#8221;default&#8221; title_text=&#8221;Lebendige-Organisationen&#8221; hover_enabled=&#8221;0&#8243; sticky_enabled=&#8221;0&#8243;][\/et_pb_image][\/et_pb_column][et_pb_column _builder_version=&#8221;4.9.7&#8243; _module_preset=&#8221;default&#8221; type=&#8221;2_3&#8243;][et_pb_text _builder_version=&#8221;4.9.7&#8243; _module_preset=&#8221;default&#8221; hover_enabled=&#8221;0&#8243; sticky_enabled=&#8221;0&#8243;]<\/p>\n<div class=\"et_pb_text et_pb_module et_pb_bg_layout_light et_pb_text_align_left et_pb_text_0\">\n<div class=\"et_pb_text_inner\">\n<h3>Adriaan Bekman, Lebendige Organisationen. Der Kunde im Mittelpunkt unserer Bem\u00fchungen<\/h3>\n<div id=\"u4007-7\" class=\"clearfix grpelem\">\n<p class=\"Gegevens\">200 Seiten | Preis 20 \u20ac | ISBN 9783899670448 | 2003<\/p>\n<\/div>\n<\/div>\n<\/div>\n<div class=\"et_pb_text et_pb_module et_pb_bg_layout_light et_pb_text_align_left et_pb_text_1\">\n<div class=\"et_pb_text_inner\">\n<p>Organisationen schenken der Ertragssituation immer gr\u00f6\u00dfere Aufmerksamkeit und distanzieren sich von dem grundlegenden Prozess, der mit dem Kunden abl\u00e4uft. Sie besch\u00e4ftigen sich mit dem Schaffen und Perfektionieren komplexer Organisationssysteme im Hinblick auf Renditeziele. Diese Einseitigkeit wird blo\u00dfgelegt, sobald Organisationen durch den Druck und Einfluss von Kunden und gesellschaftlichen Bewegungen zur Ver\u00e4nderung gezwungen werden.<\/p>\n<p>F\u00fchrungskr\u00e4fte versuchen diesen Ver\u00e4nderungsdruck im Rahmen der vorhandenen operationellen Strukturen und Arbeitsabl\u00e4ufe zu kanalisieren, aber dies bleibt unzureichend, wenn nicht auch Arbeitsweisen, Verhalten und Prozessverl\u00e4ufe wesentlich ver\u00e4ndert werden. Andernfalls bleibt es bei Probleml\u00f6sungen und Ver\u00e4nderungen der Organisationsstruktur, die wiederum dazu f\u00fchren, dass das Problem nur verlagert wird.<\/p>\n<p>Die Herausforderung liegt darin, ein neues systemisches Bild der Organisation zu finden. Durch einen prozess- und entwicklungsorientierten Blick auf Organisationen und das nachgeordnete prozessgerichtete Organisieren bekommen F\u00fchrungskr\u00e4fte und Mitarbeiter die M\u00f6glichkeit, in ihren Organisationen tiefgreifende Ver\u00e4nderungsprozesse anzusto\u00dfen.<br \/>Bekman beschreibt realistisch und konkret M\u00f6glichkeiten, Organisationen im Interesse aller Beteiligten fortzuentwickeln: Eine gesellschaftliche Evolution ist m\u00f6glich.<\/p>\n<\/div>\n<\/div>\n<p>[\/et_pb_text][\/et_pb_column][\/et_pb_row][\/et_pb_section]<\/p>\n","protected":false},"excerpt":{"rendered":"<p>Adriaan Bekman, Lebendige Organisationen. Der Kunde im Mittelpunkt unserer Bem\u00fchungen 200 Seiten | Preis 20 \u20ac | ISBN 9783899670448 | 2003 Organisationen schenken der Ertragssituation immer gr\u00f6\u00dfere Aufmerksamkeit und distanzieren sich von dem grundlegenden Prozess, der mit dem Kunden abl\u00e4uft. Sie besch\u00e4ftigen sich mit dem Schaffen und Perfektionieren komplexer Organisationssysteme im Hinblick auf Renditeziele. Diese [&hellip;]<\/p>\n","protected":false},"author":1,"featured_media":0,"parent":0,"menu_order":0,"comment_status":"closed","ping_status":"closed","template":"","meta":{"_et_pb_use_builder":"on","_et_pb_old_content":"","_et_gb_content_width":"","footnotes":""},"folder":[17],"class_list":["post-283","page","type-page","status-publish","hentry"],"_links":{"self":[{"href":"https:\/\/het-imo.net\/de\/wp-json\/wp\/v2\/pages\/283","targetHints":{"allow":["GET"]}}],"collection":[{"href":"https:\/\/het-imo.net\/de\/wp-json\/wp\/v2\/pages"}],"about":[{"href":"https:\/\/het-imo.net\/de\/wp-json\/wp\/v2\/types\/page"}],"author":[{"embeddable":true,"href":"https:\/\/het-imo.net\/de\/wp-json\/wp\/v2\/users\/1"}],"replies":[{"embeddable":true,"href":"https:\/\/het-imo.net\/de\/wp-json\/wp\/v2\/comments?post=283"}],"version-history":[{"count":2,"href":"https:\/\/het-imo.net\/de\/wp-json\/wp\/v2\/pages\/283\/revisions"}],"predecessor-version":[{"id":285,"href":"https:\/\/het-imo.net\/de\/wp-json\/wp\/v2\/pages\/283\/revisions\/285"}],"wp:attachment":[{"href":"https:\/\/het-imo.net\/de\/wp-json\/wp\/v2\/media?parent=283"}],"wp:term":[{"taxonomy":"folder","embeddable":true,"href":"https:\/\/het-imo.net\/de\/wp-json\/wp\/v2\/folder?post=283"}],"curies":[{"name":"wp","href":"https:\/\/api.w.org\/{rel}","templated":true}]}}