{"id":275,"date":"2021-07-06T10:19:33","date_gmt":"2021-07-06T08:19:33","guid":{"rendered":"https:\/\/het-imo.net\/de\/?page_id=275"},"modified":"2021-07-06T10:20:35","modified_gmt":"2021-07-06T08:20:35","slug":"self-management","status":"publish","type":"page","link":"https:\/\/het-imo.net\/de\/self-management\/","title":{"rendered":"Self-Management"},"content":{"rendered":"<p>[et_pb_section fb_built=&#8221;1&#8243; _builder_version=&#8221;4.9.7&#8243; _module_preset=&#8221;default&#8221;][et_pb_row _builder_version=&#8221;4.9.7&#8243; _module_preset=&#8221;default&#8221; column_structure=&#8221;1_3,2_3&#8243;][et_pb_column _builder_version=&#8221;4.9.7&#8243; _module_preset=&#8221;default&#8221; type=&#8221;1_3&#8243;][et_pb_image src=&#8221;https:\/\/het-imo.net\/de\/wp-content\/uploads\/2021\/07\/Self-Management_2.jpg&#8221; _builder_version=&#8221;4.9.7&#8243; _module_preset=&#8221;default&#8221; title_text=&#8221;Self-Management_2&#8243; hover_enabled=&#8221;0&#8243; sticky_enabled=&#8221;0&#8243;][\/et_pb_image][\/et_pb_column][et_pb_column _builder_version=&#8221;4.9.7&#8243; _module_preset=&#8221;default&#8221; type=&#8221;2_3&#8243;][et_pb_text _builder_version=&#8221;4.9.7&#8243; _module_preset=&#8221;default&#8221; hover_enabled=&#8221;0&#8243; sticky_enabled=&#8221;0&#8243;]<\/p>\n<div class=\"et_pb_text et_pb_module et_pb_bg_layout_light et_pb_text_align_left et_pb_text_0\">\n<div class=\"et_pb_text_inner\">\n<h3>Adriaan Bekman, Self-Management. Die Kunst, den Alltag zu bew\u00e4ltigen<\/h3>\n<div id=\"u4007-7\" class=\"clearfix grpelem\">\n<p class=\"Gegevens\">117 Seiten | Preis 13,50 \u20ac | ISBN 3825172749 | 1999<\/p>\n<\/div>\n<\/div>\n<\/div>\n<div class=\"et_pb_text et_pb_module et_pb_bg_layout_light et_pb_text_align_left et_pb_text_1\">\n<div class=\"et_pb_text_inner\">\n<p><span>Alltag \u2013 das bedeutet oft Hektik, Geldnot, fehlende soziale Netze und liebloser Umgang mit der Umwelt. Die heutige Welt vermittelt uns t\u00e4glich Negativbotschaften: Nichts ist mehr, wie es war, Umbruch und Wandel zum Schlechteren, Verteuerung, Vereinsamung, medizinische Versorgung statt Pflege, Einsamkeit ersetzt Familien. Was bis gestern noch zementiert war, ist heute eingest\u00fcrzt. Dazu \u00fcberflutet uns eine nicht mehr fassbare Informationsflut, wir nehmen global an allem teil, Mord zum Fr\u00fchst\u00fcck und drohender Weltkollaps.<br \/><\/span><\/p>\n<p><span>Wie soll man da in diesem Wirrwarr sein Lebensschiff nur steuern? Vor allem \u2013 wohin, wenn ich vor lauter Angeboten nicht wei\u00df, was das Richtige f\u00fcr mich ist? Alles ist m\u00f6glich, das bedeutet eine gewaltige Strukturlosigkeit, die auf uns Menschen im H\u00f6chstma\u00df be\u00e4ngstigend wirkt. Wie bekommt man Struktur in sein Leben, wie schafft man Orientierung, woher nimmt man Kraft, um sein Leben aktiv in den Griff zu bekommen und zu gestalten, ohne wie eine Nussschale auf dem Ozean des Lebens hin und her geworfen zu werden?<br \/><\/span><\/p>\n<p><span>Das Buch von Adriaan Bekman ist anders, kein weiterer Ratgeber, wie man mit m\u00f6glichst vielen einfachen Regeln seinen Tag strukturiert und vor lauter Angaben, wie man das alles leicht schafft, nicht mehr den Wald vor B\u00e4umen sieht. Zuerst geht von dem Buch eine gro\u00dfe Ruhe aus \u2013 es steigt mit einer Erz\u00e4hlung ein. Geschichten f\u00fcr Erwachsene? Nein. Es sind Bilder, es ist Nahrung f\u00fcr unsere Seele, das ist Aufbaukost im besten Sinne. Indem wir vieles erst einmal von uns ablegen und in ein Bild transportieren, bekommen wir den n\u00f6tigen Abstand, den es braucht, um von einem riesigen schwarzen Fleck wegzukommen und ihn endlich \u2013 mit der entsprechenden Perspektive \u2013 als einen winzigen Punkt auf dem R\u00fccken eines Marienk\u00e4fers zu erkennen. Ruhe und Abstand erm\u00f6glichen, die Probleme klarer zu sehen, sie einzuordnen und ihnen so die scharfen Kanten zu nehmen, an denen wir uns im Alltag andauernd verletzen.<br \/><\/span><\/p>\n<p><span>Ausgehend vom Instrument des Menschen (Leib, Seele, Geist, Erde als Lernort f\u00fcr die individuelle Entwicklung, Leitmotiv im Lebenslauf) behandelt Bekman die vier Dimensionen unseres t\u00e4glichen Lebens: Raum, Zeit, soziale Netzwerke und Geld. Das dritte Kapitel beleuchtet die Kommunikation, ehe er mit pers\u00f6nlicher und sozialer Hygiene fortf\u00e4hrt. Reflexion, Initiative und Erkenntnisquellen (pers\u00f6nlicher Lebenslauf, geschichtliche Erkenntnisse) sind weitere Schlagworte, die Bekman mit vielen Bildern und Anekdoten mit Leben erf\u00fcllt und so greifbar macht.<br \/><\/span><\/p>\n<p><span>Druck von au\u00dfen bewirkt Fluchtreflexe, \u201cdie Welt\u201d stellt t\u00e4glich an uns Anforderungen, an deren Erf\u00fcllung wir uns bis zum Schlaganfall und Herzinfarkt aufreiben. Medien bombardieren uns mit Bildern \u2013 ein Wechsel zwischen Entsetzen, Schock und der Pawlowschen Methode, Gier und Bed\u00fcrfnisse zu erzeugen, die man befriedigen m\u00f6chte. Beziehungen zerbrechen, Familien gehen auseinander, finden in Patchwork wieder zusammen \u2013 von au\u00dfen betrachtet, wirkt menschliches Leben vermutlich wie ein g\u00e4nzlich unkontrolliertes Herumirren ohne erkennbare Wege, Ziele und vor allem laut, hektisch und lebensfeindlich. Bekman zeigt Wege aus diesem Labyrinth auf. In seinem Buch ist nicht nur Raum f\u00fcr Geschichten und Parallelen, sondern auch optisch ist Platz f\u00fcr pers\u00f6nliche Anmerkungen, werden die wesentlichen Gedanken am Rand noch einmal hervorgehoben, damit man immer mal wieder nachlesen und auftanken kann.<br \/><\/span><\/p>\n<p><span>Wer Ruckzuck-Ratschl\u00e4ge erwartet im Stil von \u201cSch\u00f6n, schlank und Chefsein in 30 Tagen\u201d oder meint, Bekman pr\u00e4sentiere jetzt den Schl\u00fcssel f\u00fcr jedes fehlende Lebensgestaltungsschloss, braucht das Buch nicht. Wer aber neugierig darauf ist, sein Leben selbst in die Hand zu nehmen, wer Zusammenh\u00e4nge sehen und erkennen m\u00f6chte und wer mit einer bildhaften Sprache besser bedient ist als mit Sieben-Punkte-Listen, hat mit Bekmans Buch die M\u00f6glichkeit, Bekanntschaft mit etwas heute sehr Unbekanntem zu machen: mit sich selbst und den vielf\u00e4ltigen Entwicklungschancen, die in jedem von uns stecken.<\/span><\/p>\n<\/div>\n<\/div>\n<p>[\/et_pb_text][\/et_pb_column][\/et_pb_row][\/et_pb_section]<\/p>\n","protected":false},"excerpt":{"rendered":"<p>Adriaan Bekman, Self-Management. Die Kunst, den Alltag zu bew\u00e4ltigen 117 Seiten | Preis 13,50 \u20ac | ISBN 3825172749 | 1999 Alltag \u2013 das bedeutet oft Hektik, Geldnot, fehlende soziale Netze und liebloser Umgang mit der Umwelt. Die heutige Welt vermittelt uns t\u00e4glich Negativbotschaften: Nichts ist mehr, wie es war, Umbruch und Wandel zum Schlechteren, Verteuerung, [&hellip;]<\/p>\n","protected":false},"author":1,"featured_media":0,"parent":0,"menu_order":0,"comment_status":"closed","ping_status":"closed","template":"","meta":{"_et_pb_use_builder":"on","_et_pb_old_content":"","_et_gb_content_width":"","footnotes":""},"folder":[17],"class_list":["post-275","page","type-page","status-publish","hentry"],"_links":{"self":[{"href":"https:\/\/het-imo.net\/de\/wp-json\/wp\/v2\/pages\/275","targetHints":{"allow":["GET"]}}],"collection":[{"href":"https:\/\/het-imo.net\/de\/wp-json\/wp\/v2\/pages"}],"about":[{"href":"https:\/\/het-imo.net\/de\/wp-json\/wp\/v2\/types\/page"}],"author":[{"embeddable":true,"href":"https:\/\/het-imo.net\/de\/wp-json\/wp\/v2\/users\/1"}],"replies":[{"embeddable":true,"href":"https:\/\/het-imo.net\/de\/wp-json\/wp\/v2\/comments?post=275"}],"version-history":[{"count":2,"href":"https:\/\/het-imo.net\/de\/wp-json\/wp\/v2\/pages\/275\/revisions"}],"predecessor-version":[{"id":277,"href":"https:\/\/het-imo.net\/de\/wp-json\/wp\/v2\/pages\/275\/revisions\/277"}],"wp:attachment":[{"href":"https:\/\/het-imo.net\/de\/wp-json\/wp\/v2\/media?parent=275"}],"wp:term":[{"taxonomy":"folder","embeddable":true,"href":"https:\/\/het-imo.net\/de\/wp-json\/wp\/v2\/folder?post=275"}],"curies":[{"name":"wp","href":"https:\/\/api.w.org\/{rel}","templated":true}]}}