{"id":271,"date":"2021-07-06T10:17:00","date_gmt":"2021-07-06T08:17:00","guid":{"rendered":"https:\/\/het-imo.net\/de\/?page_id=271"},"modified":"2021-07-06T10:17:55","modified_gmt":"2021-07-06T08:17:55","slug":"die-menschliche-schoepfung","status":"publish","type":"page","link":"https:\/\/het-imo.net\/de\/die-menschliche-schoepfung\/","title":{"rendered":"Die Menschliche Sch\u00f6pfung"},"content":{"rendered":"<p>[et_pb_section fb_built=&#8221;1&#8243; _builder_version=&#8221;4.9.7&#8243; _module_preset=&#8221;default&#8221;][et_pb_row _builder_version=&#8221;4.9.7&#8243; _module_preset=&#8221;default&#8221; column_structure=&#8221;1_3,2_3&#8243;][et_pb_column _builder_version=&#8221;4.9.7&#8243; _module_preset=&#8221;default&#8221; type=&#8221;1_3&#8243;][et_pb_image src=&#8221;https:\/\/het-imo.net\/de\/wp-content\/uploads\/2021\/07\/Die-menschliche-Scho\u0308pfung.jpg&#8221; _builder_version=&#8221;4.9.7&#8243; _module_preset=&#8221;default&#8221; title_text=&#8221;Die-menschliche-Scho\u0308pfung&#8221; hover_enabled=&#8221;0&#8243; sticky_enabled=&#8221;0&#8243;][\/et_pb_image][\/et_pb_column][et_pb_column _builder_version=&#8221;4.9.7&#8243; _module_preset=&#8221;default&#8221; type=&#8221;2_3&#8243;][et_pb_text _builder_version=&#8221;4.9.7&#8243; _module_preset=&#8221;default&#8221; hover_enabled=&#8221;0&#8243; sticky_enabled=&#8221;0&#8243;]<\/p>\n<div class=\"et_pb_text et_pb_module et_pb_bg_layout_light et_pb_text_align_left et_pb_text_0\">\n<div class=\"et_pb_text_inner\">\n<h3>Adriaan Bekman, Die Menschliche Sch\u00f6pfung: Philosophie des organisierten Lebens<\/h3>\n<div id=\"u4007-7\" class=\"clearfix grpelem\">\n<p class=\"Gegevens\">344 Seiten | Preis 25 \u20ac | ISBN 9783899792584 | 2017<\/p>\n<\/div>\n<\/div>\n<\/div>\n<div class=\"et_pb_text et_pb_module et_pb_bg_layout_light et_pb_text_align_left et_pb_text_1\">\n<div class=\"et_pb_text_inner\">\n<p>Leib ist,<br \/>Geist ist,<br \/>die Seele ist nicht,<br \/>die Seele erscheint.<br \/>Adriaan Bekman<\/p>\n<p>Dieses Buch vermittelt uns Einsichten in den Begriff und das Konzept \u201eSeele\u201c. Die \u201eSeele\u201c<br \/>kann heute vielleicht als eine der modernsten Konzepte erkannt werden, wenn es darum geht<br \/>Unternehmen, oder eine Organisation wirklich zu verstehen, wenn es darum geht, die Bedeutung<br \/>der Organisation f\u00fcr die gro\u00dfen notwendigen Ver\u00e4nderungen unserer Zeit einzuordnen.<br \/>Peter Blom. CEO Triodos Bank<\/p>\n<p>Dies ist das Buch eines beseelten und begeisterten Menschen, der durch die Art, wie er<br \/>schreibt, dem Leser eine seiner wichtigsten Einsichten erfahrbar macht: n\u00e4mlich, dass es<br \/>nicht um definitive Antworten auf unsere tieferen Fragen geht, sondern dass es darum geht,<br \/>sich diesen tieferen Fragen zuzuwenden. Es geht in unseren Unternehmen und Organisationen<br \/>darum, solche Fragen selbst anzugehen, und gemeinsam mit anderen, in einer horizontalen<br \/>Bewegung. Es geht darum, selber die Fragen immer wieder neu zu stellen, und sie ins<br \/>Gespr\u00e4ch mit dem anderen zu bringen, auch wenn der Faden immer wieder abbricht. Dadurch<br \/>geben wir der Organisation Sinn. Dadurch kann Gemeinschaft entstehen. In diesem<br \/>Buch wird dieser Gedanke in gro\u00dfen B\u00f6gen entwickelt. Das macht es zu einem wichtigen<br \/>Buch, das hoffentlich viele aufmerksame Leser finden wird.<br \/>Harry Kunneman. Professor f\u00fcr Normative Professionalit\u00e4t, der Humanistischen Universit\u00e4t<br \/>Niederlande.<\/p>\n<\/div>\n<\/div>\n<p>[\/et_pb_text][\/et_pb_column][\/et_pb_row][\/et_pb_section]<\/p>\n","protected":false},"excerpt":{"rendered":"<p>Adriaan Bekman, Die Menschliche Sch\u00f6pfung: Philosophie des organisierten Lebens 344 Seiten | Preis 25 \u20ac | ISBN 9783899792584 | 2017 Leib ist,Geist ist,die Seele ist nicht,die Seele erscheint.Adriaan Bekman Dieses Buch vermittelt uns Einsichten in den Begriff und das Konzept \u201eSeele\u201c. Die \u201eSeele\u201ckann heute vielleicht als eine der modernsten Konzepte erkannt werden, wenn es darum [&hellip;]<\/p>\n","protected":false},"author":1,"featured_media":0,"parent":0,"menu_order":0,"comment_status":"closed","ping_status":"closed","template":"","meta":{"_et_pb_use_builder":"on","_et_pb_old_content":"","_et_gb_content_width":"","footnotes":""},"folder":[17],"class_list":["post-271","page","type-page","status-publish","hentry"],"_links":{"self":[{"href":"https:\/\/het-imo.net\/de\/wp-json\/wp\/v2\/pages\/271","targetHints":{"allow":["GET"]}}],"collection":[{"href":"https:\/\/het-imo.net\/de\/wp-json\/wp\/v2\/pages"}],"about":[{"href":"https:\/\/het-imo.net\/de\/wp-json\/wp\/v2\/types\/page"}],"author":[{"embeddable":true,"href":"https:\/\/het-imo.net\/de\/wp-json\/wp\/v2\/users\/1"}],"replies":[{"embeddable":true,"href":"https:\/\/het-imo.net\/de\/wp-json\/wp\/v2\/comments?post=271"}],"version-history":[{"count":2,"href":"https:\/\/het-imo.net\/de\/wp-json\/wp\/v2\/pages\/271\/revisions"}],"predecessor-version":[{"id":273,"href":"https:\/\/het-imo.net\/de\/wp-json\/wp\/v2\/pages\/271\/revisions\/273"}],"wp:attachment":[{"href":"https:\/\/het-imo.net\/de\/wp-json\/wp\/v2\/media?parent=271"}],"wp:term":[{"taxonomy":"folder","embeddable":true,"href":"https:\/\/het-imo.net\/de\/wp-json\/wp\/v2\/folder?post=271"}],"curies":[{"name":"wp","href":"https:\/\/api.w.org\/{rel}","templated":true}]}}