{"id":265,"date":"2021-07-06T10:11:46","date_gmt":"2021-07-06T08:11:46","guid":{"rendered":"https:\/\/het-imo.net\/de\/?page_id=265"},"modified":"2021-07-06T10:15:21","modified_gmt":"2021-07-06T08:15:21","slug":"ethik-des-anleitens-2","status":"publish","type":"page","link":"https:\/\/het-imo.net\/de\/ethik-des-anleitens-2\/","title":{"rendered":"Ethik des Anleitens"},"content":{"rendered":"\n[et_pb_section fb_built=&#8221;1&#8243; _builder_version=&#8221;4.9.7&#8243; _module_preset=&#8221;default&#8221;][et_pb_row _builder_version=&#8221;4.9.7&#8243; _module_preset=&#8221;default&#8221; column_structure=&#8221;1_3,2_3&#8243;][et_pb_column _builder_version=&#8221;4.9.7&#8243; _module_preset=&#8221;default&#8221; type=&#8221;1_3&#8243;][et_pb_image src=&#8221;https:\/\/het-imo.net\/de\/wp-content\/uploads\/2021\/07\/Ethik-des-Anleitens.jpg&#8221; _builder_version=&#8221;4.9.7&#8243; _module_preset=&#8221;default&#8221; title_text=&#8221;Ethik-des-Anleitens&#8221; hover_enabled=&#8221;0&#8243; sticky_enabled=&#8221;0&#8243;][\/et_pb_image][\/et_pb_column][et_pb_column _builder_version=&#8221;4.9.7&#8243; _module_preset=&#8221;default&#8221; type=&#8221;2_3&#8243;][et_pb_text _builder_version=&#8221;4.9.7&#8243; _module_preset=&#8221;default&#8221; hover_enabled=&#8221;0&#8243; sticky_enabled=&#8221;0&#8243;]<div class=\"et_pb_text et_pb_module et_pb_bg_layout_light et_pb_text_align_left et_pb_text_0\">\n<div class=\"et_pb_text_inner\">\n<h3>Ulrich Meier (Hrsg.), Ethik des Anleitens. Beispiele zeitgem\u00e4\u00dfer Unternehmenskultur<\/h3>\n<div id=\"u4007-7\" class=\"clearfix grpelem\">\n<p class=\"Gegevens\">112 Seiten | Preis 20 \u20ac | ISBN 9783825151324 | 2017<\/p>\n<\/div>\n<\/div>\n<\/div>\n<div class=\"et_pb_text et_pb_module et_pb_bg_layout_light et_pb_text_align_left et_pb_text_1\">\n<div class=\"et_pb_text_inner\">\n<p>Eine Prozessbegleiterin, ein Organisationsberater, ein Unternehmer und ein Seminarleiter \u2013 vier kompetente Stimmen aus vier verschiedenen Arbeits- und Lebensfeldern. Die Beitr\u00e4ge von Jutta Hodapp, Adriaan Bekman, Erich Colsman und Ulrich Meier verfolgen das Ziel, die Sensibilit\u00e4t fu\u0308r eine zeit- und menschengem\u00e4\u00dfe Fu\u0308hrung innerhalb moderner Organisationen zu schaffen.<\/p>\n<p>Das angemessene Fu\u0308hren oder Anleiten von Mitarbeitern in Betrieben ist ein Thema, das zusehends an Bedeutung gewinnt. Modelle wie das kollegiale oder horizontale Fu\u0308hren haben das autorit\u00e4re Fu\u0308hren \u00bbvon oben nach unten\u00ab l\u00e4ngst abgel\u00f6st. Die Beitr\u00e4ge dieses Bandes widmen sich den wesentlichen Gesichtspunkten eines solchen modernen Fu\u0308hrens.<\/p>\n<ul>\n<li>Horizontale Fu\u0308hrungsmodelle.<\/li>\n<li>Christliche Motive im Miteinander.<\/li>\n<li>Die Freiheit des Anderen nie aus dem Blick verlieren.<\/li>\n<li>Einander fu\u0308hren hei\u00dft, einander ins Spiel bringen.<\/li>\n<li>Wenn es dem Anderen gut geht, geht es auch mir gut.<\/li>\n<li>Von geschlossenen zu offenen Gemeinschaften.<\/li>\n<li>Jeder Mensch ist eine Fu\u0308hrungspers\u00f6nlichkeit.<\/li>\n<li>Auf dem Weg zur Bewusstseinskultur.<\/li>\n<li>Beispiele innovativer Leitungsstrukturen.<\/li>\n<li>Initiieren von Ver\u00e4nderungen und Erneuerung.<\/li>\n<\/ul>\n<\/div>\n<\/div>[\/et_pb_text][\/et_pb_column][\/et_pb_row][\/et_pb_section]\n","protected":false},"excerpt":{"rendered":"<p>Ulrich Meier (Hrsg.), Ethik des Anleitens. Beispiele zeitgem\u00e4\u00dfer Unternehmenskultur 112 Seiten | Preis 20 \u20ac | ISBN 9783825151324 | 2017 Eine Prozessbegleiterin, ein Organisationsberater, ein Unternehmer und ein Seminarleiter \u2013 vier kompetente Stimmen aus vier verschiedenen Arbeits- und Lebensfeldern. Die Beitr\u00e4ge von Jutta Hodapp, Adriaan Bekman, Erich Colsman und Ulrich Meier verfolgen das Ziel, die [&hellip;]<\/p>\n","protected":false},"author":1,"featured_media":0,"parent":0,"menu_order":0,"comment_status":"closed","ping_status":"closed","template":"","meta":{"_et_pb_use_builder":"on","_et_pb_old_content":"","_et_gb_content_width":"","footnotes":""},"folder":[17],"class_list":["post-265","page","type-page","status-publish","hentry"],"_links":{"self":[{"href":"https:\/\/het-imo.net\/de\/wp-json\/wp\/v2\/pages\/265","targetHints":{"allow":["GET"]}}],"collection":[{"href":"https:\/\/het-imo.net\/de\/wp-json\/wp\/v2\/pages"}],"about":[{"href":"https:\/\/het-imo.net\/de\/wp-json\/wp\/v2\/types\/page"}],"author":[{"embeddable":true,"href":"https:\/\/het-imo.net\/de\/wp-json\/wp\/v2\/users\/1"}],"replies":[{"embeddable":true,"href":"https:\/\/het-imo.net\/de\/wp-json\/wp\/v2\/comments?post=265"}],"version-history":[{"count":3,"href":"https:\/\/het-imo.net\/de\/wp-json\/wp\/v2\/pages\/265\/revisions"}],"predecessor-version":[{"id":270,"href":"https:\/\/het-imo.net\/de\/wp-json\/wp\/v2\/pages\/265\/revisions\/270"}],"wp:attachment":[{"href":"https:\/\/het-imo.net\/de\/wp-json\/wp\/v2\/media?parent=265"}],"wp:term":[{"taxonomy":"folder","embeddable":true,"href":"https:\/\/het-imo.net\/de\/wp-json\/wp\/v2\/folder?post=265"}],"curies":[{"name":"wp","href":"https:\/\/api.w.org\/{rel}","templated":true}]}}