{"id":99,"date":"2021-06-30T21:59:33","date_gmt":"2021-06-30T19:59:33","guid":{"rendered":"https:\/\/het-imo.net\/ch\/?page_id=99"},"modified":"2021-06-30T22:00:33","modified_gmt":"2021-06-30T20:00:33","slug":"unsere-mission","status":"publish","type":"page","link":"https:\/\/het-imo.net\/ch\/unsere-mission\/","title":{"rendered":"Unsere Mission"},"content":{"rendered":"<p>[et_pb_section fb_built=&#8221;1&#8243; _builder_version=&#8221;4.9.7&#8243; _module_preset=&#8221;default&#8221; background_image=&#8221;https:\/\/het-imo.net\/ch\/wp-content\/uploads\/2021\/06\/About-IMO.jpg&#8221; min_height=&#8221;326px&#8221; custom_padding=&#8221;132px||41px|||&#8221; filter_opacity=&#8221;90%&#8221;][et_pb_row _builder_version=&#8221;4.9.7&#8243; _module_preset=&#8221;default&#8221;][et_pb_column type=&#8221;4_4&#8243; _builder_version=&#8221;4.9.7&#8243; _module_preset=&#8221;default&#8221;][et_pb_text _builder_version=&#8221;4.9.7&#8243; _module_preset=&#8221;default&#8221; text_font=&#8221;||||||||&#8221; header_font=&#8221;|600||on|||||&#8221; header_text_align=&#8221;left&#8221; header_text_color=&#8221;#FFFFFF&#8221; header_font_size=&#8221;50px&#8221; header_text_shadow_style=&#8221;preset3&#8243;]<\/p>\n<h1 class=\"et_pb_module_header\">Unsere Mission<\/h1>\n<div id=\"gtx-trans\" style=\"position: absolute; left: -38px; top: -10px;\">\n<div class=\"gtx-trans-icon\"><\/div>\n<\/div>\n<p>[\/et_pb_text][\/et_pb_column][\/et_pb_row][\/et_pb_section][et_pb_section fb_built=&#8221;1&#8243; _builder_version=&#8221;4.9.7&#8243; _module_preset=&#8221;default&#8221; custom_padding=&#8221;5px||4px|||&#8221;][et_pb_row _builder_version=&#8221;4.9.7&#8243; _module_preset=&#8221;default&#8221;][et_pb_column type=&#8221;4_4&#8243; _builder_version=&#8221;4.9.7&#8243; _module_preset=&#8221;default&#8221;][et_pb_text _builder_version=&#8221;4.9.7&#8243; _module_preset=&#8221;default&#8221; custom_padding=&#8221;||0px|||&#8221;]<\/p>\n<p><span>IMO bringt horizontales F\u00fchren ein und initiiert Prozesse von horizontalen Gestaltungsspielr\u00e4umen in Organisationen. Wir arbeiten f\u00fcr Menschen in Organisationen, die Fragen haben. Sie wollen einen n\u00e4chsten Schritt in ihrer Entwicklung tun. Sie \u00fcbernehmen Verantwortung f\u00fcr die Entwicklung ihrer Organisation aus einem inneren Impuls heraus. Menschen wollen ihre Impulse realisieren, miteinander und mit ihren Kunden in gegenseitigem Respekt. Sie tun dies im Licht des Ganzen. Aus einem Freiheitsraum heraus folgen sie ihrer pers\u00f6nlichen Initiative und nicht dem Druck \u00e4usserer starrer Konzepte. Wir unterst\u00fctzen Ver\u00e4nderungen.<\/span><\/p>\n<p>[\/et_pb_text][\/et_pb_column][\/et_pb_row][et_pb_row column_structure=&#8221;1_3,1_3,1_3&#8243; _builder_version=&#8221;4.9.7&#8243; _module_preset=&#8221;default&#8221;][et_pb_column type=&#8221;1_3&#8243; _builder_version=&#8221;4.9.7&#8243; _module_preset=&#8221;default&#8221;][et_pb_text _builder_version=&#8221;4.9.7&#8243; _module_preset=&#8221;default&#8221;]<\/p>\n<h2>UNSERE ARBEITSWEISE<\/h2>\n<p>Im Dialog mit unseren Kunden kommen wir gemeinsam zu neuen Einsichten, die zu sinnvollen Entwicklungen f\u00fchren. Wir arbeiten auf Augenh\u00f6he und mit Hingabe \u2013 bewegend und Sinn gebend. Wir ergreifen Initiative und verbinden uns mit unseren Kunden und ihren Organisationen. Unsere St\u00e4rke ist es, Betroffene zu Beteiligten zu machen und ihren Willen zu mobilisieren.<\/p>\n<p>[\/et_pb_text][\/et_pb_column][et_pb_column type=&#8221;1_3&#8243; _builder_version=&#8221;4.9.7&#8243; _module_preset=&#8221;default&#8221;][et_pb_text _builder_version=&#8221;4.9.7&#8243; _module_preset=&#8221;default&#8221;]<\/p>\n<h2>UNSER AUSGANGSPUNKT<\/h2>\n<p>Als IMO-Beraterinnen und -Berater verbinden wir uns mit den verantwortlichen F\u00fchrungskr\u00e4ften einer Organisation. Wir arbeiten mit allen, die ein pers\u00f6nliches Anliegen haben und auf der Suche nach dem n\u00e4chsten Entwicklungsschritt ihrer Organisation sind. Wir gehen von dem in der Organisation vorhandenen Entwicklungspotential aus und entwickeln gemeinsam Erkenntnisse und Handlungsm\u00f6glichkeiten. In den Entwicklungsprozessen unserer Kunden sind wir Beteiligte. Wir arbeiten in verschiedenen L\u00e4ndern und bringen ein breites, internationales Netzwerk mit ein.<\/p>\n<p>[\/et_pb_text][\/et_pb_column][et_pb_column type=&#8221;1_3&#8243; _builder_version=&#8221;4.9.7&#8243; _module_preset=&#8221;default&#8221;][et_pb_text _builder_version=&#8221;4.9.7&#8243; _module_preset=&#8221;default&#8221;]<\/p>\n<h2>UNSER HINTERGRUND<\/h2>\n<p>Wir sind eine Gruppe von Kolleginnen und Kollegen verschiedener Fachrichtungen, die das Ganze sehen wollen. Wir nehmen uns Zeit, uns zu besinnen und f\u00fcr unsere pers\u00f6nliche Entwicklung. Als IMO-Beraterinnen und -Berater haben wir unternehmerische Erfahrung. Wir orientieren uns an den Menschen und beziehen alle \u201eStakeholders\u201c mit ein.<\/p>\n<p>Das Leitbild des Instituts IMO ist verbunden mit der Mensch- und Organisationsentwicklungsmission von Bernard Lievegoed und seinen Kollegen.<\/p>\n<p>[\/et_pb_text][\/et_pb_column][\/et_pb_row][\/et_pb_section]<\/p>\n","protected":false},"excerpt":{"rendered":"<p>Unsere Mission IMO bringt horizontales F\u00fchren ein und initiiert Prozesse von horizontalen Gestaltungsspielr\u00e4umen in Organisationen. Wir arbeiten f\u00fcr Menschen in Organisationen, die Fragen haben. Sie wollen einen n\u00e4chsten Schritt in ihrer Entwicklung tun. Sie \u00fcbernehmen Verantwortung f\u00fcr die Entwicklung ihrer Organisation aus einem inneren Impuls heraus. Menschen wollen ihre Impulse realisieren, miteinander und mit ihren [&hellip;]<\/p>\n","protected":false},"author":1,"featured_media":0,"parent":0,"menu_order":0,"comment_status":"closed","ping_status":"closed","template":"","meta":{"_et_pb_use_builder":"on","_et_pb_old_content":"","_et_gb_content_width":"","footnotes":""},"folder":[11],"class_list":["post-99","page","type-page","status-publish","hentry"],"_links":{"self":[{"href":"https:\/\/het-imo.net\/ch\/wp-json\/wp\/v2\/pages\/99","targetHints":{"allow":["GET"]}}],"collection":[{"href":"https:\/\/het-imo.net\/ch\/wp-json\/wp\/v2\/pages"}],"about":[{"href":"https:\/\/het-imo.net\/ch\/wp-json\/wp\/v2\/types\/page"}],"author":[{"embeddable":true,"href":"https:\/\/het-imo.net\/ch\/wp-json\/wp\/v2\/users\/1"}],"replies":[{"embeddable":true,"href":"https:\/\/het-imo.net\/ch\/wp-json\/wp\/v2\/comments?post=99"}],"version-history":[{"count":3,"href":"https:\/\/het-imo.net\/ch\/wp-json\/wp\/v2\/pages\/99\/revisions"}],"predecessor-version":[{"id":103,"href":"https:\/\/het-imo.net\/ch\/wp-json\/wp\/v2\/pages\/99\/revisions\/103"}],"wp:attachment":[{"href":"https:\/\/het-imo.net\/ch\/wp-json\/wp\/v2\/media?parent=99"}],"wp:term":[{"taxonomy":"folder","embeddable":true,"href":"https:\/\/het-imo.net\/ch\/wp-json\/wp\/v2\/folder?post=99"}],"curies":[{"name":"wp","href":"https:\/\/api.w.org\/{rel}","templated":true}]}}