{"id":68,"date":"2021-06-29T14:34:52","date_gmt":"2021-06-29T12:34:52","guid":{"rendered":"https:\/\/het-imo.net\/ch\/?page_id=68"},"modified":"2021-06-29T14:36:28","modified_gmt":"2021-06-29T12:36:28","slug":"edith-brandner","status":"publish","type":"page","link":"https:\/\/het-imo.net\/ch\/edith-brandner\/","title":{"rendered":"Edith Brandner"},"content":{"rendered":"<p>[et_pb_section fb_built=&#8221;1&#8243; admin_label=&#8221;section&#8221; _builder_version=&#8221;3.22&#8243;][et_pb_row column_structure=&#8221;1_2,1_2&#8243; admin_label=&#8221;row&#8221; _builder_version=&#8221;3.25&#8243; background_size=&#8221;initial&#8221; background_position=&#8221;top_left&#8221; background_repeat=&#8221;repeat&#8221;][et_pb_column type=&#8221;1_2&#8243; _builder_version=&#8221;3.25&#8243; custom_padding=&#8221;|||&#8221; custom_padding__hover=&#8221;|||&#8221;][et_pb_image src=&#8221;https:\/\/het-imo.net\/ch\/wp-content\/uploads\/2021\/06\/Portrait-Edith-Brandner410300-1.jpg&#8221; alt=&#8221;Edith Brandner&#8221; title_text=&#8221;Edith Brandner&#8221; force_fullwidth=&#8221;on&#8221; align_tablet=&#8221;center&#8221; align_phone=&#8221;&#8221; align_last_edited=&#8221;on|desktop&#8221; admin_label=&#8221;Image Tertta Paananen&#8221; _builder_version=&#8221;4.9.7&#8243; hover_enabled=&#8221;0&#8243; animation=&#8221;off&#8221; sticky=&#8221;off&#8221; use_border_color=&#8221;off&#8221; border_color=&#8221;#ffffff&#8221; border_style=&#8221;solid&#8221; sticky_enabled=&#8221;0&#8243;][\/et_pb_image][et_pb_text admin_label=&#8221;Text&#8221; _builder_version=&#8221;4.9.7&#8243; background_size=&#8221;initial&#8221; background_position=&#8221;top_left&#8221; background_repeat=&#8221;repeat&#8221; hover_enabled=&#8221;0&#8243; sticky_enabled=&#8221;0&#8243;]<\/p>\n<h2>Edith Brandner<\/h2>\n<p>Email:<span>\u00a0<\/span><a href=\"https:\/\/imo-consultancy.com\/cdn-cgi\/l\/email-protection.html#402232212e242e2532002825346d292d2f6e2e2534\">brandner@het-imo.net<\/a><\/p>\n<p>[\/et_pb_text][\/et_pb_column][et_pb_column type=&#8221;1_2&#8243; _builder_version=&#8221;3.25&#8243; custom_padding=&#8221;|||&#8221; custom_padding__hover=&#8221;|||&#8221;][et_pb_text admin_label=&#8221;Text Tertta Paananen&#8221; _builder_version=&#8221;4.9.7&#8243; background_size=&#8221;initial&#8221; background_position=&#8221;top_left&#8221; background_repeat=&#8221;repeat&#8221; hover_enabled=&#8221;0&#8243; sticky_enabled=&#8221;0&#8243;]<\/p>\n<p>Edith ist seit September 2020 Mitglied von IMO<\/p>\n<p>Mich fasziniert und besch\u00e4ftigt schon seit jeher das Wesen Mensch und seine Hingabe zum Wirken und \u00absich \u2013 einbringen \u2013 wollen\u00bb.<br \/>Unterst\u00fctzend zu wirken, um das Potential eines Menschen freizulegen und einen Beitrag dazu zu leisten, dass Menschen in Wertsch\u00e4tzung und Verantwortung miteinander kreieren und erschaffen, ist ein Kernthema meiner Lebensf\u00fchrung.<br \/>Dabei entsteht f\u00fcr mich pers\u00f6nliche und fachliche Kompetenz nicht nur aus Aneignung von Wissen, sondern es ist vielmehr eine Verbindung vom wachgerufenen und aktivierten Potential in Kombination mit gelebter und integrierter Lebenserfahrung und dem dazugeh\u00f6rigen theoretischen Hintergrund.<br \/>Zu dieser Haltung kam ich durch eine bewusste und achtsame, wache Lebensf\u00fchrung innerhalb und ausserhalb der beruflichen T\u00e4tigkeit. Vernetztes Denken, hinter die Dinge blicken und erkennen, wo der Scheinwerfer neu gesetzt werden kann sind neben einem fundierten Wissen St\u00e4rken, die ich gerne miteinbringe in den Prozess.<br \/>Gerne begleite ich einzelne Personen genauso wie Teams und Gruppen in ihrer Selbstreflexion von Arbeits- und Pers\u00f6nlichkeits-Prozessen.<\/p>\n<ul>\n<li>Supervisorin und Coach<\/li>\n<li>Komplement\u00e4rtherapeutin mit eidg. Diplom<\/li>\n<li>Dipl. Kinderkrankenschwester<\/li>\n<\/ul>\n<p>[\/et_pb_text][\/et_pb_column][\/et_pb_row][et_pb_row admin_label=&#8221;Row&#8221; _builder_version=&#8221;3.25&#8243; background_size=&#8221;initial&#8221; background_position=&#8221;top_left&#8221; background_repeat=&#8221;repeat&#8221;][et_pb_column type=&#8221;4_4&#8243; _builder_version=&#8221;3.25&#8243; custom_padding=&#8221;|||&#8221; custom_padding__hover=&#8221;|||&#8221;][et_pb_divider show_divider=&#8221;off&#8221; disabled_on=&#8221;on|on|off&#8221; admin_label=&#8221;Divider&#8221; _builder_version=&#8221;3.23.4&#8243; height=&#8221;200px&#8221; hide_on_mobile=&#8221;on&#8221;][\/et_pb_divider][\/et_pb_column][\/et_pb_row][\/et_pb_section]<\/p>\n","protected":false},"excerpt":{"rendered":"<p>Edith Brandner Email:\u00a0brandner@het-imo.netEdith ist seit September 2020 Mitglied von IMO Mich fasziniert und besch\u00e4ftigt schon seit jeher das Wesen Mensch und seine Hingabe zum Wirken und \u00absich \u2013 einbringen \u2013 wollen\u00bb.Unterst\u00fctzend zu wirken, um das Potential eines Menschen freizulegen und einen Beitrag dazu zu leisten, dass Menschen in Wertsch\u00e4tzung und Verantwortung miteinander kreieren und erschaffen, [&hellip;]<\/p>\n","protected":false},"author":1,"featured_media":0,"parent":0,"menu_order":0,"comment_status":"closed","ping_status":"closed","template":"","meta":{"_et_pb_use_builder":"on","_et_pb_old_content":"","_et_gb_content_width":"","footnotes":""},"folder":[7],"class_list":["post-68","page","type-page","status-publish","hentry"],"_links":{"self":[{"href":"https:\/\/het-imo.net\/ch\/wp-json\/wp\/v2\/pages\/68","targetHints":{"allow":["GET"]}}],"collection":[{"href":"https:\/\/het-imo.net\/ch\/wp-json\/wp\/v2\/pages"}],"about":[{"href":"https:\/\/het-imo.net\/ch\/wp-json\/wp\/v2\/types\/page"}],"author":[{"embeddable":true,"href":"https:\/\/het-imo.net\/ch\/wp-json\/wp\/v2\/users\/1"}],"replies":[{"embeddable":true,"href":"https:\/\/het-imo.net\/ch\/wp-json\/wp\/v2\/comments?post=68"}],"version-history":[{"count":2,"href":"https:\/\/het-imo.net\/ch\/wp-json\/wp\/v2\/pages\/68\/revisions"}],"predecessor-version":[{"id":71,"href":"https:\/\/het-imo.net\/ch\/wp-json\/wp\/v2\/pages\/68\/revisions\/71"}],"wp:attachment":[{"href":"https:\/\/het-imo.net\/ch\/wp-json\/wp\/v2\/media?parent=68"}],"wp:term":[{"taxonomy":"folder","embeddable":true,"href":"https:\/\/het-imo.net\/ch\/wp-json\/wp\/v2\/folder?post=68"}],"curies":[{"name":"wp","href":"https:\/\/api.w.org\/{rel}","templated":true}]}}