{"id":61,"date":"2021-06-29T14:28:17","date_gmt":"2021-06-29T12:28:17","guid":{"rendered":"https:\/\/het-imo.net\/ch\/?page_id=61"},"modified":"2021-06-29T14:31:35","modified_gmt":"2021-06-29T12:31:35","slug":"alexandra-hosli","status":"publish","type":"page","link":"https:\/\/het-imo.net\/ch\/alexandra-hosli\/","title":{"rendered":"Alexandra H\u00f6sli"},"content":{"rendered":"<p>[et_pb_section fb_built=&#8221;1&#8243; admin_label=&#8221;section&#8221; _builder_version=&#8221;3.22&#8243;][et_pb_row column_structure=&#8221;1_2,1_2&#8243; admin_label=&#8221;row&#8221; _builder_version=&#8221;3.25&#8243; background_size=&#8221;initial&#8221; background_position=&#8221;top_left&#8221; background_repeat=&#8221;repeat&#8221;][et_pb_column type=&#8221;1_2&#8243; _builder_version=&#8221;3.25&#8243; custom_padding=&#8221;|||&#8221; custom_padding__hover=&#8221;|||&#8221;][et_pb_image src=&#8221;https:\/\/het-imo.net\/ch\/wp-content\/uploads\/2021\/06\/Alexandra-Hoesli.png&#8221; alt=&#8221;Alexandra Hoesli&#8221; title_text=&#8221;Alexandra Hoesli&#8221; force_fullwidth=&#8221;on&#8221; align_tablet=&#8221;center&#8221; align_phone=&#8221;&#8221; align_last_edited=&#8221;on|desktop&#8221; admin_label=&#8221;Image Tertta Paananen&#8221; _builder_version=&#8221;4.9.7&#8243; hover_enabled=&#8221;0&#8243; animation=&#8221;off&#8221; sticky=&#8221;off&#8221; use_border_color=&#8221;off&#8221; border_color=&#8221;#ffffff&#8221; border_style=&#8221;solid&#8221; sticky_enabled=&#8221;0&#8243;][\/et_pb_image][et_pb_text admin_label=&#8221;Text&#8221; _builder_version=&#8221;4.9.7&#8243; background_size=&#8221;initial&#8221; background_position=&#8221;top_left&#8221; background_repeat=&#8221;repeat&#8221; hover_enabled=&#8221;0&#8243; sticky_enabled=&#8221;0&#8243;]<\/p>\n<h2>Alexandra H\u00f6sli<\/h2>\n<p>Email:<span>\u00a0<\/span>hoesli@het-imo.net<\/p>\n<p>[\/et_pb_text][\/et_pb_column][et_pb_column type=&#8221;1_2&#8243; _builder_version=&#8221;3.25&#8243; custom_padding=&#8221;|||&#8221; custom_padding__hover=&#8221;|||&#8221;][et_pb_text admin_label=&#8221;Text Tertta Paananen&#8221; _builder_version=&#8221;4.9.7&#8243; background_size=&#8221;initial&#8221; background_position=&#8221;top_left&#8221; background_repeat=&#8221;repeat&#8221; hover_enabled=&#8221;0&#8243; sticky_enabled=&#8221;0&#8243;]<\/p>\n<p>Alexandra legt ihren Fokus auf humanistische, neue Leadership-Ans\u00e4tze.<\/p>\n<p>Ihre Faszination sind Organisationen \u2013 ihre Strukturen, ihre strategische Ausrichtung, ihr operativer Aufbau, die Individuen darin und vor allem das menschliche Zusammenspiel und deren Dynamiken. F\u00fcr sie ist eine Organisation nichts anderes als eine Ansammlung von Menschen zur Erreichung eines gemeinsamen Zieles. Durch ihre akademische Management Ausbildung und langj\u00e4hrige Erfahrung in der Privatwirtschaft wurde ihr bewusst, dass dem Menschen als solches in Organisationen nach wie vor zu wenig Bedeutung zukommt.<\/p>\n<p>Dies m\u00f6chte sie \u00e4ndern. Mit dem IMO-Ansatz der horizontalen F\u00fchrung begleitet sie F\u00fchrungspersonen, Teams und Organisationen dabei, den Menschen respektive das Menschliche zur\u00fcck in die Organisationen zu holen und so mehr Zufriedenheit, bessere Arbeitsbedingungen und nachhaltige Leistung zu schaffen.<\/p>\n<p>Ihre St\u00e4rken liegen dabei in der Kommunikation, Analyse und Reflektion von Situationen und Gegebenheiten und nutzt diese zur Begleitung anderer in deren eigenst\u00e4ndigen Umsetzung von menschlicher, horizontaler F\u00fchrung. Die individuellen Bed\u00fcrfnisse der Organisationen stehen dabei stets im Mittelpunkt.<\/p>\n<p>Berufliche Qualifikationen<\/p>\n<ul>\n<li>Schweizerische Bankfachausbildung<\/li>\n<li>Bachelor of Arts UZH in Business Administration<\/li>\n<li>Master of Arts HSG in Marketing, Dienstleistungs- und Kommunikationsmanagement<\/li>\n<li>Masterclass in Horizontal Leadership IMO<\/li>\n<\/ul>\n<p>[\/et_pb_text][\/et_pb_column][\/et_pb_row][et_pb_row admin_label=&#8221;Row&#8221; _builder_version=&#8221;3.25&#8243; background_size=&#8221;initial&#8221; background_position=&#8221;top_left&#8221; background_repeat=&#8221;repeat&#8221;][et_pb_column type=&#8221;4_4&#8243; _builder_version=&#8221;3.25&#8243; custom_padding=&#8221;|||&#8221; custom_padding__hover=&#8221;|||&#8221;][et_pb_divider show_divider=&#8221;off&#8221; disabled_on=&#8221;on|on|off&#8221; admin_label=&#8221;Divider&#8221; _builder_version=&#8221;3.23.4&#8243; height=&#8221;200px&#8221; hide_on_mobile=&#8221;on&#8221;][\/et_pb_divider][\/et_pb_column][\/et_pb_row][\/et_pb_section]<\/p>\n","protected":false},"excerpt":{"rendered":"<p>Alexandra H\u00f6sli Email:\u00a0hoesli@het-imo.netAlexandra legt ihren Fokus auf humanistische, neue Leadership-Ans\u00e4tze. Ihre Faszination sind Organisationen \u2013 ihre Strukturen, ihre strategische Ausrichtung, ihr operativer Aufbau, die Individuen darin und vor allem das menschliche Zusammenspiel und deren Dynamiken. F\u00fcr sie ist eine Organisation nichts anderes als eine Ansammlung von Menschen zur Erreichung eines gemeinsamen Zieles. Durch ihre akademische [&hellip;]<\/p>\n","protected":false},"author":1,"featured_media":0,"parent":0,"menu_order":0,"comment_status":"closed","ping_status":"closed","template":"","meta":{"_et_pb_use_builder":"on","_et_pb_old_content":"","_et_gb_content_width":"","footnotes":""},"folder":[7],"class_list":["post-61","page","type-page","status-publish","hentry"],"_links":{"self":[{"href":"https:\/\/het-imo.net\/ch\/wp-json\/wp\/v2\/pages\/61","targetHints":{"allow":["GET"]}}],"collection":[{"href":"https:\/\/het-imo.net\/ch\/wp-json\/wp\/v2\/pages"}],"about":[{"href":"https:\/\/het-imo.net\/ch\/wp-json\/wp\/v2\/types\/page"}],"author":[{"embeddable":true,"href":"https:\/\/het-imo.net\/ch\/wp-json\/wp\/v2\/users\/1"}],"replies":[{"embeddable":true,"href":"https:\/\/het-imo.net\/ch\/wp-json\/wp\/v2\/comments?post=61"}],"version-history":[{"count":2,"href":"https:\/\/het-imo.net\/ch\/wp-json\/wp\/v2\/pages\/61\/revisions"}],"predecessor-version":[{"id":64,"href":"https:\/\/het-imo.net\/ch\/wp-json\/wp\/v2\/pages\/61\/revisions\/64"}],"wp:attachment":[{"href":"https:\/\/het-imo.net\/ch\/wp-json\/wp\/v2\/media?parent=61"}],"wp:term":[{"taxonomy":"folder","embeddable":true,"href":"https:\/\/het-imo.net\/ch\/wp-json\/wp\/v2\/folder?post=61"}],"curies":[{"name":"wp","href":"https:\/\/api.w.org\/{rel}","templated":true}]}}