{"id":35,"date":"2021-06-29T13:54:48","date_gmt":"2021-06-29T11:54:48","guid":{"rendered":"https:\/\/het-imo.net\/ch\/?page_id=35"},"modified":"2025-09-08T10:10:37","modified_gmt":"2025-09-08T08:10:37","slug":"wer-wir-sind","status":"publish","type":"page","link":"https:\/\/het-imo.net\/ch\/wer-wir-sind\/","title":{"rendered":"Wer wir sind"},"content":{"rendered":"<p>[et_pb_section fb_built=&#8221;1&#8243; _builder_version=&#8221;4.16&#8243; _module_preset=&#8221;default&#8221; background_image=&#8221;https:\/\/het-imo.net\/ch\/wp-content\/uploads\/2021\/06\/allconsultants2019.jpg&#8221; min_height=&#8221;326px&#8221; custom_padding=&#8221;132px||41px|||&#8221; filter_opacity=&#8221;90%&#8221; global_colors_info=&#8221;{}&#8221;][et_pb_row _builder_version=&#8221;4.16&#8243; _module_preset=&#8221;default&#8221; global_colors_info=&#8221;{}&#8221;][et_pb_column type=&#8221;4_4&#8243; _builder_version=&#8221;4.16&#8243; _module_preset=&#8221;default&#8221; global_colors_info=&#8221;{}&#8221;][et_pb_text _builder_version=&#8221;4.16&#8243; _module_preset=&#8221;default&#8221; text_font=&#8221;||||||||&#8221; header_font=&#8221;|600||on|||||&#8221; header_text_align=&#8221;left&#8221; header_text_color=&#8221;#FFFFFF&#8221; header_font_size=&#8221;50px&#8221; global_colors_info=&#8221;{}&#8221;]<\/p>\n<h1 class=\"et_pb_module_header\">WER WIR SIND<\/h1>\n<div id=\"gtx-trans\" style=\"position: absolute; left: -38px; top: -10px;\">\n<div class=\"gtx-trans-icon\"><\/div>\n<\/div>\n<p>[\/et_pb_text][\/et_pb_column][\/et_pb_row][\/et_pb_section][et_pb_section fb_built=&#8221;1&#8243; _builder_version=&#8221;4.16&#8243; _module_preset=&#8221;default&#8221; custom_padding=&#8221;5px||4px|||&#8221; global_colors_info=&#8221;{}&#8221;][et_pb_row _builder_version=&#8221;4.16&#8243; _module_preset=&#8221;default&#8221; global_colors_info=&#8221;{}&#8221;][et_pb_column type=&#8221;4_4&#8243; _builder_version=&#8221;4.16&#8243; _module_preset=&#8221;default&#8221; global_colors_info=&#8221;{}&#8221;][et_pb_text _builder_version=&#8221;4.16&#8243; _module_preset=&#8221;default&#8221; global_colors_info=&#8221;{}&#8221;]<\/p>\n<p><span>Wir sind Beraterinnen und Berater aus verschiedenen L\u00e4ndern mit unterschiedlichen Hintergr\u00fcnden und Erfahrungen. Wirtschaftlich sind wir alle selbst\u00e4ndig. Uns verbindet das Interesse an Menschen, die in verantwortlicher Position Entwicklungsprozesse gestalten. Unsere Kunden sind in der Regel Entscheidungstr\u00e4gerinnen und Verantwortungstr\u00e4ger, die Interesse an nachhaltiger Entwicklung in ihrer Organisation haben. IMO-Berater\/Innen arbeiten dort, wo Endverantwortliche sich Ver\u00e4nderungen und Erneuerungen w\u00fcnschen.<\/span><\/p>\n<p>[\/et_pb_text][\/et_pb_column][\/et_pb_row][\/et_pb_section][et_pb_section fb_built=&#8221;1&#8243; _builder_version=&#8221;4.16&#8243; _module_preset=&#8221;default&#8221; custom_padding=&#8221;1px||121px|||&#8221; global_colors_info=&#8221;{}&#8221;][et_pb_row column_structure=&#8221;1_3,1_3,1_3&#8243; use_custom_gutter=&#8221;on&#8221; gutter_width=&#8221;2&#8243; _builder_version=&#8221;4.16&#8243; _module_preset=&#8221;default&#8221; global_colors_info=&#8221;{}&#8221;][et_pb_column type=&#8221;1_3&#8243; _builder_version=&#8221;4.16&#8243; _module_preset=&#8221;default&#8221; global_colors_info=&#8221;{}&#8221;][et_pb_team_member name=&#8221;Edith Brandner&#8221; image_url=&#8221;https:\/\/het-imo.net\/ch\/wp-content\/uploads\/2021\/06\/Portrait-Edith-Brandner410300-1.jpg&#8221; _builder_version=&#8221;4.16&#8243; _module_preset=&#8221;default&#8221; link_option_url=&#8221;https:\/\/het-imo.net\/ch\/edith-brandner\/&#8221; global_colors_info=&#8221;{}&#8221;][\/et_pb_team_member][\/et_pb_column][et_pb_column type=&#8221;1_3&#8243; _builder_version=&#8221;4.16&#8243; _module_preset=&#8221;default&#8221; global_colors_info=&#8221;{}&#8221;][\/et_pb_column][et_pb_column type=&#8221;1_3&#8243; _builder_version=&#8221;4.16&#8243; _module_preset=&#8221;default&#8221; global_colors_info=&#8221;{}&#8221;][et_pb_team_member name=&#8221;Alexandra H\u00f6sli&#8221; image_url=&#8221;https:\/\/het-imo.net\/ch\/wp-content\/uploads\/2021\/06\/Alexandra-Hoesli.png&#8221; _builder_version=&#8221;4.16&#8243; _module_preset=&#8221;default&#8221; link_option_url=&#8221;https:\/\/het-imo.net\/ch\/alexandra-hosli\/&#8221; global_colors_info=&#8221;{}&#8221;][\/et_pb_team_member][\/et_pb_column][\/et_pb_row][\/et_pb_section]<\/p>\n","protected":false},"excerpt":{"rendered":"<p>WER WIR SIND Wir sind Beraterinnen und Berater aus verschiedenen L\u00e4ndern mit unterschiedlichen Hintergr\u00fcnden und Erfahrungen. Wirtschaftlich sind wir alle selbst\u00e4ndig. Uns verbindet das Interesse an Menschen, die in verantwortlicher Position Entwicklungsprozesse gestalten. Unsere Kunden sind in der Regel Entscheidungstr\u00e4gerinnen und Verantwortungstr\u00e4ger, die Interesse an nachhaltiger Entwicklung in ihrer Organisation haben. IMO-Berater\/Innen arbeiten dort, wo [&hellip;]<\/p>\n","protected":false},"author":1,"featured_media":0,"parent":0,"menu_order":0,"comment_status":"closed","ping_status":"closed","template":"","meta":{"_et_pb_use_builder":"on","_et_pb_old_content":"","_et_gb_content_width":"","footnotes":""},"folder":[11],"class_list":["post-35","page","type-page","status-publish","hentry"],"_links":{"self":[{"href":"https:\/\/het-imo.net\/ch\/wp-json\/wp\/v2\/pages\/35","targetHints":{"allow":["GET"]}}],"collection":[{"href":"https:\/\/het-imo.net\/ch\/wp-json\/wp\/v2\/pages"}],"about":[{"href":"https:\/\/het-imo.net\/ch\/wp-json\/wp\/v2\/types\/page"}],"author":[{"embeddable":true,"href":"https:\/\/het-imo.net\/ch\/wp-json\/wp\/v2\/users\/1"}],"replies":[{"embeddable":true,"href":"https:\/\/het-imo.net\/ch\/wp-json\/wp\/v2\/comments?post=35"}],"version-history":[{"count":9,"href":"https:\/\/het-imo.net\/ch\/wp-json\/wp\/v2\/pages\/35\/revisions"}],"predecessor-version":[{"id":308,"href":"https:\/\/het-imo.net\/ch\/wp-json\/wp\/v2\/pages\/35\/revisions\/308"}],"wp:attachment":[{"href":"https:\/\/het-imo.net\/ch\/wp-json\/wp\/v2\/media?parent=35"}],"wp:term":[{"taxonomy":"folder","embeddable":true,"href":"https:\/\/het-imo.net\/ch\/wp-json\/wp\/v2\/folder?post=35"}],"curies":[{"name":"wp","href":"https:\/\/api.w.org\/{rel}","templated":true}]}}