{"id":154,"date":"2021-06-30T23:08:00","date_gmt":"2021-06-30T21:08:00","guid":{"rendered":"https:\/\/het-imo.net\/ch\/?page_id=154"},"modified":"2021-06-30T23:09:18","modified_gmt":"2021-06-30T21:09:18","slug":"kunden","status":"publish","type":"page","link":"https:\/\/het-imo.net\/ch\/kunden\/","title":{"rendered":"Kunden"},"content":{"rendered":"<p>[et_pb_section fb_built=&#8221;1&#8243; _builder_version=&#8221;4.9.7&#8243; _module_preset=&#8221;default&#8221; background_color=&#8221;RGBA(0,0,0,0)&#8221; background_image=&#8221;https:\/\/het-imo.net\/ch\/wp-content\/uploads\/2021\/06\/IMO-clients.jpg&#8221; min_height=&#8221;326px&#8221; custom_padding=&#8221;132px||41px|||&#8221;][et_pb_row _builder_version=&#8221;4.9.7&#8243; _module_preset=&#8221;default&#8221;][et_pb_column type=&#8221;4_4&#8243; _builder_version=&#8221;4.9.7&#8243; _module_preset=&#8221;default&#8221;][et_pb_text _builder_version=&#8221;4.9.7&#8243; _module_preset=&#8221;default&#8221; text_font=&#8221;||||||||&#8221; header_font=&#8221;|600||on|||||&#8221; header_text_align=&#8221;left&#8221; header_text_color=&#8221;#FFFFFF&#8221; header_font_size=&#8221;50px&#8221; header_text_shadow_style=&#8221;preset3&#8243;]<\/p>\n<h1 class=\"et_pb_module_header\"><span style=\"color: #ffffff;\">unsere kunden<\/span><\/h1>\n<p>[\/et_pb_text][\/et_pb_column][\/et_pb_row][\/et_pb_section][et_pb_section fb_built=&#8221;1&#8243; _builder_version=&#8221;4.9.7&#8243; _module_preset=&#8221;default&#8221; custom_padding=&#8221;5px||4px|||&#8221;][et_pb_row _builder_version=&#8221;4.9.7&#8243; _module_preset=&#8221;default&#8221;][et_pb_column type=&#8221;4_4&#8243; _builder_version=&#8221;4.9.7&#8243; _module_preset=&#8221;default&#8221;][et_pb_text _builder_version=&#8221;4.9.7&#8243; _module_preset=&#8221;default&#8221;]<\/p>\n<div class=\"et_pb_row et_pb_row_0\">\n<div class=\"et_pb_column et_pb_column_4_4 et_pb_column_0  et_pb_css_mix_blend_mode_passthrough et-last-child\">\n<div class=\"et_pb_module et_pb_text et_pb_text_0  et_pb_text_align_left et_pb_bg_layout_light\">\n<div class=\"et_pb_text_inner\">\n<p>Zusammen mit unseren Kunden entwickeln wir horizontale F\u00fchrung und horizontale Organisation in einem sinnstiftenden Prozess. F\u00fcr die Kundenorganisationen ergeben sich daraus<\/p>\n<ul>\n<li>eine durch die Gesch\u00e4ftsleitung, die operativen F\u00fchrungskr\u00e4fte und die Fachkr\u00e4fte gelebte horizontale F\u00fchrungshaltung,<\/li>\n<li>die Etablierung eines auf Augenh\u00f6he ausgerichtenten Dialoges zwischen den vertikalen und horizontalen R\u00e4umen,<\/li>\n<li>motivierte und verantwortungsbewusste Mitarbeitende,<\/li>\n<li>unterst\u00fctzende Arbeitsbedingungen, welche auf die Selbststeuerung aller ausgerichtet ist,<\/li>\n<li>ein Umfeld indem neue, innovative und nachhaltige Ideen eingebracht werden,<\/li>\n<li>auf den Mehrwert des Kunden ausgerichtete Prozesse.<\/li>\n<\/ul>\n<\/div>\n<\/div>\n<\/div>\n<\/div>\n<div class=\"et_pb_row et_pb_row_1\">\n<div class=\"et_pb_column et_pb_column_4_4 et_pb_column_1  et_pb_css_mix_blend_mode_passthrough et-last-child\">\n<div class=\"et_pb_module et_pb_text et_pb_text_1  et_pb_text_align_left et_pb_bg_layout_light\">\n<div class=\"et_pb_text_inner\">\n<p><strong>Hier eine \u00dcbersicht in welchen Branchen unsere Kunden aktiv sind<\/strong><\/p>\n<ul>\n<li>Gesundheitswesen<\/li>\n<li>Bildungswesen (Universit\u00e4ten, Fachhochschulen, Gesamtschulen)<\/li>\n<li>\u00d6ffentliche Verwaltungen Gerichte und Staatsanwaltschaften<\/li>\n<li>Gesamtregierungen<\/li>\n<li>Verb\u00e4nde und Vereine<\/li>\n<li>Kulturelle, spirituelle und kirchliche Institutionen<\/li>\n<li>Nonprofit-Organisationen<\/li>\n<li>Banken und Versicherungen<\/li>\n<li>Automobilbranche<\/li>\n<li>Kosmetikbranche<\/li>\n<li>Pharmaindustrie<\/li>\n<li>Energieunternehmen<\/li>\n<\/ul>\n<\/div>\n<\/div>\n<\/div>\n<\/div>\n<p>[\/et_pb_text][\/et_pb_column][\/et_pb_row][\/et_pb_section]<\/p>\n","protected":false},"excerpt":{"rendered":"<p>unsere kunden Zusammen mit unseren Kunden entwickeln wir horizontale F\u00fchrung und horizontale Organisation in einem sinnstiftenden Prozess. F\u00fcr die Kundenorganisationen ergeben sich daraus eine durch die Gesch\u00e4ftsleitung, die operativen F\u00fchrungskr\u00e4fte und die Fachkr\u00e4fte gelebte horizontale F\u00fchrungshaltung, die Etablierung eines auf Augenh\u00f6he ausgerichtenten Dialoges zwischen den vertikalen und horizontalen R\u00e4umen, motivierte und verantwortungsbewusste Mitarbeitende, unterst\u00fctzende Arbeitsbedingungen, [&hellip;]<\/p>\n","protected":false},"author":1,"featured_media":0,"parent":0,"menu_order":0,"comment_status":"closed","ping_status":"closed","template":"","meta":{"_et_pb_use_builder":"on","_et_pb_old_content":"","_et_gb_content_width":"","footnotes":""},"folder":[11],"class_list":["post-154","page","type-page","status-publish","hentry"],"_links":{"self":[{"href":"https:\/\/het-imo.net\/ch\/wp-json\/wp\/v2\/pages\/154","targetHints":{"allow":["GET"]}}],"collection":[{"href":"https:\/\/het-imo.net\/ch\/wp-json\/wp\/v2\/pages"}],"about":[{"href":"https:\/\/het-imo.net\/ch\/wp-json\/wp\/v2\/types\/page"}],"author":[{"embeddable":true,"href":"https:\/\/het-imo.net\/ch\/wp-json\/wp\/v2\/users\/1"}],"replies":[{"embeddable":true,"href":"https:\/\/het-imo.net\/ch\/wp-json\/wp\/v2\/comments?post=154"}],"version-history":[{"count":3,"href":"https:\/\/het-imo.net\/ch\/wp-json\/wp\/v2\/pages\/154\/revisions"}],"predecessor-version":[{"id":158,"href":"https:\/\/het-imo.net\/ch\/wp-json\/wp\/v2\/pages\/154\/revisions\/158"}],"wp:attachment":[{"href":"https:\/\/het-imo.net\/ch\/wp-json\/wp\/v2\/media?parent=154"}],"wp:term":[{"taxonomy":"folder","embeddable":true,"href":"https:\/\/het-imo.net\/ch\/wp-json\/wp\/v2\/folder?post=154"}],"curies":[{"name":"wp","href":"https:\/\/api.w.org\/{rel}","templated":true}]}}