{"id":113,"date":"2021-06-30T22:06:10","date_gmt":"2021-06-30T20:06:10","guid":{"rendered":"https:\/\/het-imo.net\/ch\/?page_id=113"},"modified":"2022-10-24T16:09:33","modified_gmt":"2022-10-24T14:09:33","slug":"angebot","status":"publish","type":"page","link":"https:\/\/het-imo.net\/ch\/angebot\/","title":{"rendered":"Angebot"},"content":{"rendered":"<p>[et_pb_section fb_built=&#8221;1&#8243; _builder_version=&#8221;4.16&#8243; _module_preset=&#8221;default&#8221; custom_padding=&#8221;21px|||||&#8221; global_colors_info=&#8221;{}&#8221;][et_pb_row _builder_version=&#8221;4.16&#8243; _module_preset=&#8221;default&#8221; global_colors_info=&#8221;{}&#8221;][et_pb_column type=&#8221;4_4&#8243; _builder_version=&#8221;4.16&#8243; _module_preset=&#8221;default&#8221; global_colors_info=&#8221;{}&#8221;][et_pb_text _builder_version=&#8221;4.16&#8243; _module_preset=&#8221;default&#8221; header_font=&#8221;|||on|||||&#8221; header_text_align=&#8221;center&#8221; header_font_size=&#8221;50px&#8221; global_colors_info=&#8221;{}&#8221;]<\/p>\n<h1>unser angebot<\/h1>\n<div id=\"gtx-trans\" style=\"position: absolute; left: -28px; top: -10px;\">\n<div class=\"gtx-trans-icon\"><\/div>\n<\/div>\n<p>[\/et_pb_text][\/et_pb_column][\/et_pb_row][et_pb_row _builder_version=&#8221;4.16&#8243; _module_preset=&#8221;default&#8221; custom_padding=&#8221;0px|||||&#8221; global_colors_info=&#8221;{}&#8221;][et_pb_column type=&#8221;4_4&#8243; _builder_version=&#8221;4.16&#8243; _module_preset=&#8221;default&#8221; global_colors_info=&#8221;{}&#8221;][et_pb_divider color=&#8221;#b84f3c&#8221; divider_weight=&#8221;3px&#8221; _builder_version=&#8221;4.16&#8243; _module_preset=&#8221;default&#8221; custom_margin=&#8221;-6px|||||&#8221; global_colors_info=&#8221;{}&#8221;][\/et_pb_divider][\/et_pb_column][\/et_pb_row][et_pb_row _builder_version=&#8221;4.16&#8243; _module_preset=&#8221;default&#8221; custom_padding=&#8221;2px|||||&#8221; global_colors_info=&#8221;{}&#8221;][et_pb_column type=&#8221;4_4&#8243; _builder_version=&#8221;4.16&#8243; _module_preset=&#8221;default&#8221; global_colors_info=&#8221;{}&#8221;][et_pb_text _builder_version=&#8221;4.16&#8243; _module_preset=&#8221;default&#8221; custom_margin=&#8221;-8px|||||&#8221; global_colors_info=&#8221;{}&#8221;]<\/p>\n<p><span>Wir unterst\u00fctzen Organisationen in ihren Entwicklungsprozessen. Eines unserer Ideale ist Wandel durch Begeisterung. Gemeinsam mit unseren Kunden realisieren wir Ver\u00e4nderung und Entwicklung mit Empathie und Enthusiasmus. Hier erfahren Sie mehr \u00fcber unseren Ansatz.<\/span><\/p>\n<p>[\/et_pb_text][\/et_pb_column][\/et_pb_row][et_pb_row column_structure=&#8221;1_3,1_3,1_3&#8243; use_custom_gutter=&#8221;on&#8221; gutter_width=&#8221;2&#8243; _builder_version=&#8221;4.16&#8243; _module_preset=&#8221;default&#8221; custom_padding=&#8221;||1px|||&#8221; global_colors_info=&#8221;{}&#8221;][et_pb_column type=&#8221;1_3&#8243; _builder_version=&#8221;4.16&#8243; _module_preset=&#8221;default&#8221; global_colors_info=&#8221;{}&#8221;][et_pb_text _builder_version=&#8221;4.16&#8243; _module_preset=&#8221;default&#8221; header_font=&#8221;|600|||||||&#8221; global_colors_info=&#8221;{}&#8221;]<\/p>\n<p><img loading=\"lazy\" decoding=\"async\" src=\"https:\/\/het-imo.net\/ch\/wp-content\/uploads\/2021\/06\/weoffer-01-300x220-1.jpg\" width=\"462\" height=\"339\" alt=\"\" class=\"wp-image-39 alignnone size-medium\" \/><\/p>\n<h1>ORGANISATIONS-ENTWICKLUNG<\/h1>\n<p><span>Unsere Kundenorganisationen arbeiten auf eine horizontale Art und Weise. Sie organisieren die Organisation als ein horizontaler Organismus, in dem jeder Mitarbeiter als Leader agieren kann.<\/span><\/p>\n<p>[\/et_pb_text][\/et_pb_column][et_pb_column type=&#8221;1_3&#8243; _builder_version=&#8221;4.16&#8243; _module_preset=&#8221;default&#8221; global_colors_info=&#8221;{}&#8221;][et_pb_text _builder_version=&#8221;4.18.0&#8243; _module_preset=&#8221;default&#8221; header_font=&#8221;|600|||||||&#8221; hover_enabled=&#8221;0&#8243; global_colors_info=&#8221;{}&#8221; sticky_enabled=&#8221;0&#8243;]<\/p>\n<h1><img loading=\"lazy\" decoding=\"async\" src=\"https:\/\/het-imo.net\/ch\/wp-content\/uploads\/2021\/06\/we_offer_lernwerkstatt_hf-300x220-1.jpg\" width=\"545\" height=\"400\" alt=\"Lernwerkstatt Horizontale F\u00fchrung\" class=\"wp-image-191 size-medium\" \/><\/h1>\n<h1>LERNWERKSTATT<br \/>HORIZONTALE F\u00dcHRUNG<\/h1>\n<p>Die Lernwerkstatt Kernqualit\u00e4ten des Horizontalen F\u00fchrens bietet Ihnen die M\u00f6glichkeit, sich mit den sozialen Handwerkzeugen einer horizontalen F\u00fchrungshaltung auseinanderzusetzen und vertraut zu machen.<span>\u00a0<\/span><a href=\"https:\/\/het-imo.net\/ch\/wp-content\/uploads\/2022\/10\/IMO-Lern-und-Erfahrungswerkstatt-2023.pdf\" target=\"_blank\" rel=\"noopener\"><strong>Bitte lesen Sie weiter &#8230;.<\/strong><\/a><\/p>\n<p>[\/et_pb_text][\/et_pb_column][et_pb_column type=&#8221;1_3&#8243; _builder_version=&#8221;4.16&#8243; _module_preset=&#8221;default&#8221; global_colors_info=&#8221;{}&#8221;][et_pb_text _builder_version=&#8221;4.16&#8243; _module_preset=&#8221;default&#8221; header_font=&#8221;|600|||||||&#8221; global_colors_info=&#8221;{}&#8221;]<\/p>\n<p><img loading=\"lazy\" decoding=\"async\" src=\"https:\/\/het-imo.net\/ch\/wp-content\/uploads\/2021\/06\/we_offer_imonetworkdays-300x220-1.jpg\" width=\"488\" height=\"358\" alt=\"IMO Kunden Netzwerktage\" class=\"wp-image-190 size-medium\" \/><\/p>\n<h1>IMO KUNDEN-NETZWERKTAGE<\/h1>\n<p>IMO International hat ein stets wachsendes, internationales Netzwerk von inspirierten Unternehmerinnen und Unternehmern, F\u00fchrungskr\u00e4fte, Beraterinnen und Berater und anderen interessierten Gruppen ins Leben gerufen, welche sich an einer j\u00e4hrlichen Konferenz zum Thema\u00a0rund um die Entwicklung von Mensch und Organisation treffen.\u00a0Die Konferenz\u00a0der IMO Kunden-Netzwerk-Tage\u00a0findet j\u00e4hrlich in Kaap Doorn\u00a0in\u00a0Holland\u00a0statt.<\/p>\n<p>&nbsp;<\/p>\n<p>[\/et_pb_text][\/et_pb_column][\/et_pb_row][et_pb_row _builder_version=&#8221;4.16&#8243; _module_preset=&#8221;default&#8221; custom_padding=&#8221;5px|||||&#8221; global_colors_info=&#8221;{}&#8221;][et_pb_column type=&#8221;4_4&#8243; _builder_version=&#8221;4.16&#8243; _module_preset=&#8221;default&#8221; global_colors_info=&#8221;{}&#8221;][et_pb_divider _builder_version=&#8221;4.16&#8243; _module_preset=&#8221;default&#8221; global_colors_info=&#8221;{}&#8221;][\/et_pb_divider][\/et_pb_column][\/et_pb_row][et_pb_row column_structure=&#8221;1_3,1_3,1_3&#8243; use_custom_gutter=&#8221;on&#8221; gutter_width=&#8221;2&#8243; _builder_version=&#8221;4.16&#8243; _module_preset=&#8221;default&#8221; custom_padding=&#8221;1px||10px|||&#8221; global_colors_info=&#8221;{}&#8221;][et_pb_column type=&#8221;1_3&#8243; _builder_version=&#8221;4.16&#8243; _module_preset=&#8221;default&#8221; global_colors_info=&#8221;{}&#8221;][et_pb_text _builder_version=&#8221;4.16&#8243; _module_preset=&#8221;default&#8221; header_font=&#8221;|600|||||||&#8221; global_colors_info=&#8221;{}&#8221;]<\/p>\n<p><img loading=\"lazy\" decoding=\"async\" src=\"https:\/\/het-imo.net\/ch\/wp-content\/uploads\/2021\/06\/weoffer-03-300x220-1.jpg\" width=\"428\" height=\"314\" alt=\"\" class=\"wp-image-40 alignnone size-medium\" \/><\/p>\n<h1>MASTERCLASS<\/h1>\n<p><span>IMO bietet\u00a0Masterclass in Horizontal Leadership\u00a0an f\u00fcr F\u00fchrungskr\u00e4fte und f\u00fcr Beraterinnen und Berater. Die Masterclass hilft und erm\u00f6glicht den Teilnehmerinnen und Teilnehmer einen kr\u00e4ftigen Entwicklungsimpuls in ihren eigenen Organisationen zu initiieren.<\/span><\/p>\n<p>[\/et_pb_text][\/et_pb_column][et_pb_column type=&#8221;1_3&#8243; _builder_version=&#8221;4.16&#8243; _module_preset=&#8221;default&#8221; global_colors_info=&#8221;{}&#8221;][et_pb_text _builder_version=&#8221;4.16&#8243; _module_preset=&#8221;default&#8221; header_font=&#8221;|600|||||||&#8221; global_colors_info=&#8221;{}&#8221;]<\/p>\n<h1><img loading=\"lazy\" decoding=\"async\" src=\"https:\/\/het-imo.net\/ch\/wp-content\/uploads\/2021\/06\/we_offer_switzerlandday-300x220-1.jpg\" width=\"380\" height=\"278\" alt=\"\" class=\"wp-image-192 alignnone size-medium\" \/><\/h1>\n<h1>IMO SWITZERLAND DAY<\/h1>\n<p style=\"text-align: left;\">Der Tag richtet sich an\u00a0Gesch\u00e4ftsf\u00fchrerinnen und Gesch\u00e4ftsf\u00fchrer,\u00a0F\u00fchrungskr\u00e4fte, Beratungspersonen, HR-Verantwortliche\u00a0sowie Ausbilderinnen und Ausbilder.<br \/>Die Herausforderung von F\u00fchrung ist das Zusammenspiel von vertikalem Management und den horizontalen F\u00fchrungsprinzipien. IMO-Kunden werden aus der Alltagpraxis in ihren Organisationen berichten.<\/p>\n<div id=\"gtx-trans\" style=\"position: absolute; left: 312px; top: 184.438px;\">\n<div class=\"gtx-trans-icon\"><\/div>\n<\/div>\n<p>[\/et_pb_text][\/et_pb_column][et_pb_column type=&#8221;1_3&#8243; _builder_version=&#8221;4.16&#8243; _module_preset=&#8221;default&#8221; global_colors_info=&#8221;{}&#8221;][et_pb_text _builder_version=&#8221;4.16&#8243; _module_preset=&#8221;default&#8221; header_font=&#8221;|600|||||||&#8221; link_option_url=&#8221;https:\/\/het-imo.net\/ch\/imo-talks\/&#8221; global_colors_info=&#8221;{}&#8221;]<\/p>\n<p><img loading=\"lazy\" decoding=\"async\" src=\"https:\/\/het-imo.net\/ch\/wp-content\/uploads\/2022\/01\/imo_talks-300x220.webp\" width=\"498\" height=\"365\" alt=\"\" class=\"wp-image-239 alignnone size-medium\" srcset=\"https:\/\/het-imo.net\/ch\/wp-content\/uploads\/2022\/01\/imo_talks-300x220.webp 300w, https:\/\/het-imo.net\/ch\/wp-content\/uploads\/2022\/01\/imo_talks-24x18.webp 24w, https:\/\/het-imo.net\/ch\/wp-content\/uploads\/2022\/01\/imo_talks-36x26.webp 36w, https:\/\/het-imo.net\/ch\/wp-content\/uploads\/2022\/01\/imo_talks-48x35.webp 48w, https:\/\/het-imo.net\/ch\/wp-content\/uploads\/2022\/01\/imo_talks.webp 410w\" sizes=\"(max-width: 498px) 100vw, 498px\" \/><\/p>\n<h1>IMO TALKS<\/h1>\n<p style=\"text-align: left;\">Get new perspectives from IMO consultants around the world. They will tell every month in an online meeting about her interesting ideas and inspiring experiences. You will get an insight behind the scenes of their profession.<\/p>\n<p>[\/et_pb_text][\/et_pb_column][\/et_pb_row][et_pb_row _builder_version=&#8221;4.16&#8243; _module_preset=&#8221;default&#8221; global_colors_info=&#8221;{}&#8221;][et_pb_column type=&#8221;4_4&#8243; _builder_version=&#8221;4.16&#8243; _module_preset=&#8221;default&#8221; global_colors_info=&#8221;{}&#8221;][et_pb_divider _builder_version=&#8221;4.16&#8243; _module_preset=&#8221;default&#8221; global_colors_info=&#8221;{}&#8221;][\/et_pb_divider][\/et_pb_column][\/et_pb_row][et_pb_row column_structure=&#8221;1_3,1_3,1_3&#8243; _builder_version=&#8221;4.16&#8243; _module_preset=&#8221;default&#8221; custom_margin=&#8221;-14px|auto||auto||&#8221; custom_padding=&#8221;5px|||||&#8221; global_colors_info=&#8221;{}&#8221;][et_pb_column type=&#8221;1_3&#8243; _builder_version=&#8221;4.16&#8243; _module_preset=&#8221;default&#8221; global_colors_info=&#8221;{}&#8221;][et_pb_text _builder_version=&#8221;4.16&#8243; _module_preset=&#8221;default&#8221; header_font=&#8221;|600|||||||&#8221; global_colors_info=&#8221;{}&#8221;]<\/p>\n<h2>KOMMUNIKATION F\u00dcR F\u00dcHRUNGSKR\u00c4FTE<\/h2>\n<p>Eine klare und faire Gespr\u00e4chsf\u00fchrung ist eine entscheidende Komponente in der Umsetzung Ihres F\u00fchrungsverst\u00e4ndnisses.<br \/>Dieses Seminar vermittelt Ihnen Modelle und Methoden f\u00fcr h\u00e4ufigsten f\u00fchrungsrelevanten Gespr\u00e4chssituationen. Sie trainieren und reflektieren, wie Sie einem Gespr\u00e4ch eine klare Struktur geben k\u00f6nnen, den roten Faden behalten und einen verbindlichen Anschluss erreichen.<span>\u00a0<\/span><strong><a href=\"https:\/\/het-imo.net\/ch\/wp-content\/uploads\/2021\/06\/Kommunmikation-fuer-Fuehrungskraefte2016-2.pdf\" target=\"_blank\" rel=\"noopener\">Lesen Sie mehr &#8230;<\/a><\/strong><\/p>\n<div id=\"gtx-trans\" style=\"position: absolute; left: 572px; top: 193.812px;\">\n<div class=\"gtx-trans-icon\"><\/div>\n<\/div>\n<p>[\/et_pb_text][\/et_pb_column][et_pb_column type=&#8221;1_3&#8243; _builder_version=&#8221;4.16&#8243; _module_preset=&#8221;default&#8221; global_colors_info=&#8221;{}&#8221;][et_pb_text _builder_version=&#8221;4.16&#8243; _module_preset=&#8221;default&#8221; header_font=&#8221;|600|||||||&#8221; global_colors_info=&#8221;{}&#8221;]<\/p>\n<h2>BEWUSSTE KOMMUNIKATION<\/h2>\n<p>In diesem Seminar lernen Sie verschiedene Kommunikations- modelle kennen,\u00a0eignen sich Werkzeuge f\u00fcr bewusste Kommunikation an und vertiefen diese in\u00a0praktischen \u00dcbungen.<br \/><strong><a href=\"https:\/\/het-imo.net\/ch\/wp-content\/uploads\/2021\/06\/Bewusste-Kommunikation2016.pdf\">Lesen Sie mehr&#8230;.<\/a><\/strong><\/p>\n<div id=\"gtx-trans\" style=\"position: absolute; left: 574px; top: 193.812px;\">\n<div class=\"gtx-trans-icon\"><\/div>\n<\/div>\n<p>[\/et_pb_text][\/et_pb_column][et_pb_column type=&#8221;1_3&#8243; _builder_version=&#8221;4.16&#8243; _module_preset=&#8221;default&#8221; global_colors_info=&#8221;{}&#8221;][et_pb_text _builder_version=&#8221;4.16&#8243; _module_preset=&#8221;default&#8221; header_font=&#8221;|600|||||||&#8221; global_colors_info=&#8221;{}&#8221;]<\/p>\n<h2>DIE KERNQUALIT\u00c4TEN<\/h2>\n<p>(nach Daniel Ofman)<\/p>\n<p>In diesem Seminar\u00a0entdecken Sie Ihre eigenen Kernqualit\u00e4ten\u00a0und reflektieren auch kritisch deren Auswirkungen auf Sie und auf Ihr Umfeld.\u00a0Sie sch\u00e4rfen damit den Blick f\u00fcr Ihre St\u00e4rken und sensibilisieren Ihre Wahrnehmung in Bezug auf blinde Flecken und Fallstricke.\u00a0<strong><a href=\"https:\/\/het-imo.net\/ch\/wp-content\/uploads\/2021\/06\/Kernqualitaeten-entdecken2016.pdf\">Lesen Sie mehr&#8230;<\/a><\/strong><\/p>\n<div id=\"gtx-trans\" style=\"position: absolute; left: 574px; top: 193.812px;\">\n<div class=\"gtx-trans-icon\"><\/div>\n<\/div>\n<p>[\/et_pb_text][\/et_pb_column][\/et_pb_row][\/et_pb_section]<\/p>\n","protected":false},"excerpt":{"rendered":"<p>unser angebot Wir unterst\u00fctzen Organisationen in ihren Entwicklungsprozessen. Eines unserer Ideale ist Wandel durch Begeisterung. Gemeinsam mit unseren Kunden realisieren wir Ver\u00e4nderung und Entwicklung mit Empathie und Enthusiasmus. Hier erfahren Sie mehr \u00fcber unseren Ansatz. ORGANISATIONS-ENTWICKLUNG Unsere Kundenorganisationen arbeiten auf eine horizontale Art und Weise. Sie organisieren die Organisation als ein horizontaler Organismus, in dem [&hellip;]<\/p>\n","protected":false},"author":1,"featured_media":0,"parent":0,"menu_order":0,"comment_status":"closed","ping_status":"closed","template":"","meta":{"_et_pb_use_builder":"on","_et_pb_old_content":"","_et_gb_content_width":"","footnotes":""},"folder":[11],"class_list":["post-113","page","type-page","status-publish","hentry"],"_links":{"self":[{"href":"https:\/\/het-imo.net\/ch\/wp-json\/wp\/v2\/pages\/113","targetHints":{"allow":["GET"]}}],"collection":[{"href":"https:\/\/het-imo.net\/ch\/wp-json\/wp\/v2\/pages"}],"about":[{"href":"https:\/\/het-imo.net\/ch\/wp-json\/wp\/v2\/types\/page"}],"author":[{"embeddable":true,"href":"https:\/\/het-imo.net\/ch\/wp-json\/wp\/v2\/users\/1"}],"replies":[{"embeddable":true,"href":"https:\/\/het-imo.net\/ch\/wp-json\/wp\/v2\/comments?post=113"}],"version-history":[{"count":13,"href":"https:\/\/het-imo.net\/ch\/wp-json\/wp\/v2\/pages\/113\/revisions"}],"predecessor-version":[{"id":253,"href":"https:\/\/het-imo.net\/ch\/wp-json\/wp\/v2\/pages\/113\/revisions\/253"}],"wp:attachment":[{"href":"https:\/\/het-imo.net\/ch\/wp-json\/wp\/v2\/media?parent=113"}],"wp:term":[{"taxonomy":"folder","embeddable":true,"href":"https:\/\/het-imo.net\/ch\/wp-json\/wp\/v2\/folder?post=113"}],"curies":[{"name":"wp","href":"https:\/\/api.w.org\/{rel}","templated":true}]}}