{"id":644,"date":"2025-05-02T11:02:56","date_gmt":"2025-05-02T09:02:56","guid":{"rendered":"https:\/\/het-imo.net\/br\/?page_id=644"},"modified":"2025-12-29T16:14:27","modified_gmt":"2025-12-29T19:14:27","slug":"vision-mission-methodology","status":"publish","type":"page","link":"https:\/\/het-imo.net\/br\/vision-mission-methodology\/","title":{"rendered":"Vision, Mission and Methodology"},"content":{"rendered":"\t\t<div data-elementor-type=\"wp-page\" data-elementor-id=\"644\" class=\"elementor elementor-644\" data-elementor-post-type=\"page\">\n\t\t\t\t<div class=\"elementor-element elementor-element-b384a7f e-flex e-con-boxed e-con e-parent\" data-id=\"b384a7f\" data-element_type=\"container\" data-e-type=\"container\" data-settings=\"{&quot;background_background&quot;:&quot;classic&quot;}\">\n\t\t\t\t\t<div class=\"e-con-inner\">\n\t\t\t\t<div class=\"elementor-element elementor-element-e688450 elementor-widget elementor-widget-heading\" data-id=\"e688450\" data-element_type=\"widget\" data-e-type=\"widget\" data-widget_type=\"heading.default\">\n\t\t\t\t<div class=\"elementor-widget-container\">\n\t\t\t\t\t<h1 class=\"elementor-heading-title elementor-size-default\">VIS\u00c3O, MISS\u00c3O E METODOLOGIA<\/h1>\t\t\t\t<\/div>\n\t\t\t\t<\/div>\n\t\t\t\t\t<\/div>\n\t\t\t\t<\/div>\n\t\t<div class=\"elementor-element elementor-element-0ae41c5 pad-l e-flex e-con-boxed e-con e-parent\" data-id=\"0ae41c5\" data-element_type=\"container\" data-e-type=\"container\">\n\t\t\t\t\t<div class=\"e-con-inner\">\n\t\t\t\t<div class=\"elementor-element elementor-element-991aabf elementor-widget elementor-widget-text-editor\" data-id=\"991aabf\" data-element_type=\"widget\" data-e-type=\"widget\" data-widget_type=\"text-editor.default\">\n\t\t\t\t<div class=\"elementor-widget-container\">\n\t\t\t\t\t\t\t\t\t<p>Nossa <strong>Vis\u00e3o<\/strong> \u00e9 apoiar a cria\u00e7\u00e3o de organiza\u00e7\u00f5es como \u201crealidades vivas\u201d nas quais as pessoas envolvidas podem se desenvolver nos \u00e2mbitos pessoal, social e econ\u00f4mico. Consideramos organiza\u00e7\u00f5es e pessoas como duas realidades em constante evolu\u00e7\u00e3o e sinergia.<\/p><p>Nossa <strong>Miss\u00e3o<\/strong> \u00e9 fortalecer as organiza\u00e7\u00f5es como cria\u00e7\u00f5es humanas, incentivando a criatividade individual para gerar desenvolvimento significativo e sustent\u00e1vel para as pessoas, as organiza\u00e7\u00f5es e a sociedade.<\/p><p>Para atingir esse objetivo, utilizamos uma <strong>Metodologia<\/strong> integradora.<\/p>\t\t\t\t\t\t\t\t<\/div>\n\t\t\t\t<\/div>\n\t\t<div class=\"elementor-element elementor-element-e01b7ee e-con-full e-flex e-con e-child\" data-id=\"e01b7ee\" data-element_type=\"container\" data-e-type=\"container\">\n\t\t<div class=\"elementor-element elementor-element-5287e85 e-con-full e-flex e-con e-child\" data-id=\"5287e85\" data-element_type=\"container\" data-e-type=\"container\">\n\t\t\t\t<div class=\"elementor-element elementor-element-3ff39db elementor-widget elementor-widget-text-editor\" data-id=\"3ff39db\" data-element_type=\"widget\" data-e-type=\"widget\" data-widget_type=\"text-editor.default\">\n\t\t\t\t<div class=\"elementor-widget-container\">\n\t\t\t\t\t\t\t\t\t<ul><li>Ela conecta a dimens\u00e3o vertical da constru\u00e7\u00e3o de estrat\u00e9gias e da obten\u00e7\u00e3o de resultados econ\u00f4micos com a dimens\u00e3o horizontal, que visa responder \u00e0s necessidades dos clientes e criar processos cooperativos. Isso pode gerar organiza\u00e7\u00f5es integradas e saud\u00e1veis.<\/li><li>Conecta a dimens\u00e3o interna das pessoas \u00e0 realidade externa em que vivem e trabalham, criando um caminho de consci\u00eancia para o desenvolvimento pessoal e organizacional. Isso gera novas compet\u00eancias nas pessoas para atuarem como l\u00edderes horizontais.<\/li><li>Conecta reflex\u00e3o, prospec\u00e7\u00e3o e a\u00e7\u00e3o de forma explorat\u00f3ria e experimental. Trabalhamos em um caminho de aprendizagem transformadora, que gera novos processos e compet\u00eancias no contexto de uma mudan\u00e7a profunda e sustent\u00e1vel.<\/li><\/ul>\t\t\t\t\t\t\t\t<\/div>\n\t\t\t\t<\/div>\n\t\t\t\t<\/div>\n\t\t<div class=\"elementor-element elementor-element-d0daf36 e-con-full e-flex e-con e-child\" data-id=\"d0daf36\" data-element_type=\"container\" data-e-type=\"container\">\n\t\t\t\t<div class=\"elementor-element elementor-element-dff50e6 elementor-widget elementor-widget-text-editor\" data-id=\"dff50e6\" data-element_type=\"widget\" data-e-type=\"widget\" data-widget_type=\"text-editor.default\">\n\t\t\t\t<div class=\"elementor-widget-container\">\n\t\t\t\t\t\t\t\t\t<p>Essas tr\u00eas conex\u00f5es s\u00e3o os pilares da nossa metodologia, que foi constru\u00edda atrav\u00e9s de um longo percurso de pesquisa-a\u00e7\u00e3o, inspirada pelo impulso de Bernard Lievegoed, pelo trabalho de Adriaan Bekman e pela experi\u00eancia profissional e pelas contribui\u00e7\u00f5es de consultores, pesquisadores, professores e clientes da comunidade IMO, que \u00e9 um &#8220;laborat\u00f3rio&#8221; de pesquisa e inova\u00e7\u00e3o cont\u00ednuas.<\/p><p>Consideramos a metodologia IMO como sendo aberta (<em>open source<\/em>): dela extra\u00edmos conhecimento e com ela contribu\u00edmos, aprimorando-a e desenvolvendo-a em resposta \u00e0s necessidades de nossos clientes e ao esp\u00edrito do nosso tempo.<\/p><p>Voc\u00ea pode encontrar mais detalhes em \u2018<strong><a href=\"\/publications\/\">publications<\/a><\/strong>\u2018, onde h\u00e1 artigos e livros de colegas que compartilham suas origens e inspira\u00e7\u00f5es. Alguns s\u00e3o mais sobre aspectos cient\u00edficos, outros mais sobre experi\u00eancias: ambos s\u00e3o inspiradores para n\u00f3s!<\/p>\t\t\t\t\t\t\t\t<\/div>\n\t\t\t\t<\/div>\n\t\t\t\t<\/div>\n\t\t\t\t<\/div>\n\t\t\t\t\t<\/div>\n\t\t\t\t<\/div>\n\t\t<div class=\"elementor-element elementor-element-f0764c4 e-flex e-con-boxed e-con e-parent\" data-id=\"f0764c4\" data-element_type=\"container\" data-e-type=\"container\">\n\t\t\t\t\t<div class=\"e-con-inner\">\n\t\t\t\t<div class=\"elementor-element elementor-element-e68e8c5 elementor-widget elementor-widget-heading\" data-id=\"e68e8c5\" data-element_type=\"widget\" data-e-type=\"widget\" data-widget_type=\"heading.default\">\n\t\t\t\t<div class=\"elementor-widget-container\">\n\t\t\t\t\t<h3 class=\"elementor-heading-title elementor-size-default\">V\u00eddeos sobre a abordagem IMO<\/h3>\t\t\t\t<\/div>\n\t\t\t\t<\/div>\n\t\t\t\t<div class=\"elementor-element elementor-element-4985a5a elementor-widget-divider--view-line elementor-widget elementor-widget-divider\" data-id=\"4985a5a\" data-element_type=\"widget\" data-e-type=\"widget\" data-widget_type=\"divider.default\">\n\t\t\t\t<div class=\"elementor-widget-container\">\n\t\t\t\t\t\t\t<div class=\"elementor-divider\">\n\t\t\t<span class=\"elementor-divider-separator\">\n\t\t\t\t\t\t<\/span>\n\t\t<\/div>\n\t\t\t\t\t\t<\/div>\n\t\t\t\t<\/div>\n\t\t\t\t<div class=\"elementor-element elementor-element-b405b61 elementor-widget elementor-widget-video\" data-id=\"b405b61\" data-element_type=\"widget\" data-e-type=\"widget\" data-settings=\"{&quot;video_type&quot;:&quot;vimeo&quot;,&quot;yt_privacy&quot;:&quot;yes&quot;}\" data-widget_type=\"video.default\">\n\t\t\t\t<div class=\"elementor-widget-container\">\n\t\t\t\t\t\t\t<div class=\"elementor-wrapper elementor-open-inline\">\n\t\t\t<iframe class=\"elementor-video-iframe\" allowfullscreen allow=\"clipboard-write\" title=\"Reprodutor de v\u00eddeo vimeo\" src=\"https:\/\/player.vimeo.com\/video\/1095464282?color&amp;autopause=0&amp;dnt=true&amp;loop=0&amp;muted=0&amp;title=0&amp;portrait=0&amp;byline=0&amp;h=e12d383ac0#t=\"><\/iframe>\t\t<\/div>\n\t\t\t\t\t\t<\/div>\n\t\t\t\t<\/div>\n\t\t\t\t\t<\/div>\n\t\t\t\t<\/div>\n\t\t<div class=\"elementor-element elementor-element-bd580f4 e-flex e-con-boxed e-con e-parent\" data-id=\"bd580f4\" data-element_type=\"container\" data-e-type=\"container\" data-settings=\"{&quot;background_background&quot;:&quot;classic&quot;,&quot;background_motion_fx_motion_fx_scrolling&quot;:&quot;yes&quot;,&quot;background_motion_fx_translateX_effect&quot;:&quot;yes&quot;,&quot;background_motion_fx_translateX_direction&quot;:&quot;negative&quot;,&quot;background_motion_fx_translateX_speed&quot;:{&quot;unit&quot;:&quot;px&quot;,&quot;size&quot;:0.8000000000000000444089209850062616169452667236328125,&quot;sizes&quot;:[]},&quot;background_motion_fx_translateX_affectedRange&quot;:{&quot;unit&quot;:&quot;%&quot;,&quot;size&quot;:&quot;&quot;,&quot;sizes&quot;:{&quot;start&quot;:0,&quot;end&quot;:100}},&quot;background_motion_fx_devices&quot;:[&quot;desktop&quot;,&quot;laptop&quot;,&quot;tablet&quot;,&quot;mobile&quot;]}\">\n\t\t\t\t\t<div class=\"e-con-inner\">\n\t\t<div class=\"elementor-element elementor-element-a6290af e-con-full e-flex e-con e-child\" data-id=\"a6290af\" data-element_type=\"container\" data-e-type=\"container\">\n\t\t\t\t<div class=\"elementor-element elementor-element-5474568 elementor-widget-divider--view-line elementor-widget elementor-widget-divider\" data-id=\"5474568\" data-element_type=\"widget\" data-e-type=\"widget\" data-widget_type=\"divider.default\">\n\t\t\t\t<div class=\"elementor-widget-container\">\n\t\t\t\t\t\t\t<div class=\"elementor-divider\">\n\t\t\t<span class=\"elementor-divider-separator\">\n\t\t\t\t\t\t<\/span>\n\t\t<\/div>\n\t\t\t\t\t\t<\/div>\n\t\t\t\t<\/div>\n\t\t\t\t<div class=\"elementor-element elementor-element-efcc543 elementor-widget elementor-widget-heading\" data-id=\"efcc543\" data-element_type=\"widget\" data-e-type=\"widget\" data-widget_type=\"heading.default\">\n\t\t\t\t<div class=\"elementor-widget-container\">\n\t\t\t\t\t<div class=\"elementor-heading-title elementor-size-default\">A miss\u00e3o do IMO est\u00e1 ligada ao impulso de Bernard Lievegoed, pioneiro na \u00e1rea de desenvolvimento humano e organizacional.<\/div>\t\t\t\t<\/div>\n\t\t\t\t<\/div>\n\t\t\t\t<\/div>\n\t\t\t\t\t<\/div>\n\t\t\t\t<\/div>\n\t\t\t\t<\/div>\n\t\t","protected":false},"excerpt":{"rendered":"<p>VIS\u00c3O, MISS\u00c3O E METODOLOGIA Nossa Vis\u00e3o \u00e9 apoiar a cria\u00e7\u00e3o de organiza\u00e7\u00f5es como \u201crealidades vivas\u201d nas quais as pessoas envolvidas podem se desenvolver nos \u00e2mbitos pessoal, social e econ\u00f4mico. Consideramos organiza\u00e7\u00f5es e pessoas como duas realidades em constante evolu\u00e7\u00e3o e sinergia. Nossa Miss\u00e3o \u00e9 fortalecer as organiza\u00e7\u00f5es como cria\u00e7\u00f5es humanas, incentivando a criatividade individual para [&hellip;]<\/p>\n","protected":false},"author":1,"featured_media":0,"parent":0,"menu_order":0,"comment_status":"closed","ping_status":"closed","template":"elementor_header_footer","meta":{"footnotes":""},"hf_cat_page":[12],"class_list":["post-644","page","type-page","status-publish","hentry"],"_links":{"self":[{"href":"https:\/\/het-imo.net\/br\/wp-json\/wp\/v2\/pages\/644","targetHints":{"allow":["GET"]}}],"collection":[{"href":"https:\/\/het-imo.net\/br\/wp-json\/wp\/v2\/pages"}],"about":[{"href":"https:\/\/het-imo.net\/br\/wp-json\/wp\/v2\/types\/page"}],"author":[{"embeddable":true,"href":"https:\/\/het-imo.net\/br\/wp-json\/wp\/v2\/users\/1"}],"replies":[{"embeddable":true,"href":"https:\/\/het-imo.net\/br\/wp-json\/wp\/v2\/comments?post=644"}],"version-history":[{"count":103,"href":"https:\/\/het-imo.net\/br\/wp-json\/wp\/v2\/pages\/644\/revisions"}],"predecessor-version":[{"id":3152,"href":"https:\/\/het-imo.net\/br\/wp-json\/wp\/v2\/pages\/644\/revisions\/3152"}],"wp:attachment":[{"href":"https:\/\/het-imo.net\/br\/wp-json\/wp\/v2\/media?parent=644"}],"wp:term":[{"taxonomy":"hf_cat_page","embeddable":true,"href":"https:\/\/het-imo.net\/br\/wp-json\/wp\/v2\/hf_cat_page?post=644"}],"curies":[{"name":"wp","href":"https:\/\/api.w.org\/{rel}","templated":true}]}}