{"id":2676,"date":"2025-06-04T10:11:38","date_gmt":"2025-06-04T08:11:38","guid":{"rendered":"https:\/\/het-imo.net\/br\/?page_id=2676"},"modified":"2026-01-05T20:15:11","modified_gmt":"2026-01-05T23:15:11","slug":"the-story-of-horizontal-leadership","status":"publish","type":"page","link":"https:\/\/het-imo.net\/br\/the-story-of-horizontal-leadership\/","title":{"rendered":"Adriaan Bekman: The Story of Horizontal Leadership"},"content":{"rendered":"\t\t<div data-elementor-type=\"wp-page\" data-elementor-id=\"2676\" class=\"elementor elementor-2676\" data-elementor-post-type=\"page\">\n\t\t\t\t<div class=\"elementor-element elementor-element-73106f94 pad-l e-flex e-con-boxed e-con e-parent\" data-id=\"73106f94\" data-element_type=\"container\" data-e-type=\"container\">\n\t\t\t\t\t<div class=\"e-con-inner\">\n\t\t<div class=\"elementor-element elementor-element-13a11871 e-con-full e-flex e-con e-child\" data-id=\"13a11871\" data-element_type=\"container\" data-e-type=\"container\">\n\t\t\t\t<div class=\"elementor-element elementor-element-34c8864a elementor-widget elementor-widget-image\" data-id=\"34c8864a\" data-element_type=\"widget\" data-e-type=\"widget\" data-settings=\"{&quot;sticky&quot;:&quot;top&quot;,&quot;sticky_on&quot;:[&quot;tablet&quot;],&quot;sticky_offset_tablet&quot;:80,&quot;sticky_parent&quot;:&quot;yes&quot;,&quot;sticky_offset&quot;:0,&quot;sticky_effects_offset&quot;:0,&quot;sticky_anchor_link_offset&quot;:0}\" data-widget_type=\"image.default\">\n\t\t\t\t<div class=\"elementor-widget-container\">\n\t\t\t\t\t\t\t\t\t\t\t\t\t\t\t\t<a href=\"https:\/\/www.het-imo.net\/wp-content\/uploads\/2023\/05\/The-story-of-horizontal-leadership-definitive.pdf\" target=\"_blank\" rel=\"nofollow\">\n\t\t\t\t\t\t\t<img fetchpriority=\"high\" decoding=\"async\" width=\"720\" height=\"1025\" src=\"https:\/\/het-imo.net\/br\/wp-content\/uploads\/ispirative-Story-of-Horizontal-Leadership.webp\" class=\"attachment-full size-full wp-image-2680\" alt=\"\" srcset=\"https:\/\/het-imo.net\/br\/wp-content\/uploads\/ispirative-Story-of-Horizontal-Leadership.webp 720w, https:\/\/het-imo.net\/br\/wp-content\/uploads\/ispirative-Story-of-Horizontal-Leadership-211x300.webp 211w\" sizes=\"(max-width: 720px) 100vw, 720px\" \/>\t\t\t\t\t\t\t\t<\/a>\n\t\t\t\t\t\t\t\t\t\t\t\t\t\t\t<\/div>\n\t\t\t\t<\/div>\n\t\t\t\t<\/div>\n\t\t<div class=\"elementor-element elementor-element-798dcb62 e-con-full e-flex e-con e-child\" data-id=\"798dcb62\" data-element_type=\"container\" data-e-type=\"container\">\n\t\t\t\t<div class=\"elementor-element elementor-element-374b1171 elementor-widget elementor-widget-heading\" data-id=\"374b1171\" data-element_type=\"widget\" data-e-type=\"widget\" data-widget_type=\"heading.default\">\n\t\t\t\t<div class=\"elementor-widget-container\">\n\t\t\t\t\t<h1 class=\"elementor-heading-title elementor-size-default\">Adriaan Bekman: The Story of Horizontal Leadership<\/h1>\t\t\t\t<\/div>\n\t\t\t\t<\/div>\n\t\t\t\t<div class=\"elementor-element elementor-element-51add7da elementor-widget elementor-widget-text-editor\" data-id=\"51add7da\" data-element_type=\"widget\" data-e-type=\"widget\" data-widget_type=\"text-editor.default\">\n\t\t\t\t<div class=\"elementor-widget-container\">\n\t\t\t\t\t\t\t\t\t<p><em>\u201cNeste livro, descrevo o processo que deu vida \u00e0 lideran\u00e7a horizontal. Ele se apresenta em relatos reflexivos da aplica\u00e7\u00e3o pr\u00e1tica e do conhecimento que adquiri ao longo dos \u00faltimos 40 anos. Espero que voc\u00ea se identifique com as hist\u00f3rias que ler aqui e que encontre novos impulsos para continuar expandindo sua lideran\u00e7a pessoal no contexto de trabalho e de vida em que se encontra. Isso exige, acredito, coragem e lealdade aos seus pr\u00f3prios impulsos de vida, al\u00e9m da disposi\u00e7\u00e3o para aprender com experi\u00eancias que, por vezes, s\u00e3o desafiadoras e dif\u00edceis de lidar.\u201d<\/em><\/p><p>Adriaan Bekman e Klaas IJkema iniciaram &#8220;di\u00e1logos investigativos&#8221; <em>online<\/em> sobre este livro. Esperamos que isso o incentive a ler e estudar o livro sozinho ou com outras pessoas.<\/p><ul><li><strong><a href=\"https:\/\/vimeo.com\/801008073\/09c988f3dc\" target=\"_blank\" rel=\"nofollow noopener\">Preview do livro \u2013 38 minutes<\/a><\/strong><\/li><li><a href=\"https:\/\/vimeo.com\/803855567\/5609d461b6\" target=\"_blank\" rel=\"nofollow noopener\"><strong>A influ\u00eancia de Bernard Lievegoed \u2013 40 minutes<\/strong><\/a><\/li><li>Cap\u00edtulo 1: Novas perspectivas de lideran\u00e7a<\/li><li>Cap\u00edtulo 2: Qualidades essenciais da lideran\u00e7a horizontal<\/li><li>Cap\u00edtulo 3: Sete balizas para a mudan\u00e7a<\/li><li>Cap\u00edtulo 4: Criando uma infraestrutura para a mudan\u00e7a<\/li><li>Cap\u00edtulo 5: Sete conceitos para a a\u00e7\u00e3o<\/li><\/ul>\t\t\t\t\t\t\t\t<\/div>\n\t\t\t\t<\/div>\n\t\t\t\t<div class=\"elementor-element elementor-element-c071b08 my-btn elementor-align-left elementor-widget elementor-widget-button\" data-id=\"c071b08\" data-element_type=\"widget\" data-e-type=\"widget\" data-widget_type=\"button.default\">\n\t\t\t\t<div class=\"elementor-widget-container\">\n\t\t\t\t\t\t\t\t\t<div class=\"elementor-button-wrapper\">\n\t\t\t\t\t<a class=\"elementor-button elementor-button-link elementor-size-sm\" href=\"https:\/\/www.het-imo.net\/wp-content\/uploads\/The-story-of-horizontal-leadership-definitive.pdf\" target=\"_blank\">\n\t\t\t\t\t\t<span class=\"elementor-button-content-wrapper\">\n\t\t\t\t\t\t<span class=\"elementor-button-icon\">\n\t\t\t\t<svg aria-hidden=\"true\" class=\"e-font-icon-svg e-fas-long-arrow-alt-right\" viewBox=\"0 0 448 512\" xmlns=\"http:\/\/www.w3.org\/2000\/svg\"><path d=\"M313.941 216H12c-6.627 0-12 5.373-12 12v56c0 6.627 5.373 12 12 12h301.941v46.059c0 21.382 25.851 32.09 40.971 16.971l86.059-86.059c9.373-9.373 9.373-24.569 0-33.941l-86.059-86.059c-15.119-15.119-40.971-4.411-40.971 16.971V216z\"><\/path><\/svg>\t\t\t<\/span>\n\t\t\t\t\t\t\t\t\t<span class=\"elementor-button-text\">Leia o livro<\/span>\n\t\t\t\t\t<\/span>\n\t\t\t\t\t<\/a>\n\t\t\t\t<\/div>\n\t\t\t\t\t\t\t\t<\/div>\n\t\t\t\t<\/div>\n\t\t\t\t<\/div>\n\t\t\t\t\t<\/div>\n\t\t\t\t<\/div>\n\t\t\t\t<\/div>\n\t\t","protected":false},"excerpt":{"rendered":"<p>\u201cNeste livro, descrevo o processo que deu vida \u00e0 lideran\u00e7a horizontal. Ele se apresenta em relatos reflexivos da aplica\u00e7\u00e3o pr\u00e1tica e do conhecimento que adquiri ao longo dos \u00faltimos 40 anos. Espero que voc\u00ea se identifique com as hist\u00f3rias que ler aqui e que encontre novos impulsos para continuar expandindo sua lideran\u00e7a pessoal no contexto [&hellip;]<\/p>\n","protected":false},"author":1,"featured_media":2680,"parent":0,"menu_order":0,"comment_status":"closed","ping_status":"closed","template":"elementor_header_footer","meta":{"footnotes":""},"hf_cat_page":[56],"class_list":["post-2676","page","type-page","status-publish","has-post-thumbnail","hentry"],"_links":{"self":[{"href":"https:\/\/het-imo.net\/br\/wp-json\/wp\/v2\/pages\/2676","targetHints":{"allow":["GET"]}}],"collection":[{"href":"https:\/\/het-imo.net\/br\/wp-json\/wp\/v2\/pages"}],"about":[{"href":"https:\/\/het-imo.net\/br\/wp-json\/wp\/v2\/types\/page"}],"author":[{"embeddable":true,"href":"https:\/\/het-imo.net\/br\/wp-json\/wp\/v2\/users\/1"}],"replies":[{"embeddable":true,"href":"https:\/\/het-imo.net\/br\/wp-json\/wp\/v2\/comments?post=2676"}],"version-history":[{"count":25,"href":"https:\/\/het-imo.net\/br\/wp-json\/wp\/v2\/pages\/2676\/revisions"}],"predecessor-version":[{"id":3229,"href":"https:\/\/het-imo.net\/br\/wp-json\/wp\/v2\/pages\/2676\/revisions\/3229"}],"wp:featuredmedia":[{"embeddable":true,"href":"https:\/\/het-imo.net\/br\/wp-json\/wp\/v2\/media\/2680"}],"wp:attachment":[{"href":"https:\/\/het-imo.net\/br\/wp-json\/wp\/v2\/media?parent=2676"}],"wp:term":[{"taxonomy":"hf_cat_page","embeddable":true,"href":"https:\/\/het-imo.net\/br\/wp-json\/wp\/v2\/hf_cat_page?post=2676"}],"curies":[{"name":"wp","href":"https:\/\/api.w.org\/{rel}","templated":true}]}}