{"id":1677,"date":"2025-05-16T13:12:48","date_gmt":"2025-05-16T11:12:48","guid":{"rendered":"https:\/\/het-imo.net\/br\/?page_id=1677"},"modified":"2026-01-05T20:10:00","modified_gmt":"2026-01-05T23:10:00","slug":"ispirative","status":"publish","type":"page","link":"https:\/\/het-imo.net\/br\/ispirative\/","title":{"rendered":"Ispirative"},"content":{"rendered":"\t\t<div data-elementor-type=\"wp-page\" data-elementor-id=\"1677\" class=\"elementor elementor-1677\" data-elementor-post-type=\"page\">\n\t\t\t\t<div class=\"elementor-element elementor-element-c658a94 pad-l e-flex e-con-boxed e-con e-parent\" data-id=\"c658a94\" data-element_type=\"container\" data-e-type=\"container\">\n\t\t\t\t\t<div class=\"e-con-inner\">\n\t\t<div class=\"elementor-element elementor-element-53d1f6c e-con-full e-flex e-con e-child\" data-id=\"53d1f6c\" data-element_type=\"container\" data-e-type=\"container\">\n\t\t<div class=\"elementor-element elementor-element-35bdb34 e-con-full e-flex e-con e-child\" data-id=\"35bdb34\" data-element_type=\"container\" data-e-type=\"container\" data-settings=\"{&quot;sticky&quot;:&quot;top&quot;,&quot;sticky_on&quot;:[&quot;desktop&quot;,&quot;laptop&quot;,&quot;tablet&quot;],&quot;sticky_offset&quot;:100,&quot;sticky_parent&quot;:&quot;yes&quot;,&quot;sticky_effects_offset&quot;:0,&quot;sticky_anchor_link_offset&quot;:0}\">\n\t\t<div class=\"elementor-element elementor-element-043264c e-con-full e-flex e-con e-child\" data-id=\"043264c\" data-element_type=\"container\" data-e-type=\"container\">\n\t\t\t\t<div class=\"elementor-element elementor-element-aa13a73 elementor-widget elementor-widget-heading\" data-id=\"aa13a73\" data-element_type=\"widget\" data-e-type=\"widget\" data-widget_type=\"heading.default\">\n\t\t\t\t<div class=\"elementor-widget-container\">\n\t\t\t\t\t<h2 class=\"elementor-heading-title elementor-size-default\">IMO Inspira\u00e7\u00f5es<\/h2>\t\t\t\t<\/div>\n\t\t\t\t<\/div>\n\t\t\t\t<div class=\"elementor-element elementor-element-869ca85 elementor-widget elementor-widget-text-editor\" data-id=\"869ca85\" data-element_type=\"widget\" data-e-type=\"widget\" data-widget_type=\"text-editor.default\">\n\t\t\t\t<div class=\"elementor-widget-container\">\n\t\t\t\t\t\t\t\t\t<p><strong>Os IMO Inspira\u00e7\u00f5es s\u00e3o livros-textos escritos por consultores do IMO e dispon\u00edveis para <em>download<\/em> gratuito.<\/strong><\/p><p>Ao utilizar esses livros em sua pr\u00f3pria publica\u00e7\u00e3o ou apresenta\u00e7\u00e3o, por favor, mencione a fonte da refer\u00eancia.<\/p>\t\t\t\t\t\t\t\t<\/div>\n\t\t\t\t<\/div>\n\t\t\t\t<\/div>\n\t\t<div class=\"elementor-element elementor-element-525718f e-con-full e-flex e-con e-child\" data-id=\"525718f\" data-element_type=\"container\" data-e-type=\"container\">\n\t\t\t\t<div class=\"elementor-element elementor-element-312773c elementor-hidden-tablet elementor-hidden-mobile elementor-widget-divider--view-line elementor-widget elementor-widget-divider\" data-id=\"312773c\" data-element_type=\"widget\" data-e-type=\"widget\" data-widget_type=\"divider.default\">\n\t\t\t\t<div class=\"elementor-widget-container\">\n\t\t\t\t\t\t\t<div class=\"elementor-divider\">\n\t\t\t<span class=\"elementor-divider-separator\">\n\t\t\t\t\t\t<\/span>\n\t\t<\/div>\n\t\t\t\t\t\t<\/div>\n\t\t\t\t<\/div>\n\t\t\t\t<\/div>\n\t\t\t\t<\/div>\n\t\t<div class=\"elementor-element elementor-element-47d96f5 e-con-full e-flex e-con e-child\" data-id=\"47d96f5\" data-element_type=\"container\" data-e-type=\"container\">\n\t\t<div class=\"elementor-element elementor-element-98a5d32 e-con-full e-grid e-con e-child\" data-id=\"98a5d32\" data-element_type=\"container\" data-e-type=\"container\">\n\t\t\t\t<div class=\"elementor-element elementor-element-b1fe6c5 elementor-widget elementor-widget-image\" data-id=\"b1fe6c5\" data-element_type=\"widget\" data-e-type=\"widget\" data-widget_type=\"image.default\">\n\t\t\t\t<div class=\"elementor-widget-container\">\n\t\t\t\t\t\t\t\t\t\t\t\t\t\t\t\t<a href=\"https:\/\/www.het-imo.net\/wp-content\/uploads\/Christ-in-me-Christ-in-us.pdf\" target=\"_blank\">\n\t\t\t\t\t\t\t<img fetchpriority=\"high\" decoding=\"async\" width=\"720\" height=\"1025\" src=\"https:\/\/het-imo.net\/br\/wp-content\/uploads\/ispirative-Christ-in-me-Christ-in-us.webp\" class=\"attachment-full size-full wp-image-2660\" alt=\"\" srcset=\"https:\/\/het-imo.net\/br\/wp-content\/uploads\/ispirative-Christ-in-me-Christ-in-us.webp 720w, https:\/\/het-imo.net\/br\/wp-content\/uploads\/ispirative-Christ-in-me-Christ-in-us-211x300.webp 211w\" sizes=\"(max-width: 720px) 100vw, 720px\" \/>\t\t\t\t\t\t\t\t<\/a>\n\t\t\t\t\t\t\t\t\t\t\t\t\t\t\t<\/div>\n\t\t\t\t<\/div>\n\t\t\t\t<div class=\"elementor-element elementor-element-b468b38 elementor-widget elementor-widget-image\" data-id=\"b468b38\" data-element_type=\"widget\" data-e-type=\"widget\" data-widget_type=\"image.default\">\n\t\t\t\t<div class=\"elementor-widget-container\">\n\t\t\t\t\t\t\t\t\t\t\t\t\t\t\t\t<a href=\"https:\/\/www.het-imo.net\/wp-content\/uploads\/Self-steering-teams.pdf\" target=\"_blank\">\n\t\t\t\t\t\t\t<img decoding=\"async\" width=\"774\" height=\"1098\" src=\"https:\/\/het-imo.net\/br\/wp-content\/uploads\/Cover-book-Selfsteering-teams.jpg\" class=\"attachment-full size-full wp-image-2668\" alt=\"\" srcset=\"https:\/\/het-imo.net\/br\/wp-content\/uploads\/Cover-book-Selfsteering-teams.jpg 774w, https:\/\/het-imo.net\/br\/wp-content\/uploads\/Cover-book-Selfsteering-teams-211x300.jpg 211w, https:\/\/het-imo.net\/br\/wp-content\/uploads\/Cover-book-Selfsteering-teams-722x1024.jpg 722w, https:\/\/het-imo.net\/br\/wp-content\/uploads\/Cover-book-Selfsteering-teams-768x1089.jpg 768w\" sizes=\"(max-width: 774px) 100vw, 774px\" \/>\t\t\t\t\t\t\t\t<\/a>\n\t\t\t\t\t\t\t\t\t\t\t\t\t\t\t<\/div>\n\t\t\t\t<\/div>\n\t\t\t\t<div class=\"elementor-element elementor-element-c9b4220 elementor-widget elementor-widget-image\" data-id=\"c9b4220\" data-element_type=\"widget\" data-e-type=\"widget\" data-widget_type=\"image.default\">\n\t\t\t\t<div class=\"elementor-widget-container\">\n\t\t\t\t\t\t\t\t\t\t\t\t\t\t\t\t<a href=\"https:\/\/het-imo.net\/br\/the-story-of-horizontal-leadership\/\" target=\"_blank\">\n\t\t\t\t\t\t\t<img decoding=\"async\" width=\"720\" height=\"1025\" src=\"https:\/\/het-imo.net\/br\/wp-content\/uploads\/ispirative-Story-of-Horizontal-Leadership.webp\" class=\"attachment-full size-full wp-image-2680\" alt=\"\" srcset=\"https:\/\/het-imo.net\/br\/wp-content\/uploads\/ispirative-Story-of-Horizontal-Leadership.webp 720w, https:\/\/het-imo.net\/br\/wp-content\/uploads\/ispirative-Story-of-Horizontal-Leadership-211x300.webp 211w\" sizes=\"(max-width: 720px) 100vw, 720px\" \/>\t\t\t\t\t\t\t\t<\/a>\n\t\t\t\t\t\t\t\t\t\t\t\t\t\t\t<\/div>\n\t\t\t\t<\/div>\n\t\t\t\t<div class=\"elementor-element elementor-element-58d8975 elementor-widget elementor-widget-image\" data-id=\"58d8975\" data-element_type=\"widget\" data-e-type=\"widget\" data-widget_type=\"image.default\">\n\t\t\t\t<div class=\"elementor-widget-container\">\n\t\t\t\t\t\t\t\t\t\t\t\t\t\t\t\t<a href=\"https:\/\/www.het-imo.net\/wp-content\/uploads\/Leadership-in-Change.pdf\" target=\"_blank\">\n\t\t\t\t\t\t\t<img loading=\"lazy\" decoding=\"async\" width=\"725\" height=\"1025\" src=\"https:\/\/het-imo.net\/br\/wp-content\/uploads\/Cover-Leadership-in-Change.webp\" class=\"attachment-full size-full wp-image-2709\" alt=\"\" srcset=\"https:\/\/het-imo.net\/br\/wp-content\/uploads\/Cover-Leadership-in-Change.webp 725w, https:\/\/het-imo.net\/br\/wp-content\/uploads\/Cover-Leadership-in-Change-212x300.webp 212w\" sizes=\"(max-width: 725px) 100vw, 725px\" \/>\t\t\t\t\t\t\t\t<\/a>\n\t\t\t\t\t\t\t\t\t\t\t\t\t\t\t<\/div>\n\t\t\t\t<\/div>\n\t\t\t\t<div class=\"elementor-element elementor-element-c181869 elementor-widget elementor-widget-image\" data-id=\"c181869\" data-element_type=\"widget\" data-e-type=\"widget\" data-widget_type=\"image.default\">\n\t\t\t\t<div class=\"elementor-widget-container\">\n\t\t\t\t\t\t\t\t\t\t\t\t\t\t\t\t<a href=\"https:\/\/www.het-imo.net\/wp-content\/uploads\/The-Conscious-Soul.pdf\" target=\"_blank\">\n\t\t\t\t\t\t\t<img loading=\"lazy\" decoding=\"async\" width=\"826\" height=\"1170\" src=\"https:\/\/het-imo.net\/br\/wp-content\/uploads\/Cover-The-Conscious-Soul.jpg\" class=\"attachment-full size-full wp-image-2714\" alt=\"\" srcset=\"https:\/\/het-imo.net\/br\/wp-content\/uploads\/Cover-The-Conscious-Soul.jpg 826w, https:\/\/het-imo.net\/br\/wp-content\/uploads\/Cover-The-Conscious-Soul-212x300.jpg 212w, https:\/\/het-imo.net\/br\/wp-content\/uploads\/Cover-The-Conscious-Soul-723x1024.jpg 723w, https:\/\/het-imo.net\/br\/wp-content\/uploads\/Cover-The-Conscious-Soul-768x1088.jpg 768w\" sizes=\"(max-width: 826px) 100vw, 826px\" \/>\t\t\t\t\t\t\t\t<\/a>\n\t\t\t\t\t\t\t\t\t\t\t\t\t\t\t<\/div>\n\t\t\t\t<\/div>\n\t\t\t\t<div class=\"elementor-element elementor-element-c960c48 elementor-widget elementor-widget-image\" data-id=\"c960c48\" data-element_type=\"widget\" data-e-type=\"widget\" data-widget_type=\"image.default\">\n\t\t\t\t<div class=\"elementor-widget-container\">\n\t\t\t\t\t\t\t\t\t\t\t\t\t\t\t\t<a href=\"https:\/\/www.het-imo.net\/wp-content\/uploads\/Soul-and-Sense.pdf\" target=\"_blank\">\n\t\t\t\t\t\t\t<img loading=\"lazy\" decoding=\"async\" width=\"826\" height=\"1169\" src=\"https:\/\/het-imo.net\/br\/wp-content\/uploads\/Cover-Soul-and-Sense.jpg\" class=\"attachment-full size-full wp-image-2719\" alt=\"\" srcset=\"https:\/\/het-imo.net\/br\/wp-content\/uploads\/Cover-Soul-and-Sense.jpg 826w, https:\/\/het-imo.net\/br\/wp-content\/uploads\/Cover-Soul-and-Sense-212x300.jpg 212w, https:\/\/het-imo.net\/br\/wp-content\/uploads\/Cover-Soul-and-Sense-724x1024.jpg 724w, https:\/\/het-imo.net\/br\/wp-content\/uploads\/Cover-Soul-and-Sense-768x1087.jpg 768w\" sizes=\"(max-width: 826px) 100vw, 826px\" \/>\t\t\t\t\t\t\t\t<\/a>\n\t\t\t\t\t\t\t\t\t\t\t\t\t\t\t<\/div>\n\t\t\t\t<\/div>\n\t\t\t\t<div class=\"elementor-element elementor-element-3690728 elementor-widget elementor-widget-image\" data-id=\"3690728\" data-element_type=\"widget\" data-e-type=\"widget\" data-widget_type=\"image.default\">\n\t\t\t\t<div class=\"elementor-widget-container\">\n\t\t\t\t\t\t\t\t\t\t\t\t\t\t\t\t<a href=\"https:\/\/www.het-imo.net\/wp-content\/uploads\/Saturn-Path.pdf\" target=\"_blank\">\n\t\t\t\t\t\t\t<img loading=\"lazy\" decoding=\"async\" width=\"826\" height=\"1170\" src=\"https:\/\/het-imo.net\/br\/wp-content\/uploads\/Cover-Saturn-Path.jpg\" class=\"attachment-full size-full wp-image-2722\" alt=\"\" srcset=\"https:\/\/het-imo.net\/br\/wp-content\/uploads\/Cover-Saturn-Path.jpg 826w, https:\/\/het-imo.net\/br\/wp-content\/uploads\/Cover-Saturn-Path-212x300.jpg 212w, https:\/\/het-imo.net\/br\/wp-content\/uploads\/Cover-Saturn-Path-723x1024.jpg 723w, https:\/\/het-imo.net\/br\/wp-content\/uploads\/Cover-Saturn-Path-768x1088.jpg 768w\" sizes=\"(max-width: 826px) 100vw, 826px\" \/>\t\t\t\t\t\t\t\t<\/a>\n\t\t\t\t\t\t\t\t\t\t\t\t\t\t\t<\/div>\n\t\t\t\t<\/div>\n\t\t\t\t<div class=\"elementor-element elementor-element-121ef4f elementor-widget elementor-widget-image\" data-id=\"121ef4f\" data-element_type=\"widget\" data-e-type=\"widget\" data-widget_type=\"image.default\">\n\t\t\t\t<div class=\"elementor-widget-container\">\n\t\t\t\t\t\t\t\t\t\t\t\t\t\t\t\t<a href=\"https:\/\/www.het-imo.net\/wp-content\/uploads\/IMO-Biography.pdf\" target=\"_blank\">\n\t\t\t\t\t\t\t<img loading=\"lazy\" decoding=\"async\" width=\"550\" height=\"782\" src=\"https:\/\/het-imo.net\/br\/wp-content\/uploads\/Cover-IMO-Biography-book.jpg\" class=\"attachment-full size-full wp-image-2724\" alt=\"\" srcset=\"https:\/\/het-imo.net\/br\/wp-content\/uploads\/Cover-IMO-Biography-book.jpg 550w, https:\/\/het-imo.net\/br\/wp-content\/uploads\/Cover-IMO-Biography-book-211x300.jpg 211w\" sizes=\"(max-width: 550px) 100vw, 550px\" \/>\t\t\t\t\t\t\t\t<\/a>\n\t\t\t\t\t\t\t\t\t\t\t\t\t\t\t<\/div>\n\t\t\t\t<\/div>\n\t\t\t\t<div class=\"elementor-element elementor-element-5a0dce6 elementor-widget elementor-widget-image\" data-id=\"5a0dce6\" data-element_type=\"widget\" data-e-type=\"widget\" data-widget_type=\"image.default\">\n\t\t\t\t<div class=\"elementor-widget-container\">\n\t\t\t\t\t\t\t\t\t\t\t\t\t\t\t\t<a href=\"https:\/\/www.het-imo.net\/wp-content\/uploads\/The-Beacons-Handbook.pdf\" target=\"_blank\">\n\t\t\t\t\t\t\t<img loading=\"lazy\" decoding=\"async\" width=\"826\" height=\"1169\" src=\"https:\/\/het-imo.net\/br\/wp-content\/uploads\/Cover-The-Beacons-handbook.jpg\" class=\"attachment-full size-full wp-image-2729\" alt=\"\" srcset=\"https:\/\/het-imo.net\/br\/wp-content\/uploads\/Cover-The-Beacons-handbook.jpg 826w, https:\/\/het-imo.net\/br\/wp-content\/uploads\/Cover-The-Beacons-handbook-212x300.jpg 212w, https:\/\/het-imo.net\/br\/wp-content\/uploads\/Cover-The-Beacons-handbook-724x1024.jpg 724w, https:\/\/het-imo.net\/br\/wp-content\/uploads\/Cover-The-Beacons-handbook-768x1087.jpg 768w\" sizes=\"(max-width: 826px) 100vw, 826px\" \/>\t\t\t\t\t\t\t\t<\/a>\n\t\t\t\t\t\t\t\t\t\t\t\t\t\t\t<\/div>\n\t\t\t\t<\/div>\n\t\t\t\t<div class=\"elementor-element elementor-element-366c929 elementor-widget elementor-widget-image\" data-id=\"366c929\" data-element_type=\"widget\" data-e-type=\"widget\" data-widget_type=\"image.default\">\n\t\t\t\t<div class=\"elementor-widget-container\">\n\t\t\t\t\t\t\t\t\t\t\t\t\t\t\t\t<a href=\"https:\/\/www.het-imo.net\/wp-content\/uploads\/Small-Guide-to_a-Fulfilled-Life.pdf\" target=\"_blank\">\n\t\t\t\t\t\t\t<img loading=\"lazy\" decoding=\"async\" width=\"914\" height=\"1300\" src=\"https:\/\/het-imo.net\/br\/wp-content\/uploads\/Cover-Small-Guide-to-a-Fulfilled-Life.jpg\" class=\"attachment-full size-full wp-image-2731\" alt=\"\" srcset=\"https:\/\/het-imo.net\/br\/wp-content\/uploads\/Cover-Small-Guide-to-a-Fulfilled-Life.jpg 914w, https:\/\/het-imo.net\/br\/wp-content\/uploads\/Cover-Small-Guide-to-a-Fulfilled-Life-211x300.jpg 211w, https:\/\/het-imo.net\/br\/wp-content\/uploads\/Cover-Small-Guide-to-a-Fulfilled-Life-720x1024.jpg 720w, https:\/\/het-imo.net\/br\/wp-content\/uploads\/Cover-Small-Guide-to-a-Fulfilled-Life-768x1092.jpg 768w\" sizes=\"(max-width: 914px) 100vw, 914px\" \/>\t\t\t\t\t\t\t\t<\/a>\n\t\t\t\t\t\t\t\t\t\t\t\t\t\t\t<\/div>\n\t\t\t\t<\/div>\n\t\t\t\t<div class=\"elementor-element elementor-element-a951c14 elementor-widget elementor-widget-image\" data-id=\"a951c14\" data-element_type=\"widget\" data-e-type=\"widget\" data-widget_type=\"image.default\">\n\t\t\t\t<div class=\"elementor-widget-container\">\n\t\t\t\t\t\t\t\t\t\t\t\t\t\t\t\t<a href=\"https:\/\/www.het-imo.net\/wp-content\/uploads\/Inside-the-Change.pdf\" target=\"_blank\">\n\t\t\t\t\t\t\t<img loading=\"lazy\" decoding=\"async\" width=\"723\" height=\"1024\" src=\"https:\/\/het-imo.net\/br\/wp-content\/uploads\/Cover-Inside-the-Change.jpg\" class=\"attachment-full size-full wp-image-2733\" alt=\"\" srcset=\"https:\/\/het-imo.net\/br\/wp-content\/uploads\/Cover-Inside-the-Change.jpg 723w, https:\/\/het-imo.net\/br\/wp-content\/uploads\/Cover-Inside-the-Change-212x300.jpg 212w\" sizes=\"(max-width: 723px) 100vw, 723px\" \/>\t\t\t\t\t\t\t\t<\/a>\n\t\t\t\t\t\t\t\t\t\t\t\t\t\t\t<\/div>\n\t\t\t\t<\/div>\n\t\t\t\t<div class=\"elementor-element elementor-element-01b7532 elementor-widget elementor-widget-image\" data-id=\"01b7532\" data-element_type=\"widget\" data-e-type=\"widget\" data-widget_type=\"image.default\">\n\t\t\t\t<div class=\"elementor-widget-container\">\n\t\t\t\t\t\t\t\t\t\t\t\t\t\t\t\t<a href=\"https:\/\/www.het-imo.net\/wp-content\/uploads\/Windows_on_Organizations_book.pdf\" target=\"_blank\">\n\t\t\t\t\t\t\t<img loading=\"lazy\" decoding=\"async\" width=\"826\" height=\"1170\" src=\"https:\/\/het-imo.net\/br\/wp-content\/uploads\/Cover-Windows-on-Organizations.jpg\" class=\"attachment-full size-full wp-image-2738\" alt=\"\" srcset=\"https:\/\/het-imo.net\/br\/wp-content\/uploads\/Cover-Windows-on-Organizations.jpg 826w, https:\/\/het-imo.net\/br\/wp-content\/uploads\/Cover-Windows-on-Organizations-212x300.jpg 212w, https:\/\/het-imo.net\/br\/wp-content\/uploads\/Cover-Windows-on-Organizations-723x1024.jpg 723w, https:\/\/het-imo.net\/br\/wp-content\/uploads\/Cover-Windows-on-Organizations-768x1088.jpg 768w\" sizes=\"(max-width: 826px) 100vw, 826px\" \/>\t\t\t\t\t\t\t\t<\/a>\n\t\t\t\t\t\t\t\t\t\t\t\t\t\t\t<\/div>\n\t\t\t\t<\/div>\n\t\t\t\t<div class=\"elementor-element elementor-element-7738ce5 elementor-widget elementor-widget-image\" data-id=\"7738ce5\" data-element_type=\"widget\" data-e-type=\"widget\" data-widget_type=\"image.default\">\n\t\t\t\t<div class=\"elementor-widget-container\">\n\t\t\t\t\t\t\t\t\t\t\t\t\t\t\t<img loading=\"lazy\" decoding=\"async\" width=\"1110\" height=\"1572\" src=\"https:\/\/het-imo.net\/br\/wp-content\/uploads\/Cover-Horizontal-Leadership-and-Selfsteering-Teams.png\" class=\"attachment-full size-full wp-image-2742\" alt=\"\" srcset=\"https:\/\/het-imo.net\/br\/wp-content\/uploads\/Cover-Horizontal-Leadership-and-Selfsteering-Teams.png 1110w, https:\/\/het-imo.net\/br\/wp-content\/uploads\/Cover-Horizontal-Leadership-and-Selfsteering-Teams-212x300.png 212w, https:\/\/het-imo.net\/br\/wp-content\/uploads\/Cover-Horizontal-Leadership-and-Selfsteering-Teams-723x1024.png 723w, https:\/\/het-imo.net\/br\/wp-content\/uploads\/Cover-Horizontal-Leadership-and-Selfsteering-Teams-768x1088.png 768w, https:\/\/het-imo.net\/br\/wp-content\/uploads\/Cover-Horizontal-Leadership-and-Selfsteering-Teams-1085x1536.png 1085w\" sizes=\"(max-width: 1110px) 100vw, 1110px\" \/>\t\t\t\t\t\t\t\t\t\t\t\t\t\t\t<\/div>\n\t\t\t\t<\/div>\n\t\t\t\t<div class=\"elementor-element elementor-element-cd7fb35 elementor-widget elementor-widget-image\" data-id=\"cd7fb35\" data-element_type=\"widget\" data-e-type=\"widget\" data-widget_type=\"image.default\">\n\t\t\t\t<div class=\"elementor-widget-container\">\n\t\t\t\t\t\t\t\t\t\t\t\t\t\t\t\t<a href=\"https:\/\/www.het-imo.net\/wp-content\/uploads\/Leadership-and-Change.pdf\" target=\"_blank\">\n\t\t\t\t\t\t\t<img loading=\"lazy\" decoding=\"async\" width=\"915\" height=\"1300\" src=\"https:\/\/het-imo.net\/br\/wp-content\/uploads\/Cover-Leadership-and-change.jpg\" class=\"attachment-full size-full wp-image-2744\" alt=\"\" srcset=\"https:\/\/het-imo.net\/br\/wp-content\/uploads\/Cover-Leadership-and-change.jpg 915w, https:\/\/het-imo.net\/br\/wp-content\/uploads\/Cover-Leadership-and-change-211x300.jpg 211w, https:\/\/het-imo.net\/br\/wp-content\/uploads\/Cover-Leadership-and-change-721x1024.jpg 721w, https:\/\/het-imo.net\/br\/wp-content\/uploads\/Cover-Leadership-and-change-768x1091.jpg 768w\" sizes=\"(max-width: 915px) 100vw, 915px\" \/>\t\t\t\t\t\t\t\t<\/a>\n\t\t\t\t\t\t\t\t\t\t\t\t\t\t\t<\/div>\n\t\t\t\t<\/div>\n\t\t\t\t<div class=\"elementor-element elementor-element-4fec312 elementor-widget elementor-widget-image\" data-id=\"4fec312\" data-element_type=\"widget\" data-e-type=\"widget\" data-widget_type=\"image.default\">\n\t\t\t\t<div class=\"elementor-widget-container\">\n\t\t\t\t\t\t\t\t\t\t\t\t\t\t\t\t<a href=\"https:\/\/www.het-imo.net\/wp-content\/uploads\/Leadership-in-your-own-biography.pdf\" target=\"_blank\">\n\t\t\t\t\t\t\t<img loading=\"lazy\" decoding=\"async\" width=\"1000\" height=\"1420\" src=\"https:\/\/het-imo.net\/br\/wp-content\/uploads\/Cover-Leadership-in-your-own-biography.jpg\" class=\"attachment-full size-full wp-image-2746\" alt=\"\" srcset=\"https:\/\/het-imo.net\/br\/wp-content\/uploads\/Cover-Leadership-in-your-own-biography.jpg 1000w, https:\/\/het-imo.net\/br\/wp-content\/uploads\/Cover-Leadership-in-your-own-biography-211x300.jpg 211w, https:\/\/het-imo.net\/br\/wp-content\/uploads\/Cover-Leadership-in-your-own-biography-721x1024.jpg 721w, https:\/\/het-imo.net\/br\/wp-content\/uploads\/Cover-Leadership-in-your-own-biography-768x1091.jpg 768w\" sizes=\"(max-width: 1000px) 100vw, 1000px\" \/>\t\t\t\t\t\t\t\t<\/a>\n\t\t\t\t\t\t\t\t\t\t\t\t\t\t\t<\/div>\n\t\t\t\t<\/div>\n\t\t\t\t<div class=\"elementor-element elementor-element-c2c0df8 elementor-widget elementor-widget-image\" data-id=\"c2c0df8\" data-element_type=\"widget\" data-e-type=\"widget\" data-widget_type=\"image.default\">\n\t\t\t\t<div class=\"elementor-widget-container\">\n\t\t\t\t\t\t\t\t\t\t\t\t\t\t\t\t<a href=\"https:\/\/www.het-imo.net\/wp-content\/uploads\/Man-and-Organisation.pdf\" target=\"_blank\">\n\t\t\t\t\t\t\t<img loading=\"lazy\" decoding=\"async\" width=\"798\" height=\"1137\" src=\"https:\/\/het-imo.net\/br\/wp-content\/uploads\/Man-and-Organisation-Cover.png\" class=\"attachment-full size-full wp-image-2748\" alt=\"\" srcset=\"https:\/\/het-imo.net\/br\/wp-content\/uploads\/Man-and-Organisation-Cover.png 798w, https:\/\/het-imo.net\/br\/wp-content\/uploads\/Man-and-Organisation-Cover-211x300.png 211w, https:\/\/het-imo.net\/br\/wp-content\/uploads\/Man-and-Organisation-Cover-719x1024.png 719w, https:\/\/het-imo.net\/br\/wp-content\/uploads\/Man-and-Organisation-Cover-768x1094.png 768w\" sizes=\"(max-width: 798px) 100vw, 798px\" \/>\t\t\t\t\t\t\t\t<\/a>\n\t\t\t\t\t\t\t\t\t\t\t\t\t\t\t<\/div>\n\t\t\t\t<\/div>\n\t\t\t\t<\/div>\n\t\t\t\t<\/div>\n\t\t\t\t<\/div>\n\t\t\t\t\t<\/div>\n\t\t\t\t<\/div>\n\t\t\t\t<\/div>\n\t\t","protected":false},"excerpt":{"rendered":"<p>IMO Inspira\u00e7\u00f5es Os IMO Inspira\u00e7\u00f5es s\u00e3o livros-textos escritos por consultores do IMO e dispon\u00edveis para download gratuito. Ao utilizar esses livros em sua pr\u00f3pria publica\u00e7\u00e3o ou apresenta\u00e7\u00e3o, por favor, mencione a fonte da refer\u00eancia.<\/p>\n","protected":false},"author":1,"featured_media":0,"parent":0,"menu_order":0,"comment_status":"closed","ping_status":"closed","template":"elementor_header_footer","meta":{"footnotes":""},"hf_cat_page":[40],"class_list":["post-1677","page","type-page","status-publish","hentry"],"_links":{"self":[{"href":"https:\/\/het-imo.net\/br\/wp-json\/wp\/v2\/pages\/1677","targetHints":{"allow":["GET"]}}],"collection":[{"href":"https:\/\/het-imo.net\/br\/wp-json\/wp\/v2\/pages"}],"about":[{"href":"https:\/\/het-imo.net\/br\/wp-json\/wp\/v2\/types\/page"}],"author":[{"embeddable":true,"href":"https:\/\/het-imo.net\/br\/wp-json\/wp\/v2\/users\/1"}],"replies":[{"embeddable":true,"href":"https:\/\/het-imo.net\/br\/wp-json\/wp\/v2\/comments?post=1677"}],"version-history":[{"count":106,"href":"https:\/\/het-imo.net\/br\/wp-json\/wp\/v2\/pages\/1677\/revisions"}],"predecessor-version":[{"id":3223,"href":"https:\/\/het-imo.net\/br\/wp-json\/wp\/v2\/pages\/1677\/revisions\/3223"}],"wp:attachment":[{"href":"https:\/\/het-imo.net\/br\/wp-json\/wp\/v2\/media?parent=1677"}],"wp:term":[{"taxonomy":"hf_cat_page","embeddable":true,"href":"https:\/\/het-imo.net\/br\/wp-json\/wp\/v2\/hf_cat_page?post=1677"}],"curies":[{"name":"wp","href":"https:\/\/api.w.org\/{rel}","templated":true}]}}