{"id":1675,"date":"2025-05-16T13:12:21","date_gmt":"2025-05-16T11:12:21","guid":{"rendered":"https:\/\/het-imo.net\/br\/?page_id=1675"},"modified":"2026-01-05T20:03:32","modified_gmt":"2026-01-05T23:03:32","slug":"methodological-scientific-articles","status":"publish","type":"page","link":"https:\/\/het-imo.net\/br\/methodological-scientific-articles\/","title":{"rendered":"Methodological &#038; Scientific \/ Articles"},"content":{"rendered":"\t\t<div data-elementor-type=\"wp-page\" data-elementor-id=\"1675\" class=\"elementor elementor-1675\" data-elementor-post-type=\"page\">\n\t\t\t\t<div class=\"elementor-element elementor-element-e9e9cb6 pad-l e-flex e-con-boxed e-con e-parent\" data-id=\"e9e9cb6\" data-element_type=\"container\" data-e-type=\"container\">\n\t\t\t\t\t<div class=\"e-con-inner\">\n\t\t<div class=\"elementor-element elementor-element-9bfdc67 e-con-full e-flex e-con e-child\" data-id=\"9bfdc67\" data-element_type=\"container\" data-e-type=\"container\">\n\t\t<div class=\"elementor-element elementor-element-1ff8cad e-con-full e-flex e-con e-child\" data-id=\"1ff8cad\" data-element_type=\"container\" data-e-type=\"container\" data-settings=\"{&quot;sticky&quot;:&quot;top&quot;,&quot;sticky_on&quot;:[&quot;desktop&quot;,&quot;laptop&quot;,&quot;tablet&quot;],&quot;sticky_offset&quot;:100,&quot;sticky_parent&quot;:&quot;yes&quot;,&quot;sticky_effects_offset&quot;:0,&quot;sticky_anchor_link_offset&quot;:0}\">\n\t\t<div class=\"elementor-element elementor-element-e2cf2ec e-con-full e-flex e-con e-child\" data-id=\"e2cf2ec\" data-element_type=\"container\" data-e-type=\"container\">\n\t\t\t\t<div class=\"elementor-element elementor-element-ab174ca elementor-widget elementor-widget-heading\" data-id=\"ab174ca\" data-element_type=\"widget\" data-e-type=\"widget\" data-widget_type=\"heading.default\">\n\t\t\t\t<div class=\"elementor-widget-container\">\n\t\t\t\t\t<h2 class=\"elementor-heading-title elementor-size-default\">IMO Artigos<\/h2>\t\t\t\t<\/div>\n\t\t\t\t<\/div>\n\t\t\t\t<div class=\"elementor-element elementor-element-0ad9b08 elementor-widget elementor-widget-text-editor\" data-id=\"0ad9b08\" data-element_type=\"widget\" data-e-type=\"widget\" data-widget_type=\"text-editor.default\">\n\t\t\t\t<div class=\"elementor-widget-container\">\n\t\t\t\t\t\t\t\t\t<p><strong>Os artigos s\u00e3o textos curtos, escritos por consultores do IMO, e podem ser baixados gratuitamente. Alguns artigos s\u00e3o de autoria de membros da IMO Network.<\/strong><\/p><p>Ao utilizar esses livros em sua pr\u00f3pria publica\u00e7\u00e3o ou apresenta\u00e7\u00e3o, por favor, mencione a fonte da refer\u00eancia.<\/p>\t\t\t\t\t\t\t\t<\/div>\n\t\t\t\t<\/div>\n\t\t\t\t<\/div>\n\t\t<div class=\"elementor-element elementor-element-2617c90 e-con-full e-flex e-con e-child\" data-id=\"2617c90\" data-element_type=\"container\" data-e-type=\"container\">\n\t\t\t\t<div class=\"elementor-element elementor-element-5f407ce elementor-hidden-tablet elementor-hidden-mobile elementor-widget-divider--view-line elementor-widget elementor-widget-divider\" data-id=\"5f407ce\" data-element_type=\"widget\" data-e-type=\"widget\" data-widget_type=\"divider.default\">\n\t\t\t\t<div class=\"elementor-widget-container\">\n\t\t\t\t\t\t\t<div class=\"elementor-divider\">\n\t\t\t<span class=\"elementor-divider-separator\">\n\t\t\t\t\t\t<\/span>\n\t\t<\/div>\n\t\t\t\t\t\t<\/div>\n\t\t\t\t<\/div>\n\t\t\t\t<\/div>\n\t\t\t\t<\/div>\n\t\t<div class=\"elementor-element elementor-element-ea37a52 e-con-full e-flex e-con e-child\" data-id=\"ea37a52\" data-element_type=\"container\" data-e-type=\"container\">\n\t\t<div class=\"elementor-element elementor-element-ec67d8b e-con-full e-grid e-con e-child\" data-id=\"ec67d8b\" data-element_type=\"container\" data-e-type=\"container\">\n\t\t\t\t<div class=\"elementor-element elementor-element-f63f53e elementor-widget elementor-widget-image\" data-id=\"f63f53e\" data-element_type=\"widget\" data-e-type=\"widget\" data-widget_type=\"image.default\">\n\t\t\t\t<div class=\"elementor-widget-container\">\n\t\t\t\t\t\t\t\t\t\t\t\t\t\t\t\t<a href=\"https:\/\/www.het-imo.net\/wp-content\/uploads\/School_as_a_community-1.pdf\" target=\"_blank\">\n\t\t\t\t\t\t\t<img decoding=\"async\" src=\"https:\/\/www.het-imo.net\/wp-content\/uploads\/Cover-School-as-a-Community.webp\" title=\"\" alt=\"\" loading=\"lazy\" \/>\t\t\t\t\t\t\t\t<\/a>\n\t\t\t\t\t\t\t\t\t\t\t\t\t\t\t<\/div>\n\t\t\t\t<\/div>\n\t\t\t\t<div class=\"elementor-element elementor-element-a1f1235 elementor-widget elementor-widget-image\" data-id=\"a1f1235\" data-element_type=\"widget\" data-e-type=\"widget\" data-widget_type=\"image.default\">\n\t\t\t\t<div class=\"elementor-widget-container\">\n\t\t\t\t\t\t\t\t\t\t\t\t\t\t\t\t<a href=\"https:\/\/www.het-imo.net\/wp-content\/uploads\/Article-decline-of-institutions.pdf\" target=\"_blank\">\n\t\t\t\t\t\t\t<img fetchpriority=\"high\" decoding=\"async\" width=\"750\" height=\"1025\" src=\"https:\/\/het-imo.net\/br\/wp-content\/uploads\/Cover-Decline-of-institutional-social-frameworks.png\" class=\"attachment-full size-full wp-image-3054\" alt=\"\" srcset=\"https:\/\/het-imo.net\/br\/wp-content\/uploads\/Cover-Decline-of-institutional-social-frameworks.png 750w, https:\/\/het-imo.net\/br\/wp-content\/uploads\/Cover-Decline-of-institutional-social-frameworks-220x300.png 220w\" sizes=\"(max-width: 750px) 100vw, 750px\" \/>\t\t\t\t\t\t\t\t<\/a>\n\t\t\t\t\t\t\t\t\t\t\t\t\t\t\t<\/div>\n\t\t\t\t<\/div>\n\t\t\t\t<div class=\"elementor-element elementor-element-dc3599f elementor-widget elementor-widget-image\" data-id=\"dc3599f\" data-element_type=\"widget\" data-e-type=\"widget\" data-widget_type=\"image.default\">\n\t\t\t\t<div class=\"elementor-widget-container\">\n\t\t\t\t\t\t\t\t\t\t\t\t\t\t\t\t<a href=\"https:\/\/www.het-imo.net\/wp-content\/uploads\/Family-Company.pdf\" target=\"_blank\">\n\t\t\t\t\t\t\t<img decoding=\"async\" width=\"750\" height=\"1025\" src=\"https:\/\/het-imo.net\/br\/wp-content\/uploads\/Cover-Family-Company.webp\" class=\"attachment-full size-full wp-image-1992\" alt=\"\" srcset=\"https:\/\/het-imo.net\/br\/wp-content\/uploads\/Cover-Family-Company.webp 750w, https:\/\/het-imo.net\/br\/wp-content\/uploads\/Cover-Family-Company-220x300.webp 220w\" sizes=\"(max-width: 750px) 100vw, 750px\" \/>\t\t\t\t\t\t\t\t<\/a>\n\t\t\t\t\t\t\t\t\t\t\t\t\t\t\t<\/div>\n\t\t\t\t<\/div>\n\t\t\t\t<div class=\"elementor-element elementor-element-295b0a6 elementor-widget elementor-widget-image\" data-id=\"295b0a6\" data-element_type=\"widget\" data-e-type=\"widget\" data-widget_type=\"image.default\">\n\t\t\t\t<div class=\"elementor-widget-container\">\n\t\t\t\t\t\t\t\t\t\t\t\t\t\t\t\t<a href=\"https:\/\/www.het-imo.net\/wp-content\/uploads\/Kind-of-Company.pdf\" target=\"_blank\">\n\t\t\t\t\t\t\t<img decoding=\"async\" width=\"750\" height=\"1025\" src=\"https:\/\/het-imo.net\/br\/wp-content\/uploads\/Cover-What-kind-of-.webp\" class=\"attachment-full size-full wp-image-2264\" alt=\"\" srcset=\"https:\/\/het-imo.net\/br\/wp-content\/uploads\/Cover-What-kind-of-.webp 750w, https:\/\/het-imo.net\/br\/wp-content\/uploads\/Cover-What-kind-of--220x300.webp 220w\" sizes=\"(max-width: 750px) 100vw, 750px\" \/>\t\t\t\t\t\t\t\t<\/a>\n\t\t\t\t\t\t\t\t\t\t\t\t\t\t\t<\/div>\n\t\t\t\t<\/div>\n\t\t\t\t<div class=\"elementor-element elementor-element-15cb799 elementor-widget elementor-widget-image\" data-id=\"15cb799\" data-element_type=\"widget\" data-e-type=\"widget\" data-widget_type=\"image.default\">\n\t\t\t\t<div class=\"elementor-widget-container\">\n\t\t\t\t\t\t\t\t\t\t\t\t\t\t\t\t<a href=\"https:\/\/www.het-imo.net\/wp-content\/uploads\/IMO-Unique.pdf\" target=\"_blank\">\n\t\t\t\t\t\t\t<img loading=\"lazy\" decoding=\"async\" width=\"750\" height=\"1025\" src=\"https:\/\/het-imo.net\/br\/wp-content\/uploads\/Cover_IMO_Unique.webp\" class=\"attachment-full size-full wp-image-2270\" alt=\"\" srcset=\"https:\/\/het-imo.net\/br\/wp-content\/uploads\/Cover_IMO_Unique.webp 750w, https:\/\/het-imo.net\/br\/wp-content\/uploads\/Cover_IMO_Unique-220x300.webp 220w\" sizes=\"(max-width: 750px) 100vw, 750px\" \/>\t\t\t\t\t\t\t\t<\/a>\n\t\t\t\t\t\t\t\t\t\t\t\t\t\t\t<\/div>\n\t\t\t\t<\/div>\n\t\t\t\t<div class=\"elementor-element elementor-element-9c0c227 elementor-widget elementor-widget-image\" data-id=\"9c0c227\" data-element_type=\"widget\" data-e-type=\"widget\" data-widget_type=\"image.default\">\n\t\t\t\t<div class=\"elementor-widget-container\">\n\t\t\t\t\t\t\t\t\t\t\t\t\t\t\t\t<a href=\"https:\/\/www.het-imo.net\/wp-content\/uploads\/Horizontal_Organizing_and_Leadership.pdf\" target=\"_blank\">\n\t\t\t\t\t\t\t<img loading=\"lazy\" decoding=\"async\" width=\"750\" height=\"1025\" src=\"https:\/\/het-imo.net\/br\/wp-content\/uploads\/Cover_Horizontal_Organizing_And_Leadership.webp\" class=\"attachment-full size-full wp-image-2275\" alt=\"\" srcset=\"https:\/\/het-imo.net\/br\/wp-content\/uploads\/Cover_Horizontal_Organizing_And_Leadership.webp 750w, https:\/\/het-imo.net\/br\/wp-content\/uploads\/Cover_Horizontal_Organizing_And_Leadership-220x300.webp 220w\" sizes=\"(max-width: 750px) 100vw, 750px\" \/>\t\t\t\t\t\t\t\t<\/a>\n\t\t\t\t\t\t\t\t\t\t\t\t\t\t\t<\/div>\n\t\t\t\t<\/div>\n\t\t\t\t<div class=\"elementor-element elementor-element-4443997 elementor-widget elementor-widget-image\" data-id=\"4443997\" data-element_type=\"widget\" data-e-type=\"widget\" data-widget_type=\"image.default\">\n\t\t\t\t<div class=\"elementor-widget-container\">\n\t\t\t\t\t\t\t\t\t\t\t\t\t\t\t\t<a href=\"https:\/\/www.het-imo.net\/wp-content\/uploads\/China-Study-Group-2018.pdf\" target=\"_blank\">\n\t\t\t\t\t\t\t<img loading=\"lazy\" decoding=\"async\" width=\"750\" height=\"1025\" src=\"https:\/\/het-imo.net\/br\/wp-content\/uploads\/Cover-China-Study-Group_2018.webp\" class=\"attachment-full size-full wp-image-2276\" alt=\"\" srcset=\"https:\/\/het-imo.net\/br\/wp-content\/uploads\/Cover-China-Study-Group_2018.webp 750w, https:\/\/het-imo.net\/br\/wp-content\/uploads\/Cover-China-Study-Group_2018-220x300.webp 220w\" sizes=\"(max-width: 750px) 100vw, 750px\" \/>\t\t\t\t\t\t\t\t<\/a>\n\t\t\t\t\t\t\t\t\t\t\t\t\t\t\t<\/div>\n\t\t\t\t<\/div>\n\t\t\t\t<div class=\"elementor-element elementor-element-cfed754 elementor-widget elementor-widget-image\" data-id=\"cfed754\" data-element_type=\"widget\" data-e-type=\"widget\" data-widget_type=\"image.default\">\n\t\t\t\t<div class=\"elementor-widget-container\">\n\t\t\t\t\t\t\t\t\t\t\t\t\t\t\t\t<a href=\"https:\/\/www.het-imo.net\/wp-content\/uploads\/The_Collegium.pdf\" target=\"_blank\">\n\t\t\t\t\t\t\t<img loading=\"lazy\" decoding=\"async\" width=\"750\" height=\"1025\" src=\"https:\/\/het-imo.net\/br\/wp-content\/uploads\/Cover_The_Collegium.webp\" class=\"attachment-full size-full wp-image-2279\" alt=\"\" srcset=\"https:\/\/het-imo.net\/br\/wp-content\/uploads\/Cover_The_Collegium.webp 750w, https:\/\/het-imo.net\/br\/wp-content\/uploads\/Cover_The_Collegium-220x300.webp 220w\" sizes=\"(max-width: 750px) 100vw, 750px\" \/>\t\t\t\t\t\t\t\t<\/a>\n\t\t\t\t\t\t\t\t\t\t\t\t\t\t\t<\/div>\n\t\t\t\t<\/div>\n\t\t\t\t<div class=\"elementor-element elementor-element-b641ffa elementor-widget elementor-widget-image\" data-id=\"b641ffa\" data-element_type=\"widget\" data-e-type=\"widget\" data-widget_type=\"image.default\">\n\t\t\t\t<div class=\"elementor-widget-container\">\n\t\t\t\t\t\t\t\t\t\t\t\t\t\t\t\t<a href=\"https:\/\/www.het-imo.net\/wp-content\/uploads\/Lean_Learning_Living_Leadership.pdf\" target=\"_blank\">\n\t\t\t\t\t\t\t<img loading=\"lazy\" decoding=\"async\" width=\"750\" height=\"1025\" src=\"https:\/\/het-imo.net\/br\/wp-content\/uploads\/Cover_Lean_Learning_Living_Leadership.webp\" class=\"attachment-full size-full wp-image-2281\" alt=\"\" srcset=\"https:\/\/het-imo.net\/br\/wp-content\/uploads\/Cover_Lean_Learning_Living_Leadership.webp 750w, https:\/\/het-imo.net\/br\/wp-content\/uploads\/Cover_Lean_Learning_Living_Leadership-220x300.webp 220w\" sizes=\"(max-width: 750px) 100vw, 750px\" \/>\t\t\t\t\t\t\t\t<\/a>\n\t\t\t\t\t\t\t\t\t\t\t\t\t\t\t<\/div>\n\t\t\t\t<\/div>\n\t\t\t\t<div class=\"elementor-element elementor-element-5f9ba56 elementor-widget elementor-widget-image\" data-id=\"5f9ba56\" data-element_type=\"widget\" data-e-type=\"widget\" data-widget_type=\"image.default\">\n\t\t\t\t<div class=\"elementor-widget-container\">\n\t\t\t\t\t\t\t\t\t\t\t\t\t\t\t\t<a href=\"https:\/\/www.het-imo.net\/wp-content\/uploads\/The_Israel_Waldorf_Forum_Project.pdf\" target=\"_blank\">\n\t\t\t\t\t\t\t<img loading=\"lazy\" decoding=\"async\" width=\"750\" height=\"1025\" src=\"https:\/\/het-imo.net\/br\/wp-content\/uploads\/Cover_Israel-Waldorf-Project.webp\" class=\"attachment-full size-full wp-image-2283\" alt=\"\" srcset=\"https:\/\/het-imo.net\/br\/wp-content\/uploads\/Cover_Israel-Waldorf-Project.webp 750w, https:\/\/het-imo.net\/br\/wp-content\/uploads\/Cover_Israel-Waldorf-Project-220x300.webp 220w\" sizes=\"(max-width: 750px) 100vw, 750px\" \/>\t\t\t\t\t\t\t\t<\/a>\n\t\t\t\t\t\t\t\t\t\t\t\t\t\t\t<\/div>\n\t\t\t\t<\/div>\n\t\t\t\t<div class=\"elementor-element elementor-element-8384f6e elementor-widget elementor-widget-image\" data-id=\"8384f6e\" data-element_type=\"widget\" data-e-type=\"widget\" data-widget_type=\"image.default\">\n\t\t\t\t<div class=\"elementor-widget-container\">\n\t\t\t\t\t\t\t\t\t\t\t\t\t\t\t\t<a href=\"https:\/\/www.het-imo.net\/wp-content\/uploads\/Biographical_Observations_in_the_Organized_Life.pdf\" target=\"_blank\">\n\t\t\t\t\t\t\t<img loading=\"lazy\" decoding=\"async\" width=\"725\" height=\"1025\" src=\"https:\/\/het-imo.net\/br\/wp-content\/uploads\/Cover-Biographical-observations.webp\" class=\"attachment-full size-full wp-image-2286\" alt=\"\" srcset=\"https:\/\/het-imo.net\/br\/wp-content\/uploads\/Cover-Biographical-observations.webp 725w, https:\/\/het-imo.net\/br\/wp-content\/uploads\/Cover-Biographical-observations-212x300.webp 212w\" sizes=\"(max-width: 725px) 100vw, 725px\" \/>\t\t\t\t\t\t\t\t<\/a>\n\t\t\t\t\t\t\t\t\t\t\t\t\t\t\t<\/div>\n\t\t\t\t<\/div>\n\t\t\t\t<div class=\"elementor-element elementor-element-dcf80d8 elementor-widget elementor-widget-image\" data-id=\"dcf80d8\" data-element_type=\"widget\" data-e-type=\"widget\" data-widget_type=\"image.default\">\n\t\t\t\t<div class=\"elementor-widget-container\">\n\t\t\t\t\t\t\t\t\t\t\t\t\t\t\t\t<a href=\"https:\/\/www.het-imo.net\/wp-content\/uploads\/The-Power-of-Inspiration.pdf\" target=\"_blank\">\n\t\t\t\t\t\t\t<img loading=\"lazy\" decoding=\"async\" width=\"725\" height=\"1025\" src=\"https:\/\/het-imo.net\/br\/wp-content\/uploads\/Cover-The-Power-of-Inspiration.webp\" class=\"attachment-full size-full wp-image-2288\" alt=\"\" srcset=\"https:\/\/het-imo.net\/br\/wp-content\/uploads\/Cover-The-Power-of-Inspiration.webp 725w, https:\/\/het-imo.net\/br\/wp-content\/uploads\/Cover-The-Power-of-Inspiration-212x300.webp 212w\" sizes=\"(max-width: 725px) 100vw, 725px\" \/>\t\t\t\t\t\t\t\t<\/a>\n\t\t\t\t\t\t\t\t\t\t\t\t\t\t\t<\/div>\n\t\t\t\t<\/div>\n\t\t\t\t<div class=\"elementor-element elementor-element-fe04c9b elementor-widget elementor-widget-image\" data-id=\"fe04c9b\" data-element_type=\"widget\" data-e-type=\"widget\" data-widget_type=\"image.default\">\n\t\t\t\t<div class=\"elementor-widget-container\">\n\t\t\t\t\t\t\t\t\t\t\t\t\t\t\t\t<a href=\"https:\/\/www.het-imo.net\/wp-content\/uploads\/How-to-create-a-better-world.pdf\" target=\"_blank\">\n\t\t\t\t\t\t\t<img loading=\"lazy\" decoding=\"async\" width=\"750\" height=\"1025\" src=\"https:\/\/het-imo.net\/br\/wp-content\/uploads\/Cover_How_to_Create_a_Better_World.webp\" class=\"attachment-full size-full wp-image-2290\" alt=\"\" srcset=\"https:\/\/het-imo.net\/br\/wp-content\/uploads\/Cover_How_to_Create_a_Better_World.webp 750w, https:\/\/het-imo.net\/br\/wp-content\/uploads\/Cover_How_to_Create_a_Better_World-220x300.webp 220w\" sizes=\"(max-width: 750px) 100vw, 750px\" \/>\t\t\t\t\t\t\t\t<\/a>\n\t\t\t\t\t\t\t\t\t\t\t\t\t\t\t<\/div>\n\t\t\t\t<\/div>\n\t\t\t\t<div class=\"elementor-element elementor-element-b684f92 elementor-widget elementor-widget-image\" data-id=\"b684f92\" data-element_type=\"widget\" data-e-type=\"widget\" data-widget_type=\"image.default\">\n\t\t\t\t<div class=\"elementor-widget-container\">\n\t\t\t\t\t\t\t\t\t\t\t\t\t\t\t\t<a href=\"https:\/\/www.het-imo.net\/wp-content\/uploads\/Adriaan-Bekman_-Methodology-of-the-Evidential-2005.pdf\" target=\"_blank\">\n\t\t\t\t\t\t\t<img loading=\"lazy\" decoding=\"async\" width=\"720\" height=\"1025\" src=\"https:\/\/het-imo.net\/br\/wp-content\/uploads\/Cover-Adriaan-Bekman-Methodology-of-the-Evedential.webp\" class=\"attachment-full size-full wp-image-2292\" alt=\"\" srcset=\"https:\/\/het-imo.net\/br\/wp-content\/uploads\/Cover-Adriaan-Bekman-Methodology-of-the-Evedential.webp 720w, https:\/\/het-imo.net\/br\/wp-content\/uploads\/Cover-Adriaan-Bekman-Methodology-of-the-Evedential-211x300.webp 211w\" sizes=\"(max-width: 720px) 100vw, 720px\" \/>\t\t\t\t\t\t\t\t<\/a>\n\t\t\t\t\t\t\t\t\t\t\t\t\t\t\t<\/div>\n\t\t\t\t<\/div>\n\t\t\t\t<div class=\"elementor-element elementor-element-a5a06ab elementor-widget elementor-widget-image\" data-id=\"a5a06ab\" data-element_type=\"widget\" data-e-type=\"widget\" data-widget_type=\"image.default\">\n\t\t\t\t<div class=\"elementor-widget-container\">\n\t\t\t\t\t\t\t\t\t\t\t\t\t\t\t\t<a href=\"https:\/\/www.het-imo.net\/wp-content\/uploads\/Self_Steering_of_Autonomous_Teams.pdf\" target=\"_blank\">\n\t\t\t\t\t\t\t<img loading=\"lazy\" decoding=\"async\" width=\"750\" height=\"1024\" src=\"https:\/\/het-imo.net\/br\/wp-content\/uploads\/Cover-Self-Steering-of-Autonomous-Teams.webp\" class=\"attachment-full size-full wp-image-2294\" alt=\"\" srcset=\"https:\/\/het-imo.net\/br\/wp-content\/uploads\/Cover-Self-Steering-of-Autonomous-Teams.webp 750w, https:\/\/het-imo.net\/br\/wp-content\/uploads\/Cover-Self-Steering-of-Autonomous-Teams-220x300.webp 220w\" sizes=\"(max-width: 750px) 100vw, 750px\" \/>\t\t\t\t\t\t\t\t<\/a>\n\t\t\t\t\t\t\t\t\t\t\t\t\t\t\t<\/div>\n\t\t\t\t<\/div>\n\t\t\t\t<div class=\"elementor-element elementor-element-ff7221c elementor-widget elementor-widget-image\" data-id=\"ff7221c\" data-element_type=\"widget\" data-e-type=\"widget\" data-widget_type=\"image.default\">\n\t\t\t\t<div class=\"elementor-widget-container\">\n\t\t\t\t\t\t\t\t\t\t\t\t\t\t\t\t<a href=\"https:\/\/www.het-imo.net\/wp-content\/uploads\/Leadership-in-Times-of-Crisis.pdf\" target=\"_blank\">\n\t\t\t\t\t\t\t<img loading=\"lazy\" decoding=\"async\" width=\"750\" height=\"1025\" src=\"https:\/\/het-imo.net\/br\/wp-content\/uploads\/Cover_Leadership_in_Times-of-Crisis.webp\" class=\"attachment-full size-full wp-image-2296\" alt=\"\" srcset=\"https:\/\/het-imo.net\/br\/wp-content\/uploads\/Cover_Leadership_in_Times-of-Crisis.webp 750w, https:\/\/het-imo.net\/br\/wp-content\/uploads\/Cover_Leadership_in_Times-of-Crisis-220x300.webp 220w\" sizes=\"(max-width: 750px) 100vw, 750px\" \/>\t\t\t\t\t\t\t\t<\/a>\n\t\t\t\t\t\t\t\t\t\t\t\t\t\t\t<\/div>\n\t\t\t\t<\/div>\n\t\t\t\t<div class=\"elementor-element elementor-element-6220b1c elementor-widget elementor-widget-image\" data-id=\"6220b1c\" data-element_type=\"widget\" data-e-type=\"widget\" data-widget_type=\"image.default\">\n\t\t\t\t<div class=\"elementor-widget-container\">\n\t\t\t\t\t\t\t\t\t\t\t\t\t\t\t\t<a href=\"https:\/\/www.het-imo.net\/wp-content\/uploads\/Hermanus-Meijerink-Alternative-balance-sheet.pdf\" target=\"_blank\">\n\t\t\t\t\t\t\t<img loading=\"lazy\" decoding=\"async\" width=\"720\" height=\"1025\" src=\"https:\/\/het-imo.net\/br\/wp-content\/uploads\/Cover-Alternative-Balance-Sheet.webp\" class=\"attachment-full size-full wp-image-2298\" alt=\"\" srcset=\"https:\/\/het-imo.net\/br\/wp-content\/uploads\/Cover-Alternative-Balance-Sheet.webp 720w, https:\/\/het-imo.net\/br\/wp-content\/uploads\/Cover-Alternative-Balance-Sheet-211x300.webp 211w\" sizes=\"(max-width: 720px) 100vw, 720px\" \/>\t\t\t\t\t\t\t\t<\/a>\n\t\t\t\t\t\t\t\t\t\t\t\t\t\t\t<\/div>\n\t\t\t\t<\/div>\n\t\t\t\t<div class=\"elementor-element elementor-element-5eec42b elementor-widget elementor-widget-image\" data-id=\"5eec42b\" data-element_type=\"widget\" data-e-type=\"widget\" data-widget_type=\"image.default\">\n\t\t\t\t<div class=\"elementor-widget-container\">\n\t\t\t\t\t\t\t\t\t\t\t\t\t\t\t\t<a href=\"https:\/\/www.het-imo.net\/wp-content\/uploads\/IMO-consultancy-in-Waldorf-Schools.pdf\" target=\"_blank\">\n\t\t\t\t\t\t\t<img loading=\"lazy\" decoding=\"async\" width=\"789\" height=\"1123\" src=\"https:\/\/het-imo.net\/br\/wp-content\/uploads\/Cover-IMO-Consultancy-Waldorf-Schools.png\" class=\"attachment-full size-full wp-image-2300\" alt=\"\" srcset=\"https:\/\/het-imo.net\/br\/wp-content\/uploads\/Cover-IMO-Consultancy-Waldorf-Schools.png 789w, https:\/\/het-imo.net\/br\/wp-content\/uploads\/Cover-IMO-Consultancy-Waldorf-Schools-211x300.png 211w, https:\/\/het-imo.net\/br\/wp-content\/uploads\/Cover-IMO-Consultancy-Waldorf-Schools-719x1024.png 719w, https:\/\/het-imo.net\/br\/wp-content\/uploads\/Cover-IMO-Consultancy-Waldorf-Schools-768x1093.png 768w\" sizes=\"(max-width: 789px) 100vw, 789px\" \/>\t\t\t\t\t\t\t\t<\/a>\n\t\t\t\t\t\t\t\t\t\t\t\t\t\t\t<\/div>\n\t\t\t\t<\/div>\n\t\t\t\t<div class=\"elementor-element elementor-element-00e82f9 elementor-widget elementor-widget-image\" data-id=\"00e82f9\" data-element_type=\"widget\" data-e-type=\"widget\" data-widget_type=\"image.default\">\n\t\t\t\t<div class=\"elementor-widget-container\">\n\t\t\t\t\t\t\t\t\t\t\t\t\t\t\t\t<a href=\"https:\/\/www.het-imo.net\/wp-content\/uploads\/Power-Love-and-Freedom-in-Companies-1.pdf\" target=\"_blank\">\n\t\t\t\t\t\t\t<img loading=\"lazy\" decoding=\"async\" width=\"789\" height=\"1119\" src=\"https:\/\/het-imo.net\/br\/wp-content\/uploads\/Cover-PLF.png\" class=\"attachment-full size-full wp-image-2302\" alt=\"\" srcset=\"https:\/\/het-imo.net\/br\/wp-content\/uploads\/Cover-PLF.png 789w, https:\/\/het-imo.net\/br\/wp-content\/uploads\/Cover-PLF-212x300.png 212w, https:\/\/het-imo.net\/br\/wp-content\/uploads\/Cover-PLF-722x1024.png 722w, https:\/\/het-imo.net\/br\/wp-content\/uploads\/Cover-PLF-768x1089.png 768w\" sizes=\"(max-width: 789px) 100vw, 789px\" \/>\t\t\t\t\t\t\t\t<\/a>\n\t\t\t\t\t\t\t\t\t\t\t\t\t\t\t<\/div>\n\t\t\t\t<\/div>\n\t\t\t\t<div class=\"elementor-element elementor-element-726dbf5 elementor-widget elementor-widget-image\" data-id=\"726dbf5\" data-element_type=\"widget\" data-e-type=\"widget\" data-widget_type=\"image.default\">\n\t\t\t\t<div class=\"elementor-widget-container\">\n\t\t\t\t\t\t\t\t\t\t\t\t\t\t\t\t<a href=\"https:\/\/www.het-imo.net\/wp-content\/uploads\/The-basis-of-the-Management-Model-Terra-Viva.pdf\" target=\"_blank\">\n\t\t\t\t\t\t\t<img loading=\"lazy\" decoding=\"async\" width=\"720\" height=\"1025\" src=\"https:\/\/het-imo.net\/br\/wp-content\/uploads\/Cover-Terra-Viva.webp\" class=\"attachment-full size-full wp-image-2304\" alt=\"\" srcset=\"https:\/\/het-imo.net\/br\/wp-content\/uploads\/Cover-Terra-Viva.webp 720w, https:\/\/het-imo.net\/br\/wp-content\/uploads\/Cover-Terra-Viva-211x300.webp 211w\" sizes=\"(max-width: 720px) 100vw, 720px\" \/>\t\t\t\t\t\t\t\t<\/a>\n\t\t\t\t\t\t\t\t\t\t\t\t\t\t\t<\/div>\n\t\t\t\t<\/div>\n\t\t\t\t<\/div>\n\t\t\t\t<\/div>\n\t\t\t\t<\/div>\n\t\t\t\t\t<\/div>\n\t\t\t\t<\/div>\n\t\t\t\t<\/div>\n\t\t","protected":false},"excerpt":{"rendered":"<p>IMO Artigos Os artigos s\u00e3o textos curtos, escritos por consultores do IMO, e podem ser baixados gratuitamente. Alguns artigos s\u00e3o de autoria de membros da IMO Network. Ao utilizar esses livros em sua pr\u00f3pria publica\u00e7\u00e3o ou apresenta\u00e7\u00e3o, por favor, mencione a fonte da refer\u00eancia.<\/p>\n","protected":false},"author":1,"featured_media":0,"parent":0,"menu_order":0,"comment_status":"closed","ping_status":"closed","template":"","meta":{"footnotes":""},"hf_cat_page":[40],"class_list":["post-1675","page","type-page","status-publish","hentry"],"_links":{"self":[{"href":"https:\/\/het-imo.net\/br\/wp-json\/wp\/v2\/pages\/1675","targetHints":{"allow":["GET"]}}],"collection":[{"href":"https:\/\/het-imo.net\/br\/wp-json\/wp\/v2\/pages"}],"about":[{"href":"https:\/\/het-imo.net\/br\/wp-json\/wp\/v2\/types\/page"}],"author":[{"embeddable":true,"href":"https:\/\/het-imo.net\/br\/wp-json\/wp\/v2\/users\/1"}],"replies":[{"embeddable":true,"href":"https:\/\/het-imo.net\/br\/wp-json\/wp\/v2\/comments?post=1675"}],"version-history":[{"count":47,"href":"https:\/\/het-imo.net\/br\/wp-json\/wp\/v2\/pages\/1675\/revisions"}],"predecessor-version":[{"id":3219,"href":"https:\/\/het-imo.net\/br\/wp-json\/wp\/v2\/pages\/1675\/revisions\/3219"}],"wp:attachment":[{"href":"https:\/\/het-imo.net\/br\/wp-json\/wp\/v2\/media?parent=1675"}],"wp:term":[{"taxonomy":"hf_cat_page","embeddable":true,"href":"https:\/\/het-imo.net\/br\/wp-json\/wp\/v2\/hf_cat_page?post=1675"}],"curies":[{"name":"wp","href":"https:\/\/api.w.org\/{rel}","templated":true}]}}