{"id":1673,"date":"2025-05-16T13:12:03","date_gmt":"2025-05-16T11:12:03","guid":{"rendered":"https:\/\/het-imo.net\/br\/?page_id=1673"},"modified":"2026-01-05T14:42:11","modified_gmt":"2026-01-05T17:42:11","slug":"methodological-scientific-books","status":"publish","type":"page","link":"https:\/\/het-imo.net\/br\/methodological-scientific-books\/","title":{"rendered":"Methodological &#038; Scientific \/ Books"},"content":{"rendered":"\t\t<div data-elementor-type=\"wp-page\" data-elementor-id=\"1673\" class=\"elementor elementor-1673\" data-elementor-post-type=\"page\">\n\t\t\t\t<div class=\"elementor-element elementor-element-a41f8c8 pad-l e-flex e-con-boxed e-con e-parent\" data-id=\"a41f8c8\" data-element_type=\"container\" data-e-type=\"container\">\n\t\t\t\t\t<div class=\"e-con-inner\">\n\t\t<div class=\"elementor-element elementor-element-e988fef e-con-full e-flex e-con e-child\" data-id=\"e988fef\" data-element_type=\"container\" data-e-type=\"container\">\n\t\t<div class=\"elementor-element elementor-element-6c0b004 e-con-full e-flex e-con e-child\" data-id=\"6c0b004\" data-element_type=\"container\" data-e-type=\"container\" data-settings=\"{&quot;sticky&quot;:&quot;top&quot;,&quot;sticky_on&quot;:[&quot;desktop&quot;,&quot;laptop&quot;,&quot;tablet&quot;],&quot;sticky_offset&quot;:100,&quot;sticky_parent&quot;:&quot;yes&quot;,&quot;sticky_effects_offset&quot;:0,&quot;sticky_anchor_link_offset&quot;:0}\">\n\t\t<div class=\"elementor-element elementor-element-9123b22 e-con-full e-flex e-con e-child\" data-id=\"9123b22\" data-element_type=\"container\" data-e-type=\"container\">\n\t\t\t\t<div class=\"elementor-element elementor-element-bb21568 elementor-widget elementor-widget-heading\" data-id=\"bb21568\" data-element_type=\"widget\" data-e-type=\"widget\" data-widget_type=\"heading.default\">\n\t\t\t\t<div class=\"elementor-widget-container\">\n\t\t\t\t\t<h2 class=\"elementor-heading-title elementor-size-default\">IMO Livros<\/h2>\t\t\t\t<\/div>\n\t\t\t\t<\/div>\n\t\t\t\t<div class=\"elementor-element elementor-element-d524edf elementor-widget elementor-widget-text-editor\" data-id=\"d524edf\" data-element_type=\"widget\" data-e-type=\"widget\" data-widget_type=\"text-editor.default\">\n\t\t\t\t<div class=\"elementor-widget-container\">\n\t\t\t\t\t\t\t\t\t<p><strong>Os livros s\u00e3o publica\u00e7\u00f5es escritas por consultores do IMO. Podem ser adquiridos diretamente com os autores ou em livrarias.<\/strong><\/p>\t\t\t\t\t\t\t\t<\/div>\n\t\t\t\t<\/div>\n\t\t\t\t<\/div>\n\t\t<div class=\"elementor-element elementor-element-387e86a e-con-full e-flex e-con e-child\" data-id=\"387e86a\" data-element_type=\"container\" data-e-type=\"container\">\n\t\t\t\t<div class=\"elementor-element elementor-element-04eaa7d elementor-hidden-tablet elementor-hidden-mobile elementor-widget-divider--view-line elementor-widget elementor-widget-divider\" data-id=\"04eaa7d\" data-element_type=\"widget\" data-e-type=\"widget\" data-widget_type=\"divider.default\">\n\t\t\t\t<div class=\"elementor-widget-container\">\n\t\t\t\t\t\t\t<div class=\"elementor-divider\">\n\t\t\t<span class=\"elementor-divider-separator\">\n\t\t\t\t\t\t<\/span>\n\t\t<\/div>\n\t\t\t\t\t\t<\/div>\n\t\t\t\t<\/div>\n\t\t\t\t<\/div>\n\t\t\t\t<\/div>\n\t\t<div class=\"elementor-element elementor-element-2847562 e-con-full e-flex e-con e-child\" data-id=\"2847562\" data-element_type=\"container\" data-e-type=\"container\">\n\t\t<div class=\"elementor-element elementor-element-c67e37d e-con-full e-grid e-con e-child\" data-id=\"c67e37d\" data-element_type=\"container\" data-e-type=\"container\">\n\t\t\t\t<div class=\"elementor-element elementor-element-6e101d0 elementor-widget elementor-widget-image\" data-id=\"6e101d0\" data-element_type=\"widget\" data-e-type=\"widget\" data-widget_type=\"image.default\">\n\t\t\t\t<div class=\"elementor-widget-container\">\n\t\t\t\t\t\t\t\t\t\t\t\t\t\t\t\t<a href=\"https:\/\/het-imo.net\/br\/erica-rizziato-toward-a-humanism-for-organizations\/\" target=\"_blank\">\n\t\t\t\t\t\t\t<img fetchpriority=\"high\" decoding=\"async\" width=\"426\" height=\"568\" src=\"https:\/\/het-imo.net\/br\/wp-content\/uploads\/Cover_volume_Towards_a_humanism_for_organizations_0.png\" class=\"attachment-full size-full wp-image-2043\" alt=\"\" srcset=\"https:\/\/het-imo.net\/br\/wp-content\/uploads\/Cover_volume_Towards_a_humanism_for_organizations_0.png 426w, https:\/\/het-imo.net\/br\/wp-content\/uploads\/Cover_volume_Towards_a_humanism_for_organizations_0-225x300.png 225w\" sizes=\"(max-width: 426px) 100vw, 426px\" \/>\t\t\t\t\t\t\t\t<\/a>\n\t\t\t\t\t\t\t\t\t\t\t\t\t\t\t<\/div>\n\t\t\t\t<\/div>\n\t\t\t\t<div class=\"elementor-element elementor-element-fc7758a elementor-widget elementor-widget-image\" data-id=\"fc7758a\" data-element_type=\"widget\" data-e-type=\"widget\" data-widget_type=\"image.default\">\n\t\t\t\t<div class=\"elementor-widget-container\">\n\t\t\t\t\t\t\t\t\t\t\t\t\t\t\t\t<a href=\"https:\/\/het-imo.net\/br\/hans-peter-ulli-from-monologue-to-dialogue\/\" target=\"_blank\">\n\t\t\t\t\t\t\t<img decoding=\"async\" width=\"750\" height=\"1025\" src=\"https:\/\/het-imo.net\/br\/wp-content\/uploads\/Cover_From_Monolog_to_Dialogue.webp\" class=\"attachment-full size-full wp-image-2072\" alt=\"\" srcset=\"https:\/\/het-imo.net\/br\/wp-content\/uploads\/Cover_From_Monolog_to_Dialogue.webp 750w, https:\/\/het-imo.net\/br\/wp-content\/uploads\/Cover_From_Monolog_to_Dialogue-220x300.webp 220w\" sizes=\"(max-width: 750px) 100vw, 750px\" \/>\t\t\t\t\t\t\t\t<\/a>\n\t\t\t\t\t\t\t\t\t\t\t\t\t\t\t<\/div>\n\t\t\t\t<\/div>\n\t\t\t\t<div class=\"elementor-element elementor-element-15ffa30 elementor-widget elementor-widget-image\" data-id=\"15ffa30\" data-element_type=\"widget\" data-e-type=\"widget\" data-widget_type=\"image.default\">\n\t\t\t\t<div class=\"elementor-widget-container\">\n\t\t\t\t\t\t\t\t\t\t\t\t\t\t\t\t<a href=\"https:\/\/het-imo.net\/br\/adriaan-bekam-horizontal-organizing\/\" target=\"_blank\">\n\t\t\t\t\t\t\t<img decoding=\"async\" width=\"750\" height=\"1025\" src=\"https:\/\/het-imo.net\/br\/wp-content\/uploads\/Cover_Horizontal_Organizing.webp\" class=\"attachment-full size-full wp-image-2082\" alt=\"\" srcset=\"https:\/\/het-imo.net\/br\/wp-content\/uploads\/Cover_Horizontal_Organizing.webp 750w, https:\/\/het-imo.net\/br\/wp-content\/uploads\/Cover_Horizontal_Organizing-220x300.webp 220w\" sizes=\"(max-width: 750px) 100vw, 750px\" \/>\t\t\t\t\t\t\t\t<\/a>\n\t\t\t\t\t\t\t\t\t\t\t\t\t\t\t<\/div>\n\t\t\t\t<\/div>\n\t\t\t\t<div class=\"elementor-element elementor-element-50542b7 elementor-widget elementor-widget-image\" data-id=\"50542b7\" data-element_type=\"widget\" data-e-type=\"widget\" data-widget_type=\"image.default\">\n\t\t\t\t<div class=\"elementor-widget-container\">\n\t\t\t\t\t\t\t\t\t\t\t\t\t\t\t\t<a href=\"https:\/\/het-imo.net\/br\/adriaan-bekman-the-mystery-of-leadership\/\" target=\"_blank\">\n\t\t\t\t\t\t\t<img loading=\"lazy\" decoding=\"async\" width=\"750\" height=\"1025\" src=\"https:\/\/het-imo.net\/br\/wp-content\/uploads\/Cover-The-Mystery-of-Leadership.webp\" class=\"attachment-full size-full wp-image-2097\" alt=\"\" srcset=\"https:\/\/het-imo.net\/br\/wp-content\/uploads\/Cover-The-Mystery-of-Leadership.webp 750w, https:\/\/het-imo.net\/br\/wp-content\/uploads\/Cover-The-Mystery-of-Leadership-220x300.webp 220w\" sizes=\"(max-width: 750px) 100vw, 750px\" \/>\t\t\t\t\t\t\t\t<\/a>\n\t\t\t\t\t\t\t\t\t\t\t\t\t\t\t<\/div>\n\t\t\t\t<\/div>\n\t\t\t\t<div class=\"elementor-element elementor-element-da180b3 elementor-widget elementor-widget-image\" data-id=\"da180b3\" data-element_type=\"widget\" data-e-type=\"widget\" data-widget_type=\"image.default\">\n\t\t\t\t<div class=\"elementor-widget-container\">\n\t\t\t\t\t\t\t\t\t\t\t\t\t\t\t\t<a href=\"https:\/\/het-imo.net\/br\/adriaan-bekman-the-human-creation\/\" target=\"_blank\">\n\t\t\t\t\t\t\t<img loading=\"lazy\" decoding=\"async\" width=\"750\" height=\"1025\" src=\"https:\/\/het-imo.net\/br\/wp-content\/uploads\/Cover-The_Human_Creation.webp\" class=\"attachment-full size-full wp-image-2131\" alt=\"\" srcset=\"https:\/\/het-imo.net\/br\/wp-content\/uploads\/Cover-The_Human_Creation.webp 750w, https:\/\/het-imo.net\/br\/wp-content\/uploads\/Cover-The_Human_Creation-220x300.webp 220w\" sizes=\"(max-width: 750px) 100vw, 750px\" \/>\t\t\t\t\t\t\t\t<\/a>\n\t\t\t\t\t\t\t\t\t\t\t\t\t\t\t<\/div>\n\t\t\t\t<\/div>\n\t\t\t\t<div class=\"elementor-element elementor-element-ad898d6 elementor-widget elementor-widget-image\" data-id=\"ad898d6\" data-element_type=\"widget\" data-e-type=\"widget\" data-widget_type=\"image.default\">\n\t\t\t\t<div class=\"elementor-widget-container\">\n\t\t\t\t\t\t\t\t\t\t\t\t\t\t\t\t<a href=\"https:\/\/het-imo.net\/br\/adriaan-bekman-the-neglected-soul\/\" target=\"_blank\">\n\t\t\t\t\t\t\t<img loading=\"lazy\" decoding=\"async\" width=\"750\" height=\"1025\" src=\"https:\/\/het-imo.net\/br\/wp-content\/uploads\/Cover_The_Neglected_Soul.webp\" class=\"attachment-full size-full wp-image-2146\" alt=\"\" srcset=\"https:\/\/het-imo.net\/br\/wp-content\/uploads\/Cover_The_Neglected_Soul.webp 750w, https:\/\/het-imo.net\/br\/wp-content\/uploads\/Cover_The_Neglected_Soul-220x300.webp 220w\" sizes=\"(max-width: 750px) 100vw, 750px\" \/>\t\t\t\t\t\t\t\t<\/a>\n\t\t\t\t\t\t\t\t\t\t\t\t\t\t\t<\/div>\n\t\t\t\t<\/div>\n\t\t\t\t<div class=\"elementor-element elementor-element-a52e68b elementor-widget elementor-widget-image\" data-id=\"a52e68b\" data-element_type=\"widget\" data-e-type=\"widget\" data-widget_type=\"image.default\">\n\t\t\t\t<div class=\"elementor-widget-container\">\n\t\t\t\t\t\t\t\t\t\t\t\t\t\t\t\t<a href=\"https:\/\/het-imo.net\/br\/adriaan-bekman-inside-the-change\/\" target=\"_blank\">\n\t\t\t\t\t\t\t<img loading=\"lazy\" decoding=\"async\" width=\"750\" height=\"1025\" src=\"https:\/\/het-imo.net\/br\/wp-content\/uploads\/Cover_Inside-the-Change.webp\" class=\"attachment-full size-full wp-image-2156\" alt=\"\" srcset=\"https:\/\/het-imo.net\/br\/wp-content\/uploads\/Cover_Inside-the-Change.webp 750w, https:\/\/het-imo.net\/br\/wp-content\/uploads\/Cover_Inside-the-Change-220x300.webp 220w\" sizes=\"(max-width: 750px) 100vw, 750px\" \/>\t\t\t\t\t\t\t\t<\/a>\n\t\t\t\t\t\t\t\t\t\t\t\t\t\t\t<\/div>\n\t\t\t\t<\/div>\n\t\t\t\t<div class=\"elementor-element elementor-element-76ad4c4 elementor-widget elementor-widget-image\" data-id=\"76ad4c4\" data-element_type=\"widget\" data-e-type=\"widget\" data-widget_type=\"image.default\">\n\t\t\t\t<div class=\"elementor-widget-container\">\n\t\t\t\t\t\t\t\t\t\t\t\t\t\t\t\t<a href=\"https:\/\/het-imo.net\/br\/adriaan-bekman-being-the-pilot-of-your-life\/\" target=\"_blank\">\n\t\t\t\t\t\t\t<img loading=\"lazy\" decoding=\"async\" width=\"750\" height=\"1025\" src=\"https:\/\/het-imo.net\/br\/wp-content\/uploads\/Cover-Being-the-Pilot_of_your_Life.webp\" class=\"attachment-full size-full wp-image-2167\" alt=\"\" srcset=\"https:\/\/het-imo.net\/br\/wp-content\/uploads\/Cover-Being-the-Pilot_of_your_Life.webp 750w, https:\/\/het-imo.net\/br\/wp-content\/uploads\/Cover-Being-the-Pilot_of_your_Life-220x300.webp 220w\" sizes=\"(max-width: 750px) 100vw, 750px\" \/>\t\t\t\t\t\t\t\t<\/a>\n\t\t\t\t\t\t\t\t\t\t\t\t\t\t\t<\/div>\n\t\t\t\t<\/div>\n\t\t\t\t<div class=\"elementor-element elementor-element-83c8bc8 elementor-widget elementor-widget-image\" data-id=\"83c8bc8\" data-element_type=\"widget\" data-e-type=\"widget\" data-widget_type=\"image.default\">\n\t\t\t\t<div class=\"elementor-widget-container\">\n\t\t\t\t\t\t\t\t\t\t\t\t\t\t\t\t<a href=\"https:\/\/het-imo.net\/br\/adriaan-bekman-the-art-of-conscious-living\/\" target=\"_blank\">\n\t\t\t\t\t\t\t<img loading=\"lazy\" decoding=\"async\" width=\"750\" height=\"1025\" src=\"https:\/\/het-imo.net\/br\/wp-content\/uploads\/Cover-The-Art-of-Conscious-Living.webp\" class=\"attachment-full size-full wp-image-2180\" alt=\"\" srcset=\"https:\/\/het-imo.net\/br\/wp-content\/uploads\/Cover-The-Art-of-Conscious-Living.webp 750w, https:\/\/het-imo.net\/br\/wp-content\/uploads\/Cover-The-Art-of-Conscious-Living-220x300.webp 220w\" sizes=\"(max-width: 750px) 100vw, 750px\" \/>\t\t\t\t\t\t\t\t<\/a>\n\t\t\t\t\t\t\t\t\t\t\t\t\t\t\t<\/div>\n\t\t\t\t<\/div>\n\t\t\t\t<div class=\"elementor-element elementor-element-e69f543 elementor-widget elementor-widget-image\" data-id=\"e69f543\" data-element_type=\"widget\" data-e-type=\"widget\" data-widget_type=\"image.default\">\n\t\t\t\t<div class=\"elementor-widget-container\">\n\t\t\t\t\t\t\t\t\t\t\t\t\t\t\t\t<a href=\"https:\/\/het-imo.net\/br\/adriaan-bekman-organisations-with-soul\/\" target=\"_blank\">\n\t\t\t\t\t\t\t<img loading=\"lazy\" decoding=\"async\" width=\"750\" height=\"1025\" src=\"https:\/\/het-imo.net\/br\/wp-content\/uploads\/Cover_Organisations-with-Soul.webp\" class=\"attachment-full size-full wp-image-2190\" alt=\"\" srcset=\"https:\/\/het-imo.net\/br\/wp-content\/uploads\/Cover_Organisations-with-Soul.webp 750w, https:\/\/het-imo.net\/br\/wp-content\/uploads\/Cover_Organisations-with-Soul-220x300.webp 220w\" sizes=\"(max-width: 750px) 100vw, 750px\" \/>\t\t\t\t\t\t\t\t<\/a>\n\t\t\t\t\t\t\t\t\t\t\t\t\t\t\t<\/div>\n\t\t\t\t<\/div>\n\t\t\t\t<div class=\"elementor-element elementor-element-6730354 elementor-widget elementor-widget-image\" data-id=\"6730354\" data-element_type=\"widget\" data-e-type=\"widget\" data-widget_type=\"image.default\">\n\t\t\t\t<div class=\"elementor-widget-container\">\n\t\t\t\t\t\t\t\t\t\t\t\t\t\t\t\t<a href=\"https:\/\/het-imo.net\/br\/adriaan-bekman-the-horizontal-leadership-book\/\" target=\"_blank\">\n\t\t\t\t\t\t\t<img loading=\"lazy\" decoding=\"async\" width=\"750\" height=\"1025\" src=\"https:\/\/het-imo.net\/br\/wp-content\/uploads\/Cover_The-Horizontal-Leadership-Book.webp\" class=\"attachment-full size-full wp-image-2202\" alt=\"\" srcset=\"https:\/\/het-imo.net\/br\/wp-content\/uploads\/Cover_The-Horizontal-Leadership-Book.webp 750w, https:\/\/het-imo.net\/br\/wp-content\/uploads\/Cover_The-Horizontal-Leadership-Book-220x300.webp 220w\" sizes=\"(max-width: 750px) 100vw, 750px\" \/>\t\t\t\t\t\t\t\t<\/a>\n\t\t\t\t\t\t\t\t\t\t\t\t\t\t\t<\/div>\n\t\t\t\t<\/div>\n\t\t\t\t<div class=\"elementor-element elementor-element-90f925d elementor-widget elementor-widget-image\" data-id=\"90f925d\" data-element_type=\"widget\" data-e-type=\"widget\" data-widget_type=\"image.default\">\n\t\t\t\t<div class=\"elementor-widget-container\">\n\t\t\t\t\t\t\t\t\t\t\t\t\t\t\t\t<a href=\"https:\/\/het-imo.net\/br\/adriaan-bekman-images-and-concepts-on-the-human-being-and-his-creations\/\" target=\"_blank\">\n\t\t\t\t\t\t\t<img loading=\"lazy\" decoding=\"async\" width=\"750\" height=\"1025\" src=\"https:\/\/het-imo.net\/br\/wp-content\/uploads\/Cover-Images-and-Concepts.webp\" class=\"attachment-full size-full wp-image-2212\" alt=\"\" srcset=\"https:\/\/het-imo.net\/br\/wp-content\/uploads\/Cover-Images-and-Concepts.webp 750w, https:\/\/het-imo.net\/br\/wp-content\/uploads\/Cover-Images-and-Concepts-220x300.webp 220w\" sizes=\"(max-width: 750px) 100vw, 750px\" \/>\t\t\t\t\t\t\t\t<\/a>\n\t\t\t\t\t\t\t\t\t\t\t\t\t\t\t<\/div>\n\t\t\t\t<\/div>\n\t\t\t\t<\/div>\n\t\t\t\t<\/div>\n\t\t\t\t<\/div>\n\t\t\t\t\t<\/div>\n\t\t\t\t<\/div>\n\t\t\t\t<\/div>\n\t\t","protected":false},"excerpt":{"rendered":"<p>IMO Livros Os livros s\u00e3o publica\u00e7\u00f5es escritas por consultores do IMO. Podem ser adquiridos diretamente com os autores ou em livrarias.<\/p>\n","protected":false},"author":1,"featured_media":0,"parent":0,"menu_order":0,"comment_status":"closed","ping_status":"closed","template":"","meta":{"footnotes":""},"hf_cat_page":[40],"class_list":["post-1673","page","type-page","status-publish","hentry"],"_links":{"self":[{"href":"https:\/\/het-imo.net\/br\/wp-json\/wp\/v2\/pages\/1673","targetHints":{"allow":["GET"]}}],"collection":[{"href":"https:\/\/het-imo.net\/br\/wp-json\/wp\/v2\/pages"}],"about":[{"href":"https:\/\/het-imo.net\/br\/wp-json\/wp\/v2\/types\/page"}],"author":[{"embeddable":true,"href":"https:\/\/het-imo.net\/br\/wp-json\/wp\/v2\/users\/1"}],"replies":[{"embeddable":true,"href":"https:\/\/het-imo.net\/br\/wp-json\/wp\/v2\/comments?post=1673"}],"version-history":[{"count":61,"href":"https:\/\/het-imo.net\/br\/wp-json\/wp\/v2\/pages\/1673\/revisions"}],"predecessor-version":[{"id":3187,"href":"https:\/\/het-imo.net\/br\/wp-json\/wp\/v2\/pages\/1673\/revisions\/3187"}],"wp:attachment":[{"href":"https:\/\/het-imo.net\/br\/wp-json\/wp\/v2\/media?parent=1673"}],"wp:term":[{"taxonomy":"hf_cat_page","embeddable":true,"href":"https:\/\/het-imo.net\/br\/wp-json\/wp\/v2\/hf_cat_page?post=1673"}],"curies":[{"name":"wp","href":"https:\/\/api.w.org\/{rel}","templated":true}]}}