{"id":1654,"date":"2025-05-15T21:16:08","date_gmt":"2025-05-15T19:16:08","guid":{"rendered":"https:\/\/het-imo.net\/br\/?page_id=1654"},"modified":"2026-01-05T12:29:31","modified_gmt":"2026-01-05T15:29:31","slug":"research","status":"publish","type":"page","link":"https:\/\/het-imo.net\/br\/research\/","title":{"rendered":"Research"},"content":{"rendered":"\t\t<div data-elementor-type=\"wp-page\" data-elementor-id=\"1654\" class=\"elementor elementor-1654\" data-elementor-post-type=\"page\">\n\t\t\t\t<div class=\"elementor-element elementor-element-1654719 e-flex e-con-boxed e-con e-parent\" data-id=\"1654719\" data-element_type=\"container\" data-e-type=\"container\" data-settings=\"{&quot;background_background&quot;:&quot;classic&quot;}\">\n\t\t\t\t\t<div class=\"e-con-inner\">\n\t\t<div class=\"elementor-element elementor-element-ea3e678 e-con-full e-flex e-con e-child\" data-id=\"ea3e678\" data-element_type=\"container\" data-e-type=\"container\">\n\t\t\t\t<div class=\"elementor-element elementor-element-4151219 elementor-widget elementor-widget-heading\" data-id=\"4151219\" data-element_type=\"widget\" data-e-type=\"widget\" data-widget_type=\"heading.default\">\n\t\t\t\t<div class=\"elementor-widget-container\">\n\t\t\t\t\t<h1 class=\"elementor-heading-title elementor-size-default\">PESQUISA<\/h1>\t\t\t\t<\/div>\n\t\t\t\t<\/div>\n\t\t\t\t<div class=\"elementor-element elementor-element-94b433c elementor-widget elementor-widget-text-editor\" data-id=\"94b433c\" data-element_type=\"widget\" data-e-type=\"widget\" data-widget_type=\"text-editor.default\">\n\t\t\t\t<div class=\"elementor-widget-container\">\n\t\t\t\t\t\t\t\t\t<p><strong>A comunidade IMO est\u00e1 continuamente inovando a metodologia de lideran\u00e7a horizontal, trabalhando com pesquisa-a\u00e7\u00e3o<\/strong>. Trata-se de um tipo de pesquisa que se contrap\u00f5e \u00e0 pesquisa cient\u00edfica &#8220;tradicional&#8221;.<\/p><p>Caracteriza-se por permitir a gera\u00e7\u00e3o de conhecimento sobre a realidade din\u00e2mica dos sistemas socioecon\u00f4micos, ativando os atores em campo para investigar as dificuldades que vivenciam e transform\u00e1-las, seguindo uma perspectiva de desenvolvimento sist\u00eamico, na qual a mudan\u00e7a est\u00e1 ligada \u00e0 capacidade de compreender o contexto.<\/p>\t\t\t\t\t\t\t\t<\/div>\n\t\t\t\t<\/div>\n\t\t\t\t<\/div>\n\t\t\t\t\t<\/div>\n\t\t\t\t<\/div>\n\t\t<div class=\"elementor-element elementor-element-5614527 pad-l e-flex e-con-boxed e-con e-parent\" data-id=\"5614527\" data-element_type=\"container\" data-e-type=\"container\">\n\t\t\t\t\t<div class=\"e-con-inner\">\n\t\t\t\t<div class=\"elementor-element elementor-element-3d99cae elementor-widget elementor-widget-text-editor\" data-id=\"3d99cae\" data-element_type=\"widget\" data-e-type=\"widget\" data-widget_type=\"text-editor.default\">\n\t\t\t\t<div class=\"elementor-widget-container\">\n\t\t\t\t\t\t\t\t\t<p>Atrav\u00e9s da pesquisa-a\u00e7\u00e3o, <strong>s\u00e3o trabalhadas quest\u00f5es abertas<\/strong>, reunindo colegas do IMO ligados a institutos de pesquisa e universidades, como:<\/p><ul><li><strong>a qualidade das intera\u00e7\u00f5es e da aprendizagem;<\/strong><\/li><li><strong>a possibilidade de transformar estruturas r\u00edgidas dentro das quais se iniciam os caminhos da mudan\u00e7a.<\/strong><\/li><\/ul><p><br \/>Nesses dois pontos, a metodologia de lideran\u00e7a horizontal prop\u00f5e inova\u00e7\u00f5es interessantes e est\u00e1 em constante desenvolvimento.<\/p>\t\t\t\t\t\t\t\t<\/div>\n\t\t\t\t<\/div>\n\t\t\t\t<div class=\"elementor-element elementor-element-df0842b my-btn elementor-align-left elementor-widget elementor-widget-button\" data-id=\"df0842b\" data-element_type=\"widget\" data-e-type=\"widget\" data-widget_type=\"button.default\">\n\t\t\t\t<div class=\"elementor-widget-container\">\n\t\t\t\t\t\t\t\t\t<div class=\"elementor-button-wrapper\">\n\t\t\t\t\t<a class=\"elementor-button elementor-button-link elementor-size-sm\" href=\"https:\/\/het-imo.net\/br\/vision-mission-methodology\/\">\n\t\t\t\t\t\t<span class=\"elementor-button-content-wrapper\">\n\t\t\t\t\t\t<span class=\"elementor-button-icon\">\n\t\t\t\t<svg aria-hidden=\"true\" class=\"e-font-icon-svg e-fas-long-arrow-alt-right\" viewBox=\"0 0 448 512\" xmlns=\"http:\/\/www.w3.org\/2000\/svg\"><path d=\"M313.941 216H12c-6.627 0-12 5.373-12 12v56c0 6.627 5.373 12 12 12h301.941v46.059c0 21.382 25.851 32.09 40.971 16.971l86.059-86.059c9.373-9.373 9.373-24.569 0-33.941l-86.059-86.059c-15.119-15.119-40.971-4.411-40.971 16.971V216z\"><\/path><\/svg>\t\t\t<\/span>\n\t\t\t\t\t\t\t\t\t<span class=\"elementor-button-text\">Saiba mais<\/span>\n\t\t\t\t\t<\/span>\n\t\t\t\t\t<\/a>\n\t\t\t\t<\/div>\n\t\t\t\t\t\t\t\t<\/div>\n\t\t\t\t<\/div>\n\t\t\t\t\t<\/div>\n\t\t\t\t<\/div>\n\t\t<div class=\"elementor-element elementor-element-33437e6 e-flex e-con-boxed e-con e-parent\" data-id=\"33437e6\" data-element_type=\"container\" data-e-type=\"container\" data-settings=\"{&quot;background_background&quot;:&quot;classic&quot;}\">\n\t\t\t\t\t<div class=\"e-con-inner\">\n\t\t<div class=\"elementor-element elementor-element-6e0f14c e-con-full e-flex e-con e-child\" data-id=\"6e0f14c\" data-element_type=\"container\" data-e-type=\"container\">\n\t\t\t\t<\/div>\n\t\t<div class=\"elementor-element elementor-element-fdaf0f4 e-con-full e-flex e-con e-child\" data-id=\"fdaf0f4\" data-element_type=\"container\" data-e-type=\"container\">\n\t\t\t\t<div class=\"elementor-element elementor-element-1bd3570 elementor-widget elementor-widget-heading\" data-id=\"1bd3570\" data-element_type=\"widget\" data-e-type=\"widget\" data-widget_type=\"heading.default\">\n\t\t\t\t<div class=\"elementor-widget-container\">\n\t\t\t\t\t<h2 class=\"elementor-heading-title elementor-size-default\">Porque Pesquisa-A\u00e7\u00e3o<\/h2>\t\t\t\t<\/div>\n\t\t\t\t<\/div>\n\t\t\t\t<div class=\"elementor-element elementor-element-0b41309 elementor-widget-divider--view-line elementor-widget elementor-widget-divider\" data-id=\"0b41309\" data-element_type=\"widget\" data-e-type=\"widget\" data-widget_type=\"divider.default\">\n\t\t\t\t<div class=\"elementor-widget-container\">\n\t\t\t\t\t\t\t<div class=\"elementor-divider\">\n\t\t\t<span class=\"elementor-divider-separator\">\n\t\t\t\t\t\t<\/span>\n\t\t<\/div>\n\t\t\t\t\t\t<\/div>\n\t\t\t\t<\/div>\n\t\t\t\t<div class=\"elementor-element elementor-element-e750cff elementor-widget elementor-widget-text-editor\" data-id=\"e750cff\" data-element_type=\"widget\" data-e-type=\"widget\" data-widget_type=\"text-editor.default\">\n\t\t\t\t<div class=\"elementor-widget-container\">\n\t\t\t\t\t\t\t\t\t<p>A pesquisa-a\u00e7\u00e3o desenvolveu-se a partir de um processo de cr\u00edtica \u00e0s teorias e pr\u00e1ticas sociais baseadas na racionalidade cartesiana, desafiando o dualismo e a ci\u00eancia positivista. Ela \u00e9 proposta como uma das ferramentas mais eficazes e vem sendo experimentada em diversas realidades socioecon\u00f4micas dentro de um debate cultural internacional.<\/p><p>Na pesquisa-a\u00e7\u00e3o, a rela\u00e7\u00e3o entre sujeito e objeto \u00e9 intersubjetiva: ambos s\u00e3o atores sociais, produto e produtor de trajet\u00f3rias a partir de uma rela\u00e7\u00e3o m\u00fatua; o objeto emp\u00edrico n\u00e3o tem mais um papel passivo, mas sim ativo, assim como o pesquisador.<\/p><p>A pesquisa-a\u00e7\u00e3o torna-se uma ferramenta indispens\u00e1vel para o estudo de sistemas complexos, considerados, como argumenta Edgar Morin, um conjunto de vari\u00e1veis \u200b\u200bheterog\u00eaneas \u2014 subjetivas e objetivas \u2014 que s\u00f3 podem ser conhecidas no estudo de sua intera\u00e7\u00e3o.<\/p>\t\t\t\t\t\t\t\t<\/div>\n\t\t\t\t<\/div>\n\t\t\t\t<\/div>\n\t\t\t\t\t<\/div>\n\t\t\t\t<\/div>\n\t\t<div class=\"elementor-element elementor-element-6ec8073 e-flex e-con-boxed e-con e-parent\" data-id=\"6ec8073\" data-element_type=\"container\" data-e-type=\"container\" data-settings=\"{&quot;background_background&quot;:&quot;classic&quot;}\">\n\t\t\t\t\t<div class=\"e-con-inner\">\n\t\t<div class=\"elementor-element elementor-element-f248f4c e-con-full e-flex e-con e-child\" data-id=\"f248f4c\" data-element_type=\"container\" data-e-type=\"container\">\n\t\t\t\t<div class=\"elementor-element elementor-element-c079770 elementor-widget elementor-widget-text-editor\" data-id=\"c079770\" data-element_type=\"widget\" data-e-type=\"widget\" data-widget_type=\"text-editor.default\">\n\t\t\t\t<div class=\"elementor-widget-container\">\n\t\t\t\t\t\t\t\t\t<p>As \u00faltimas tr\u00eas d\u00e9cadas testemunharam, de fato, uma transi\u00e7\u00e3o na forma como muitos acad\u00eamicos t\u00eam encarado a rela\u00e7\u00e3o entre teoria e pr\u00e1tica.<\/p><p>A insist\u00eancia acad\u00eamica na neutralidade do observador na investiga\u00e7\u00e3o, a incid\u00eancia de problemas na vida real e a recorr\u00eancia avassaladora de crises estruturais em praticamente todos os lugares levaram muitos pesquisadores da \u00e1rea socioecon\u00f4mica a adotar novas posi\u00e7\u00f5es quanto \u00e0 possibilidade de iniciar as mudan\u00e7as consideradas necess\u00e1rias.<\/p><p>Assim, houve um amplo debate e confronto internacional sobre essas quest\u00f5es, a partir da perspectiva destacada por Gustavsen (em Reason, Bradbury, 2001): &#8220;<em>se as ci\u00eancias sociais pretendem ajudar a construir o futuro e n\u00e3o apenas interpretar o passado, a tradi\u00e7\u00e3o descritivo-anal\u00edtica ter\u00e1 que ser superada<\/em>&#8220;.<\/p><p>Esse debate continua na confer\u00eancia internacional anual sobre pesquisa-a\u00e7\u00e3o (Reason, P., Bradbury, H., 2008), na qual o IMO participa.<\/p>\t\t\t\t\t\t\t\t<\/div>\n\t\t\t\t<\/div>\n\t\t\t\t<\/div>\n\t\t<div class=\"elementor-element elementor-element-9bef5be e-con-full e-flex e-con e-child\" data-id=\"9bef5be\" data-element_type=\"container\" data-e-type=\"container\" data-settings=\"{&quot;background_background&quot;:&quot;classic&quot;}\">\n\t\t\t\t<\/div>\n\t\t\t\t\t<\/div>\n\t\t\t\t<\/div>\n\t\t<div class=\"elementor-element elementor-element-8055352 pad-l e-flex e-con-boxed e-con e-parent\" data-id=\"8055352\" data-element_type=\"container\" data-e-type=\"container\">\n\t\t\t\t\t<div class=\"e-con-inner\">\n\t\t\t\t<div class=\"elementor-element elementor-element-e819c8a elementor-widget elementor-widget-heading\" data-id=\"e819c8a\" data-element_type=\"widget\" data-e-type=\"widget\" data-widget_type=\"heading.default\">\n\t\t\t\t<div class=\"elementor-widget-container\">\n\t\t\t\t\t<div class=\"elementor-heading-title elementor-size-default\">Nos \u00faltimos 10 anos, no debate da comunidade internacional de pesquisa-a\u00e7\u00e3o, emergiu a seguinte constata\u00e7\u00e3o:<\/div>\t\t\t\t<\/div>\n\t\t\t\t<\/div>\n\t\t\t\t<div class=\"elementor-element elementor-element-b670e38 elementor-widget elementor-widget-text-editor\" data-id=\"b670e38\" data-element_type=\"widget\" data-e-type=\"widget\" data-widget_type=\"text-editor.default\">\n\t\t\t\t<div class=\"elementor-widget-container\">\n\t\t\t\t\t\t\t\t\t<p>Fala-se muito em sustentabilidade, mas as condi\u00e7\u00f5es para uma cultura sustent\u00e1vel ainda n\u00e3o foram criadas, as mudan\u00e7as de comportamento raramente acontecem e o desafio reside na liga\u00e7\u00e3o entre as ideias de design e a sua implementa\u00e7\u00e3o efetiva.<\/p><ul><li>Os maiores desafios da pr\u00f3xima revolu\u00e7\u00e3o industrial concentram-se em tr\u00eas pontos principais: <br \/>(1) pensamento sist\u00eamico;<br \/>(2) habilidades relacionais para envolver as pessoas de forma plena e coletiva;<br \/>(3) generatividade, ou seja, definirmo-nos atrav\u00e9s daquilo que queremos criar para o futuro.<br \/><br \/><\/li><li>Vivemos num contexto de &#8220;pressupostos deficit\u00e1rios&#8221; sobre a natureza humana e da necessidade de envolver as pessoas de forma genu\u00edna e ativa, para al\u00e9m da mera conceptualiza\u00e7\u00e3o de a\u00e7\u00f5es relativas \u00e0 mudan\u00e7a planeada.<br \/><br \/><\/li><li>Precisamos de uma mudan\u00e7a de paradigma que supere o que tem sido definido como a &#8220;Cat\u00e1strofe Cartesiana&#8221;, que separa a mente do cora\u00e7\u00e3o, a reflex\u00e3o da a\u00e7\u00e3o, o eu do outro, levando, por exemplo, a pesquisas convencionais na \u00e1rea da sa\u00fade que excluem os pacientes e a pesquisas sobre o desenvolvimento educacional que excluem os alunos.<\/li><\/ul>\t\t\t\t\t\t\t\t<\/div>\n\t\t\t\t<\/div>\n\t\t\t\t\t<\/div>\n\t\t\t\t<\/div>\n\t\t<div class=\"elementor-element elementor-element-7dbaa98 pad-xl e-flex e-con-boxed e-con e-parent\" data-id=\"7dbaa98\" data-element_type=\"container\" data-e-type=\"container\" data-settings=\"{&quot;background_background&quot;:&quot;classic&quot;,&quot;background_motion_fx_motion_fx_scrolling&quot;:&quot;yes&quot;,&quot;background_motion_fx_translateX_effect&quot;:&quot;yes&quot;,&quot;background_motion_fx_translateX_direction&quot;:&quot;negative&quot;,&quot;background_motion_fx_translateX_speed&quot;:{&quot;unit&quot;:&quot;px&quot;,&quot;size&quot;:0.8000000000000000444089209850062616169452667236328125,&quot;sizes&quot;:[]},&quot;background_motion_fx_translateX_affectedRange&quot;:{&quot;unit&quot;:&quot;%&quot;,&quot;size&quot;:&quot;&quot;,&quot;sizes&quot;:{&quot;start&quot;:0,&quot;end&quot;:100}},&quot;background_motion_fx_devices&quot;:[&quot;desktop&quot;,&quot;laptop&quot;,&quot;tablet&quot;,&quot;mobile&quot;]}\">\n\t\t\t\t\t<div class=\"e-con-inner\">\n\t\t\t\t\t<\/div>\n\t\t\t\t<\/div>\n\t\t\t\t<\/div>\n\t\t","protected":false},"excerpt":{"rendered":"<p>PESQUISA A comunidade IMO est\u00e1 continuamente inovando a metodologia de lideran\u00e7a horizontal, trabalhando com pesquisa-a\u00e7\u00e3o. Trata-se de um tipo de pesquisa que se contrap\u00f5e \u00e0 pesquisa cient\u00edfica &#8220;tradicional&#8221;. Caracteriza-se por permitir a gera\u00e7\u00e3o de conhecimento sobre a realidade din\u00e2mica dos sistemas socioecon\u00f4micos, ativando os atores em campo para investigar as dificuldades que vivenciam e transform\u00e1-las, [&hellip;]<\/p>\n","protected":false},"author":1,"featured_media":0,"parent":0,"menu_order":0,"comment_status":"closed","ping_status":"closed","template":"elementor_header_footer","meta":{"footnotes":""},"hf_cat_page":[39],"class_list":["post-1654","page","type-page","status-publish","hentry"],"_links":{"self":[{"href":"https:\/\/het-imo.net\/br\/wp-json\/wp\/v2\/pages\/1654","targetHints":{"allow":["GET"]}}],"collection":[{"href":"https:\/\/het-imo.net\/br\/wp-json\/wp\/v2\/pages"}],"about":[{"href":"https:\/\/het-imo.net\/br\/wp-json\/wp\/v2\/types\/page"}],"author":[{"embeddable":true,"href":"https:\/\/het-imo.net\/br\/wp-json\/wp\/v2\/users\/1"}],"replies":[{"embeddable":true,"href":"https:\/\/het-imo.net\/br\/wp-json\/wp\/v2\/comments?post=1654"}],"version-history":[{"count":65,"href":"https:\/\/het-imo.net\/br\/wp-json\/wp\/v2\/pages\/1654\/revisions"}],"predecessor-version":[{"id":3174,"href":"https:\/\/het-imo.net\/br\/wp-json\/wp\/v2\/pages\/1654\/revisions\/3174"}],"wp:attachment":[{"href":"https:\/\/het-imo.net\/br\/wp-json\/wp\/v2\/media?parent=1654"}],"wp:term":[{"taxonomy":"hf_cat_page","embeddable":true,"href":"https:\/\/het-imo.net\/br\/wp-json\/wp\/v2\/hf_cat_page?post=1654"}],"curies":[{"name":"wp","href":"https:\/\/api.w.org\/{rel}","templated":true}]}}