{"id":1641,"date":"2025-05-15T21:10:04","date_gmt":"2025-05-15T19:10:04","guid":{"rendered":"https:\/\/het-imo.net\/br\/?page_id=1641"},"modified":"2026-01-05T12:27:21","modified_gmt":"2026-01-05T15:27:21","slug":"academy","status":"publish","type":"page","link":"https:\/\/het-imo.net\/br\/academy\/","title":{"rendered":"Academy"},"content":{"rendered":"\t\t<div data-elementor-type=\"wp-page\" data-elementor-id=\"1641\" class=\"elementor elementor-1641\" data-elementor-post-type=\"page\">\n\t\t\t\t<div class=\"elementor-element elementor-element-c525caf e-flex e-con-boxed e-con e-parent\" data-id=\"c525caf\" data-element_type=\"container\" data-e-type=\"container\" data-settings=\"{&quot;background_background&quot;:&quot;classic&quot;}\">\n\t\t\t\t\t<div class=\"e-con-inner\">\n\t\t\t\t<div class=\"elementor-element elementor-element-803929e elementor-widget elementor-widget-heading\" data-id=\"803929e\" data-element_type=\"widget\" data-e-type=\"widget\" data-widget_type=\"heading.default\">\n\t\t\t\t<div class=\"elementor-widget-container\">\n\t\t\t\t\t<h1 class=\"elementor-heading-title elementor-size-default\">ACADEMIA<\/h1>\t\t\t\t<\/div>\n\t\t\t\t<\/div>\n\t\t\t\t\t<\/div>\n\t\t\t\t<\/div>\n\t\t<div class=\"elementor-element elementor-element-6cc6f1c pad-l e-flex e-con-boxed e-con e-parent\" data-id=\"6cc6f1c\" data-element_type=\"container\" data-e-type=\"container\">\n\t\t\t\t\t<div class=\"e-con-inner\">\n\t\t\t\t<div class=\"elementor-element elementor-element-84f69fe elementor-widget elementor-widget-heading\" data-id=\"84f69fe\" data-element_type=\"widget\" data-e-type=\"widget\" data-widget_type=\"heading.default\">\n\t\t\t\t<div class=\"elementor-widget-container\">\n\t\t\t\t\t<div class=\"elementor-heading-title elementor-size-default\">A \"IMO ACADEMY\" tem como objetivo compartilhar e aprofundar a compreens\u00e3o da metodologia da lideran\u00e7a horizontal.<\/div>\t\t\t\t<\/div>\n\t\t\t\t<\/div>\n\t\t\t\t<div class=\"elementor-element elementor-element-195c67c elementor-widget elementor-widget-text-editor\" data-id=\"195c67c\" data-element_type=\"widget\" data-e-type=\"widget\" data-widget_type=\"text-editor.default\">\n\t\t\t\t<div class=\"elementor-widget-container\">\n\t\t\t\t\t\t\t\t\t<p><strong>Para quem?<\/strong><\/p><p>Para a comunidade internacional IMO (membros e clientes)<\/p><p><strong>O que?<\/strong><\/p><p>Treinamentos e oficinas:<\/p>\t\t\t\t\t\t\t\t<\/div>\n\t\t\t\t<\/div>\n\t\t\t\t\t<\/div>\n\t\t\t\t<\/div>\n\t\t<div class=\"elementor-element elementor-element-4e89324 pad-l e-flex e-con-boxed e-con e-parent\" data-id=\"4e89324\" data-element_type=\"container\" data-e-type=\"container\" data-settings=\"{&quot;background_background&quot;:&quot;classic&quot;}\">\n\t\t\t\t\t<div class=\"e-con-inner\">\n\t\t\t\t<div class=\"elementor-element elementor-element-cc84b75 elementor-widget elementor-widget-heading\" data-id=\"cc84b75\" data-element_type=\"widget\" data-e-type=\"widget\" data-widget_type=\"heading.default\">\n\t\t\t\t<div class=\"elementor-widget-container\">\n\t\t\t\t\t<h3 class=\"elementor-heading-title elementor-size-default\">IMO Talks (mediante convite) <\/h3>\t\t\t\t<\/div>\n\t\t\t\t<\/div>\n\t\t\t\t<div class=\"elementor-element elementor-element-1bed9e4 elementor-widget-divider--view-line elementor-widget elementor-widget-divider\" data-id=\"1bed9e4\" data-element_type=\"widget\" data-e-type=\"widget\" data-widget_type=\"divider.default\">\n\t\t\t\t<div class=\"elementor-widget-container\">\n\t\t\t\t\t\t\t<div class=\"elementor-divider\">\n\t\t\t<span class=\"elementor-divider-separator\">\n\t\t\t\t\t\t<\/span>\n\t\t<\/div>\n\t\t\t\t\t\t<\/div>\n\t\t\t\t<\/div>\n\t\t\t\t<div class=\"elementor-element elementor-element-7032490 elementor-widget elementor-widget-heading\" data-id=\"7032490\" data-element_type=\"widget\" data-e-type=\"widget\" data-widget_type=\"heading.default\">\n\t\t\t\t<div class=\"elementor-widget-container\">\n\t\t\t\t\t<h2 class=\"elementor-heading-title elementor-size-default\">Como funcionam os IMO Talks?<\/h2>\t\t\t\t<\/div>\n\t\t\t\t<\/div>\n\t\t\t\t<div class=\"elementor-element elementor-element-94c873f elementor-widget elementor-widget-text-editor\" data-id=\"94c873f\" data-element_type=\"widget\" data-e-type=\"widget\" data-widget_type=\"text-editor.default\">\n\t\t\t\t<div class=\"elementor-widget-container\">\n\t\t\t\t\t\t\t\t\t<p>Descubra novas perspectivas sobre a transforma\u00e7\u00e3o de pessoas e organiza\u00e7\u00f5es com consultores do IMO de todo o mundo. O IMO Talks \u00e9 um encontro online, realizado cinco vezes por ano, onde voc\u00ea pode ouvir ideias interessantes, experi\u00eancias inspiradoras e ter uma vis\u00e3o privilegiada dos bastidores da profiss\u00e3o.<\/p><p><strong>Como funciona cada encontro?<\/strong> Assista \u00e0 apresenta\u00e7\u00e3o e reflita sobre ela com outros participantes em um pequeno grupo. Na \u00faltima parte do encontro, todos podem compartilhar suas considera\u00e7\u00f5es finais e, em seguida, encerramos a sess\u00e3o.<\/p>\t\t\t\t\t\t\t\t<\/div>\n\t\t\t\t<\/div>\n\t\t\t\t<div class=\"elementor-element elementor-element-51ff4fb elementor-widget elementor-widget-text-editor\" data-id=\"51ff4fb\" data-element_type=\"widget\" data-e-type=\"widget\" data-widget_type=\"text-editor.default\">\n\t\t\t\t<div class=\"elementor-widget-container\">\n\t\t\t\t\t\t\t\t\t<p>Cada IMO Talks \u00e9 um evento <em>online<\/em> interativo de uma hora, organizado pela IMO Academy. Todos os interessados \u200b\u200bpodem participar da sess\u00e3o. A participa\u00e7\u00e3o \u00e9 gratuita, mas \u00e9 necess\u00e1rio receber um link e uma senha do Zoom antes. Gravamos os encontros e disponibilizamos as grava\u00e7\u00f5es para os membros da comunidade IMO.<\/p>\t\t\t\t\t\t\t\t<\/div>\n\t\t\t\t<\/div>\n\t\t\t\t<div class=\"elementor-element elementor-element-a59d30c elementor-widget elementor-widget-text-editor\" data-id=\"a59d30c\" data-element_type=\"widget\" data-e-type=\"widget\" data-widget_type=\"text-editor.default\">\n\t\t\t\t<div class=\"elementor-widget-container\">\n\t\t\t\t\t\t\t\t\t<p>Em 2025, os IMO Talks se concentrar\u00e3o nas diferentes compet\u00eancias distintivas de alguns consultores do IMO.<\/p><p><strong>IMO Bridges<\/strong> (for internal)<\/p>\t\t\t\t\t\t\t\t<\/div>\n\t\t\t\t<\/div>\n\t\t\t\t\t<\/div>\n\t\t\t\t<\/div>\n\t\t\t\t<\/div>\n\t\t","protected":false},"excerpt":{"rendered":"<p>ACADEMIA A &#8220;IMO ACADEMY&#8221; tem como objetivo compartilhar e aprofundar a compreens\u00e3o da metodologia da lideran\u00e7a horizontal. Para quem? Para a comunidade internacional IMO (membros e clientes) O que? Treinamentos e oficinas: IMO Talks (mediante convite) Como funcionam os IMO Talks? Descubra novas perspectivas sobre a transforma\u00e7\u00e3o de pessoas e organiza\u00e7\u00f5es com consultores do IMO [&hellip;]<\/p>\n","protected":false},"author":1,"featured_media":0,"parent":0,"menu_order":0,"comment_status":"closed","ping_status":"closed","template":"elementor_header_footer","meta":{"footnotes":""},"hf_cat_page":[39],"class_list":["post-1641","page","type-page","status-publish","hentry"],"_links":{"self":[{"href":"https:\/\/het-imo.net\/br\/wp-json\/wp\/v2\/pages\/1641","targetHints":{"allow":["GET"]}}],"collection":[{"href":"https:\/\/het-imo.net\/br\/wp-json\/wp\/v2\/pages"}],"about":[{"href":"https:\/\/het-imo.net\/br\/wp-json\/wp\/v2\/types\/page"}],"author":[{"embeddable":true,"href":"https:\/\/het-imo.net\/br\/wp-json\/wp\/v2\/users\/1"}],"replies":[{"embeddable":true,"href":"https:\/\/het-imo.net\/br\/wp-json\/wp\/v2\/comments?post=1641"}],"version-history":[{"count":25,"href":"https:\/\/het-imo.net\/br\/wp-json\/wp\/v2\/pages\/1641\/revisions"}],"predecessor-version":[{"id":3171,"href":"https:\/\/het-imo.net\/br\/wp-json\/wp\/v2\/pages\/1641\/revisions\/3171"}],"wp:attachment":[{"href":"https:\/\/het-imo.net\/br\/wp-json\/wp\/v2\/media?parent=1641"}],"wp:term":[{"taxonomy":"hf_cat_page","embeddable":true,"href":"https:\/\/het-imo.net\/br\/wp-json\/wp\/v2\/hf_cat_page?post=1641"}],"curies":[{"name":"wp","href":"https:\/\/api.w.org\/{rel}","templated":true}]}}