{"id":1638,"date":"2025-05-15T21:08:36","date_gmt":"2025-05-15T19:08:36","guid":{"rendered":"https:\/\/het-imo.net\/br\/?page_id=1638"},"modified":"2026-01-05T14:39:58","modified_gmt":"2026-01-05T17:39:58","slug":"imo-scientific-development","status":"publish","type":"page","link":"https:\/\/het-imo.net\/br\/imo-scientific-development\/","title":{"rendered":"Scientific Development"},"content":{"rendered":"\t\t<div data-elementor-type=\"wp-page\" data-elementor-id=\"1638\" class=\"elementor elementor-1638\" data-elementor-post-type=\"page\">\n\t\t\t\t<div class=\"elementor-element elementor-element-396b130 e-flex e-con-boxed e-con e-parent\" data-id=\"396b130\" data-element_type=\"container\" data-e-type=\"container\" data-settings=\"{&quot;background_background&quot;:&quot;classic&quot;}\">\n\t\t\t\t\t<div class=\"e-con-inner\">\n\t\t\t\t<div class=\"elementor-element elementor-element-74b2e39 elementor-widget elementor-widget-heading\" data-id=\"74b2e39\" data-element_type=\"widget\" data-e-type=\"widget\" data-widget_type=\"heading.default\">\n\t\t\t\t<div class=\"elementor-widget-container\">\n\t\t\t\t\t<h1 class=\"elementor-heading-title elementor-size-default\">DESENVOLVIMENTO CIENT\u00cdFICO<\/h1>\t\t\t\t<\/div>\n\t\t\t\t<\/div>\n\t\t\t\t\t<\/div>\n\t\t\t\t<\/div>\n\t\t<div class=\"elementor-element elementor-element-cbe27b0 pad-l e-flex e-con-boxed e-con e-parent\" data-id=\"cbe27b0\" data-element_type=\"container\" data-e-type=\"container\">\n\t\t\t\t\t<div class=\"e-con-inner\">\n\t\t\t\t<div class=\"elementor-element elementor-element-8b12286 elementor-widget elementor-widget-text-editor\" data-id=\"8b12286\" data-element_type=\"widget\" data-e-type=\"widget\" data-widget_type=\"text-editor.default\">\n\t\t\t\t<div class=\"elementor-widget-container\">\n\t\t\t\t\t\t\t\t\t<p>A comunidade IMO promove atividades de Pesquisa-A\u00e7\u00e3o em colabora\u00e7\u00e3o com universidades, institui\u00e7\u00f5es de pesquisa e seus clientes para desenvolver formas cada vez mais avan\u00e7adas de conectar o desenvolvimento pessoal e organizacional, que \u00e9 a base da metodologia da lideran\u00e7a horizontal.<\/p>\t\t\t\t\t\t\t\t<\/div>\n\t\t\t\t<\/div>\n\t\t\t\t\t<\/div>\n\t\t\t\t<\/div>\n\t\t\t\t<\/div>\n\t\t","protected":false},"excerpt":{"rendered":"<p>DESENVOLVIMENTO CIENT\u00cdFICO A comunidade IMO promove atividades de Pesquisa-A\u00e7\u00e3o em colabora\u00e7\u00e3o com universidades, institui\u00e7\u00f5es de pesquisa e seus clientes para desenvolver formas cada vez mais avan\u00e7adas de conectar o desenvolvimento pessoal e organizacional, que \u00e9 a base da metodologia da lideran\u00e7a horizontal.<\/p>\n","protected":false},"author":1,"featured_media":0,"parent":0,"menu_order":0,"comment_status":"closed","ping_status":"closed","template":"","meta":{"footnotes":""},"hf_cat_page":[39],"class_list":["post-1638","page","type-page","status-publish","hentry"],"_links":{"self":[{"href":"https:\/\/het-imo.net\/br\/wp-json\/wp\/v2\/pages\/1638","targetHints":{"allow":["GET"]}}],"collection":[{"href":"https:\/\/het-imo.net\/br\/wp-json\/wp\/v2\/pages"}],"about":[{"href":"https:\/\/het-imo.net\/br\/wp-json\/wp\/v2\/types\/page"}],"author":[{"embeddable":true,"href":"https:\/\/het-imo.net\/br\/wp-json\/wp\/v2\/users\/1"}],"replies":[{"embeddable":true,"href":"https:\/\/het-imo.net\/br\/wp-json\/wp\/v2\/comments?post=1638"}],"version-history":[{"count":17,"href":"https:\/\/het-imo.net\/br\/wp-json\/wp\/v2\/pages\/1638\/revisions"}],"predecessor-version":[{"id":3184,"href":"https:\/\/het-imo.net\/br\/wp-json\/wp\/v2\/pages\/1638\/revisions\/3184"}],"wp:attachment":[{"href":"https:\/\/het-imo.net\/br\/wp-json\/wp\/v2\/media?parent=1638"}],"wp:term":[{"taxonomy":"hf_cat_page","embeddable":true,"href":"https:\/\/het-imo.net\/br\/wp-json\/wp\/v2\/hf_cat_page?post=1638"}],"curies":[{"name":"wp","href":"https:\/\/api.w.org\/{rel}","templated":true}]}}